{"id":4064,"date":"2023-06-29T16:16:19","date_gmt":"2023-06-29T19:16:19","guid":{"rendered":"https:\/\/sites.uel.br\/ser\/?page_id=4064"},"modified":"2023-07-10T13:23:07","modified_gmt":"2023-07-10T16:23:07","slug":"premio-boas-praticas-na-recepcao-aos-estudantes-ingressantes-premiados-2016-engenharia-eletrica","status":"publish","type":"page","link":"https:\/\/sites.uel.br\/ser\/premio-boas-praticas-na-recepcao-aos-estudantes-ingressantes-premiados-2016-engenharia-eletrica\/","title":{"rendered":"Pr\u00eamio Boas Pr\u00e1ticas na Recep\u00e7\u00e3o aos Estudantes Ingressantes"},"content":{"rendered":"\n<hr class=\"wp-block-separator has-alpha-channel-opacity is-style-wide\" \/>\n\n\n\n<h2 class=\"wp-block-heading\">Cursos Inscritos Premiados<\/h2>\n\n\n\n<h2 class=\"wp-block-heading\">2016<\/h2>\n\n\n\n<h2 class=\"wp-block-heading\">Modalidade 1: Temas Livres<\/h2>\n\n\n\n<h2 class=\"wp-block-heading\"><strong>Engenharia El\u00e9trica<\/strong><\/h2>\n\n\n\n<p><strong>Resumo da A\u00e7\u00e3o:<\/strong><\/p>\n\n\n\n<p>Foi realizada no dia 15\/04 a doa\u00e7\u00e3o de produtos de limpeza e papel higi\u00eanico Centro de Educa\u00e7\u00e3o Infantil Vict\u00f3ria Mazetti Dinardi, onde os calouros e alunos do 2\u00ba ano de Engenharia El\u00e9trica (cerca de 40 pessoas) passaram a manh\u00e3 brincando com as crian\u00e7as do centro, trazendo para a Semana de Recep\u00e7\u00e3o um car\u00e1ter mais humano e consciente.<\/p>\n\n\n\n<p>O Centro de Educa\u00e7\u00e3o Infantil Vict\u00f3ria Mazetti Dinardi, \u00e9 mantido pela Casa do Bom Samaritano e atende cerca de 70 crian\u00e7as das regi\u00f5es circunvizinhas, incluindo a Vila Marizia e outras comunidades carentes.<\/p>\n\n\n\n<div class=\"wp-block-columns is-layout-flex wp-container-core-columns-is-layout-9d6595d7 wp-block-columns-is-layout-flex\">\n<div class=\"wp-block-column is-layout-flow wp-block-column-is-layout-flow\"><div class=\"wp-block-image\">\n<figure class=\"aligncenter size-full\"><a href=\"https:\/\/drive.google.com\/drive\/folders\/1pftCjGP83N1gef_GiEHilnrRPITYAjfQ?usp=drive_link\" target=\"_blank\" rel=\"noreferrer noopener\"><img decoding=\"async\" src=\"https:\/\/sites.uel.br\/feira\/wp-content\/uploads\/2023\/05\/google_drive.png\" alt=\"\" class=\"wp-image-2887\" \/><\/a><\/figure>\n<\/div>\n\n\n<p class=\"has-text-align-center\"><strong>(Galeria de Fotos)<\/strong><\/p>\n\n\n\n<p class=\"has-text-align-center\">Cr\u00e9ditos:<br>Estudantes do Curso de Engenharia El\u00e9trica<\/p>\n<\/div>\n<\/div>\n","protected":false},"excerpt":{"rendered":"<p>Cursos Inscritos Premiados 2016 Modalidade 1: Temas Livres Engenharia El\u00e9trica Resumo da A\u00e7\u00e3o: Foi realizada no dia 15\/04 a doa\u00e7\u00e3o de produtos de limpeza e papel higi\u00eanico Centro de Educa\u00e7\u00e3o Infantil Vict\u00f3ria Mazetti Dinardi, onde os calouros e alunos do 2\u00ba ano de Engenharia El\u00e9trica (cerca de 40 pessoas) passaram a manh\u00e3 brincando com as [&hellip;]<\/p>\n","protected":false},"author":8,"featured_media":0,"parent":0,"menu_order":0,"comment_status":"closed","ping_status":"closed","template":"","meta":{"_acf_changed":false,"_themeisle_gutenberg_block_has_review":false,"footnotes":""},"class_list":["post-4064","page","type-page","status-publish","hentry"],"acf":[],"_links":{"self":[{"href":"https:\/\/sites.uel.br\/ser\/wp-json\/wp\/v2\/pages\/4064","targetHints":{"allow":["GET"]}}],"collection":[{"href":"https:\/\/sites.uel.br\/ser\/wp-json\/wp\/v2\/pages"}],"about":[{"href":"https:\/\/sites.uel.br\/ser\/wp-json\/wp\/v2\/types\/page"}],"author":[{"embeddable":true,"href":"https:\/\/sites.uel.br\/ser\/wp-json\/wp\/v2\/users\/8"}],"replies":[{"embeddable":true,"href":"https:\/\/sites.uel.br\/ser\/wp-json\/wp\/v2\/comments?post=4064"}],"version-history":[{"count":7,"href":"https:\/\/sites.uel.br\/ser\/wp-json\/wp\/v2\/pages\/4064\/revisions"}],"predecessor-version":[{"id":4988,"href":"https:\/\/sites.uel.br\/ser\/wp-json\/wp\/v2\/pages\/4064\/revisions\/4988"}],"wp:attachment":[{"href":"https:\/\/sites.uel.br\/ser\/wp-json\/wp\/v2\/media?parent=4064"}],"curies":[{"name":"wp","href":"https:\/\/api.w.org\/{rel}","templated":true}]}}