{"id":4063,"date":"2023-06-29T16:16:21","date_gmt":"2023-06-29T19:16:21","guid":{"rendered":"https:\/\/sites.uel.br\/ser\/?page_id=4063"},"modified":"2023-07-10T13:44:14","modified_gmt":"2023-07-10T16:44:14","slug":"premio-boas-praticas-na-recepcao-aos-estudantes-ingressantes-premiados-2015-engenharia-eletrica","status":"publish","type":"page","link":"https:\/\/sites.uel.br\/ser\/premio-boas-praticas-na-recepcao-aos-estudantes-ingressantes-premiados-2015-engenharia-eletrica\/","title":{"rendered":"Pr\u00eamio Boas Pr\u00e1ticas na Recep\u00e7\u00e3o aos Estudantes Ingressantes"},"content":{"rendered":"\n<hr class=\"wp-block-separator has-alpha-channel-opacity is-style-wide\" \/>\n\n\n\n<h2 class=\"wp-block-heading\">Cursos Inscritos Premiados<\/h2>\n\n\n\n<h2 class=\"wp-block-heading\">2015<\/h2>\n\n\n\n<h2 class=\"wp-block-heading\"><strong><strong>Engenharia El\u00e9trica<\/strong><\/strong><\/h2>\n\n\n\n<p><strong>Resumo da A\u00e7\u00e3o:<\/strong><\/p>\n\n\n\n<p>Arrecada\u00e7\u00e3o e doa\u00e7\u00e3o de livros infantis; leitura de livros e atividades recreativas com crian\u00e7as da creche &#8220;Espa\u00e7o Crian\u00e7a&#8221;.<\/p>\n\n\n\n<figure class=\"wp-block-embed is-type-video is-provider-youtube wp-block-embed-youtube wp-embed-aspect-16-9 wp-has-aspect-ratio\"><div class=\"wp-block-embed__wrapper\">\n<iframe loading=\"lazy\" title=\"Engenharia El\u00e9trica - Pr\u00eamio Boas Pr\u00e1ticas Solid\u00e1rias na Semana do Estudante Ingressante\" width=\"500\" height=\"375\" src=\"https:\/\/www.youtube.com\/embed\/g1Qzrfb3Iiw?feature=oembed\" frameborder=\"0\" allow=\"accelerometer; autoplay; clipboard-write; encrypted-media; gyroscope; picture-in-picture; web-share\" referrerpolicy=\"strict-origin-when-cross-origin\" allowfullscreen><\/iframe>\n<\/div><\/figure>\n","protected":false},"excerpt":{"rendered":"<p>Cursos Inscritos Premiados 2015 Engenharia El\u00e9trica Resumo da A\u00e7\u00e3o: Arrecada\u00e7\u00e3o e doa\u00e7\u00e3o de livros infantis; leitura de livros e atividades recreativas com crian\u00e7as da creche &#8220;Espa\u00e7o Crian\u00e7a&#8221;.<\/p>\n","protected":false},"author":8,"featured_media":0,"parent":0,"menu_order":0,"comment_status":"closed","ping_status":"closed","template":"","meta":{"_acf_changed":false,"_themeisle_gutenberg_block_has_review":false,"footnotes":""},"class_list":["post-4063","page","type-page","status-publish","hentry"],"acf":[],"_links":{"self":[{"href":"https:\/\/sites.uel.br\/ser\/wp-json\/wp\/v2\/pages\/4063","targetHints":{"allow":["GET"]}}],"collection":[{"href":"https:\/\/sites.uel.br\/ser\/wp-json\/wp\/v2\/pages"}],"about":[{"href":"https:\/\/sites.uel.br\/ser\/wp-json\/wp\/v2\/types\/page"}],"author":[{"embeddable":true,"href":"https:\/\/sites.uel.br\/ser\/wp-json\/wp\/v2\/users\/8"}],"replies":[{"embeddable":true,"href":"https:\/\/sites.uel.br\/ser\/wp-json\/wp\/v2\/comments?post=4063"}],"version-history":[{"count":8,"href":"https:\/\/sites.uel.br\/ser\/wp-json\/wp\/v2\/pages\/4063\/revisions"}],"predecessor-version":[{"id":5006,"href":"https:\/\/sites.uel.br\/ser\/wp-json\/wp\/v2\/pages\/4063\/revisions\/5006"}],"wp:attachment":[{"href":"https:\/\/sites.uel.br\/ser\/wp-json\/wp\/v2\/media?parent=4063"}],"curies":[{"name":"wp","href":"https:\/\/api.w.org\/{rel}","templated":true}]}}