{"id":4057,"date":"2023-06-29T16:14:03","date_gmt":"2023-06-29T19:14:03","guid":{"rendered":"https:\/\/sites.uel.br\/ser\/?page_id=4057"},"modified":"2023-07-07T14:28:40","modified_gmt":"2023-07-07T17:28:40","slug":"premio-boas-praticas-na-recepcao-aos-estudantes-ingressantes-premiados-2020-engenharia-civil","status":"publish","type":"page","link":"https:\/\/sites.uel.br\/ser\/premio-boas-praticas-na-recepcao-aos-estudantes-ingressantes-premiados-2020-engenharia-civil\/","title":{"rendered":"Pr\u00eamio Boas Pr\u00e1ticas na Recep\u00e7\u00e3o aos Estudantes Ingressantes"},"content":{"rendered":"\n<hr class=\"wp-block-separator has-alpha-channel-opacity is-style-wide\" \/>\n\n\n\n<h2 class=\"wp-block-heading\">Cursos Inscritos Premiados<\/h2>\n\n\n\n<h2 class=\"wp-block-heading\">2020<\/h2>\n\n\n\n<h2 class=\"wp-block-heading\"><strong><strong>Engenharia Civil<\/strong><\/strong><\/h2>\n\n\n\n<p><strong>Resumo da A\u00e7\u00e3o:<\/strong><\/p>\n\n\n\n<p>As atividades foram organizadas junto \u00e0 coordena\u00e7\u00e3o do curso de engenharia civil do CTU (centro de tecnologia e urbanismo), onde o objetivo foi apresentar todas as diretrizes e entidades da universidade e do centro, foi apresentado centros, laborat\u00f3rios, professores, entre outras est\u00e2ncias da universidade, os ingressantes tiveram contato direto com veteranos e com a coordena\u00e7\u00e3o do curso onde mesmo tiveram oportunidade para tirar todas as d\u00favidas. As palestras foram desenvolvidas de acordo com as d\u00favidas frequentes que vinha acontecendo nos outros anos. Exemplo: Como ser engenheiro, o que a profiss\u00e3o oferta, software que est\u00e3o sendo utilizados, empresa J\u00fanior, centro acad\u00eamico, atl\u00e9tica entre outras com os professores convidados. Em respeito a a\u00e7\u00e3o solid\u00e1ria a institui\u00e7\u00e3o escolhida foi o CEI Guiomar Moreira localizado na regi\u00e3o leste da cidade de Londrina, onde foi desenvolvido a a\u00e7\u00e3o de pintura da creche, arrecada\u00e7\u00e3o de materiais, como: cadernos, l\u00e1pis, borrachas, tintas entre outros materiais. Foi arrecadado no dia da a\u00e7\u00e3o mantimentos como \u00f3leos e temperos em que a institui\u00e7\u00e3o precisava no momento.<\/p>\n\n\n\n<p>Obs: texto confeccionado pelos estudantes de Gradua\u00e7\u00e3o do curso.<\/p>\n\n\n\n<div class=\"wp-block-columns is-layout-flex wp-container-core-columns-is-layout-9d6595d7 wp-block-columns-is-layout-flex\">\n<div class=\"wp-block-column is-layout-flow wp-block-column-is-layout-flow\"><div class=\"wp-block-image\">\n<figure class=\"aligncenter size-full\"><a href=\"https:\/\/drive.google.com\/drive\/folders\/1Nyuaim7tWQtJgdkH5G2SJ6UqSChc_c4Q?usp=sharing\" target=\"_blank\" rel=\"noreferrer noopener\"><img decoding=\"async\" src=\"https:\/\/sites.uel.br\/feira\/wp-content\/uploads\/2023\/05\/google_drive.png\" alt=\"\" class=\"wp-image-2887\" \/><\/a><\/figure>\n<\/div>\n\n\n<p class=\"has-text-align-center\"><strong>(Galeria de Fotos e V\u00eddeos)<\/strong><\/p>\n\n\n\n<p class=\"has-text-align-center\">Cr\u00e9ditos:<br>Estudantes do Curso de Engenharia Civil<\/p>\n<\/div>\n<\/div>\n","protected":false},"excerpt":{"rendered":"<p>Cursos Inscritos Premiados 2020 Engenharia Civil Resumo da A\u00e7\u00e3o: As atividades foram organizadas junto \u00e0 coordena\u00e7\u00e3o do curso de engenharia civil do CTU (centro de tecnologia e urbanismo), onde o objetivo foi apresentar todas as diretrizes e entidades da universidade e do centro, foi apresentado centros, laborat\u00f3rios, professores, entre outras est\u00e2ncias da universidade, os ingressantes [&hellip;]<\/p>\n","protected":false},"author":8,"featured_media":0,"parent":0,"menu_order":0,"comment_status":"closed","ping_status":"closed","template":"","meta":{"_acf_changed":false,"_themeisle_gutenberg_block_has_review":false,"footnotes":""},"class_list":["post-4057","page","type-page","status-publish","hentry"],"acf":[],"_links":{"self":[{"href":"https:\/\/sites.uel.br\/ser\/wp-json\/wp\/v2\/pages\/4057","targetHints":{"allow":["GET"]}}],"collection":[{"href":"https:\/\/sites.uel.br\/ser\/wp-json\/wp\/v2\/pages"}],"about":[{"href":"https:\/\/sites.uel.br\/ser\/wp-json\/wp\/v2\/types\/page"}],"author":[{"embeddable":true,"href":"https:\/\/sites.uel.br\/ser\/wp-json\/wp\/v2\/users\/8"}],"replies":[{"embeddable":true,"href":"https:\/\/sites.uel.br\/ser\/wp-json\/wp\/v2\/comments?post=4057"}],"version-history":[{"count":7,"href":"https:\/\/sites.uel.br\/ser\/wp-json\/wp\/v2\/pages\/4057\/revisions"}],"predecessor-version":[{"id":4848,"href":"https:\/\/sites.uel.br\/ser\/wp-json\/wp\/v2\/pages\/4057\/revisions\/4848"}],"wp:attachment":[{"href":"https:\/\/sites.uel.br\/ser\/wp-json\/wp\/v2\/media?parent=4057"}],"curies":[{"name":"wp","href":"https:\/\/api.w.org\/{rel}","templated":true}]}}