{"id":4056,"date":"2023-06-29T16:14:05","date_gmt":"2023-06-29T19:14:05","guid":{"rendered":"https:\/\/sites.uel.br\/ser\/?page_id=4056"},"modified":"2023-07-10T13:23:02","modified_gmt":"2023-07-10T16:23:02","slug":"premio-boas-praticas-na-recepcao-aos-estudantes-ingressantes-premiados-2016-engenharia-civil","status":"publish","type":"page","link":"https:\/\/sites.uel.br\/ser\/premio-boas-praticas-na-recepcao-aos-estudantes-ingressantes-premiados-2016-engenharia-civil\/","title":{"rendered":"Pr\u00eamio Boas Pr\u00e1ticas na Recep\u00e7\u00e3o aos Estudantes Ingressantes"},"content":{"rendered":"\n<hr class=\"wp-block-separator has-alpha-channel-opacity is-style-wide\" \/>\n\n\n\n<h2 class=\"wp-block-heading\">Cursos Inscritos Premiados<\/h2>\n\n\n\n<h2 class=\"wp-block-heading\">2016<\/h2>\n\n\n\n<h2 class=\"wp-block-heading\">Modalidade 1: Temas Livres<\/h2>\n\n\n\n<h2 class=\"wp-block-heading\"><strong>Engenharia Civil<\/strong><\/h2>\n\n\n\n<p><strong>Resumo da A\u00e7\u00e3o:<\/strong><\/p>\n\n\n\n<p>O Centro Acad\u00eamico Saburo Morimoto (CASM), de Engenharia Civil organizou o chamado trote solid\u00e1rio dos ingressantes de 2016, como j\u00e1 \u00e9 tradi\u00e7\u00e3o do curso.<\/p>\n\n\n\n<p>\u00c9 preciso tirar o estigma dos trotes violentos que ainda hoje circunda as universidades brasileiras. Por tal motivo, todos os anos promovemos atividades de integra\u00e7\u00e3o entre os &#8220;veteranos&#8221; e os &#8220;calouros&#8221;, al\u00e9m de auxiliar institui\u00e7\u00f5es carentes, como forma de extens\u00e3o da UEL \u00e0 sociedade.<\/p>\n\n\n\n<p>A institui\u00e7\u00e3o auxiliada foi a Associa\u00e7\u00e3o de Defesa dos Animais de Londrina (ADA), CNPJ 19.705.339\/0001-11, famosa por seu trabalho de resgatar animais abandonados, trat\u00e1-los e oferecer boas condi\u00e7\u00f5es de vida. Atualmente passando por grandes dificuldades, a Presidente da ONG, Cristiane Moraes de Souza pediu por nossa ajuda. Era preciso pagar o quadro de funcion\u00e1rios, com custo elevado devido ao grande n\u00famero de animais atendidos. O trabalho desenvolvido pela institui\u00e7\u00e3o vai desde abrigar, at\u00e9 alimentar e oferecer cuidados m\u00e9dicos aos c\u00e3es e gatos.<\/p>\n\n\n\n<p>Abaixo segue resumo das atividades organizadas durante a primeira semana de aulas.<\/p>\n\n\n\n<p>No dia 11 de Abril o coordenador do colegiado de Engenharia Civil, Aron Lopes Petrucci ministrou, por interm\u00e9dio de organiza\u00e7\u00e3o do CASM, palestra para os ingressantes. Ao fim da palestra discentes do segundo ano da gradua\u00e7\u00e3o promoveram juntamente aos &#8220;calouros&#8221; breve reconhecimento do campus. No per\u00edodo vespertino foram organizadas apresenta\u00e7\u00f5es do CA, da empresa j\u00fanior do curso (TCP), e do programa CREA-JR, al\u00e9m de um momento de intera\u00e7\u00e3o e descontra\u00e7\u00e3o, onde uma &#8220;aula de mentirinha&#8221; foi ministrada por um dos servidores do Centro de Tecnologia e Urbanismo.<\/p>\n\n\n\n<p>Dia 12 de Abril foram realizadas duas palestras importantes, apresenta\u00e7\u00e3o do Sindicato dos Engenheiros no Estado do Paran\u00e1 (SENGE), por seu coordenador regional J\u00falio Contrim, e algumas curiosidades do curso, ministrada pelo Doutor Paulo Adeildo Lopes, docente da gradua\u00e7\u00e3o.<\/p>\n\n\n\n<p>13 de Abril incia a arrecada\u00e7\u00e3o de fundos para a Associa\u00e7\u00e3o de Defesa dos Animais de Londrina (ADA), com lindo trabalho volunt\u00e1rio integrado de &#8220;veteranos&#8221; e &#8220;calouros&#8221;, por toda cidade. Pontos de arrecada\u00e7\u00e3o foram montados em frente a mercados, na Avenida Paran\u00e1 (Cal\u00e7ad\u00e3o).<\/p>\n\n\n\n<p>Dia 14 as arrecada\u00e7\u00f5es continuaram durante o per\u00edodo matutino. Durante o per\u00edodo da tarde foi organizada pela Associa\u00e7\u00e3o Atl\u00e9tica Acad\u00eamica XXI de Agosto gincana no aterro do lago Igap\u00f3, contanto com massiva presen\u00e7a de integrantes do curso de todos os anos.<\/p>\n\n\n\n<p>Dia 15, Sexta-feira, durante a manh\u00e3, mais fundos foram arrecadados. No per\u00edodo da tarde, grupos foram enviados at\u00e9 a sede da ONG para auxiliar na limpeza do local. Foi a parte mais dif\u00edcil do trote, pois o servi\u00e7o l\u00e1 desenvolvido \u00e9 muito exaustivo, demonstrando o belo trabalho que desenvolvem diariamente.<\/p>\n\n\n\n<p>Ao final das arrecada\u00e7\u00f5es, os valores foram trocados e somados. Recebemos R$ 11720,05 em esp\u00e9cie para a ADA. Na semana seguinte a doa\u00e7\u00e3o foi efetivada. Realizamos o pagamento dos funcion\u00e1rios, com toda a documenta\u00e7\u00e3o necess\u00e1ria. Pequeno valor restante foi utilizado para sanar uma d\u00edvida da ONG com uma revendedora de ra\u00e7\u00f5es. Nenhum dinheiro foi doado em esp\u00e9cie. Todo o dinheiro destinado a eles foi foi devidamente registrado para o controle da tesouraria do Centro Acad\u00eamico, com total transpar\u00eancia.<\/p>\n\n\n\n<div class=\"wp-block-columns is-layout-flex wp-container-core-columns-is-layout-9d6595d7 wp-block-columns-is-layout-flex\">\n<div class=\"wp-block-column is-layout-flow wp-block-column-is-layout-flow\"><div class=\"wp-block-image\">\n<figure class=\"aligncenter size-full\"><a href=\"https:\/\/drive.google.com\/drive\/folders\/1_cmYIAZUC-oQ4gUVvpQN4odTYL-xPn2B?usp=drive_link\" target=\"_blank\" rel=\"noreferrer noopener\"><img decoding=\"async\" src=\"https:\/\/sites.uel.br\/feira\/wp-content\/uploads\/2023\/05\/google_drive.png\" alt=\"\" class=\"wp-image-2887\" \/><\/a><\/figure>\n<\/div>\n\n\n<p class=\"has-text-align-center\"><strong>(Galeria de Fotos)<\/strong><\/p>\n\n\n\n<p class=\"has-text-align-center\">Cr\u00e9ditos:<br>Estudantes do Curso de Engenharia Civil<\/p>\n<\/div>\n<\/div>\n","protected":false},"excerpt":{"rendered":"<p>Cursos Inscritos Premiados 2016 Modalidade 1: Temas Livres Engenharia Civil Resumo da A\u00e7\u00e3o: O Centro Acad\u00eamico Saburo Morimoto (CASM), de Engenharia Civil organizou o chamado trote solid\u00e1rio dos ingressantes de 2016, como j\u00e1 \u00e9 tradi\u00e7\u00e3o do curso. \u00c9 preciso tirar o estigma dos trotes violentos que ainda hoje circunda as universidades brasileiras. Por tal motivo, [&hellip;]<\/p>\n","protected":false},"author":8,"featured_media":0,"parent":0,"menu_order":0,"comment_status":"closed","ping_status":"closed","template":"","meta":{"_acf_changed":false,"_themeisle_gutenberg_block_has_review":false,"footnotes":""},"class_list":["post-4056","page","type-page","status-publish","hentry"],"acf":[],"_links":{"self":[{"href":"https:\/\/sites.uel.br\/ser\/wp-json\/wp\/v2\/pages\/4056","targetHints":{"allow":["GET"]}}],"collection":[{"href":"https:\/\/sites.uel.br\/ser\/wp-json\/wp\/v2\/pages"}],"about":[{"href":"https:\/\/sites.uel.br\/ser\/wp-json\/wp\/v2\/types\/page"}],"author":[{"embeddable":true,"href":"https:\/\/sites.uel.br\/ser\/wp-json\/wp\/v2\/users\/8"}],"replies":[{"embeddable":true,"href":"https:\/\/sites.uel.br\/ser\/wp-json\/wp\/v2\/comments?post=4056"}],"version-history":[{"count":7,"href":"https:\/\/sites.uel.br\/ser\/wp-json\/wp\/v2\/pages\/4056\/revisions"}],"predecessor-version":[{"id":4987,"href":"https:\/\/sites.uel.br\/ser\/wp-json\/wp\/v2\/pages\/4056\/revisions\/4987"}],"wp:attachment":[{"href":"https:\/\/sites.uel.br\/ser\/wp-json\/wp\/v2\/media?parent=4056"}],"curies":[{"name":"wp","href":"https:\/\/api.w.org\/{rel}","templated":true}]}}