{"id":4054,"date":"2023-06-29T16:14:08","date_gmt":"2023-06-29T19:14:08","guid":{"rendered":"https:\/\/sites.uel.br\/ser\/?page_id=4054"},"modified":"2023-07-07T14:43:01","modified_gmt":"2023-07-07T17:43:01","slug":"premio-boas-praticas-na-recepcao-aos-estudantes-ingressantes-premiados-2014-engenharia-civil","status":"publish","type":"page","link":"https:\/\/sites.uel.br\/ser\/premio-boas-praticas-na-recepcao-aos-estudantes-ingressantes-premiados-2014-engenharia-civil\/","title":{"rendered":"Pr\u00eamio Boas Pr\u00e1ticas na Recep\u00e7\u00e3o aos Estudantes Ingressantes"},"content":{"rendered":"\n<hr class=\"wp-block-separator has-alpha-channel-opacity is-style-wide\" \/>\n\n\n\n<h2 class=\"wp-block-heading\">Cursos Inscritos Premiados<\/h2>\n\n\n\n<h2 class=\"wp-block-heading\">2014<\/h2>\n\n\n\n<h2 class=\"wp-block-heading\"><strong>Engenharia Civil<\/strong><\/h2>\n\n\n\n<p><strong>Resumo da A\u00e7\u00e3o:<\/strong><\/p>\n\n\n\n<p>Pintura e arrecada\u00e7\u00e3o monet\u00e1ria para a institui\u00e7\u00e3o Centro de Apoio \u00e0 Recupera\u00e7\u00e3o Infantil Dr. Hugo Deh\u00e9 (CARI).<\/p>\n\n\n\n<div class=\"wp-block-columns is-layout-flex wp-container-core-columns-is-layout-9d6595d7 wp-block-columns-is-layout-flex\">\n<div class=\"wp-block-column is-layout-flow wp-block-column-is-layout-flow\"><div class=\"wp-block-image\">\n<figure class=\"aligncenter size-full\"><a href=\"https:\/\/drive.google.com\/drive\/folders\/1aF9N7AwXC6waeMRns4HhwAcEi9SK7tvM?usp=drive_link\" target=\"_blank\" rel=\"noreferrer noopener\"><img decoding=\"async\" src=\"https:\/\/sites.uel.br\/feira\/wp-content\/uploads\/2023\/05\/google_drive.png\" alt=\"\" class=\"wp-image-2887\" \/><\/a><\/figure>\n<\/div>\n\n\n<p class=\"has-text-align-center\"><strong>(Galeria de Fotos)<\/strong><\/p>\n\n\n\n<p class=\"has-text-align-center\">Cr\u00e9ditos:<br>Estudantes do Curso de Engenharia Civil<\/p>\n<\/div>\n<\/div>\n","protected":false},"excerpt":{"rendered":"<p>Cursos Inscritos Premiados 2014 Engenharia Civil Resumo da A\u00e7\u00e3o: Pintura e arrecada\u00e7\u00e3o monet\u00e1ria para a institui\u00e7\u00e3o Centro de Apoio \u00e0 Recupera\u00e7\u00e3o Infantil Dr. Hugo Deh\u00e9 (CARI). (Galeria de Fotos) Cr\u00e9ditos:Estudantes do Curso de Engenharia Civil<\/p>\n","protected":false},"author":8,"featured_media":0,"parent":0,"menu_order":0,"comment_status":"closed","ping_status":"closed","template":"","meta":{"_acf_changed":false,"_themeisle_gutenberg_block_has_review":false,"footnotes":""},"class_list":["post-4054","page","type-page","status-publish","hentry"],"acf":[],"_links":{"self":[{"href":"https:\/\/sites.uel.br\/ser\/wp-json\/wp\/v2\/pages\/4054","targetHints":{"allow":["GET"]}}],"collection":[{"href":"https:\/\/sites.uel.br\/ser\/wp-json\/wp\/v2\/pages"}],"about":[{"href":"https:\/\/sites.uel.br\/ser\/wp-json\/wp\/v2\/types\/page"}],"author":[{"embeddable":true,"href":"https:\/\/sites.uel.br\/ser\/wp-json\/wp\/v2\/users\/8"}],"replies":[{"embeddable":true,"href":"https:\/\/sites.uel.br\/ser\/wp-json\/wp\/v2\/comments?post=4054"}],"version-history":[{"count":6,"href":"https:\/\/sites.uel.br\/ser\/wp-json\/wp\/v2\/pages\/4054\/revisions"}],"predecessor-version":[{"id":4964,"href":"https:\/\/sites.uel.br\/ser\/wp-json\/wp\/v2\/pages\/4054\/revisions\/4964"}],"wp:attachment":[{"href":"https:\/\/sites.uel.br\/ser\/wp-json\/wp\/v2\/media?parent=4054"}],"curies":[{"name":"wp","href":"https:\/\/api.w.org\/{rel}","templated":true}]}}