{"id":4048,"date":"2023-06-29T16:11:52","date_gmt":"2023-06-29T19:11:52","guid":{"rendered":"https:\/\/sites.uel.br\/ser\/?page_id=4048"},"modified":"2023-07-07T14:30:59","modified_gmt":"2023-07-07T17:30:59","slug":"premio-boas-praticas-na-recepcao-aos-estudantes-ingressantes-premiados-2019-enfermagem","status":"publish","type":"page","link":"https:\/\/sites.uel.br\/ser\/premio-boas-praticas-na-recepcao-aos-estudantes-ingressantes-premiados-2019-enfermagem\/","title":{"rendered":"Pr\u00eamio Boas Pr\u00e1ticas na Recep\u00e7\u00e3o aos Estudantes Ingressantes"},"content":{"rendered":"\n<hr class=\"wp-block-separator has-alpha-channel-opacity is-style-wide\" \/>\n\n\n\n<h2 class=\"wp-block-heading\">Cursos Inscritos Premiados<\/h2>\n\n\n\n<h2 class=\"wp-block-heading\">2019<\/h2>\n\n\n\n<h2 class=\"wp-block-heading\"><strong><strong>Enfermagem<\/strong><\/strong><\/h2>\n\n\n\n<p><strong>Resumo da A\u00e7\u00e3o:<\/strong><\/p>\n\n\n\n<p>Antes do come\u00e7o das aulas dos ingressantes, os veteranos entraram em contato com a maioria deles, e solicitaram que no primeiro dia trouxessem l\u00e1pis de colorir, cadernos para colorir e giz de cera, para que fossem doados para o Hospital Universit\u00e1rio da Universidade Estadual de Londrina, para serem usados em atividades com crian\u00e7as internadas na ala pedi\u00e1trica do mesmo. No primeiro dia de Aula foram ent\u00e3o feitas atividades para recep\u00e7\u00e3o e apresenta\u00e7\u00e3o dos ingressantes e tamb\u00e9m para recolhimento dos materiais previamente solicitados.<\/p>\n\n\n\n<div class=\"wp-block-columns is-layout-flex wp-container-core-columns-is-layout-9d6595d7 wp-block-columns-is-layout-flex\">\n<div class=\"wp-block-column is-layout-flow wp-block-column-is-layout-flow\"><div class=\"wp-block-image\">\n<figure class=\"aligncenter size-full\"><a href=\"https:\/\/drive.google.com\/drive\/folders\/1ow0j3HnkoDoq6CoSnUGSrwnZf-aqhSaH?usp=drive_link\" target=\"_blank\" rel=\"noreferrer noopener\"><img decoding=\"async\" src=\"https:\/\/sites.uel.br\/feira\/wp-content\/uploads\/2023\/05\/google_drive.png\" alt=\"\" class=\"wp-image-2887\" \/><\/a><\/figure>\n<\/div>\n\n\n<p class=\"has-text-align-center\"><strong>(Galeria de Fotos)<\/strong><\/p>\n\n\n\n<p class=\"has-text-align-center\">Cr\u00e9ditos:<br>Estudantes do Curso de Enfermagem<\/p>\n<\/div>\n<\/div>\n","protected":false},"excerpt":{"rendered":"<p>Cursos Inscritos Premiados 2019 Enfermagem Resumo da A\u00e7\u00e3o: Antes do come\u00e7o das aulas dos ingressantes, os veteranos entraram em contato com a maioria deles, e solicitaram que no primeiro dia trouxessem l\u00e1pis de colorir, cadernos para colorir e giz de cera, para que fossem doados para o Hospital Universit\u00e1rio da Universidade Estadual de Londrina, para [&hellip;]<\/p>\n","protected":false},"author":8,"featured_media":0,"parent":0,"menu_order":0,"comment_status":"closed","ping_status":"closed","template":"","meta":{"_acf_changed":false,"_themeisle_gutenberg_block_has_review":false,"footnotes":""},"class_list":["post-4048","page","type-page","status-publish","hentry"],"acf":[],"_links":{"self":[{"href":"https:\/\/sites.uel.br\/ser\/wp-json\/wp\/v2\/pages\/4048","targetHints":{"allow":["GET"]}}],"collection":[{"href":"https:\/\/sites.uel.br\/ser\/wp-json\/wp\/v2\/pages"}],"about":[{"href":"https:\/\/sites.uel.br\/ser\/wp-json\/wp\/v2\/types\/page"}],"author":[{"embeddable":true,"href":"https:\/\/sites.uel.br\/ser\/wp-json\/wp\/v2\/users\/8"}],"replies":[{"embeddable":true,"href":"https:\/\/sites.uel.br\/ser\/wp-json\/wp\/v2\/comments?post=4048"}],"version-history":[{"count":6,"href":"https:\/\/sites.uel.br\/ser\/wp-json\/wp\/v2\/pages\/4048\/revisions"}],"predecessor-version":[{"id":4862,"href":"https:\/\/sites.uel.br\/ser\/wp-json\/wp\/v2\/pages\/4048\/revisions\/4862"}],"wp:attachment":[{"href":"https:\/\/sites.uel.br\/ser\/wp-json\/wp\/v2\/media?parent=4048"}],"curies":[{"name":"wp","href":"https:\/\/api.w.org\/{rel}","templated":true}]}}