{"id":4047,"date":"2023-06-29T16:11:54","date_gmt":"2023-06-29T19:11:54","guid":{"rendered":"https:\/\/sites.uel.br\/ser\/?page_id=4047"},"modified":"2023-07-07T14:36:12","modified_gmt":"2023-07-07T17:36:12","slug":"premio-boas-praticas-na-recepcao-aos-estudantes-ingressantes-premiados-2017-enfermagem","status":"publish","type":"page","link":"https:\/\/sites.uel.br\/ser\/premio-boas-praticas-na-recepcao-aos-estudantes-ingressantes-premiados-2017-enfermagem\/","title":{"rendered":"Pr\u00eamio Boas Pr\u00e1ticas na Recep\u00e7\u00e3o aos Estudantes Ingressantes"},"content":{"rendered":"\n<hr class=\"wp-block-separator has-alpha-channel-opacity is-style-wide\" \/>\n\n\n\n<h2 class=\"wp-block-heading\">Cursos Inscritos Premiados<\/h2>\n\n\n\n<h2 class=\"wp-block-heading\">2017<\/h2>\n\n\n\n<h2 class=\"wp-block-heading\"><strong><strong>Enfermagem<\/strong><\/strong><\/h2>\n\n\n\n<p><strong>Resumo da A\u00e7\u00e3o:<\/strong><\/p>\n\n\n\n<p>Arrecada\u00e7\u00e3o e distribui\u00e7\u00e3o de livros\/revistas\/gibis e b\u00edblias para o projeto de leitura do Hospital Universit\u00e1rio. Este projeto \u00e9 uma iniciativa da Divis\u00e3o de Servi\u00e7o Social e da Biblioteca do HU e mant\u00e9m parcerias com algumas distribuidoras de revistas e jornais, al\u00e9m de receber doa\u00e7\u00f5es individuais, para disponibilizar aos pacientes internados e seus acompanhantes, materiais para leitura: revistas, jornais, livros, b\u00edblia. Esses materiais s\u00e3o disponibilizados nos expositores fixos em v\u00e1rios locais do Hospital, mas tamb\u00e9m oferecidos pelos volunt\u00e1rios por meio de um carrinho personalizado que circula pelas unidades de interna\u00e7\u00e3o. Embora o projeto j\u00e1 exista h\u00e1 algum tempo, a demanda \u00e9 grande haja visto a rotatividade de pacientes e acompanhantes no hospital al\u00e9m do descarte necess\u00e1rio em virtude do uso. Al\u00e9m disso, a leitura \u00e9 terap\u00eautica para muitos pacientes e acompanhantes fragilizados pela interna\u00e7\u00e3o hospitalar. Na semana que antecedeu o primeiro dia de recep\u00e7\u00e3o aos calouros do curso, incentivamos os ingressantes \u00e0 arrecada\u00e7\u00e3o dos materiais (revistas de entretenimento, gibis e livros) necess\u00e1rios para o projeto de leitura do Hospital Universit\u00e1rio de Londrina. Conscientizados com a grande rotatividade dos pacientes e a falta de novos livros e revistas de leitura para os mesmos, no primeiro dia de aula desses ingressantes, eles trouxeram esses materiais arrecadados. Foram mais de 300 materiais, dentre revistas, livros e gibis. Ap\u00f3s a arrecada\u00e7\u00e3o, os ingressantes juntamente com os veteranos foram at\u00e9 a Divis\u00e3o de Servi\u00e7o Social do Hospital Universit\u00e1rio levar os materiais. Segundo a volunt\u00e1ria do projeto de leitura a nossa doa\u00e7\u00e3o foi muito v\u00e1lida para dar continuidade ao projeto haja visto que a perda de materiais \u00e9 constantes devido ao uso. Al\u00e9m disso, para os ingressantes, a experi\u00eancia de conhecer o projeto e o espa\u00e7o onde esses materiais s\u00e3o distribu\u00eddos \u00e9 \u00fanica.<\/p>\n\n\n\n<div class=\"wp-block-columns is-layout-flex wp-container-core-columns-is-layout-9d6595d7 wp-block-columns-is-layout-flex\">\n<div class=\"wp-block-column is-layout-flow wp-block-column-is-layout-flow\"><div class=\"wp-block-image\">\n<figure class=\"aligncenter size-full\"><a href=\"https:\/\/drive.google.com\/drive\/folders\/1u9XGIWnqcAAIjtmJzv0sC80Aab0rXMdC?usp=drive_link\" target=\"_blank\" rel=\"noreferrer noopener\"><img decoding=\"async\" src=\"https:\/\/sites.uel.br\/feira\/wp-content\/uploads\/2023\/05\/google_drive.png\" alt=\"\" class=\"wp-image-2887\" \/><\/a><\/figure>\n<\/div>\n\n\n<p class=\"has-text-align-center\"><strong>(Galeria de Fotos)<\/strong><\/p>\n\n\n\n<p class=\"has-text-align-center\">Cr\u00e9ditos:<br>Estudantes do Curso de Enfermagem<\/p>\n<\/div>\n<\/div>\n","protected":false},"excerpt":{"rendered":"<p>Cursos Inscritos Premiados 2017 Enfermagem Resumo da A\u00e7\u00e3o: Arrecada\u00e7\u00e3o e distribui\u00e7\u00e3o de livros\/revistas\/gibis e b\u00edblias para o projeto de leitura do Hospital Universit\u00e1rio. Este projeto \u00e9 uma iniciativa da Divis\u00e3o de Servi\u00e7o Social e da Biblioteca do HU e mant\u00e9m parcerias com algumas distribuidoras de revistas e jornais, al\u00e9m de receber doa\u00e7\u00f5es individuais, para disponibilizar [&hellip;]<\/p>\n","protected":false},"author":8,"featured_media":0,"parent":0,"menu_order":0,"comment_status":"closed","ping_status":"closed","template":"","meta":{"_acf_changed":false,"_themeisle_gutenberg_block_has_review":false,"footnotes":""},"class_list":["post-4047","page","type-page","status-publish","hentry"],"acf":[],"_links":{"self":[{"href":"https:\/\/sites.uel.br\/ser\/wp-json\/wp\/v2\/pages\/4047","targetHints":{"allow":["GET"]}}],"collection":[{"href":"https:\/\/sites.uel.br\/ser\/wp-json\/wp\/v2\/pages"}],"about":[{"href":"https:\/\/sites.uel.br\/ser\/wp-json\/wp\/v2\/types\/page"}],"author":[{"embeddable":true,"href":"https:\/\/sites.uel.br\/ser\/wp-json\/wp\/v2\/users\/8"}],"replies":[{"embeddable":true,"href":"https:\/\/sites.uel.br\/ser\/wp-json\/wp\/v2\/comments?post=4047"}],"version-history":[{"count":6,"href":"https:\/\/sites.uel.br\/ser\/wp-json\/wp\/v2\/pages\/4047\/revisions"}],"predecessor-version":[{"id":4911,"href":"https:\/\/sites.uel.br\/ser\/wp-json\/wp\/v2\/pages\/4047\/revisions\/4911"}],"wp:attachment":[{"href":"https:\/\/sites.uel.br\/ser\/wp-json\/wp\/v2\/media?parent=4047"}],"curies":[{"name":"wp","href":"https:\/\/api.w.org\/{rel}","templated":true}]}}