{"id":4042,"date":"2023-06-29T16:10:14","date_gmt":"2023-06-29T19:10:14","guid":{"rendered":"https:\/\/sites.uel.br\/ser\/?page_id=4042"},"modified":"2023-07-07T14:30:50","modified_gmt":"2023-07-07T17:30:50","slug":"premio-boas-praticas-na-recepcao-aos-estudantes-ingressantes-premiados-2019-educacao-fisica","status":"publish","type":"page","link":"https:\/\/sites.uel.br\/ser\/premio-boas-praticas-na-recepcao-aos-estudantes-ingressantes-premiados-2019-educacao-fisica\/","title":{"rendered":"Pr\u00eamio Boas Pr\u00e1ticas na Recep\u00e7\u00e3o aos Estudantes Ingressantes"},"content":{"rendered":"\n<hr class=\"wp-block-separator has-alpha-channel-opacity is-style-wide\" \/>\n\n\n\n<h2 class=\"wp-block-heading\">Cursos Inscritos Premiados<\/h2>\n\n\n\n<h2 class=\"wp-block-heading\">2019<\/h2>\n\n\n\n<h2 class=\"wp-block-heading\"><strong><strong>Educa\u00e7\u00e3o F\u00edsica<\/strong><\/strong><\/h2>\n\n\n\n<p><strong>Resumo da A\u00e7\u00e3o:<\/strong><\/p>\n\n\n\n<p>A programa\u00e7\u00e3o para os ingressantes foi dividida basicamente em dois momentos: um mais formal para conhecer um pouco mais do CEFE e da vida na UEL e outro mais informal para realizar a integra\u00e7\u00e3o tanto entre eles quanto deles com os veteranos. No primeiro sentido, houve apresenta\u00e7\u00f5es dos \u00f3rg\u00e3os colegiados, das inst\u00e2ncias discentes e dos grupos de Pesquisa, Ensino e Extens\u00e3o e tamb\u00e9m rodas de conversas com veteranos, profissionais egressos e p\u00f3s-graduandos. No segundo sentido, os ingressantes tiveram a oportunidade de conhecer a UEL por meio de uma corrida de aventura e tamb\u00e9m participar de torneios, jogando tanto uns contra os outros quanto contra times formados por veteranos e por professores. Al\u00e9m disso, todo dia eram pedidos aos ingressantes determinados alimentos e materiais para ser realizada uma doa\u00e7\u00e3o ao Hospital do C\u00e2ncer de Londrina, voltada principalmente para as crian\u00e7as: foram arrecadadas caixas de leite, caixas de \u00e1gua de coco, massinhas de modelar, caixas de l\u00e1pis de cor e cadernos para colorir.<\/p>\n\n\n\n<div class=\"wp-block-columns is-layout-flex wp-container-core-columns-is-layout-9d6595d7 wp-block-columns-is-layout-flex\">\n<div class=\"wp-block-column is-layout-flow wp-block-column-is-layout-flow\"><div class=\"wp-block-image\">\n<figure class=\"aligncenter size-full\"><a href=\"https:\/\/drive.google.com\/drive\/folders\/1vfnvAcJlL4m6cgUbJEcr3MGDiUeRA8wV?usp=drive_link\" target=\"_blank\" rel=\"noreferrer noopener\"><img decoding=\"async\" src=\"https:\/\/sites.uel.br\/feira\/wp-content\/uploads\/2023\/05\/google_drive.png\" alt=\"\" class=\"wp-image-2887\" \/><\/a><\/figure>\n<\/div>\n\n\n<p class=\"has-text-align-center\"><strong>(Galeria de Fotos)<\/strong><\/p>\n\n\n\n<p class=\"has-text-align-center\">Cr\u00e9ditos:<br>Estudantes do Curso de Educa\u00e7\u00e3o F\u00edsica<\/p>\n<\/div>\n<\/div>\n","protected":false},"excerpt":{"rendered":"<p>Cursos Inscritos Premiados 2019 Educa\u00e7\u00e3o F\u00edsica Resumo da A\u00e7\u00e3o: A programa\u00e7\u00e3o para os ingressantes foi dividida basicamente em dois momentos: um mais formal para conhecer um pouco mais do CEFE e da vida na UEL e outro mais informal para realizar a integra\u00e7\u00e3o tanto entre eles quanto deles com os veteranos. No primeiro sentido, houve [&hellip;]<\/p>\n","protected":false},"author":8,"featured_media":0,"parent":0,"menu_order":0,"comment_status":"closed","ping_status":"closed","template":"","meta":{"_acf_changed":false,"_themeisle_gutenberg_block_has_review":false,"footnotes":""},"class_list":["post-4042","page","type-page","status-publish","hentry"],"acf":[],"_links":{"self":[{"href":"https:\/\/sites.uel.br\/ser\/wp-json\/wp\/v2\/pages\/4042","targetHints":{"allow":["GET"]}}],"collection":[{"href":"https:\/\/sites.uel.br\/ser\/wp-json\/wp\/v2\/pages"}],"about":[{"href":"https:\/\/sites.uel.br\/ser\/wp-json\/wp\/v2\/types\/page"}],"author":[{"embeddable":true,"href":"https:\/\/sites.uel.br\/ser\/wp-json\/wp\/v2\/users\/8"}],"replies":[{"embeddable":true,"href":"https:\/\/sites.uel.br\/ser\/wp-json\/wp\/v2\/comments?post=4042"}],"version-history":[{"count":6,"href":"https:\/\/sites.uel.br\/ser\/wp-json\/wp\/v2\/pages\/4042\/revisions"}],"predecessor-version":[{"id":4860,"href":"https:\/\/sites.uel.br\/ser\/wp-json\/wp\/v2\/pages\/4042\/revisions\/4860"}],"wp:attachment":[{"href":"https:\/\/sites.uel.br\/ser\/wp-json\/wp\/v2\/media?parent=4042"}],"curies":[{"name":"wp","href":"https:\/\/api.w.org\/{rel}","templated":true}]}}