{"id":4034,"date":"2023-06-29T15:47:59","date_gmt":"2023-06-29T18:47:59","guid":{"rendered":"https:\/\/sites.uel.br\/ser\/?page_id=4034"},"modified":"2023-07-07T14:30:34","modified_gmt":"2023-07-07T17:30:34","slug":"premio-boas-praticas-na-recepcao-aos-estudantes-ingressantes-premiados-2019-design-de-moda-e-design-grafico","status":"publish","type":"page","link":"https:\/\/sites.uel.br\/ser\/premio-boas-praticas-na-recepcao-aos-estudantes-ingressantes-premiados-2019-design-de-moda-e-design-grafico\/","title":{"rendered":"Pr\u00eamio Boas Pr\u00e1ticas na Recep\u00e7\u00e3o aos Estudantes Ingressantes"},"content":{"rendered":"\n<hr class=\"wp-block-separator has-alpha-channel-opacity is-style-wide\" \/>\n\n\n\n<h2 class=\"wp-block-heading\">Cursos Inscritos Premiados<\/h2>\n\n\n\n<h2 class=\"wp-block-heading\">2019<\/h2>\n\n\n\n<h2 class=\"wp-block-heading\"><strong>Design de Moda e Design Gr\u00e1fico<\/strong><\/h2>\n\n\n\n<p><strong>Resumo da A\u00e7\u00e3o:<\/strong><\/p>\n\n\n\n<p>Nosso trote solid\u00e1rio foi uma semana de recep\u00e7\u00e3o integrada de atividades diversas, unindo os cursos Design Gr\u00e1fico e Design de Moda. Na segunda, fizemos uma apresenta\u00e7\u00e3o dos professores, do diret\u00f3rio acad\u00eamico e da atl\u00e9tica do CECA. Abrimos inscri\u00e7\u00f5es para oficinas relacionadas a revitaliza\u00e7\u00e3o do espa\u00e7o no nosso departamento e no trote solid\u00e1rio. Na ter\u00e7a de manh\u00e3 todos foram levados \u00e0 Cooper Regi\u00e3o, uma cooperativa de reciclagem, para conhecer o trabalho dos cooperados. \u00c0 tarde, ficou na cooperativa quem tinha se inscrito na oficina de pintura para revitalizar o local. Na quarta de manh\u00e3 houve uma atividade integrada com o CECA e o CESA no anfiteatro do CESA, a pedido dos diretores de centro reservamos este hor\u00e1rio para que o design participasse. De tarde, continuamos a oficina de pintura na Cooper. Quinta de manh\u00e3 foi o in\u00edcio das oficinas restantes oferecidas no departamento. Entre elas: Lambe-lambe, Lettering e Colagem Digital. As oficinas de lambe-lambe, colagem digital e pintura discutiram os temas Direitos Humanos e Paz e fizeram produ\u00e7\u00f5es gr\u00e1ficas a partir da discuss\u00e3o. J\u00e1 a oficina de Lettering preparou o nosso espa\u00e7o, o lounge, para a cria\u00e7\u00e3o de uma biblioteca compartilhada. Tamb\u00e9m houve em paralelo \u00e0 semana de recep\u00e7\u00e3o uma oficina de estamparia e costura, que produziu bolsas para as crian\u00e7as dos cooperados. Tamb\u00e9m foram produzidos estojos para os alunos ingressantes, e deixamos na secretaria de Design uma caixa para doa\u00e7\u00e3o de livros a serem enviados para a Cooper Regi\u00e3o.<\/p>\n\n\n\n<div class=\"wp-block-columns is-layout-flex wp-container-core-columns-is-layout-9d6595d7 wp-block-columns-is-layout-flex\">\n<div class=\"wp-block-column is-layout-flow wp-block-column-is-layout-flow\"><div class=\"wp-block-image\">\n<figure class=\"aligncenter size-full\"><a href=\"https:\/\/drive.google.com\/drive\/folders\/1ZNNjsG0WWh6SFLuUa3ueuRqS1XsXPf9F?usp=drive_link\" target=\"_blank\" rel=\"noreferrer noopener\"><img decoding=\"async\" src=\"https:\/\/sites.uel.br\/feira\/wp-content\/uploads\/2023\/05\/google_drive.png\" alt=\"\" class=\"wp-image-2887\" \/><\/a><\/figure>\n<\/div>\n\n\n<p class=\"has-text-align-center\"><strong>(Galeria de Fotos &#8211; Segunda Apresenta\u00e7\u00e3o)<\/strong><\/p>\n\n\n\n<p class=\"has-text-align-center\">Cr\u00e9ditos:<br>Estudantes do Curso de Design de Moda e Design Gr\u00e1fico<\/p>\n<\/div>\n<\/div>\n\n\n\n<div class=\"wp-block-columns is-layout-flex wp-container-core-columns-is-layout-9d6595d7 wp-block-columns-is-layout-flex\">\n<div class=\"wp-block-column is-layout-flow wp-block-column-is-layout-flow\"><div class=\"wp-block-image\">\n<figure class=\"aligncenter size-full\"><a href=\"https:\/\/drive.google.com\/drive\/folders\/1_PmWprsV9KO-EzAmtcNPAig33zFDUW_b?usp=drive_link\" target=\"_blank\" rel=\"noreferrer noopener\"><img decoding=\"async\" src=\"https:\/\/sites.uel.br\/feira\/wp-content\/uploads\/2023\/05\/google_drive.png\" alt=\"\" class=\"wp-image-2887\" \/><\/a><\/figure>\n<\/div>\n\n\n<p class=\"has-text-align-center\"><strong>(Galeria de Fotos &#8211; <strong>Ter\u00e7a &#8211; Cooper Regi\u00e3o<\/strong>)<\/strong><\/p>\n\n\n\n<p class=\"has-text-align-center\">Cr\u00e9ditos:<br>Estudantes do Curso de Design de Moda e Design Gr\u00e1fico<\/p>\n<\/div>\n<\/div>\n\n\n\n<div class=\"wp-block-columns is-layout-flex wp-container-core-columns-is-layout-9d6595d7 wp-block-columns-is-layout-flex\">\n<div class=\"wp-block-column is-layout-flow wp-block-column-is-layout-flow\"><div class=\"wp-block-image\">\n<figure class=\"aligncenter size-full\"><a href=\"https:\/\/drive.google.com\/drive\/folders\/16wozRJf-ahR9rfG8KH5WNbl3y3f0My7M?usp=drive_link\" target=\"_blank\" rel=\"noreferrer noopener\"><img decoding=\"async\" src=\"https:\/\/sites.uel.br\/feira\/wp-content\/uploads\/2023\/05\/google_drive.png\" alt=\"\" class=\"wp-image-2887\" \/><\/a><\/figure>\n<\/div>\n\n\n<p class=\"has-text-align-center\"><strong>(Galeria de Fotos &#8211; <strong>Quarta &#8211; Cooper Regi\u00e3o<\/strong>)<\/strong><\/p>\n\n\n\n<p class=\"has-text-align-center\">Cr\u00e9ditos:<br>Estudantes do Curso de Design de Moda e Design Gr\u00e1fico<\/p>\n<\/div>\n<\/div>\n\n\n\n<div class=\"wp-block-columns is-layout-flex wp-container-core-columns-is-layout-9d6595d7 wp-block-columns-is-layout-flex\">\n<div class=\"wp-block-column is-layout-flow wp-block-column-is-layout-flow\"><div class=\"wp-block-image\">\n<figure class=\"aligncenter size-full\"><a href=\"https:\/\/drive.google.com\/drive\/folders\/1nTvssWLMBXcnK7E5-4X54bACoG5WxNfd?usp=drive_link\" target=\"_blank\" rel=\"noreferrer noopener\"><img decoding=\"async\" src=\"https:\/\/sites.uel.br\/feira\/wp-content\/uploads\/2023\/05\/google_drive.png\" alt=\"\" class=\"wp-image-2887\" \/><\/a><\/figure>\n<\/div>\n\n\n<p class=\"has-text-align-center\"><strong>(Galeria de Fotos &#8211; <strong>Quinta &#8211; Oficinas<\/strong>)<\/strong><\/p>\n\n\n\n<p class=\"has-text-align-center\">Cr\u00e9ditos:<br>Estudantes do Curso de Design de Moda e Design Gr\u00e1fico<\/p>\n<\/div>\n<\/div>\n\n\n\n<div class=\"wp-block-columns is-layout-flex wp-container-core-columns-is-layout-9d6595d7 wp-block-columns-is-layout-flex\">\n<div class=\"wp-block-column is-layout-flow wp-block-column-is-layout-flow\"><div class=\"wp-block-image\">\n<figure class=\"aligncenter size-full\"><a href=\"https:\/\/drive.google.com\/drive\/folders\/1Zh1rDkSdVWW9BvRYsnnW1WKEjtLtAQHt?usp=drive_link\" target=\"_blank\" rel=\"noreferrer noopener\"><img decoding=\"async\" src=\"https:\/\/sites.uel.br\/feira\/wp-content\/uploads\/2023\/05\/google_drive.png\" alt=\"\" class=\"wp-image-2887\" \/><\/a><\/figure>\n<\/div>\n\n\n<p class=\"has-text-align-center\"><strong>(Galeria de Fotos &#8211; <strong>Sexta &#8211; Oficinas e Torta na Cara<\/strong>)<\/strong><\/p>\n\n\n\n<p class=\"has-text-align-center\">Cr\u00e9ditos:<br>Estudantes do Curso de Design de Moda e Design Gr\u00e1fico<\/p>\n<\/div>\n<\/div>\n","protected":false},"excerpt":{"rendered":"<p>Cursos Inscritos Premiados 2019 Design de Moda e Design Gr\u00e1fico Resumo da A\u00e7\u00e3o: Nosso trote solid\u00e1rio foi uma semana de recep\u00e7\u00e3o integrada de atividades diversas, unindo os cursos Design Gr\u00e1fico e Design de Moda. Na segunda, fizemos uma apresenta\u00e7\u00e3o dos professores, do diret\u00f3rio acad\u00eamico e da atl\u00e9tica do CECA. Abrimos inscri\u00e7\u00f5es para oficinas relacionadas a [&hellip;]<\/p>\n","protected":false},"author":8,"featured_media":0,"parent":0,"menu_order":0,"comment_status":"closed","ping_status":"closed","template":"","meta":{"_acf_changed":false,"_themeisle_gutenberg_block_has_review":false,"footnotes":""},"class_list":["post-4034","page","type-page","status-publish","hentry"],"acf":[],"_links":{"self":[{"href":"https:\/\/sites.uel.br\/ser\/wp-json\/wp\/v2\/pages\/4034","targetHints":{"allow":["GET"]}}],"collection":[{"href":"https:\/\/sites.uel.br\/ser\/wp-json\/wp\/v2\/pages"}],"about":[{"href":"https:\/\/sites.uel.br\/ser\/wp-json\/wp\/v2\/types\/page"}],"author":[{"embeddable":true,"href":"https:\/\/sites.uel.br\/ser\/wp-json\/wp\/v2\/users\/8"}],"replies":[{"embeddable":true,"href":"https:\/\/sites.uel.br\/ser\/wp-json\/wp\/v2\/comments?post=4034"}],"version-history":[{"count":8,"href":"https:\/\/sites.uel.br\/ser\/wp-json\/wp\/v2\/pages\/4034\/revisions"}],"predecessor-version":[{"id":4857,"href":"https:\/\/sites.uel.br\/ser\/wp-json\/wp\/v2\/pages\/4034\/revisions\/4857"}],"wp:attachment":[{"href":"https:\/\/sites.uel.br\/ser\/wp-json\/wp\/v2\/media?parent=4034"}],"curies":[{"name":"wp","href":"https:\/\/api.w.org\/{rel}","templated":true}]}}