{"id":4028,"date":"2023-06-29T15:46:05","date_gmt":"2023-06-29T18:46:05","guid":{"rendered":"https:\/\/sites.uel.br\/ser\/?page_id=4028"},"modified":"2023-07-07T14:36:05","modified_gmt":"2023-07-07T17:36:05","slug":"premio-boas-praticas-na-recepcao-aos-estudantes-ingressantes-premiados-2017-ciencias-biologicas","status":"publish","type":"page","link":"https:\/\/sites.uel.br\/ser\/premio-boas-praticas-na-recepcao-aos-estudantes-ingressantes-premiados-2017-ciencias-biologicas\/","title":{"rendered":"Pr\u00eamio Boas Pr\u00e1ticas na Recep\u00e7\u00e3o aos Estudantes Ingressantes"},"content":{"rendered":"\n<hr class=\"wp-block-separator has-alpha-channel-opacity is-style-wide\" \/>\n\n\n\n<h2 class=\"wp-block-heading\">Cursos Inscritos Premiados<\/h2>\n\n\n\n<h2 class=\"wp-block-heading\">2017<\/h2>\n\n\n\n<h2 class=\"wp-block-heading\"><strong><strong>Ci\u00eancias Biol\u00f3gicas<\/strong><\/strong><\/h2>\n\n\n\n<p><strong>Resumo da A\u00e7\u00e3o:<\/strong><\/p>\n\n\n\n<p>Os alunos ingressantes foram levados at\u00e9 o Jardim Bot\u00e2nico de Londrina, atrav\u00e9s de um \u00f4nibus da UEL, e foram instru\u00eddos pelo professor de bot\u00e2nica Jos\u00e9 Marcelo a fazer a retirada de plantas n\u00e3o nativas que estavam prejudicando o jardim. Foi feita uma conversa com eles sobre os malef\u00edcios das plantas n\u00e3o nativas (invasoras) e depois, com a ajuda do professor e dos veteranos respons\u00e1veis, a retirada das plantas. O trote foi um ato importante para a conscientiza\u00e7\u00e3o dos calouros, futuros bi\u00f3logos, sobre o descarte indevido de plantas em lugares impr\u00f3prios e o qu\u00e3o isso pode ser perigoso para a diversidade ecol\u00f3gica.<\/p>\n\n\n\n<div class=\"wp-block-columns is-layout-flex wp-container-core-columns-is-layout-9d6595d7 wp-block-columns-is-layout-flex\">\n<div class=\"wp-block-column is-layout-flow wp-block-column-is-layout-flow\"><div class=\"wp-block-image\">\n<figure class=\"aligncenter size-full\"><a href=\"https:\/\/drive.google.com\/drive\/folders\/1CwzzDESwGTKlL0BG4LGHQ9nbu_wqnWAz?usp=drive_link\" target=\"_blank\" rel=\"noreferrer noopener\"><img decoding=\"async\" src=\"https:\/\/sites.uel.br\/feira\/wp-content\/uploads\/2023\/05\/google_drive.png\" alt=\"\" class=\"wp-image-2887\" \/><\/a><\/figure>\n<\/div>\n\n\n<p class=\"has-text-align-center\"><strong>(Galeria de Fotos)<\/strong><\/p>\n\n\n\n<p class=\"has-text-align-center\">Cr\u00e9ditos:<br>Estudantes do Curso de Ci\u00eancias Biol\u00f3gicas<\/p>\n<\/div>\n<\/div>\n","protected":false},"excerpt":{"rendered":"<p>Cursos Inscritos Premiados 2017 Ci\u00eancias Biol\u00f3gicas Resumo da A\u00e7\u00e3o: Os alunos ingressantes foram levados at\u00e9 o Jardim Bot\u00e2nico de Londrina, atrav\u00e9s de um \u00f4nibus da UEL, e foram instru\u00eddos pelo professor de bot\u00e2nica Jos\u00e9 Marcelo a fazer a retirada de plantas n\u00e3o nativas que estavam prejudicando o jardim. Foi feita uma conversa com eles sobre [&hellip;]<\/p>\n","protected":false},"author":8,"featured_media":0,"parent":0,"menu_order":0,"comment_status":"closed","ping_status":"closed","template":"","meta":{"_acf_changed":false,"_themeisle_gutenberg_block_has_review":false,"footnotes":""},"class_list":["post-4028","page","type-page","status-publish","hentry"],"acf":[],"_links":{"self":[{"href":"https:\/\/sites.uel.br\/ser\/wp-json\/wp\/v2\/pages\/4028","targetHints":{"allow":["GET"]}}],"collection":[{"href":"https:\/\/sites.uel.br\/ser\/wp-json\/wp\/v2\/pages"}],"about":[{"href":"https:\/\/sites.uel.br\/ser\/wp-json\/wp\/v2\/types\/page"}],"author":[{"embeddable":true,"href":"https:\/\/sites.uel.br\/ser\/wp-json\/wp\/v2\/users\/8"}],"replies":[{"embeddable":true,"href":"https:\/\/sites.uel.br\/ser\/wp-json\/wp\/v2\/comments?post=4028"}],"version-history":[{"count":6,"href":"https:\/\/sites.uel.br\/ser\/wp-json\/wp\/v2\/pages\/4028\/revisions"}],"predecessor-version":[{"id":4909,"href":"https:\/\/sites.uel.br\/ser\/wp-json\/wp\/v2\/pages\/4028\/revisions\/4909"}],"wp:attachment":[{"href":"https:\/\/sites.uel.br\/ser\/wp-json\/wp\/v2\/media?parent=4028"}],"curies":[{"name":"wp","href":"https:\/\/api.w.org\/{rel}","templated":true}]}}