{"id":4026,"date":"2023-06-29T15:46:01","date_gmt":"2023-06-29T18:46:01","guid":{"rendered":"https:\/\/sites.uel.br\/ser\/?page_id=4026"},"modified":"2023-07-10T13:22:58","modified_gmt":"2023-07-10T16:22:58","slug":"premio-boas-praticas-na-recepcao-aos-estudantes-ingressantes-premiados-2016-ciencias-biologicas","status":"publish","type":"page","link":"https:\/\/sites.uel.br\/ser\/premio-boas-praticas-na-recepcao-aos-estudantes-ingressantes-premiados-2016-ciencias-biologicas\/","title":{"rendered":"Pr\u00eamio Boas Pr\u00e1ticas na Recep\u00e7\u00e3o aos Estudantes Ingressantes"},"content":{"rendered":"\n<hr class=\"wp-block-separator has-alpha-channel-opacity is-style-wide\" \/>\n\n\n\n<h2 class=\"wp-block-heading\">Cursos Inscritos Premiados<\/h2>\n\n\n\n<h2 class=\"wp-block-heading\">2016<\/h2>\n\n\n\n<h2 class=\"wp-block-heading\">Modalidade 1: Temas Livres<\/h2>\n\n\n\n<h2 class=\"wp-block-heading\"><strong>Ci\u00eancias Biol\u00f3gicas<\/strong><\/h2>\n\n\n\n<p><strong>Resumo da A\u00e7\u00e3o:<\/strong><\/p>\n\n\n\n<p>DOA\u00c7\u00c3O DE ALIMENTOS PARA O H.C.<\/p>\n\n\n\n<p>Durante a semana de recep\u00e7\u00e3o, desde o primeiro dia, os alunos ingressantes e veteranos foram instru\u00eddos a arrecadar alimentos e entregar estes para os membros da comiss\u00e3o de recep\u00e7\u00e3o que guardaram at\u00e9 o dia da entrega (14.04). Foi criado um evento no facebook para envolver toda a comunidade estudantil do curso de Ci\u00eancias Biol\u00f3gicas e at\u00e9 mesmo da Universidade, incluindo professores. Este evento tamb\u00e9m estava aberto para a comunidade, que pode tamb\u00e9m doar alimentos no ponto de encontro, ou passando para os membros da comiss\u00e3o. Para os calouros esta foi uma atividade an\u00e1loga a gincana, portanto competir\u00e3o pela maior arrecada\u00e7\u00e3o. Ao todo, foram arrecadados aproximadamente 44,6 Kg e 11L de alimentos\/condimentos n\u00e3o perec\u00edveis que foram doados para o H.C. Relato da Coordenadora do Curso: \u201cA a\u00e7\u00e3o para angariar alimentos n\u00e3o perec\u00edveis para o HC foi uma iniciativa dos estudantes veteranos do Curso de Ci\u00eancias Biol\u00f3gicas que, al\u00e9m desta a\u00e7\u00e3o, organizaram inteiramente a semana de recep\u00e7\u00e3o dos calouros. Todas as atividades da semana foram elogiadas por Professores, alunos e funcion\u00e1rios pela maneira organizada, criativa, divertida e tamb\u00e9m respeitosa que os j\u00e1 estudantes do Curso de Ci\u00eancias Biol\u00f3gicas desenvolveram. \u201d (Mariana A. Bologna Soares de Andrade)<\/p>\n\n\n\n<div class=\"wp-block-columns is-layout-flex wp-container-core-columns-is-layout-9d6595d7 wp-block-columns-is-layout-flex\">\n<div class=\"wp-block-column is-layout-flow wp-block-column-is-layout-flow\"><div class=\"wp-block-image\">\n<figure class=\"aligncenter size-full\"><a href=\"https:\/\/drive.google.com\/drive\/folders\/12R8ld-HI5OlFQaro3f1tTdsZ2dsUvBlh?usp=drive_link\" target=\"_blank\" rel=\"noreferrer noopener\"><img decoding=\"async\" src=\"https:\/\/sites.uel.br\/feira\/wp-content\/uploads\/2023\/05\/google_drive.png\" alt=\"\" class=\"wp-image-2887\" \/><\/a><\/figure>\n<\/div>\n\n\n<p class=\"has-text-align-center\"><strong>(Galeria de Fotos)<\/strong><\/p>\n\n\n\n<p class=\"has-text-align-center\">Cr\u00e9ditos:<br>Estudantes do Curso de Ci\u00eancias Biol\u00f3gicas<\/p>\n<\/div>\n<\/div>\n","protected":false},"excerpt":{"rendered":"<p>Cursos Inscritos Premiados 2016 Modalidade 1: Temas Livres Ci\u00eancias Biol\u00f3gicas Resumo da A\u00e7\u00e3o: DOA\u00c7\u00c3O DE ALIMENTOS PARA O H.C. Durante a semana de recep\u00e7\u00e3o, desde o primeiro dia, os alunos ingressantes e veteranos foram instru\u00eddos a arrecadar alimentos e entregar estes para os membros da comiss\u00e3o de recep\u00e7\u00e3o que guardaram at\u00e9 o dia da entrega [&hellip;]<\/p>\n","protected":false},"author":8,"featured_media":0,"parent":0,"menu_order":0,"comment_status":"closed","ping_status":"closed","template":"","meta":{"_acf_changed":false,"_themeisle_gutenberg_block_has_review":false,"footnotes":""},"class_list":["post-4026","page","type-page","status-publish","hentry"],"acf":[],"_links":{"self":[{"href":"https:\/\/sites.uel.br\/ser\/wp-json\/wp\/v2\/pages\/4026","targetHints":{"allow":["GET"]}}],"collection":[{"href":"https:\/\/sites.uel.br\/ser\/wp-json\/wp\/v2\/pages"}],"about":[{"href":"https:\/\/sites.uel.br\/ser\/wp-json\/wp\/v2\/types\/page"}],"author":[{"embeddable":true,"href":"https:\/\/sites.uel.br\/ser\/wp-json\/wp\/v2\/users\/8"}],"replies":[{"embeddable":true,"href":"https:\/\/sites.uel.br\/ser\/wp-json\/wp\/v2\/comments?post=4026"}],"version-history":[{"count":7,"href":"https:\/\/sites.uel.br\/ser\/wp-json\/wp\/v2\/pages\/4026\/revisions"}],"predecessor-version":[{"id":4986,"href":"https:\/\/sites.uel.br\/ser\/wp-json\/wp\/v2\/pages\/4026\/revisions\/4986"}],"wp:attachment":[{"href":"https:\/\/sites.uel.br\/ser\/wp-json\/wp\/v2\/media?parent=4026"}],"curies":[{"name":"wp","href":"https:\/\/api.w.org\/{rel}","templated":true}]}}