{"id":4024,"date":"2023-06-29T15:43:02","date_gmt":"2023-06-29T18:43:02","guid":{"rendered":"https:\/\/sites.uel.br\/ser\/?page_id=4024"},"modified":"2023-07-07T14:30:23","modified_gmt":"2023-07-07T17:30:23","slug":"premio-boas-praticas-na-recepcao-aos-estudantes-ingressantes-premiados-2019-ciencia-da-computacao-fisica-geografia-matematica-e-quimica","status":"publish","type":"page","link":"https:\/\/sites.uel.br\/ser\/premio-boas-praticas-na-recepcao-aos-estudantes-ingressantes-premiados-2019-ciencia-da-computacao-fisica-geografia-matematica-e-quimica\/","title":{"rendered":"Pr\u00eamio Boas Pr\u00e1ticas na Recep\u00e7\u00e3o aos Estudantes Ingressantes"},"content":{"rendered":"\n<hr class=\"wp-block-separator has-alpha-channel-opacity is-style-wide\" \/>\n\n\n\n<h2 class=\"wp-block-heading\">Cursos Inscritos Premiados<\/h2>\n\n\n\n<h2 class=\"wp-block-heading\">2019<\/h2>\n\n\n\n<h2 class=\"wp-block-heading\"><strong>Ci\u00eancia da Computa\u00e7\u00e3o, F\u00edsica, Geografia, Matem\u00e1tica e Qu\u00edmica<\/strong><\/h2>\n\n\n\n<p><strong>Resumo da A\u00e7\u00e3o:<\/strong><\/p>\n\n\n\n<p>Inspirados pela m\u00e1xima de que \u201cSozinhos vamos mais r\u00e1pido. Juntos vamos mais longe\u201d, os colegiados de curso do Centro de Ci\u00eancias Exatas decidiram unir-se e propor atividades de recep\u00e7\u00e3o conjunta aos ingressantes de 2019, visando a integra\u00e7\u00e3o dos estudantes do CCE. Apoiados pela dire\u00e7\u00e3o do Centro de Ci\u00eancias Exatas e com o envolvimento dos Centros Acad\u00eamicos, Atl\u00e9tica e Bateria do CCE e dos estudantes veteranos, os colegiados dos cursos de Ci\u00eancias da Computa\u00e7\u00e3o, F\u00edsica, Geografia, Matem\u00e1tica e Qu\u00edmica desenvolveram as seguintes atividades conjuntas: i) Aula Magna proferida pelo prof. Jo\u00e3o Frederico Meyer, da Unicamp; ii) Recep\u00e7\u00e3o de Calouros Solid\u00e1ria tendo como gesto concreto a doa\u00e7\u00e3o de leite longa vida, \u00f3leo de soja e ra\u00e7\u00e3o para animais para as institui\u00e7\u00f5es: Casa do Caminho, Centro de Conviv\u00eancia Infanto Juvenil Professor Ivan Dutra e ADA \u2013 Associa\u00e7\u00e3o Defensora dos Animais; iii) Encerramento das atividades de Recep\u00e7\u00e3o Solid\u00e1ria com o Festival Cultural do CCE, com a participa\u00e7\u00e3o da Bateria Loloteria, da cantora Silvia Borba e de estudantes e professores do CCE que apresentaram seus talentos musicais; iv) Como forma de reconhecimento do esfor\u00e7o e engajamento dos alunos o curso que arrecadou mais itens foi premiado com o trof\u00e9u &#8220;I Recep\u00e7\u00e3o Solid\u00e1ria CCE \/ Ingressantes 2019&#8221;.<\/p>\n\n\n\n<figure class=\"wp-block-embed is-type-video is-provider-youtube wp-block-embed-youtube wp-embed-aspect-16-9 wp-has-aspect-ratio\"><div class=\"wp-block-embed__wrapper\">\n<iframe loading=\"lazy\" title=\"Festival marca encerramento das atividades de recep\u00e7\u00e3o aos calouros no CCE\" width=\"500\" height=\"281\" src=\"https:\/\/www.youtube.com\/embed\/JgbE-yr8N-s?feature=oembed\" frameborder=\"0\" allow=\"accelerometer; autoplay; clipboard-write; encrypted-media; gyroscope; picture-in-picture; web-share\" referrerpolicy=\"strict-origin-when-cross-origin\" allowfullscreen><\/iframe>\n<\/div><\/figure>\n\n\n\n<div class=\"wp-block-columns is-layout-flex wp-container-core-columns-is-layout-9d6595d7 wp-block-columns-is-layout-flex\">\n<div class=\"wp-block-column is-layout-flow wp-block-column-is-layout-flow\"><div class=\"wp-block-image\">\n<figure class=\"aligncenter size-full\"><a href=\"https:\/\/drive.google.com\/drive\/folders\/1VXDAhMZzxjr-KOL-Wi70drZGUMVRZZxu?usp=drive_link\" target=\"_blank\" rel=\"noreferrer noopener\"><img decoding=\"async\" src=\"https:\/\/sites.uel.br\/feira\/wp-content\/uploads\/2023\/05\/google_drive.png\" alt=\"\" class=\"wp-image-2887\" \/><\/a><\/figure>\n<\/div>\n\n\n<p class=\"has-text-align-center\"><strong>(Galeria de Fotos)<\/strong><\/p>\n\n\n\n<p class=\"has-text-align-center\">Cr\u00e9ditos:<br>Estudantes do Curso de Ci\u00eancia da Computa\u00e7\u00e3o, F\u00edsica, Geografia, Matem\u00e1tica e Qu\u00edmica<\/p>\n<\/div>\n<\/div>\n","protected":false},"excerpt":{"rendered":"<p>Cursos Inscritos Premiados 2019 Ci\u00eancia da Computa\u00e7\u00e3o, F\u00edsica, Geografia, Matem\u00e1tica e Qu\u00edmica Resumo da A\u00e7\u00e3o: Inspirados pela m\u00e1xima de que \u201cSozinhos vamos mais r\u00e1pido. Juntos vamos mais longe\u201d, os colegiados de curso do Centro de Ci\u00eancias Exatas decidiram unir-se e propor atividades de recep\u00e7\u00e3o conjunta aos ingressantes de 2019, visando a integra\u00e7\u00e3o dos estudantes do [&hellip;]<\/p>\n","protected":false},"author":8,"featured_media":0,"parent":0,"menu_order":0,"comment_status":"closed","ping_status":"closed","template":"","meta":{"_acf_changed":false,"_themeisle_gutenberg_block_has_review":false,"footnotes":""},"class_list":["post-4024","page","type-page","status-publish","hentry"],"acf":[],"_links":{"self":[{"href":"https:\/\/sites.uel.br\/ser\/wp-json\/wp\/v2\/pages\/4024","targetHints":{"allow":["GET"]}}],"collection":[{"href":"https:\/\/sites.uel.br\/ser\/wp-json\/wp\/v2\/pages"}],"about":[{"href":"https:\/\/sites.uel.br\/ser\/wp-json\/wp\/v2\/types\/page"}],"author":[{"embeddable":true,"href":"https:\/\/sites.uel.br\/ser\/wp-json\/wp\/v2\/users\/8"}],"replies":[{"embeddable":true,"href":"https:\/\/sites.uel.br\/ser\/wp-json\/wp\/v2\/comments?post=4024"}],"version-history":[{"count":7,"href":"https:\/\/sites.uel.br\/ser\/wp-json\/wp\/v2\/pages\/4024\/revisions"}],"predecessor-version":[{"id":4856,"href":"https:\/\/sites.uel.br\/ser\/wp-json\/wp\/v2\/pages\/4024\/revisions\/4856"}],"wp:attachment":[{"href":"https:\/\/sites.uel.br\/ser\/wp-json\/wp\/v2\/media?parent=4024"}],"curies":[{"name":"wp","href":"https:\/\/api.w.org\/{rel}","templated":true}]}}