{"id":4017,"date":"2023-06-29T15:38:52","date_gmt":"2023-06-29T18:38:52","guid":{"rendered":"https:\/\/sites.uel.br\/ser\/?page_id=4017"},"modified":"2023-07-07T14:27:53","modified_gmt":"2023-07-07T17:27:53","slug":"premio-boas-praticas-na-recepcao-aos-estudantes-ingressantes-premiados-2020-biomedicina","status":"publish","type":"page","link":"https:\/\/sites.uel.br\/ser\/premio-boas-praticas-na-recepcao-aos-estudantes-ingressantes-premiados-2020-biomedicina\/","title":{"rendered":"Pr\u00eamio Boas Pr\u00e1ticas na Recep\u00e7\u00e3o aos Estudantes Ingressantes"},"content":{"rendered":"\n<hr class=\"wp-block-separator has-alpha-channel-opacity is-style-wide\" \/>\n\n\n\n<h2 class=\"wp-block-heading\">Cursos Inscritos Premiados<\/h2>\n\n\n\n<h2 class=\"wp-block-heading\">2020<\/h2>\n\n\n\n<h2 class=\"wp-block-heading\">Biomedicina<\/h2>\n\n\n\n<p><strong>Resumo da A\u00e7\u00e3o:<\/strong><\/p>\n\n\n\n<p>Foi realizada a arrecada\u00e7\u00e3o de fundos para compra de ra\u00e7\u00e3o para a ADA Londrina. Os calouros colaboraram com a quantia que puderam, e foi realizada uma a\u00e7\u00e3o de sinaleiro solid\u00e1rio. Como resultado, foram doados 326kg de ra\u00e7\u00e3o. Relatos: &#8220;Acho que com a quest\u00e3o toda contra o trote abusivo, o trote solid\u00e1rio \u00e9 uma oportunidade de voltar o olhar para as coisas realmente importantes&#8221; &#8211; Nathalia Ondei, ingressante. &#8220;Achei o trote solid\u00e1rio importante por ser uma forma de integra\u00e7\u00e3o saud\u00e1vel, onde os calouros e veteranos interagem tranquilamente e por um bem maior&#8221; \u2013 Maria Luiza, ingressante. &#8220;Obrigada turma de biomedicina da UEL e seus calouros pela doa\u00e7\u00e3o de 326kg de ra\u00e7\u00e3o por meio do trote solid\u00e1rio. Voc\u00eas fortalecem a nossa luta!&#8221; &#8211; ADA Londrina.<\/p>\n\n\n\n<p>Obs: texto confeccionado pelos estudantes de Gradua\u00e7\u00e3o do curso.<\/p>\n\n\n\n<div class=\"wp-block-columns is-layout-flex wp-container-core-columns-is-layout-9d6595d7 wp-block-columns-is-layout-flex\">\n<div class=\"wp-block-column is-layout-flow wp-block-column-is-layout-flow\"><div class=\"wp-block-image\">\n<figure class=\"aligncenter size-full\"><a href=\"https:\/\/drive.google.com\/drive\/folders\/1Z5N3H0_BVzbTXM_88muiVxI6DLfk0MxK?usp=sharing\" target=\"_blank\" rel=\"noreferrer noopener\"><img decoding=\"async\" src=\"https:\/\/sites.uel.br\/feira\/wp-content\/uploads\/2023\/05\/google_drive.png\" alt=\"\" class=\"wp-image-2887\" \/><\/a><\/figure>\n<\/div>\n\n\n<p class=\"has-text-align-center\"><strong>(Galeria de Fotos)<\/strong><\/p>\n\n\n\n<p class=\"has-text-align-center\">Cr\u00e9ditos:<br>Estudantes do Curso de Biomedicina<\/p>\n<\/div>\n<\/div>\n","protected":false},"excerpt":{"rendered":"<p>Cursos Inscritos Premiados 2020 Biomedicina Resumo da A\u00e7\u00e3o: Foi realizada a arrecada\u00e7\u00e3o de fundos para compra de ra\u00e7\u00e3o para a ADA Londrina. Os calouros colaboraram com a quantia que puderam, e foi realizada uma a\u00e7\u00e3o de sinaleiro solid\u00e1rio. Como resultado, foram doados 326kg de ra\u00e7\u00e3o. Relatos: &#8220;Acho que com a quest\u00e3o toda contra o trote [&hellip;]<\/p>\n","protected":false},"author":8,"featured_media":0,"parent":0,"menu_order":0,"comment_status":"closed","ping_status":"closed","template":"","meta":{"_acf_changed":false,"_themeisle_gutenberg_block_has_review":false,"footnotes":""},"class_list":["post-4017","page","type-page","status-publish","hentry"],"acf":[],"_links":{"self":[{"href":"https:\/\/sites.uel.br\/ser\/wp-json\/wp\/v2\/pages\/4017","targetHints":{"allow":["GET"]}}],"collection":[{"href":"https:\/\/sites.uel.br\/ser\/wp-json\/wp\/v2\/pages"}],"about":[{"href":"https:\/\/sites.uel.br\/ser\/wp-json\/wp\/v2\/types\/page"}],"author":[{"embeddable":true,"href":"https:\/\/sites.uel.br\/ser\/wp-json\/wp\/v2\/users\/8"}],"replies":[{"embeddable":true,"href":"https:\/\/sites.uel.br\/ser\/wp-json\/wp\/v2\/comments?post=4017"}],"version-history":[{"count":6,"href":"https:\/\/sites.uel.br\/ser\/wp-json\/wp\/v2\/pages\/4017\/revisions"}],"predecessor-version":[{"id":4841,"href":"https:\/\/sites.uel.br\/ser\/wp-json\/wp\/v2\/pages\/4017\/revisions\/4841"}],"wp:attachment":[{"href":"https:\/\/sites.uel.br\/ser\/wp-json\/wp\/v2\/media?parent=4017"}],"curies":[{"name":"wp","href":"https:\/\/api.w.org\/{rel}","templated":true}]}}