{"id":4016,"date":"2023-06-29T15:38:54","date_gmt":"2023-06-29T18:38:54","guid":{"rendered":"https:\/\/sites.uel.br\/ser\/?page_id=4016"},"modified":"2023-07-10T10:26:24","modified_gmt":"2023-07-10T13:26:24","slug":"premio-boas-praticas-na-recepcao-aos-estudantes-ingressantes-premiados-2019-biomedicina","status":"publish","type":"page","link":"https:\/\/sites.uel.br\/ser\/premio-boas-praticas-na-recepcao-aos-estudantes-ingressantes-premiados-2019-biomedicina\/","title":{"rendered":"Pr\u00eamio Boas Pr\u00e1ticas na Recep\u00e7\u00e3o aos Estudantes Ingressantes"},"content":{"rendered":"\n<hr class=\"wp-block-separator has-alpha-channel-opacity is-style-wide\" \/>\n\n\n\n<h2 class=\"wp-block-heading\">Cursos Inscritos Premiados<\/h2>\n\n\n\n<h2 class=\"wp-block-heading\">2019<\/h2>\n\n\n\n<h2 class=\"wp-block-heading\">Biomedicina<\/h2>\n\n\n\n<p><strong>Resumo da A\u00e7\u00e3o:<\/strong><\/p>\n\n\n\n<p>A semana de recep\u00e7\u00e3o dos calouros de Biomedicina durou at\u00e9 quarta-feira. Primeiramente, os calouros foram recepcionados com palestras do diretor de Centro (CCB), do colegiado de Biomedicina e do Centro Acad\u00eamico. Essas palestras tiveram a finalidade de apresentar os calouros a universidade e o curso de Biomedicina. Na ter\u00e7a feira, os calouros participaram de uma gincana para conhecer todos os centros da UEL, para assim se familiarizarem com a institui\u00e7\u00e3o. No mesmo dia a tarde, o trote solid\u00e1rio foi realizado. Visitamos a creche Boa Esperan\u00e7a. Arrecadamos brinquedos para a institui\u00e7\u00e3o e passamos a tarde com as crian\u00e7as. Nos separamos em grupos e cada grupo ficou com uma turma de crian\u00e7as. Um relato da caloura Isabella Bissochi: &#8220;Eu amei muito! Sou suspeita pra falar porque amo crian\u00e7as e amo ir nessas visitas. Acho que foi uma forma bem legal que os veteranos acharam pra fazer um trote ser algo bom tamb\u00e9m, querendo ou n\u00e3o somos acostumados a ver trotes meio desrespeitosos e achei esse sensacional!&#8221;. A caloura Isaura Fuzinatto tamb\u00e9m compartilhou a experi\u00eancia: &#8220;Eu achei a experi\u00eancia \u00f3tima, porque na minha sala (da creche) ficaram s\u00f3 calouros e a gente conseguiu brincar bastante com as crian\u00e7as e se conhecer mais. Tanto \u00e9 que depois dessa tarde, conseguimos nos unir mais, principalmente quem estava na sala comigo. At\u00e9 os mais quietinhos se soltaram e se divertiram.&#8221;. A ingressante Hellen Yukari tamb\u00e9m contou um pouquinho sobre o dia: &#8220;Olha, pra mim foi muito boa a experi\u00eancia do trote solid\u00e1rio, adorei brincar e cuidar das crian\u00e7as e vi a import\u00e2ncia de poder ajud\u00e1-las doando brinquedos que v\u00e3o faz\u00ea-las felizes.&#8221;.<\/p>\n\n\n\n<div class=\"wp-block-columns is-layout-flex wp-container-core-columns-is-layout-9d6595d7 wp-block-columns-is-layout-flex\">\n<div class=\"wp-block-column is-layout-flow wp-block-column-is-layout-flow\"><div class=\"wp-block-image\">\n<figure class=\"aligncenter size-full\"><a href=\"https:\/\/drive.google.com\/drive\/folders\/1H6AgBqZWFTkIThsFL0k8OVG362g6_B7u?usp=drive_link\" target=\"_blank\" rel=\"noreferrer noopener\"><img decoding=\"async\" src=\"https:\/\/sites.uel.br\/feira\/wp-content\/uploads\/2023\/05\/google_drive.png\" alt=\"\" class=\"wp-image-2887\" \/><\/a><\/figure>\n<\/div>\n\n\n<p class=\"has-text-align-center\"><strong>(Galeria de Fotos)<\/strong><\/p>\n\n\n\n<p class=\"has-text-align-center\">Cr\u00e9ditos:<br>Estudantes do Curso de Biomedicina<\/p>\n<\/div>\n<\/div>\n","protected":false},"excerpt":{"rendered":"<p>Cursos Inscritos Premiados 2019 Biomedicina Resumo da A\u00e7\u00e3o: A semana de recep\u00e7\u00e3o dos calouros de Biomedicina durou at\u00e9 quarta-feira. Primeiramente, os calouros foram recepcionados com palestras do diretor de Centro (CCB), do colegiado de Biomedicina e do Centro Acad\u00eamico. Essas palestras tiveram a finalidade de apresentar os calouros a universidade e o curso de Biomedicina. [&hellip;]<\/p>\n","protected":false},"author":8,"featured_media":0,"parent":0,"menu_order":0,"comment_status":"closed","ping_status":"closed","template":"","meta":{"_acf_changed":false,"_themeisle_gutenberg_block_has_review":false,"footnotes":""},"class_list":["post-4016","page","type-page","status-publish","hentry"],"acf":[],"_links":{"self":[{"href":"https:\/\/sites.uel.br\/ser\/wp-json\/wp\/v2\/pages\/4016","targetHints":{"allow":["GET"]}}],"collection":[{"href":"https:\/\/sites.uel.br\/ser\/wp-json\/wp\/v2\/pages"}],"about":[{"href":"https:\/\/sites.uel.br\/ser\/wp-json\/wp\/v2\/types\/page"}],"author":[{"embeddable":true,"href":"https:\/\/sites.uel.br\/ser\/wp-json\/wp\/v2\/users\/8"}],"replies":[{"embeddable":true,"href":"https:\/\/sites.uel.br\/ser\/wp-json\/wp\/v2\/comments?post=4016"}],"version-history":[{"count":7,"href":"https:\/\/sites.uel.br\/ser\/wp-json\/wp\/v2\/pages\/4016\/revisions"}],"predecessor-version":[{"id":4973,"href":"https:\/\/sites.uel.br\/ser\/wp-json\/wp\/v2\/pages\/4016\/revisions\/4973"}],"wp:attachment":[{"href":"https:\/\/sites.uel.br\/ser\/wp-json\/wp\/v2\/media?parent=4016"}],"curies":[{"name":"wp","href":"https:\/\/api.w.org\/{rel}","templated":true}]}}