{"id":4015,"date":"2023-06-29T15:38:55","date_gmt":"2023-06-29T18:38:55","guid":{"rendered":"https:\/\/sites.uel.br\/ser\/?page_id=4015"},"modified":"2023-07-10T13:24:54","modified_gmt":"2023-07-10T16:24:54","slug":"premio-boas-praticas-na-recepcao-aos-estudantes-ingressantes-premiados-2016-biomedicina-aedes","status":"publish","type":"page","link":"https:\/\/sites.uel.br\/ser\/premio-boas-praticas-na-recepcao-aos-estudantes-ingressantes-premiados-2016-biomedicina-aedes\/","title":{"rendered":"Pr\u00eamio Boas Pr\u00e1ticas na Recep\u00e7\u00e3o aos Estudantes Ingressantes"},"content":{"rendered":"\n<hr class=\"wp-block-separator has-alpha-channel-opacity is-style-wide\" \/>\n\n\n\n<h2 class=\"wp-block-heading\">Cursos Inscritos Premiados<\/h2>\n\n\n\n<h2 class=\"wp-block-heading\">2016<\/h2>\n\n\n\n<h2 class=\"wp-block-heading\">Modalidade 2: Tema Relacionado a &#8220;A\u00e7\u00f5es Contra o Aedes&#8221;<\/h2>\n\n\n\n<h2 class=\"wp-block-heading\">Biomedicina<\/h2>\n\n\n\n<p><strong>Resumo da A\u00e7\u00e3o:<\/strong><\/p>\n\n\n\n<p>Durante a arrecada\u00e7\u00e3o de alimentos efetuada no bairro Parque Jamaica, aproveitamos para distribuir panfletos informativos sobre a dengue para os moradores. Ele continha os principais sintomas da doen\u00e7a e as maneiras de preveni-la, com a elimina\u00e7\u00e3o do mosquito transmissor.<\/p>\n\n\n\n<div class=\"wp-block-columns is-layout-flex wp-container-core-columns-is-layout-9d6595d7 wp-block-columns-is-layout-flex\">\n<div class=\"wp-block-column is-layout-flow wp-block-column-is-layout-flow\"><div class=\"wp-block-image\">\n<figure class=\"aligncenter size-full\"><a href=\"https:\/\/drive.google.com\/drive\/folders\/13VD7jm3kp4QGFu5ZrWM114NarMDK0bdD?usp=drive_link\" target=\"_blank\" rel=\"noreferrer noopener\"><img decoding=\"async\" src=\"https:\/\/sites.uel.br\/feira\/wp-content\/uploads\/2023\/05\/google_drive.png\" alt=\"\" class=\"wp-image-2887\" \/><\/a><\/figure>\n<\/div>\n\n\n<p class=\"has-text-align-center\"><strong>(Galeria de Fotos)<\/strong><\/p>\n\n\n\n<p class=\"has-text-align-center\">Cr\u00e9ditos:<br>Estudantes do Curso de Biomedicina<\/p>\n<\/div>\n<\/div>\n","protected":false},"excerpt":{"rendered":"<p>Cursos Inscritos Premiados 2016 Modalidade 2: Tema Relacionado a &#8220;A\u00e7\u00f5es Contra o Aedes&#8221; Biomedicina Resumo da A\u00e7\u00e3o: Durante a arrecada\u00e7\u00e3o de alimentos efetuada no bairro Parque Jamaica, aproveitamos para distribuir panfletos informativos sobre a dengue para os moradores. Ele continha os principais sintomas da doen\u00e7a e as maneiras de preveni-la, com a elimina\u00e7\u00e3o do mosquito [&hellip;]<\/p>\n","protected":false},"author":8,"featured_media":0,"parent":0,"menu_order":0,"comment_status":"closed","ping_status":"closed","template":"","meta":{"_acf_changed":false,"_themeisle_gutenberg_block_has_review":false,"footnotes":""},"class_list":["post-4015","page","type-page","status-publish","hentry"],"acf":[],"_links":{"self":[{"href":"https:\/\/sites.uel.br\/ser\/wp-json\/wp\/v2\/pages\/4015","targetHints":{"allow":["GET"]}}],"collection":[{"href":"https:\/\/sites.uel.br\/ser\/wp-json\/wp\/v2\/pages"}],"about":[{"href":"https:\/\/sites.uel.br\/ser\/wp-json\/wp\/v2\/types\/page"}],"author":[{"embeddable":true,"href":"https:\/\/sites.uel.br\/ser\/wp-json\/wp\/v2\/users\/8"}],"replies":[{"embeddable":true,"href":"https:\/\/sites.uel.br\/ser\/wp-json\/wp\/v2\/comments?post=4015"}],"version-history":[{"count":7,"href":"https:\/\/sites.uel.br\/ser\/wp-json\/wp\/v2\/pages\/4015\/revisions"}],"predecessor-version":[{"id":4996,"href":"https:\/\/sites.uel.br\/ser\/wp-json\/wp\/v2\/pages\/4015\/revisions\/4996"}],"wp:attachment":[{"href":"https:\/\/sites.uel.br\/ser\/wp-json\/wp\/v2\/media?parent=4015"}],"curies":[{"name":"wp","href":"https:\/\/api.w.org\/{rel}","templated":true}]}}