{"id":4014,"date":"2023-06-29T15:38:58","date_gmt":"2023-06-29T18:38:58","guid":{"rendered":"https:\/\/sites.uel.br\/ser\/?page_id=4014"},"modified":"2023-07-10T13:22:53","modified_gmt":"2023-07-10T16:22:53","slug":"premio-boas-praticas-na-recepcao-aos-estudantes-ingressantes-premiados-2016-biomedicina","status":"publish","type":"page","link":"https:\/\/sites.uel.br\/ser\/premio-boas-praticas-na-recepcao-aos-estudantes-ingressantes-premiados-2016-biomedicina\/","title":{"rendered":"Pr\u00eamio Boas Pr\u00e1ticas na Recep\u00e7\u00e3o aos Estudantes Ingressantes"},"content":{"rendered":"\n<hr class=\"wp-block-separator has-alpha-channel-opacity is-style-wide\" \/>\n\n\n\n<h2 class=\"wp-block-heading\">Cursos Inscritos Premiados<\/h2>\n\n\n\n<h2 class=\"wp-block-heading\">2016<\/h2>\n\n\n\n<h2 class=\"wp-block-heading\">Modalidade 1: Temas Livres<\/h2>\n\n\n\n<h2 class=\"wp-block-heading\">Biomedicina<\/h2>\n\n\n\n<p><strong>Resumo da A\u00e7\u00e3o:<\/strong><\/p>\n\n\n\n<p>Foram realizadas atividades integrativas com a finalidade de conhecer o C\u00e2mpus, familiarizar-se com a universidade e com os colegas do curso. Para isso, foram feitas gincanas pela UEL, apresenta\u00e7\u00e3o do curso, do colegiado, palestras de alunos, mestres e doutores sobre diversos assuntos referentes ao ensino superior e ao curso de Biomedicina. Por fim, como pr\u00e1ticas solid\u00e1rias, foram realizadas doa\u00e7\u00e3o de sangue e arrecada\u00e7\u00e3o de alimentos com posterior entrega no Asilo S\u00e3o Vicente de Paula. A seguir, o relato da ingressante Gabriela Weiss: &#8220;A primeira semana foi essencial para integra\u00e7\u00e3o dos novos alunos (calouros) com os respectivos veteranos, ajudando-nos a conhecer a universidade, os centros e as salas de aula , facilitando nossa chegada, j\u00e1 que a maioria n\u00e3o conhecia a faculdade como um todo, al\u00e9m disso, pudemos nos aprofundar brevemente nas mat\u00e9rias a qual ter\u00edamos e no curso em geral, qual a forma\u00e7\u00e3o de carreira que poder\u00edamos seguir, e tamb\u00e9m contando com boas pr\u00e1ticas como cidad\u00e3os, interagindo com a sociedade promovendo a\u00e7\u00f5es sociais, como a doa\u00e7\u00e3o de sangue e a arrecada\u00e7\u00e3o de alimentos.&#8221;<\/p>\n\n\n\n<div class=\"wp-block-columns is-layout-flex wp-container-core-columns-is-layout-9d6595d7 wp-block-columns-is-layout-flex\">\n<div class=\"wp-block-column is-layout-flow wp-block-column-is-layout-flow\"><div class=\"wp-block-image\">\n<figure class=\"aligncenter size-full\"><a href=\"https:\/\/drive.google.com\/drive\/folders\/10_aEkm32q9EBioWfB_LP7YXpjHSfKTf_?usp=drive_link\" target=\"_blank\" rel=\"noreferrer noopener\"><img decoding=\"async\" src=\"https:\/\/sites.uel.br\/feira\/wp-content\/uploads\/2023\/05\/google_drive.png\" alt=\"\" class=\"wp-image-2887\" \/><\/a><\/figure>\n<\/div>\n\n\n<p class=\"has-text-align-center\"><strong>(Galeria de Fotos)<\/strong><\/p>\n\n\n\n<p class=\"has-text-align-center\">Cr\u00e9ditos:<br>Estudantes do Curso de Biomedicina<\/p>\n<\/div>\n<\/div>\n","protected":false},"excerpt":{"rendered":"<p>Cursos Inscritos Premiados 2016 Modalidade 1: Temas Livres Biomedicina Resumo da A\u00e7\u00e3o: Foram realizadas atividades integrativas com a finalidade de conhecer o C\u00e2mpus, familiarizar-se com a universidade e com os colegas do curso. Para isso, foram feitas gincanas pela UEL, apresenta\u00e7\u00e3o do curso, do colegiado, palestras de alunos, mestres e doutores sobre diversos assuntos referentes [&hellip;]<\/p>\n","protected":false},"author":8,"featured_media":0,"parent":0,"menu_order":0,"comment_status":"closed","ping_status":"closed","template":"","meta":{"_acf_changed":false,"_themeisle_gutenberg_block_has_review":false,"footnotes":""},"class_list":["post-4014","page","type-page","status-publish","hentry"],"acf":[],"_links":{"self":[{"href":"https:\/\/sites.uel.br\/ser\/wp-json\/wp\/v2\/pages\/4014","targetHints":{"allow":["GET"]}}],"collection":[{"href":"https:\/\/sites.uel.br\/ser\/wp-json\/wp\/v2\/pages"}],"about":[{"href":"https:\/\/sites.uel.br\/ser\/wp-json\/wp\/v2\/types\/page"}],"author":[{"embeddable":true,"href":"https:\/\/sites.uel.br\/ser\/wp-json\/wp\/v2\/users\/8"}],"replies":[{"embeddable":true,"href":"https:\/\/sites.uel.br\/ser\/wp-json\/wp\/v2\/comments?post=4014"}],"version-history":[{"count":7,"href":"https:\/\/sites.uel.br\/ser\/wp-json\/wp\/v2\/pages\/4014\/revisions"}],"predecessor-version":[{"id":4985,"href":"https:\/\/sites.uel.br\/ser\/wp-json\/wp\/v2\/pages\/4014\/revisions\/4985"}],"wp:attachment":[{"href":"https:\/\/sites.uel.br\/ser\/wp-json\/wp\/v2\/media?parent=4014"}],"curies":[{"name":"wp","href":"https:\/\/api.w.org\/{rel}","templated":true}]}}