{"id":4009,"date":"2023-06-29T15:35:29","date_gmt":"2023-06-29T18:35:29","guid":{"rendered":"https:\/\/sites.uel.br\/ser\/?page_id=4009"},"modified":"2023-07-07T14:30:08","modified_gmt":"2023-07-07T17:30:08","slug":"premio-boas-praticas-na-recepcao-aos-estudantes-ingressantes-premiados-2019-artes-visuais","status":"publish","type":"page","link":"https:\/\/sites.uel.br\/ser\/premio-boas-praticas-na-recepcao-aos-estudantes-ingressantes-premiados-2019-artes-visuais\/","title":{"rendered":"Pr\u00eamio Boas Pr\u00e1ticas na Recep\u00e7\u00e3o aos Estudantes Ingressantes"},"content":{"rendered":"\n<hr class=\"wp-block-separator has-alpha-channel-opacity is-style-wide\" \/>\n\n\n\n<h2 class=\"wp-block-heading\">Cursos Inscritos Premiados<\/h2>\n\n\n\n<h2 class=\"wp-block-heading\">2019<\/h2>\n\n\n\n<h2 class=\"wp-block-heading\">Artes Visuais<\/h2>\n\n\n\n<p><strong>Resumo da A\u00e7\u00e3o:<\/strong><\/p>\n\n\n\n<p>Realizamos uma semana dedicada a sanar d\u00favidas, demonstrar desde os espa\u00e7os f\u00edsicos, at\u00e9 apresentarmos os professores e t\u00e9cnicos do nosso curso. Realizamos Oficinas de pintura, gravura, desenho e happening. Conversamos sobre seguran\u00e7a no campus, limpeza dos espa\u00e7os f\u00edsicos do curso (inclusive C. A.). Produzimos uma cartilha demonstrativa e super did\u00e1tica de como os calouros poderiam adquirir cr\u00e9ditos no R. U.(Restaurante Universit\u00e1rio), linhas de \u00f4nibus, conhecer cada centro da UEL, e-mail dos professores e etc.<\/p>\n\n\n\n<div class=\"wp-block-columns is-layout-flex wp-container-core-columns-is-layout-9d6595d7 wp-block-columns-is-layout-flex\">\n<div class=\"wp-block-column is-layout-flow wp-block-column-is-layout-flow\"><div class=\"wp-block-image\">\n<figure class=\"aligncenter size-full\"><a href=\"https:\/\/drive.google.com\/drive\/folders\/1X95PY10SQwVdjxG69dr_qAd5b76iLv0M?usp=drive_link\" target=\"_blank\" rel=\"noreferrer noopener\"><img decoding=\"async\" src=\"https:\/\/sites.uel.br\/feira\/wp-content\/uploads\/2023\/05\/google_drive.png\" alt=\"\" class=\"wp-image-2887\" \/><\/a><\/figure>\n<\/div>\n\n\n<p class=\"has-text-align-center\"><strong>(Galeria de Fotos)<\/strong><\/p>\n\n\n\n<p class=\"has-text-align-center\">Cr\u00e9ditos:<br>Estudantes do Curso de Artes Visuais<\/p>\n<\/div>\n<\/div>\n","protected":false},"excerpt":{"rendered":"<p>Cursos Inscritos Premiados 2019 Artes Visuais Resumo da A\u00e7\u00e3o: Realizamos uma semana dedicada a sanar d\u00favidas, demonstrar desde os espa\u00e7os f\u00edsicos, at\u00e9 apresentarmos os professores e t\u00e9cnicos do nosso curso. Realizamos Oficinas de pintura, gravura, desenho e happening. Conversamos sobre seguran\u00e7a no campus, limpeza dos espa\u00e7os f\u00edsicos do curso (inclusive C. A.). Produzimos uma cartilha [&hellip;]<\/p>\n","protected":false},"author":8,"featured_media":0,"parent":0,"menu_order":0,"comment_status":"closed","ping_status":"closed","template":"","meta":{"_acf_changed":false,"_themeisle_gutenberg_block_has_review":false,"footnotes":""},"class_list":["post-4009","page","type-page","status-publish","hentry"],"acf":[],"_links":{"self":[{"href":"https:\/\/sites.uel.br\/ser\/wp-json\/wp\/v2\/pages\/4009","targetHints":{"allow":["GET"]}}],"collection":[{"href":"https:\/\/sites.uel.br\/ser\/wp-json\/wp\/v2\/pages"}],"about":[{"href":"https:\/\/sites.uel.br\/ser\/wp-json\/wp\/v2\/types\/page"}],"author":[{"embeddable":true,"href":"https:\/\/sites.uel.br\/ser\/wp-json\/wp\/v2\/users\/8"}],"replies":[{"embeddable":true,"href":"https:\/\/sites.uel.br\/ser\/wp-json\/wp\/v2\/comments?post=4009"}],"version-history":[{"count":6,"href":"https:\/\/sites.uel.br\/ser\/wp-json\/wp\/v2\/pages\/4009\/revisions"}],"predecessor-version":[{"id":4854,"href":"https:\/\/sites.uel.br\/ser\/wp-json\/wp\/v2\/pages\/4009\/revisions\/4854"}],"wp:attachment":[{"href":"https:\/\/sites.uel.br\/ser\/wp-json\/wp\/v2\/media?parent=4009"}],"curies":[{"name":"wp","href":"https:\/\/api.w.org\/{rel}","templated":true}]}}