{"id":4008,"date":"2023-06-29T15:35:31","date_gmt":"2023-06-29T18:35:31","guid":{"rendered":"https:\/\/sites.uel.br\/ser\/?page_id=4008"},"modified":"2023-07-10T13:22:48","modified_gmt":"2023-07-10T16:22:48","slug":"premio-boas-praticas-na-recepcao-aos-estudantes-ingressantes-premiados-2016-artes-visuais","status":"publish","type":"page","link":"https:\/\/sites.uel.br\/ser\/premio-boas-praticas-na-recepcao-aos-estudantes-ingressantes-premiados-2016-artes-visuais\/","title":{"rendered":"Pr\u00eamio Boas Pr\u00e1ticas na Recep\u00e7\u00e3o aos Estudantes Ingressantes"},"content":{"rendered":"\n<hr class=\"wp-block-separator has-alpha-channel-opacity is-style-wide\" \/>\n\n\n\n<h2 class=\"wp-block-heading\">Cursos Inscritos Premiados<\/h2>\n\n\n\n<h2 class=\"wp-block-heading\">2016<\/h2>\n\n\n\n<h2 class=\"wp-block-heading\">Modalidade 1: Temas Livres<\/h2>\n\n\n\n<h2 class=\"wp-block-heading\">Artes Visuais<\/h2>\n\n\n\n<p><strong>Resumo da A\u00e7\u00e3o:<\/strong><\/p>\n\n\n\n<p>Nossa semana de recep\u00e7\u00e3o foi baseada em uma palavra: amor!<br><br>Planejamos a semana de recep\u00e7\u00e3o para compartilhar nossas experi\u00eancias e viv\u00eancias e mostrar assim um pouco do que o curso pode proporcionar. Realizamos uma semana de debates e oficinas, e no meio de tudo isso apresentamos o curso e nossos espa\u00e7os comuns dentro e fora do campus aos calouros.<br><br>Deixamos bem claro que n\u00e3o aceitamos trotes violentos e machistas, e caso acontecesse tomar\u00edamos as devidas provid\u00eancias denunciando para a universidade.<br><br>As oficinas aconteceram com a seguinte programa\u00e7\u00e3o:<br><br>SEGUNDA (11\/04\/16) 8:30 \u00e0s 10:00 (SALA 632)<br><br>Apresenta\u00e7\u00e3o do curso e do corpo docente.<br><br>10:15 \u00e0s 12:00 (GALERIA DO DEPARTAMENTO)<br><br>Abertura da exposi\u00e7\u00e3o dos professores do Departamento de Arte Visual e conversa com o coletivo c\u00e3osemplumas, formado por exestudantes do curso de Artes Visuais.<br><br>CA\u00c7A AO TESOURO TER\u00c7A<br><br>(12\/04\/16) 8:30 \u00e0s 12:00 (PRA\u00c7A DO CECA)<br><br>Ca\u00e7a ao Tesouro: trajeto de interven\u00e7\u00f5es culturais e art\u00edsticas como pintura corporal, dan\u00e7a e m\u00fasica.<br><br>O trajeto da ca\u00e7a ao tesouro passou por pontos relevantes da universidade, fazendo assim eles conhecerem os principais locais do campus, ao longo dessa caminhada foram coletados objetos com potencial para serem criadouros do Aedes Aegypti.<br><br>ENCADERNA\u00c7\u00c3O QUARTA<br><br>(13\/04\/16) 8:30 \u00e0s 12:00 \u2013 Sala de Gravura<br><br>T\u00e9cnicas simples de encaderna\u00e7\u00e3o, durante a oficina produzimos alguns cadernos.<br><br>ES\u00caNCIL E LAMBELAMBE<br><br>QUINTA (14\/04\/16) 8:30 \u00e0s 12:00 \u2013 Sala de Desenho<\/p>\n\n\n\n<p>Durante a oficina aconteceram discuss\u00f5es sobre g\u00eanero, preconceito racial e de classe, o tema da produ\u00e7\u00e3o foi o resultado das discuss\u00f5es.<br><br>AUTORRETRATO<br><br>SEXTA (15\/04\/16)<br><br>Das 8:30 \u00e0s 10:40 \u2013 Sala de Pintura<br><br>Oficina ofertada por profissionais do cursinho comunit\u00e1rio Ubuntu.<br><br>PARANGOL\u00c9<br><br>SEXTA (15\/04\/16)<br><br>Das 10:40 \u00e0s 12:00 Gramado do Departamento<br><br>Produ\u00e7\u00e3o de parangol\u00e9s.<br><br>Do dia 11 ao dia 15 de abril houve coleta de materiais escolares para o cursinho comunit\u00e1rio Ubuntu.<br><br>Sexta-feira<br>(15\/04\/16) levamos os calouros para a abertura da segunda exposi\u00e7\u00e3o do Arte Londrina 4<br>SOBRE O QUE PODE SER FAMILIAR com curadoria de Cau\u00ea Alves e Danillo Vila. Local: DaP (Divis\u00e3o de Artes Pl\u00e1sticas da UEL) \/ Av. JK, 1973<br><br>O resultado da semana superou nossas expectativas, foi muito acolhedora e divertida para todos.<br><br>RELATOS DOS CALOUROS:<br>\u201cSe eu tivesse que resumir a Semana de Recep\u00e7\u00e3o dos Calouros de Artes Visuais em uma s\u00f3 palavra, sem d\u00favidas eu escolheria &#8220;acolhimento&#8221;, porque eu, h\u00e1 quase um m\u00eas sem um abra\u00e7o de m\u00e3e ou colo de av\u00f3, me senti assim: aconchegada nos bra\u00e7os de eu nem sabia quem. Para mim, essa recep\u00e7\u00e3o come\u00e7ou um pouco antes, na Semana de Arte de Londrina, onde acabei esbarrando com alguns dos meus veteranos e sendo integrada, de forma desmedida, ao n\u00facleo que eles participam. Nunca fui t\u00e3o bem tratada por gente que eu se quer nunca vi, sempre me perguntando como eu estava, se estava gostando ou se eu gostaria de almo\u00e7ar com eles, estar com eles. Me sinto plenamente feliz por ter &#8220;antecipado&#8221; tal recep\u00e7\u00e3o. Assim como na semana citada, a pr\u00f3xima (que, finalmente, seria a &#8220;oficial&#8221;) tamb\u00e9m se deu com profundo amor e aten\u00e7\u00e3o aos calouros. N\u00e3o houve nenhum tipo de trote expositivo, abusivo ou violento. As oficinas foram aplicadas com a maior did\u00e1tica poss\u00edvel, de forma com que n\u00e3o s\u00f3 a t\u00e9cnica importasse, mas sim a livre express\u00e3o de cada um tamb\u00e9m. Nossos veteranos sa preocuparam com a integra\u00e7\u00e3o dos pr\u00f3prios calouros com eles mesmos, nos proporcionando uma ca\u00e7a ao tesouro, por exemplo. Apesar dos 600 km que separam Londrina do meu lar, me sinto em casa, me sinto bem, me sinto feliz. O meu abra\u00e7o de m\u00e3e e o meu colo de av\u00f3 est\u00e3o aqui. \u201d<br>JULIA CASTRO NUNES FRAN\u00c7OZO.<br><br>\u201cAp\u00f3s comemorar minha aprova\u00e7\u00e3o no vestibular UEL, minha primeira preocupa\u00e7\u00e3o foi em rela\u00e7\u00e3o aos trotes violentos, aos quais eu poderia ser exposto. Logo na semana seguinte, fui abordado carinhosamente pelos meus veteranos, que me tranquilizaram com a informa\u00e7\u00e3o de que os trotes seriam baseados no amor e igualdade, sem qualquer tipo de viol\u00eancia, tanto f\u00edsica quanto moral. Os veteranos planejaram uma semana maravilhosa, com atividades art\u00edsticas e brincadeiras, promovendo a integra\u00e7\u00e3o entre todos os calouros, fomos muito bem recebidos e passaremos esse legado aos nossos calouros, assim como eles para os pr\u00f3ximos. \u201d<br>ALAN FELIPE DIAS DA SILVA.<\/p>\n\n\n\n<div class=\"wp-block-columns is-layout-flex wp-container-core-columns-is-layout-9d6595d7 wp-block-columns-is-layout-flex\">\n<div class=\"wp-block-column is-layout-flow wp-block-column-is-layout-flow\"><div class=\"wp-block-image\">\n<figure class=\"aligncenter size-full\"><a href=\"https:\/\/drive.google.com\/drive\/folders\/1nHYTeZX3DP2NhX7HK6kSmrT8tmk_mjOd?usp=drive_link\" target=\"_blank\" rel=\"noreferrer noopener\"><img decoding=\"async\" src=\"https:\/\/sites.uel.br\/feira\/wp-content\/uploads\/2023\/05\/google_drive.png\" alt=\"\" class=\"wp-image-2887\" \/><\/a><\/figure>\n<\/div>\n\n\n<p class=\"has-text-align-center\"><strong>(Galeria de Fotos)<\/strong><\/p>\n\n\n\n<p class=\"has-text-align-center\">Cr\u00e9ditos:<br>Estudantes do Curso de Artes Visuais<\/p>\n<\/div>\n<\/div>\n","protected":false},"excerpt":{"rendered":"<p>Cursos Inscritos Premiados 2016 Modalidade 1: Temas Livres Artes Visuais Resumo da A\u00e7\u00e3o: Nossa semana de recep\u00e7\u00e3o foi baseada em uma palavra: amor! Planejamos a semana de recep\u00e7\u00e3o para compartilhar nossas experi\u00eancias e viv\u00eancias e mostrar assim um pouco do que o curso pode proporcionar. Realizamos uma semana de debates e oficinas, e no meio [&hellip;]<\/p>\n","protected":false},"author":8,"featured_media":0,"parent":0,"menu_order":0,"comment_status":"closed","ping_status":"closed","template":"","meta":{"_acf_changed":false,"_themeisle_gutenberg_block_has_review":false,"footnotes":""},"class_list":["post-4008","page","type-page","status-publish","hentry"],"acf":[],"_links":{"self":[{"href":"https:\/\/sites.uel.br\/ser\/wp-json\/wp\/v2\/pages\/4008","targetHints":{"allow":["GET"]}}],"collection":[{"href":"https:\/\/sites.uel.br\/ser\/wp-json\/wp\/v2\/pages"}],"about":[{"href":"https:\/\/sites.uel.br\/ser\/wp-json\/wp\/v2\/types\/page"}],"author":[{"embeddable":true,"href":"https:\/\/sites.uel.br\/ser\/wp-json\/wp\/v2\/users\/8"}],"replies":[{"embeddable":true,"href":"https:\/\/sites.uel.br\/ser\/wp-json\/wp\/v2\/comments?post=4008"}],"version-history":[{"count":7,"href":"https:\/\/sites.uel.br\/ser\/wp-json\/wp\/v2\/pages\/4008\/revisions"}],"predecessor-version":[{"id":4984,"href":"https:\/\/sites.uel.br\/ser\/wp-json\/wp\/v2\/pages\/4008\/revisions\/4984"}],"wp:attachment":[{"href":"https:\/\/sites.uel.br\/ser\/wp-json\/wp\/v2\/media?parent=4008"}],"curies":[{"name":"wp","href":"https:\/\/api.w.org\/{rel}","templated":true}]}}