{"id":4004,"date":"2023-06-29T15:34:21","date_gmt":"2023-06-29T18:34:21","guid":{"rendered":"https:\/\/sites.uel.br\/ser\/?page_id=4004"},"modified":"2023-07-10T13:13:50","modified_gmt":"2023-07-10T16:13:50","slug":"premio-boas-praticas-na-recepcao-aos-estudantes-ingressantes-premiados-2017-artes-cenicas","status":"publish","type":"page","link":"https:\/\/sites.uel.br\/ser\/premio-boas-praticas-na-recepcao-aos-estudantes-ingressantes-premiados-2017-artes-cenicas\/","title":{"rendered":"Pr\u00eamio Boas Pr\u00e1ticas na Recep\u00e7\u00e3o aos Estudantes Ingressantes"},"content":{"rendered":"\n<hr class=\"wp-block-separator has-alpha-channel-opacity is-style-wide\" \/>\n\n\n\n<h2 class=\"wp-block-heading\">Cursos Inscritos Premiados<\/h2>\n\n\n\n<h2 class=\"wp-block-heading\">2017<\/h2>\n\n\n\n<h2 class=\"wp-block-heading\">Artes C\u00eanicas<\/h2>\n\n\n\n<p><strong>Resumo da A\u00e7\u00e3o:<\/strong><\/p>\n\n\n\n<p>PROGRAMA\u00c7\u00c3O SEMANA DE RECEP\u00c7\u00c3O ARTES C\u00caNICAS 2017 + Calour\u00eanica \u2013 Mostra de Cenas e Trabalhos C\u00eanicos de 2015 e 2016 Segunda 17\/04 8h \u2013 9h \u2606 Caf\u00e9 da manh\u00e3. No primeiro momento, como forma de acolhida dos calouros do CECA, foram montadas mesas na Pra\u00e7a do Centro, nas quais veteranos e calouros depositaram alimentos para o grande caf\u00e9 da manh\u00e3 coletivo. Enquanto o lanche acontecia, houve conversas entre alunos dos diversos cursos que integram o CECA. 9h-10h \u2606 Apresenta\u00e7\u00e3o do Colegiado do Curso de Artes C\u00eanicas. Durante 1 hora, os professores puderam apresentar o curso de Artes C\u00eanicas, explicando quais as suas formas de ensino e especifidades de cada disciplina. Nesta conversa, estavam presentes os docentes Ceres Vitorri, Margharida Vine, Aguinaldo Souza, Fernando A. Stratico, Laura Franchi, Alexandre Ficagna e S\u00f4nia Pascolatti. 10h-12:30h \u2606 Trote Fora do Arm\u00e1rio. Seguindo a tradi\u00e7\u00e3o da recep\u00e7\u00e3o dos calouros de c\u00eanicas, uma arara com fantasias e adere\u00e7os foi disposta na Pra\u00e7a do CECA, juntamente de um tapete vermelho, onde cada integrante da turma 19 podia desfilar esbanjando sua personalidade. Ao final do tapete, os entrevistadores (veteranos) fizeram perguntas afim de conhecer um pouco mais de cada um e receberam um carinhoso apelido ligado as suas postagens nas redes sociais. 13h \u2606 Almo\u00e7o (UEL). Encaminhamos os calouros para o Restaurante Universit\u00e1rio, apresentamos a lanchonete do CECA e para os que n\u00e3o tinham condi\u00e7\u00f5es de realizarem suas refei\u00e7\u00f5es, montamos uma mesa com os alimentos que sobraram do caf\u00e9 da manh\u00e3. 14:15h \u2606 Experimento de Interpreta\u00e7\u00e3o III de 2016 \u2013 Laborat\u00f3rio de Express\u00e3o Corporal. Os alunos do 4\u00ba ano Mariana Corte Ferrari e Bruno Garcia apresentaram um pouco do processo de seus trabalhos da disciplina do 3\u00ba ano de Interpreta\u00e7\u00e3o. Com essa apresenta\u00e7\u00e3o, os novos alunos conseguiram perceber um pouco do que desenvolvemos nas aulas. Ter\u00e7a 18\/04 8:00 \u2606 Bate papo \u201cQue universidade \u00e9 essa?\u201d. Para iniciar o segundo dia de recep\u00e7\u00e3o, realizamos uma roda de conversa, onde veteranos puderam expor a situa\u00e7\u00e3o do curso, da universidade, o acesso a mesma, formas de perman\u00eancia, bolsas de auxilio aos estudantes e os projetos que integram o curso, afim de tirar d\u00favidas dos ingressantes. 10H \u2606 Aul\u00e3o C\u00eanico. Com o intuito de aquecer os corpos e dar uma pr\u00e9via das aulas das disciplinas de Express\u00e3o Corporal, Interpreta\u00e7\u00e3o Teatral e Jogos Teatrais, convidamos os alunos do 4\u00ba ano Mariana Corte Ferrari e Bruno Garcia para ministrar uma aula aberta com os calouros e veteranos. 11:30h \u2606 (Pra\u00e7a do CECA) TCC &#8211; Cena \u201cArremesso\u201d &#8211; Experimento do Trabalho de Conclus\u00e3o de Curso de Marco Ant\u00f4nio Paix\u00e3o. Sinopse: \u201cO Excesso de acontecimentos em grandes metr\u00f3poles levam os indiv\u00edduos deste habitat fren\u00e9tico, \u00e0 procura de atividades que amenizam o estado de atordoamento em que se encontram. Em virtude disso, a pesca aparece como uma das principais alternativas para amenizar o aborrecimento e o cansa\u00e7o deste homem, cuja vida \u00e9 predominantemente urbana. No entanto, a pacata pescaria deste palha\u00e7o, acaba se transformando em uma grande aventura, que mais parece conto de pescador.\u201d 12:20h \u2606 Performance \u201cMenin\u00e1\u201d &#8211; Cena de conclus\u00e3o da disciplina de Performance de Loh Goulart\u201d. Tem espa\u00e7o na mem\u00f3ria que a gente esquece, mas tem buraco no corpo que nos lembra. Antes mesmo da menarca, a menina brincava de ser m\u00e3e, amante e anci\u00e3. Entoava l\u00e1 dentro de um buraco t\u00e3o pequenino, mas j\u00e1 sangrado&#8230; \u2019\u2019 Quarta 19\/04 8h \u2606 Organiza\u00e7\u00e3o\/Limpeza Espa\u00e7os de aula e conviv\u00eancia. Como forma de conscientiza\u00e7\u00e3o pelo uso dos espa\u00e7os e salas de Artes C\u00eanicas, propusemos ao grupo a arruma\u00e7\u00e3o do local, priorizando o respeito pelo local. (L1) 10h20 \u2606 Naquela Cama eu te contarei. Grupo Risco na quinta. Voc\u00ea acredita na pessoa que dorme ao seu lado? Ela sabe que nesta cama h\u00e1 muito, nela tem cheiro de mentiras, noites de um sexo peculiar n\u00e3o e nada estranhos pelo que se pode revelar. Elenco: Jo\u00e3o Rodarte e Julia Sanches Dire\u00e7\u00e3o: Bruno Garcia \u2606 (L1) 10h40 &#8211; Solo Pozoblanco \u201cO solo nasce de uma identifica\u00e7\u00e3o com o animal \u201ctouro\u201d, portanto, rela\u00e7\u00e3o humano e animal, em suas diversas experi\u00eancias, como jogos e esportes de car\u00e1ter espetacular. O que antigamente era reputado como grandes shows hoje as touradas s\u00e3o consideradas arenas de tortura e crime, levantando a discuss\u00e3o sobre a vida e a sua desvaloriza\u00e7\u00e3o.\u201d Elenco e Dire\u00e7\u00e3o: Mariana Corte Ferrari \u2606 DE MALA E CUIA, CORPO E ALMA Grupo \u00d4DCASA \u201cO circo foi embora\u201d \u201cA nossa casa \u00e9 a rua\u201d \u201cFilhos da m\u00e3e\u201d. Tr\u00eas conhecidos. Um espa\u00e7o de ref\u00fagio. A fraqueza no caminho entre a mem\u00f3ria e a esperan\u00e7a. \u00d3rf\u00e3os do pa\u00eds, filhos de grandes mulheres. Ap\u00f3s o p\u00fablico esvaziar e o circo fechar, s\u00e3o os conflitos dom\u00e9sticos e sociais que gritam os corpos. Elenco: Maria Isabela, Nicolas Borba, Wilgner Alves Dire\u00e7\u00e3o: Nico Scomparim \u2606 (L2) 11:30h &#8211; 13h \u2013 Solos Cena: Fragmentos Dura\u00e7\u00e3o: 1h30. Conhecendo o Movimento dos Artistas de Rua de Londrina &#8211; MARL \u2606 19h30 \u2013 Escatom\u00e2ncia e Outras Hist\u00f3rias Secretas. Grupo: N\u00e3o Identificado. \u201cPor que Deus, o criador de tudo o que existe no Universo, ao dar exist\u00eancia ao ser humano, ao tir\u00e1-lo do NADA, destinou-o a defecar? Teria Deus, ao atribuir-nos essa irrevog\u00e1vel fun\u00e7\u00e3o de transformar em merda tudo o que comemos, revelado sua incapacidade de criar um ser perfeito?\u201d Elenco: Mel Campos e Gabriel Rubim Dire\u00e7\u00e3o: Jeanderson Ferreira \u2606 20:15h \u2013 Dismorfofobia \u201cQuando me olho no espelho tenho vontade de morrer. Esque\u00e7o-me de que o tempo, como algu\u00e9m disse, \u00e9 o pior dos venenos. A alma envelhece tamb\u00e9m,n\u00e3o envelhece?\u201d Elenco: Aline Sales e Jo\u00e3o Schiavo Dire\u00e7\u00e3o: Nath\u00e1lli Abatti \u2606 Bate papo: Os rumos da Arte e das Pol\u00edticas P\u00fablicas de Cultura no cen\u00e1rio Londrinense. Convidados: Artistas de Rua de Londrina e Movimento Ocupa Ceca Quinta \u2606 20\/04 8:00 &#8211; Tour UEL e Confirma\u00e7\u00e3o de Matr\u00edcula com o intuito de apresentar os espa\u00e7os f\u00edsicos da universidade, levamos os ingressantes para um Tour, que se finalizou na PROGRAD, onde os mesmos puderam realizar a confirma\u00e7\u00e3o de matr\u00edcula. 12h \u2606 Almo\u00e7o de Gala. Seguindo a tradi\u00e7\u00e3o da Recep\u00e7\u00e3o de Artes C\u00eanicas, abrimos o camarim e os calouros puderam escolher suas fantasias e m\u00e1scaras, para o primeiro almo\u00e7o coletivo no Restaurante Universit\u00e1rio. 14h \u2606 Cadastro para o Passe Livre Logo ap\u00f3s o almo\u00e7o, fomos at\u00e9 o SEBEC com a documenta\u00e7\u00e3o para o cadastro da Grande Londrina para a retirada do Passe Livre Estudantil. \u2606 19:20h &#8211; Lunavi. &#8220;Em um tempo em que a Terra e a Lua moravam t\u00e3o pr\u00f3ximas uma da outra era imposs\u00edvel n\u00e3o desej\u00e1-la a todo instante. Joana e Ch\u00e9rie, que tinham como miss\u00e3o acender a noite e contar hist\u00f3rias, v\u00eaem contar a quem se interessar a hist\u00f3ria de uma noite em que a Lua desceu \u00e0 Terra em forma de estilha\u00e7os de explos\u00e3o, e trouxe junto um ser vermelhusco, muito misterioso e suspeito que atendia por &#8220;Lunavi&#8221;.&#8221; Elenco e Dire\u00e7\u00e3o: Bruna Campagnolo \u2606 20:30h \u2013 The House Of Barbies. \u201cDesmembra, acopla, tira , amarra, prende, rasga, sufoca&#8230; Chega uma hora em que todos temos que expor nossas fraquezas. Quando nossos segredos n\u00e3o podem ser mais guardados. Quando nossa solid\u00e3o n\u00e3o pode ser mais negada. Quando nossa dor n\u00e3o pode ser mais ignorada. Mas as vezes nos sentimos t\u00e3o s\u00f3s, que uma fraqueza que ach\u00e1vamos ter superado, de repente se torna forte de mais para evitar. As criaturas da House of Barbies, gritam, em busca de esperan\u00e7as&#8230;\u201d Elenco: Leticia Pocaia, Jo\u00e3o Rodarte, Gustavo Garcia, Bianca Ribeiro, Larissa Vicente, Julia Malu, Dire\u00e7\u00e3o: Gabriel Kondo.<\/p>\n\n\n\n<figure class=\"wp-block-embed is-type-video is-provider-youtube wp-block-embed-youtube wp-embed-aspect-16-9 wp-has-aspect-ratio\"><div class=\"wp-block-embed__wrapper\">\n<iframe loading=\"lazy\" title=\"Recep\u00e7\u00e3o aos Ingressantes do Curso de Artes C\u00eanicas\" width=\"500\" height=\"375\" src=\"https:\/\/www.youtube.com\/embed\/DoYiqS6N1eQ?feature=oembed\" frameborder=\"0\" allow=\"accelerometer; autoplay; clipboard-write; encrypted-media; gyroscope; picture-in-picture; web-share\" referrerpolicy=\"strict-origin-when-cross-origin\" allowfullscreen><\/iframe>\n<\/div><\/figure>\n\n\n\n<div class=\"wp-block-columns is-layout-flex wp-container-core-columns-is-layout-9d6595d7 wp-block-columns-is-layout-flex\">\n<div class=\"wp-block-column is-layout-flow wp-block-column-is-layout-flow\"><div class=\"wp-block-image\">\n<figure class=\"aligncenter size-full\"><a href=\"https:\/\/drive.google.com\/drive\/folders\/1rzAAn_uldpEISNw9lJj2GNK0ESSaB0TE?usp=drive_link\" target=\"_blank\" rel=\"noreferrer noopener\"><img decoding=\"async\" src=\"https:\/\/sites.uel.br\/feira\/wp-content\/uploads\/2023\/05\/google_drive.png\" alt=\"\" class=\"wp-image-2887\" \/><\/a><\/figure>\n<\/div>\n\n\n<p class=\"has-text-align-center\"><strong>(Galeria de Fotos)<\/strong><\/p>\n\n\n\n<p class=\"has-text-align-center\">Cr\u00e9ditos:<br>Estudantes do Curso de Artes C\u00eanicas<\/p>\n<\/div>\n<\/div>\n","protected":false},"excerpt":{"rendered":"<p>Cursos Inscritos Premiados 2017 Artes C\u00eanicas Resumo da A\u00e7\u00e3o: PROGRAMA\u00c7\u00c3O SEMANA DE RECEP\u00c7\u00c3O ARTES C\u00caNICAS 2017 + Calour\u00eanica \u2013 Mostra de Cenas e Trabalhos C\u00eanicos de 2015 e 2016 Segunda 17\/04 8h \u2013 9h \u2606 Caf\u00e9 da manh\u00e3. No primeiro momento, como forma de acolhida dos calouros do CECA, foram montadas mesas na Pra\u00e7a do [&hellip;]<\/p>\n","protected":false},"author":8,"featured_media":0,"parent":0,"menu_order":0,"comment_status":"closed","ping_status":"closed","template":"","meta":{"_acf_changed":false,"_themeisle_gutenberg_block_has_review":false,"footnotes":""},"class_list":["post-4004","page","type-page","status-publish","hentry"],"acf":[],"_links":{"self":[{"href":"https:\/\/sites.uel.br\/ser\/wp-json\/wp\/v2\/pages\/4004","targetHints":{"allow":["GET"]}}],"collection":[{"href":"https:\/\/sites.uel.br\/ser\/wp-json\/wp\/v2\/pages"}],"about":[{"href":"https:\/\/sites.uel.br\/ser\/wp-json\/wp\/v2\/types\/page"}],"author":[{"embeddable":true,"href":"https:\/\/sites.uel.br\/ser\/wp-json\/wp\/v2\/users\/8"}],"replies":[{"embeddable":true,"href":"https:\/\/sites.uel.br\/ser\/wp-json\/wp\/v2\/comments?post=4004"}],"version-history":[{"count":8,"href":"https:\/\/sites.uel.br\/ser\/wp-json\/wp\/v2\/pages\/4004\/revisions"}],"predecessor-version":[{"id":4981,"href":"https:\/\/sites.uel.br\/ser\/wp-json\/wp\/v2\/pages\/4004\/revisions\/4981"}],"wp:attachment":[{"href":"https:\/\/sites.uel.br\/ser\/wp-json\/wp\/v2\/media?parent=4004"}],"curies":[{"name":"wp","href":"https:\/\/api.w.org\/{rel}","templated":true}]}}