{"id":4000,"date":"2023-06-29T15:31:53","date_gmt":"2023-06-29T18:31:53","guid":{"rendered":"https:\/\/sites.uel.br\/ser\/?page_id=4000"},"modified":"2023-07-07T14:35:49","modified_gmt":"2023-07-07T17:35:49","slug":"premio-boas-praticas-na-recepcao-aos-estudantes-ingressantes-premiados-2017-arquivologia-e-biblioteconomia","status":"publish","type":"page","link":"https:\/\/sites.uel.br\/ser\/premio-boas-praticas-na-recepcao-aos-estudantes-ingressantes-premiados-2017-arquivologia-e-biblioteconomia\/","title":{"rendered":"Pr\u00eamio Boas Pr\u00e1ticas na Recep\u00e7\u00e3o aos Estudantes Ingressantes"},"content":{"rendered":"\n<hr class=\"wp-block-separator has-alpha-channel-opacity is-style-wide\" \/>\n\n\n\n<h2 class=\"wp-block-heading\">Cursos Inscritos Premiados<\/h2>\n\n\n\n<h2 class=\"wp-block-heading\">2017<\/h2>\n\n\n\n<h2 class=\"wp-block-heading\">Arquivologia e Biblioteconomia<\/h2>\n\n\n\n<p><strong>Resumo da A\u00e7\u00e3o:<\/strong><\/p>\n\n\n\n<p>&#8211; Integra\u00e7\u00e3o entre calouros e veteranos (v\u00e1rios momentos durante a semana foram separados para que os calouros e veteranos se conhecessem, inclusive com ajuda da ASCOF em um momento) &#8211; Doa\u00e7\u00e3o de sangue no HU (os calouros foram at\u00e9 o HU para doar sangue durante a semana de recep\u00e7\u00e3o) &#8211; Doa\u00e7\u00e3o de livros para biblioteca comunit\u00e1ria (durante a semana os calouros doaram livros para a biblioteca comunit\u00e1ria do Vista Bela.) As doa\u00e7\u00f5es tiverem o intuito de mostrar que, mesmo fazendo pouco, podemos ajudar a sociedade.<\/p>\n\n\n\n<div class=\"wp-block-columns is-layout-flex wp-container-core-columns-is-layout-9d6595d7 wp-block-columns-is-layout-flex\">\n<div class=\"wp-block-column is-layout-flow wp-block-column-is-layout-flow\"><div class=\"wp-block-image\">\n<figure class=\"aligncenter size-full\"><a href=\"https:\/\/drive.google.com\/drive\/folders\/18yMdLECzSeFsvFVtnvT6bwvHOF5smQeM?usp=drive_link\" target=\"_blank\" rel=\"noreferrer noopener\"><img decoding=\"async\" src=\"https:\/\/sites.uel.br\/feira\/wp-content\/uploads\/2023\/05\/google_drive.png\" alt=\"\" class=\"wp-image-2887\" \/><\/a><\/figure>\n<\/div>\n\n\n<p class=\"has-text-align-center\"><strong>(Galeria de Fotos)<\/strong><\/p>\n\n\n\n<p class=\"has-text-align-center\">Cr\u00e9ditos:<br>Estudantes do Curso de Arquivologia e Biblioteconomia<\/p>\n<\/div>\n<\/div>\n","protected":false},"excerpt":{"rendered":"<p>Cursos Inscritos Premiados 2017 Arquivologia e Biblioteconomia Resumo da A\u00e7\u00e3o: &#8211; Integra\u00e7\u00e3o entre calouros e veteranos (v\u00e1rios momentos durante a semana foram separados para que os calouros e veteranos se conhecessem, inclusive com ajuda da ASCOF em um momento) &#8211; Doa\u00e7\u00e3o de sangue no HU (os calouros foram at\u00e9 o HU para doar sangue durante [&hellip;]<\/p>\n","protected":false},"author":8,"featured_media":0,"parent":0,"menu_order":0,"comment_status":"closed","ping_status":"closed","template":"","meta":{"_acf_changed":false,"_themeisle_gutenberg_block_has_review":false,"footnotes":""},"class_list":["post-4000","page","type-page","status-publish","hentry"],"acf":[],"_links":{"self":[{"href":"https:\/\/sites.uel.br\/ser\/wp-json\/wp\/v2\/pages\/4000","targetHints":{"allow":["GET"]}}],"collection":[{"href":"https:\/\/sites.uel.br\/ser\/wp-json\/wp\/v2\/pages"}],"about":[{"href":"https:\/\/sites.uel.br\/ser\/wp-json\/wp\/v2\/types\/page"}],"author":[{"embeddable":true,"href":"https:\/\/sites.uel.br\/ser\/wp-json\/wp\/v2\/users\/8"}],"replies":[{"embeddable":true,"href":"https:\/\/sites.uel.br\/ser\/wp-json\/wp\/v2\/comments?post=4000"}],"version-history":[{"count":7,"href":"https:\/\/sites.uel.br\/ser\/wp-json\/wp\/v2\/pages\/4000\/revisions"}],"predecessor-version":[{"id":4907,"href":"https:\/\/sites.uel.br\/ser\/wp-json\/wp\/v2\/pages\/4000\/revisions\/4907"}],"wp:attachment":[{"href":"https:\/\/sites.uel.br\/ser\/wp-json\/wp\/v2\/media?parent=4000"}],"curies":[{"name":"wp","href":"https:\/\/api.w.org\/{rel}","templated":true}]}}