{"id":3993,"date":"2023-06-29T15:29:47","date_gmt":"2023-06-29T18:29:47","guid":{"rendered":"https:\/\/sites.uel.br\/ser\/?page_id=3993"},"modified":"2023-07-07T14:35:40","modified_gmt":"2023-07-07T17:35:40","slug":"premio-boas-praticas-na-recepcao-aos-estudantes-ingressantes-premiados-2017-arquitetura-e-urbanismo","status":"publish","type":"page","link":"https:\/\/sites.uel.br\/ser\/premio-boas-praticas-na-recepcao-aos-estudantes-ingressantes-premiados-2017-arquitetura-e-urbanismo\/","title":{"rendered":"Pr\u00eamio Boas Pr\u00e1ticas na Recep\u00e7\u00e3o aos Estudantes Ingressantes"},"content":{"rendered":"\n<hr class=\"wp-block-separator has-alpha-channel-opacity is-style-wide\" \/>\n\n\n\n<h2 class=\"wp-block-heading\">Cursos Inscritos Premiados<\/h2>\n\n\n\n<h2 class=\"wp-block-heading\">2017<\/h2>\n\n\n\n<h2 class=\"wp-block-heading\">Arquitetura e Urbanismo<\/h2>\n\n\n\n<p><strong>Resumo da A\u00e7\u00e3o:<\/strong><\/p>\n\n\n\n<p>Em uni\u00e3o com os cursos de Engenharia Civil, Engenharia El\u00e9trica e Agronomia, n\u00f3s de Arquitetura e Urbanismo arrecadamos materiais com o apoio do Senge e por doa\u00e7\u00f5es e convidamos professores para dar suporte como a Prof\u00aa Caroline Wadhelm. Reformamos o abrigo para menores NUSELON, arrumando os brinquedos dos parquinhos, reformando a quadra, concertando ventiladores e implantando uma horta, tornando o lar das crian\u00e7as um ambiente mais agrad\u00e1vel.<\/p>\n\n\n\n<figure class=\"wp-block-embed is-type-video is-provider-youtube wp-block-embed-youtube wp-embed-aspect-16-9 wp-has-aspect-ratio\"><div class=\"wp-block-embed__wrapper\">\n<iframe loading=\"lazy\" title=\"Recep\u00e7\u00e3o aos Ingressantes do Curso de Arquitetura e Urbanismo\" width=\"500\" height=\"281\" src=\"https:\/\/www.youtube.com\/embed\/cyQ3xtXTaV8?feature=oembed\" frameborder=\"0\" allow=\"accelerometer; autoplay; clipboard-write; encrypted-media; gyroscope; picture-in-picture; web-share\" referrerpolicy=\"strict-origin-when-cross-origin\" allowfullscreen><\/iframe>\n<\/div><\/figure>\n\n\n\n<div class=\"wp-block-columns is-layout-flex wp-container-core-columns-is-layout-9d6595d7 wp-block-columns-is-layout-flex\">\n<div class=\"wp-block-column is-layout-flow wp-block-column-is-layout-flow\"><div class=\"wp-block-image\">\n<figure class=\"aligncenter size-full\"><a href=\"https:\/\/drive.google.com\/drive\/folders\/14jxnPzYPgZdmm4lTBbxLuUr2R7FUg04w?usp=drive_link\" target=\"_blank\" rel=\"noreferrer noopener\"><img decoding=\"async\" src=\"https:\/\/sites.uel.br\/feira\/wp-content\/uploads\/2023\/05\/google_drive.png\" alt=\"\" class=\"wp-image-2887\" \/><\/a><\/figure>\n<\/div>\n\n\n<p class=\"has-text-align-center\"><strong>(Galeria de Fotos)<\/strong><\/p>\n\n\n\n<p class=\"has-text-align-center\">Cr\u00e9ditos:<br>Estudantes do Curso de Arquitetura e Urbanismo<\/p>\n<\/div>\n<\/div>\n","protected":false},"excerpt":{"rendered":"<p>Cursos Inscritos Premiados 2017 Arquitetura e Urbanismo Resumo da A\u00e7\u00e3o: Em uni\u00e3o com os cursos de Engenharia Civil, Engenharia El\u00e9trica e Agronomia, n\u00f3s de Arquitetura e Urbanismo arrecadamos materiais com o apoio do Senge e por doa\u00e7\u00f5es e convidamos professores para dar suporte como a Prof\u00aa Caroline Wadhelm. Reformamos o abrigo para menores NUSELON, arrumando [&hellip;]<\/p>\n","protected":false},"author":8,"featured_media":0,"parent":0,"menu_order":0,"comment_status":"closed","ping_status":"closed","template":"","meta":{"_acf_changed":false,"_themeisle_gutenberg_block_has_review":false,"footnotes":""},"class_list":["post-3993","page","type-page","status-publish","hentry"],"acf":[],"_links":{"self":[{"href":"https:\/\/sites.uel.br\/ser\/wp-json\/wp\/v2\/pages\/3993","targetHints":{"allow":["GET"]}}],"collection":[{"href":"https:\/\/sites.uel.br\/ser\/wp-json\/wp\/v2\/pages"}],"about":[{"href":"https:\/\/sites.uel.br\/ser\/wp-json\/wp\/v2\/types\/page"}],"author":[{"embeddable":true,"href":"https:\/\/sites.uel.br\/ser\/wp-json\/wp\/v2\/users\/8"}],"replies":[{"embeddable":true,"href":"https:\/\/sites.uel.br\/ser\/wp-json\/wp\/v2\/comments?post=3993"}],"version-history":[{"count":7,"href":"https:\/\/sites.uel.br\/ser\/wp-json\/wp\/v2\/pages\/3993\/revisions"}],"predecessor-version":[{"id":4906,"href":"https:\/\/sites.uel.br\/ser\/wp-json\/wp\/v2\/pages\/3993\/revisions\/4906"}],"wp:attachment":[{"href":"https:\/\/sites.uel.br\/ser\/wp-json\/wp\/v2\/media?parent=3993"}],"curies":[{"name":"wp","href":"https:\/\/api.w.org\/{rel}","templated":true}]}}