{"id":3984,"date":"2023-06-29T15:25:55","date_gmt":"2023-06-29T18:25:55","guid":{"rendered":"https:\/\/sites.uel.br\/ser\/?page_id=3984"},"modified":"2023-07-07T14:27:38","modified_gmt":"2023-07-07T17:27:38","slug":"premio-boas-praticas-na-recepcao-aos-estudantes-ingressantes-premiados-2020-agronomia","status":"publish","type":"page","link":"https:\/\/sites.uel.br\/ser\/premio-boas-praticas-na-recepcao-aos-estudantes-ingressantes-premiados-2020-agronomia\/","title":{"rendered":"Pr\u00eamio Boas Pr\u00e1ticas na Recep\u00e7\u00e3o aos Estudantes Ingressantes"},"content":{"rendered":"\n<hr class=\"wp-block-separator has-alpha-channel-opacity is-style-wide\" \/>\n\n\n\n<h2 class=\"wp-block-heading\">Cursos Inscritos Premiados<\/h2>\n\n\n\n<h2 class=\"wp-block-heading\">2020<\/h2>\n\n\n\n<h2 class=\"wp-block-heading\">Agronomia<\/h2>\n\n\n\n<p><strong>Resumo da A\u00e7\u00e3o:<\/strong><\/p>\n\n\n\n<p>Acompanhamos os ingressantes ao longo da primeira semana, presentes nas palestras e dando o suporte ao colegiado de Agronomia. Mostramos cada centro da Universidade e finalizamos a semana com uma confraterniza\u00e7\u00e3o na Associa\u00e7\u00e3o dos Agr\u00f4nomos. Arrecadamos pouco comparados aos demais anos (40 litros de \u00f3leo, 31 kg de arroz, 12 kg de tomate, 500g de macarr\u00e3o, 14 litros de leite e 36 sabonetes) por conta da pandemia, por\u00e9m o material arrecadado foi entregue no dia 19 de mar\u00e7o para o Servi\u00e7o Social do HU.<\/p>\n\n\n\n<p>Obs: texto confeccionado pelos estudantes de Gradua\u00e7\u00e3o do curso.<\/p>\n","protected":false},"excerpt":{"rendered":"<p>Cursos Inscritos Premiados 2020 Agronomia Resumo da A\u00e7\u00e3o: Acompanhamos os ingressantes ao longo da primeira semana, presentes nas palestras e dando o suporte ao colegiado de Agronomia. Mostramos cada centro da Universidade e finalizamos a semana com uma confraterniza\u00e7\u00e3o na Associa\u00e7\u00e3o dos Agr\u00f4nomos. Arrecadamos pouco comparados aos demais anos (40 litros de \u00f3leo, 31 kg [&hellip;]<\/p>\n","protected":false},"author":8,"featured_media":0,"parent":0,"menu_order":0,"comment_status":"closed","ping_status":"closed","template":"","meta":{"_acf_changed":false,"_themeisle_gutenberg_block_has_review":false,"footnotes":""},"class_list":["post-3984","page","type-page","status-publish","hentry"],"acf":[],"_links":{"self":[{"href":"https:\/\/sites.uel.br\/ser\/wp-json\/wp\/v2\/pages\/3984","targetHints":{"allow":["GET"]}}],"collection":[{"href":"https:\/\/sites.uel.br\/ser\/wp-json\/wp\/v2\/pages"}],"about":[{"href":"https:\/\/sites.uel.br\/ser\/wp-json\/wp\/v2\/types\/page"}],"author":[{"embeddable":true,"href":"https:\/\/sites.uel.br\/ser\/wp-json\/wp\/v2\/users\/8"}],"replies":[{"embeddable":true,"href":"https:\/\/sites.uel.br\/ser\/wp-json\/wp\/v2\/comments?post=3984"}],"version-history":[{"count":5,"href":"https:\/\/sites.uel.br\/ser\/wp-json\/wp\/v2\/pages\/3984\/revisions"}],"predecessor-version":[{"id":4839,"href":"https:\/\/sites.uel.br\/ser\/wp-json\/wp\/v2\/pages\/3984\/revisions\/4839"}],"wp:attachment":[{"href":"https:\/\/sites.uel.br\/ser\/wp-json\/wp\/v2\/media?parent=3984"}],"curies":[{"name":"wp","href":"https:\/\/api.w.org\/{rel}","templated":true}]}}