{"id":3983,"date":"2023-06-29T15:25:56","date_gmt":"2023-06-29T18:25:56","guid":{"rendered":"https:\/\/sites.uel.br\/ser\/?page_id=3983"},"modified":"2023-07-07T14:35:30","modified_gmt":"2023-07-07T17:35:30","slug":"premio-boas-praticas-na-recepcao-aos-estudantes-ingressantes-premiados-2017-agronomia","status":"publish","type":"page","link":"https:\/\/sites.uel.br\/ser\/premio-boas-praticas-na-recepcao-aos-estudantes-ingressantes-premiados-2017-agronomia\/","title":{"rendered":"Pr\u00eamio Boas Pr\u00e1ticas na Recep\u00e7\u00e3o aos Estudantes Ingressantes"},"content":{"rendered":"\n<hr class=\"wp-block-separator has-alpha-channel-opacity is-style-wide\" \/>\n\n\n\n<h2 class=\"wp-block-heading\">Cursos Inscritos Premiados<\/h2>\n\n\n\n<h2 class=\"wp-block-heading\">2017<\/h2>\n\n\n\n<h2 class=\"wp-block-heading\">Agronomia<\/h2>\n\n\n\n<p><strong>Resumo da A\u00e7\u00e3o:<\/strong><\/p>\n\n\n\n<p>A atividade foi realizada dia 19 de abril, no abrigo Nuselon, e organizado pela empresa Junior Consoagro, da agronomia, em parceria com o sindicato dos Engenheiros (SENGE). No dia, participaram das atividades cerca de 60 ingressantes. Fizemos o plantio de mudas de \u00e1rvores frut\u00edferas, com o objetivo de ter frutas no local e, ao mesmo tempo, sombra, tendo em vista que o espa\u00e7o dispon\u00edvel \u00e9 bem grande, proporcionando assim, um maior bem estar \u00e0 todas as pessoas que vivem no abrigo Nuselon. Al\u00e9m disso, ainda foi realizado uma campanha com os ingressantes de doa\u00e7\u00e3o de alimentos, os quais ainda ser\u00e3o doados ao Hospital das Cl\u00ednicas (HC).<\/p>\n\n\n\n<div class=\"wp-block-columns is-layout-flex wp-container-core-columns-is-layout-9d6595d7 wp-block-columns-is-layout-flex\">\n<div class=\"wp-block-column is-layout-flow wp-block-column-is-layout-flow\"><div class=\"wp-block-image\">\n<figure class=\"aligncenter size-full\"><a href=\"https:\/\/drive.google.com\/drive\/folders\/1dkFTqJi9R001XRp91YZ4Jf6k-9MKg_A_?usp=drive_link\" target=\"_blank\" rel=\"noreferrer noopener\"><img decoding=\"async\" src=\"https:\/\/sites.uel.br\/feira\/wp-content\/uploads\/2023\/05\/google_drive.png\" alt=\"\" class=\"wp-image-2887\" \/><\/a><\/figure>\n<\/div>\n\n\n<p class=\"has-text-align-center\"><strong>(Galeria de Fotos)<\/strong><\/p>\n\n\n\n<p class=\"has-text-align-center\">Cr\u00e9ditos:<br>Estudantes do Curso de Agronomia<\/p>\n<\/div>\n<\/div>\n","protected":false},"excerpt":{"rendered":"<p>Cursos Inscritos Premiados 2017 Agronomia Resumo da A\u00e7\u00e3o: A atividade foi realizada dia 19 de abril, no abrigo Nuselon, e organizado pela empresa Junior Consoagro, da agronomia, em parceria com o sindicato dos Engenheiros (SENGE). No dia, participaram das atividades cerca de 60 ingressantes. Fizemos o plantio de mudas de \u00e1rvores frut\u00edferas, com o objetivo [&hellip;]<\/p>\n","protected":false},"author":8,"featured_media":0,"parent":0,"menu_order":0,"comment_status":"closed","ping_status":"closed","template":"","meta":{"_acf_changed":false,"_themeisle_gutenberg_block_has_review":false,"footnotes":""},"class_list":["post-3983","page","type-page","status-publish","hentry"],"acf":[],"_links":{"self":[{"href":"https:\/\/sites.uel.br\/ser\/wp-json\/wp\/v2\/pages\/3983","targetHints":{"allow":["GET"]}}],"collection":[{"href":"https:\/\/sites.uel.br\/ser\/wp-json\/wp\/v2\/pages"}],"about":[{"href":"https:\/\/sites.uel.br\/ser\/wp-json\/wp\/v2\/types\/page"}],"author":[{"embeddable":true,"href":"https:\/\/sites.uel.br\/ser\/wp-json\/wp\/v2\/users\/8"}],"replies":[{"embeddable":true,"href":"https:\/\/sites.uel.br\/ser\/wp-json\/wp\/v2\/comments?post=3983"}],"version-history":[{"count":6,"href":"https:\/\/sites.uel.br\/ser\/wp-json\/wp\/v2\/pages\/3983\/revisions"}],"predecessor-version":[{"id":4905,"href":"https:\/\/sites.uel.br\/ser\/wp-json\/wp\/v2\/pages\/3983\/revisions\/4905"}],"wp:attachment":[{"href":"https:\/\/sites.uel.br\/ser\/wp-json\/wp\/v2\/media?parent=3983"}],"curies":[{"name":"wp","href":"https:\/\/api.w.org\/{rel}","templated":true}]}}