{"id":3982,"date":"2023-06-29T15:25:58","date_gmt":"2023-06-29T18:25:58","guid":{"rendered":"https:\/\/sites.uel.br\/ser\/?page_id=3982"},"modified":"2023-07-10T13:24:40","modified_gmt":"2023-07-10T16:24:40","slug":"premio-boas-praticas-na-recepcao-aos-estudantes-ingressantes-premiados-2016-agronomia-aedes","status":"publish","type":"page","link":"https:\/\/sites.uel.br\/ser\/premio-boas-praticas-na-recepcao-aos-estudantes-ingressantes-premiados-2016-agronomia-aedes\/","title":{"rendered":"Pr\u00eamio Boas Pr\u00e1ticas na Recep\u00e7\u00e3o aos Estudantes Ingressantes"},"content":{"rendered":"\n<hr class=\"wp-block-separator has-alpha-channel-opacity is-style-wide\" \/>\n\n\n\n<h2 class=\"wp-block-heading\">Cursos Inscritos Premiados<\/h2>\n\n\n\n<h2 class=\"wp-block-heading\">2016<\/h2>\n\n\n\n<h2 class=\"wp-block-heading\">Modalidade 2: Tema Relacionado a &#8220;A\u00e7\u00f5es Contra o Aedes&#8221;<\/h2>\n\n\n\n<h2 class=\"wp-block-heading\">Agronomia<\/h2>\n\n\n\n<p><strong>Resumo da A\u00e7\u00e3o:<\/strong><\/p>\n\n\n\n<p>A secret\u00e1ria do curso de agronomia T\u00e2nia Luiza da Silva Toffolli fez uma apresenta\u00e7\u00e3o sobre a dengue, abordando os principais temas desse assunto e expondo como evitar a propaga\u00e7\u00e3o dentro da UEL. Relatou que diversos casos de dengue acontecem aqui no campus e por isso temos que nos atentar para que isso n\u00e3o ocorra e passemos a ser exemplo para a sociedade. A semana de calouros foi realizada pela Consoagro, Departamento de agronomia com a parceria do Centro Acad\u00eamico, Neagro, Senge-Jovem e Crea-Jr.<\/p>\n","protected":false},"excerpt":{"rendered":"<p>Cursos Inscritos Premiados 2016 Modalidade 2: Tema Relacionado a &#8220;A\u00e7\u00f5es Contra o Aedes&#8221; Agronomia Resumo da A\u00e7\u00e3o: A secret\u00e1ria do curso de agronomia T\u00e2nia Luiza da Silva Toffolli fez uma apresenta\u00e7\u00e3o sobre a dengue, abordando os principais temas desse assunto e expondo como evitar a propaga\u00e7\u00e3o dentro da UEL. Relatou que diversos casos de dengue [&hellip;]<\/p>\n","protected":false},"author":8,"featured_media":0,"parent":0,"menu_order":0,"comment_status":"closed","ping_status":"closed","template":"","meta":{"_acf_changed":false,"_themeisle_gutenberg_block_has_review":false,"footnotes":""},"class_list":["post-3982","page","type-page","status-publish","hentry"],"acf":[],"_links":{"self":[{"href":"https:\/\/sites.uel.br\/ser\/wp-json\/wp\/v2\/pages\/3982","targetHints":{"allow":["GET"]}}],"collection":[{"href":"https:\/\/sites.uel.br\/ser\/wp-json\/wp\/v2\/pages"}],"about":[{"href":"https:\/\/sites.uel.br\/ser\/wp-json\/wp\/v2\/types\/page"}],"author":[{"embeddable":true,"href":"https:\/\/sites.uel.br\/ser\/wp-json\/wp\/v2\/users\/8"}],"replies":[{"embeddable":true,"href":"https:\/\/sites.uel.br\/ser\/wp-json\/wp\/v2\/comments?post=3982"}],"version-history":[{"count":6,"href":"https:\/\/sites.uel.br\/ser\/wp-json\/wp\/v2\/pages\/3982\/revisions"}],"predecessor-version":[{"id":4995,"href":"https:\/\/sites.uel.br\/ser\/wp-json\/wp\/v2\/pages\/3982\/revisions\/4995"}],"wp:attachment":[{"href":"https:\/\/sites.uel.br\/ser\/wp-json\/wp\/v2\/media?parent=3982"}],"curies":[{"name":"wp","href":"https:\/\/api.w.org\/{rel}","templated":true}]}}