{"id":3980,"date":"2023-06-29T15:26:02","date_gmt":"2023-06-29T18:26:02","guid":{"rendered":"https:\/\/sites.uel.br\/ser\/?page_id=3980"},"modified":"2023-07-07T14:40:21","modified_gmt":"2023-07-07T17:40:21","slug":"premio-boas-praticas-na-recepcao-aos-estudantes-ingressantes-premiados-2015-agronomia","status":"publish","type":"page","link":"https:\/\/sites.uel.br\/ser\/premio-boas-praticas-na-recepcao-aos-estudantes-ingressantes-premiados-2015-agronomia\/","title":{"rendered":"Pr\u00eamio Boas Pr\u00e1ticas na Recep\u00e7\u00e3o aos Estudantes Ingressantes"},"content":{"rendered":"\n<hr class=\"wp-block-separator has-alpha-channel-opacity is-style-wide\" \/>\n\n\n\n<h2 class=\"wp-block-heading\">Cursos Inscritos Premiados<\/h2>\n\n\n\n<h2 class=\"wp-block-heading\">2015<\/h2>\n\n\n\n<h2 class=\"wp-block-heading\">Agronomia<\/h2>\n\n\n\n<p><strong>Resumo da A\u00e7\u00e3o:<\/strong><\/p>\n\n\n\n<p>Atividades para arrecada\u00e7\u00e3o de alimentos e doa\u00e7\u00e3o para o &#8220;Lar Santo Ant\u00f4nio&#8221; e a ONG &#8220;Acamados Mais Amados&#8221;, em Camb\u00e9; visita \u00e0 Fazenda Escola Escola e planta\u00e7\u00e3o de mudas de \u00e1rvores nas proximidades de um riacho.<\/p>\n\n\n\n<div class=\"wp-block-columns is-layout-flex wp-container-core-columns-is-layout-9d6595d7 wp-block-columns-is-layout-flex\">\n<div class=\"wp-block-column is-layout-flow wp-block-column-is-layout-flow\"><div class=\"wp-block-image\">\n<figure class=\"aligncenter size-full\"><a href=\"https:\/\/drive.google.com\/drive\/folders\/1fRiDfXNxykCh3i6KqcEZGF9Gnh9O1Qzv?usp=drive_link\" target=\"_blank\" rel=\"noreferrer noopener\"><img decoding=\"async\" src=\"https:\/\/sites.uel.br\/feira\/wp-content\/uploads\/2023\/05\/google_drive.png\" alt=\"\" class=\"wp-image-2887\" \/><\/a><\/figure>\n<\/div>\n\n\n<p class=\"has-text-align-center\"><strong>(Galeria de Fotos)<\/strong><\/p>\n\n\n\n<p class=\"has-text-align-center\">Cr\u00e9ditos:<br>Estudantes do Curso de Agronomia<\/p>\n<\/div>\n<\/div>\n","protected":false},"excerpt":{"rendered":"<p>Cursos Inscritos Premiados 2015 Agronomia Resumo da A\u00e7\u00e3o: Atividades para arrecada\u00e7\u00e3o de alimentos e doa\u00e7\u00e3o para o &#8220;Lar Santo Ant\u00f4nio&#8221; e a ONG &#8220;Acamados Mais Amados&#8221;, em Camb\u00e9; visita \u00e0 Fazenda Escola Escola e planta\u00e7\u00e3o de mudas de \u00e1rvores nas proximidades de um riacho. (Galeria de Fotos) Cr\u00e9ditos:Estudantes do Curso de Agronomia<\/p>\n","protected":false},"author":8,"featured_media":0,"parent":0,"menu_order":0,"comment_status":"closed","ping_status":"closed","template":"","meta":{"_acf_changed":false,"_themeisle_gutenberg_block_has_review":false,"footnotes":""},"class_list":["post-3980","page","type-page","status-publish","hentry"],"acf":[],"_links":{"self":[{"href":"https:\/\/sites.uel.br\/ser\/wp-json\/wp\/v2\/pages\/3980","targetHints":{"allow":["GET"]}}],"collection":[{"href":"https:\/\/sites.uel.br\/ser\/wp-json\/wp\/v2\/pages"}],"about":[{"href":"https:\/\/sites.uel.br\/ser\/wp-json\/wp\/v2\/types\/page"}],"author":[{"embeddable":true,"href":"https:\/\/sites.uel.br\/ser\/wp-json\/wp\/v2\/users\/8"}],"replies":[{"embeddable":true,"href":"https:\/\/sites.uel.br\/ser\/wp-json\/wp\/v2\/comments?post=3980"}],"version-history":[{"count":6,"href":"https:\/\/sites.uel.br\/ser\/wp-json\/wp\/v2\/pages\/3980\/revisions"}],"predecessor-version":[{"id":4948,"href":"https:\/\/sites.uel.br\/ser\/wp-json\/wp\/v2\/pages\/3980\/revisions\/4948"}],"wp:attachment":[{"href":"https:\/\/sites.uel.br\/ser\/wp-json\/wp\/v2\/media?parent=3980"}],"curies":[{"name":"wp","href":"https:\/\/api.w.org\/{rel}","templated":true}]}}