{"id":3975,"date":"2023-06-29T15:21:28","date_gmt":"2023-06-29T18:21:28","guid":{"rendered":"https:\/\/sites.uel.br\/ser\/?page_id=3975"},"modified":"2023-07-07T14:35:23","modified_gmt":"2023-07-07T17:35:23","slug":"premio-boas-praticas-na-recepcao-aos-estudantes-ingressantes-premiados-2017-administracao","status":"publish","type":"page","link":"https:\/\/sites.uel.br\/ser\/premio-boas-praticas-na-recepcao-aos-estudantes-ingressantes-premiados-2017-administracao\/","title":{"rendered":"Pr\u00eamio Boas Pr\u00e1ticas na Recep\u00e7\u00e3o aos Estudantes Ingressantes"},"content":{"rendered":"\n<hr class=\"wp-block-separator has-alpha-channel-opacity is-style-wide\" \/>\n\n\n\n<h2 class=\"wp-block-heading\">Cursos Inscritos Premiados<\/h2>\n\n\n\n<h2 class=\"wp-block-heading\">2017<\/h2>\n\n\n\n<h2 class=\"wp-block-heading\">Administra\u00e7\u00e3o<\/h2>\n\n\n\n<p><strong>Resumo da A\u00e7\u00e3o:<\/strong><\/p>\n\n\n\n<p>O Centro Acad\u00eamico de Administra\u00e7\u00e3o realiza o &#8220;Trote Solid\u00e1rio&#8221; desde o ano passado, sempre arrecadando donativos para o Lar das Vovozinhas Gilda Marconi. Em sua primeira edi\u00e7\u00e3o, arrecadamos apenas alimentos, por\u00e9m, este ano, demos prioridade para a doa\u00e7\u00e3o de fraldas geri\u00e1tricas e produtos de higiene pessoal. Ao todo, os ingressantes conseguiram arrecadar 50 pacotes de fraldas geri\u00e1tricas; aproximadamente 80 kg de alimentos n\u00e3o perec\u00edveis e 60 itens de higiene pessoal ou limpeza. Al\u00e9m da arrecada\u00e7\u00e3o, sempre realizamos uma visita ao Lar para entregar os donativos e tamb\u00e9m passar a tarde com os vov\u00f4s e vov\u00f3s da Institui\u00e7\u00e3o. Neste ano, a visita foi realizada na tarde do dia 21\/05, com a participa\u00e7\u00e3o de membros do Centro Acad\u00eamico, estudantes de diversos semestres e professores do curso. O Lar das Vovozinhas Gilda Marconi localiza-se na Rua Araguaia, 589, na cidade de Londrina.<\/p>\n\n\n\n<div class=\"wp-block-columns is-layout-flex wp-container-core-columns-is-layout-9d6595d7 wp-block-columns-is-layout-flex\">\n<div class=\"wp-block-column is-layout-flow wp-block-column-is-layout-flow\"><div class=\"wp-block-image\">\n<figure class=\"aligncenter size-full\"><a href=\"https:\/\/drive.google.com\/drive\/folders\/1_k1ZFNkBdgVdTcFXxym87KfArWu1Ege_?usp=drive_link\" target=\"_blank\" rel=\"noreferrer noopener\"><img decoding=\"async\" src=\"https:\/\/sites.uel.br\/feira\/wp-content\/uploads\/2023\/05\/google_drive.png\" alt=\"\" class=\"wp-image-2887\" \/><\/a><\/figure>\n<\/div>\n\n\n<p class=\"has-text-align-center\"><strong>(Galeria de Fotos)<\/strong><\/p>\n\n\n\n<p class=\"has-text-align-center\">Cr\u00e9ditos:<br>Estudantes do Curso de Administra\u00e7\u00e3o<\/p>\n<\/div>\n<\/div>\n","protected":false},"excerpt":{"rendered":"<p>Cursos Inscritos Premiados 2017 Administra\u00e7\u00e3o Resumo da A\u00e7\u00e3o: O Centro Acad\u00eamico de Administra\u00e7\u00e3o realiza o &#8220;Trote Solid\u00e1rio&#8221; desde o ano passado, sempre arrecadando donativos para o Lar das Vovozinhas Gilda Marconi. Em sua primeira edi\u00e7\u00e3o, arrecadamos apenas alimentos, por\u00e9m, este ano, demos prioridade para a doa\u00e7\u00e3o de fraldas geri\u00e1tricas e produtos de higiene pessoal. Ao [&hellip;]<\/p>\n","protected":false},"author":8,"featured_media":0,"parent":0,"menu_order":0,"comment_status":"closed","ping_status":"closed","template":"","meta":{"_acf_changed":false,"_themeisle_gutenberg_block_has_review":false,"footnotes":""},"class_list":["post-3975","page","type-page","status-publish","hentry"],"acf":[],"_links":{"self":[{"href":"https:\/\/sites.uel.br\/ser\/wp-json\/wp\/v2\/pages\/3975","targetHints":{"allow":["GET"]}}],"collection":[{"href":"https:\/\/sites.uel.br\/ser\/wp-json\/wp\/v2\/pages"}],"about":[{"href":"https:\/\/sites.uel.br\/ser\/wp-json\/wp\/v2\/types\/page"}],"author":[{"embeddable":true,"href":"https:\/\/sites.uel.br\/ser\/wp-json\/wp\/v2\/users\/8"}],"replies":[{"embeddable":true,"href":"https:\/\/sites.uel.br\/ser\/wp-json\/wp\/v2\/comments?post=3975"}],"version-history":[{"count":7,"href":"https:\/\/sites.uel.br\/ser\/wp-json\/wp\/v2\/pages\/3975\/revisions"}],"predecessor-version":[{"id":4904,"href":"https:\/\/sites.uel.br\/ser\/wp-json\/wp\/v2\/pages\/3975\/revisions\/4904"}],"wp:attachment":[{"href":"https:\/\/sites.uel.br\/ser\/wp-json\/wp\/v2\/media?parent=3975"}],"curies":[{"name":"wp","href":"https:\/\/api.w.org\/{rel}","templated":true}]}}