{"id":3718,"date":"2023-06-27T14:53:10","date_gmt":"2023-06-27T17:53:10","guid":{"rendered":"https:\/\/sites.uel.br\/ser\/?page_id=3718"},"modified":"2025-07-09T16:24:41","modified_gmt":"2025-07-09T19:24:41","slug":"premio-boas-praticas-na-recepcao-aos-estudantes-ingressantes-2018-cursos-inscritos-premiados","status":"publish","type":"page","link":"https:\/\/sites.uel.br\/ser\/premio-boas-praticas-na-recepcao-aos-estudantes-ingressantes-2018-cursos-inscritos-premiados\/","title":{"rendered":"Pr\u00eamio Boas Pr\u00e1ticas na Recep\u00e7\u00e3o aos Estudantes Ingressantes"},"content":{"rendered":"\n<hr class=\"wp-block-separator has-alpha-channel-opacity is-style-wide\" \/>\n\n\n\n<h2 class=\"wp-block-heading\">Cursos Inscritos Premiados<\/h2>\n\n\n\n<h2 class=\"wp-block-heading\">2018<br>(5\u00aa Edi\u00e7\u00e3o)<\/h2>\n\n\n\n<figure class=\"wp-block-embed is-type-video is-provider-youtube wp-block-embed-youtube wp-embed-aspect-16-9 wp-has-aspect-ratio\"><div class=\"wp-block-embed__wrapper\">\n<iframe loading=\"lazy\" title=\"Pr\u00eamio Boas Pr\u00e1ticas Solid\u00e1rias na Semana do Estudante Ingressante 2018\" width=\"500\" height=\"281\" src=\"https:\/\/www.youtube.com\/embed\/O0OJUTLwwEM?feature=oembed\" frameborder=\"0\" allow=\"accelerometer; autoplay; clipboard-write; encrypted-media; gyroscope; picture-in-picture; web-share\" referrerpolicy=\"strict-origin-when-cross-origin\" allowfullscreen><\/iframe>\n<\/div><\/figure>\n\n\n\n<hr class=\"wp-block-separator has-text-color has-cinza-color has-css-opacity has-cinza-background-color has-background is-style-wide\" \/>\n\n\n\n<p class=\"has-text-align-center\"><strong>Imagens da Cerim\u00f4nia de entrega, realizada no dia 21\/05\/2018, \u00e0s 14h30, na Sala dos Conselhos da Universidade Estadual de Londrina<\/strong><br><br>Cr\u00e9ditos: Daniel Proc\u00f3pio (COM\/UEL)<\/p>\n\n\n\n<p class=\"has-text-align-center\"><strong><a href=\"https:\/\/drive.google.com\/drive\/folders\/1l6sQa4zLpNJrVr62OQmCBM9_u-qK03M1?usp=drive_link\" target=\"_blank\" rel=\"noreferrer noopener\">Acesse aqui<\/a><\/strong><\/p>\n\n\n\n<hr class=\"wp-block-separator has-text-color has-cinza-color has-css-opacity has-cinza-background-color has-background is-style-wide\" \/>\n\n\n\n<p class=\"has-text-align-center\"><a href=\"https:\/\/sites.uel.br\/ser\/premio-boas-praticas-na-recepcao-aos-estudantes-ingressantes-premiados-2018-agronomia\/\">Agronomia<\/a><br><br><a href=\"https:\/\/sites.uel.br\/ser\/premio-boas-praticas-na-recepcao-aos-estudantes-ingressantes-premiados-2018-arquitetura-e-urbanismo\/\">Arquitetura e Urbanismo<\/a><br><br><a href=\"https:\/\/sites.uel.br\/ser\/premio-boas-praticas-na-recepcao-aos-estudantes-ingressantes-premiados-2018-arquivologia-e-biblioteconomia\/\">Arquivologia e Biblioteconomia<\/a><br><br><a href=\"https:\/\/sites.uel.br\/ser\/premio-boas-praticas-na-recepcao-aos-estudantes-ingressantes-premiados-2018-artes-visuais\/\">Artes Visuais<\/a><br><br><a href=\"https:\/\/sites.uel.br\/ser\/premio-boas-praticas-na-recepcao-aos-estudantes-ingressantes-premiados-2018-ciencias-biologicas\/\">Ci\u00eancias Biol\u00f3gicas<\/a><br><br><a href=\"https:\/\/sites.uel.br\/ser\/premio-boas-praticas-na-recepcao-aos-estudantes-ingressantes-premiados-2018-ciencias-sociais\/\">Ci\u00eancias Sociais<\/a><br><br><a href=\"https:\/\/sites.uel.br\/ser\/premio-boas-praticas-na-recepcao-aos-estudantes-ingressantes-premiados-2018-design-de-moda-e-design-grafico\/\">Design de Moda e Design Gr\u00e1fico<\/a><br><br><a href=\"https:\/\/sites.uel.br\/ser\/premio-boas-praticas-na-recepcao-aos-estudantes-ingressantes-premiados-2018-direito\/\">Direito<\/a><br><br><a href=\"https:\/\/sites.uel.br\/ser\/premio-boas-praticas-na-recepcao-aos-estudantes-ingressantes-premiados-2018-educacao-fisica\/\">Educa\u00e7\u00e3o F\u00edsica<\/a><br><br><a href=\"https:\/\/sites.uel.br\/ser\/premio-boas-praticas-na-recepcao-aos-estudantes-ingressantes-premiados-2018-enfermagem\/\">Enfermagem<\/a><br><br><a href=\"https:\/\/sites.uel.br\/ser\/premio-boas-praticas-na-recepcao-aos-estudantes-ingressantes-premiados-2018-engenharia-eletrica\/\">Engenharia El\u00e9trica<\/a><br><br><a href=\"https:\/\/sites.uel.br\/ser\/premio-boas-praticas-na-recepcao-aos-estudantes-ingressantes-premiados-2018-fisica\/\">F\u00edsica<\/a><br><br><a href=\"https:\/\/sites.uel.br\/ser\/premio-boas-praticas-na-recepcao-aos-estudantes-ingressantes-premiados-2018-geografia\/\">Geografia<\/a><br><br><a href=\"https:\/\/sites.uel.br\/ser\/premio-boas-praticas-na-recepcao-aos-estudantes-ingressantes-premiados-2018-medicina\/\">Medicina<\/a><br><br><a href=\"https:\/\/sites.uel.br\/ser\/premio-boas-praticas-na-recepcao-aos-estudantes-ingressantes-premiados-2018-medicina-veterinaria\/\">Medicina Veterin\u00e1ria<\/a><br><br><a href=\"https:\/\/sites.uel.br\/ser\/premio-boas-praticas-na-recepcao-aos-estudantes-ingressantes-premiados-2018-pedagogia\/\">Pedagogia<\/a><br><br><a href=\"https:\/\/sites.uel.br\/ser\/premio-boas-praticas-na-recepcao-aos-estudantes-ingressantes-premiados-2018-secretariado-executivo\/\">Secretariado Executivo<\/a><br><br><a href=\"https:\/\/sites.uel.br\/ser\/premio-boas-praticas-na-recepcao-aos-estudantes-ingressantes-premiados-2018-zootecnia\/\">Zootecnia<\/a><\/p>\n","protected":false},"excerpt":{"rendered":"<p>Cursos Inscritos Premiados 2018(5\u00aa Edi\u00e7\u00e3o) Imagens da Cerim\u00f4nia de entrega, realizada no dia 21\/05\/2018, \u00e0s 14h30, na Sala dos Conselhos da Universidade Estadual de Londrina Cr\u00e9ditos: Daniel Proc\u00f3pio (COM\/UEL) Acesse aqui Agronomia Arquitetura e Urbanismo Arquivologia e Biblioteconomia Artes Visuais Ci\u00eancias Biol\u00f3gicas Ci\u00eancias Sociais Design de Moda e Design Gr\u00e1fico Direito Educa\u00e7\u00e3o F\u00edsica Enfermagem Engenharia [&hellip;]<\/p>\n","protected":false},"author":8,"featured_media":0,"parent":0,"menu_order":0,"comment_status":"closed","ping_status":"closed","template":"","meta":{"_acf_changed":false,"_themeisle_gutenberg_block_has_review":false,"footnotes":""},"class_list":["post-3718","page","type-page","status-publish","hentry"],"acf":[],"_links":{"self":[{"href":"https:\/\/sites.uel.br\/ser\/wp-json\/wp\/v2\/pages\/3718","targetHints":{"allow":["GET"]}}],"collection":[{"href":"https:\/\/sites.uel.br\/ser\/wp-json\/wp\/v2\/pages"}],"about":[{"href":"https:\/\/sites.uel.br\/ser\/wp-json\/wp\/v2\/types\/page"}],"author":[{"embeddable":true,"href":"https:\/\/sites.uel.br\/ser\/wp-json\/wp\/v2\/users\/8"}],"replies":[{"embeddable":true,"href":"https:\/\/sites.uel.br\/ser\/wp-json\/wp\/v2\/comments?post=3718"}],"version-history":[{"count":20,"href":"https:\/\/sites.uel.br\/ser\/wp-json\/wp\/v2\/pages\/3718\/revisions"}],"predecessor-version":[{"id":8609,"href":"https:\/\/sites.uel.br\/ser\/wp-json\/wp\/v2\/pages\/3718\/revisions\/8609"}],"wp:attachment":[{"href":"https:\/\/sites.uel.br\/ser\/wp-json\/wp\/v2\/media?parent=3718"}],"curies":[{"name":"wp","href":"https:\/\/api.w.org\/{rel}","templated":true}]}}