{"id":3715,"date":"2023-06-27T14:53:10","date_gmt":"2023-06-27T17:53:10","guid":{"rendered":"https:\/\/sites.uel.br\/ser\/?page_id=3715"},"modified":"2025-07-09T16:24:28","modified_gmt":"2025-07-09T19:24:28","slug":"premio-boas-praticas-na-recepcao-aos-estudantes-ingressantes-2016-cursos-inscritos-premiados","status":"publish","type":"page","link":"https:\/\/sites.uel.br\/ser\/premio-boas-praticas-na-recepcao-aos-estudantes-ingressantes-2016-cursos-inscritos-premiados\/","title":{"rendered":"Pr\u00eamio Boas Pr\u00e1ticas na Recep\u00e7\u00e3o aos Estudantes Ingressantes"},"content":{"rendered":"\n<hr class=\"wp-block-separator has-alpha-channel-opacity is-style-wide\" \/>\n\n\n\n<h2 class=\"wp-block-heading\">Cursos Inscritos Premiados<\/h2>\n\n\n\n<h2 class=\"wp-block-heading\">2016<br>(3\u00aa Edi\u00e7\u00e3o)<\/h2>\n\n\n\n<figure class=\"wp-block-embed is-type-video is-provider-youtube wp-block-embed-youtube wp-embed-aspect-16-9 wp-has-aspect-ratio\"><div class=\"wp-block-embed__wrapper\">\n<iframe loading=\"lazy\" title=\"Pr\u00eamio Boas Pr\u00e1ticas Solid\u00e1rias na Semana do Estudante Ingressante 2016\" width=\"500\" height=\"281\" src=\"https:\/\/www.youtube.com\/embed\/AFodG_sv8zM?feature=oembed\" frameborder=\"0\" allow=\"accelerometer; autoplay; clipboard-write; encrypted-media; gyroscope; picture-in-picture; web-share\" referrerpolicy=\"strict-origin-when-cross-origin\" allowfullscreen><\/iframe>\n<\/div><\/figure>\n\n\n\n<hr class=\"wp-block-separator has-text-color has-cinza-color has-css-opacity has-cinza-background-color has-background is-style-wide\" \/>\n\n\n\n<p class=\"has-text-align-center\"><strong>MODALIDADE 1: TEMAS LIVRES<\/strong><br><\/p>\n\n\n\n<p class=\"has-text-align-center\"><a href=\"https:\/\/sites.uel.br\/ser\/premio-boas-praticas-na-recepcao-aos-estudantes-ingressantes-premiados-2016-agronomia\/\">Agronomia<\/a><br><br><a href=\"https:\/\/sites.uel.br\/ser\/premio-boas-praticas-na-recepcao-aos-estudantes-ingressantes-premiados-2016-arquitetura-e-urbanismo\/\">Arquitetura e Urbanismo<\/a><br><br><a href=\"https:\/\/sites.uel.br\/ser\/premio-boas-praticas-na-recepcao-aos-estudantes-ingressantes-premiados-2016-artes-visuais\/\">Artes Visuais<\/a><br><br><a href=\"https:\/\/sites.uel.br\/ser\/premio-boas-praticas-na-recepcao-aos-estudantes-ingressantes-premiados-2016-biomedicina\/\">Biomedicina<\/a><br><br><a href=\"https:\/\/sites.uel.br\/ser\/premio-boas-praticas-na-recepcao-aos-estudantes-ingressantes-premiados-2016-ciencias-biologicas\/\">Ci\u00eancias Biol\u00f3gicas<\/a><br><br><a href=\"https:\/\/sites.uel.br\/ser\/premio-boas-praticas-na-recepcao-aos-estudantes-ingressantes-premiados-2016-engenharia-civil\/\">Engenharia Civil<\/a><br><br><a href=\"https:\/\/sites.uel.br\/ser\/premio-boas-praticas-na-recepcao-aos-estudantes-ingressantes-premiados-2016-engenharia-eletrica\/\">Engenharia El\u00e9trica<\/a><br><br><a href=\"https:\/\/sites.uel.br\/ser\/premio-boas-praticas-na-recepcao-aos-estudantes-ingressantes-premiados-2016-farmacia\/\">Farm\u00e1cia<\/a><br><br><a href=\"https:\/\/sites.uel.br\/ser\/premio-boas-praticas-na-recepcao-aos-estudantes-ingressantes-premiados-2016-fisica\/\">F\u00edsica<\/a><br><br><a href=\"https:\/\/sites.uel.br\/ser\/premio-boas-praticas-na-recepcao-aos-estudantes-ingressantes-premiados-2016-geografia\/\">Geografia<\/a><br><br><a href=\"https:\/\/sites.uel.br\/ser\/premio-boas-praticas-na-recepcao-aos-estudantes-ingressantes-premiados-2016-pedagogia\/\">Pedagogia<\/a><br><br><a href=\"https:\/\/sites.uel.br\/ser\/premio-boas-praticas-na-recepcao-aos-estudantes-ingressantes-premiados-2016-relacoes-publicas\/\">Rela\u00e7\u00f5es P\u00fablicas<\/a><br><br><a href=\"https:\/\/sites.uel.br\/ser\/premio-boas-praticas-na-recepcao-aos-estudantes-ingressantes-premiados-2016-zootecnia\/\">Zootecnia<\/a><\/p>\n\n\n\n<p><\/p>\n\n\n\n<p class=\"has-text-align-center\"><strong>MODALIDADE 2: TEMA RELACIONADO A &#8220;A\u00c7\u00d5ES CONTRA O AEDES&#8221;<\/strong><br><\/p>\n\n\n\n<p class=\"has-text-align-center\"><a href=\"https:\/\/sites.uel.br\/ser\/premio-boas-praticas-na-recepcao-aos-estudantes-ingressantes-premiados-2016-agronomia-aedes\/\">Agronomia<\/a><br><br><a href=\"https:\/\/sites.uel.br\/ser\/premio-boas-praticas-na-recepcao-aos-estudantes-ingressantes-premiados-2016-biomedicina-aedes\/\">Biomedicina<\/a><br><br><a href=\"https:\/\/sites.uel.br\/ser\/premio-boas-praticas-na-recepcao-aos-estudantes-ingressantes-premiados-2016-ciencias-biologicas-aedes\/\">Ci\u00eancias Biol\u00f3gicas<\/a><\/p>\n","protected":false},"excerpt":{"rendered":"<p>Cursos Inscritos Premiados 2016(3\u00aa Edi\u00e7\u00e3o) MODALIDADE 1: TEMAS LIVRES Agronomia Arquitetura e Urbanismo Artes Visuais Biomedicina Ci\u00eancias Biol\u00f3gicas Engenharia Civil Engenharia El\u00e9trica Farm\u00e1cia F\u00edsica Geografia Pedagogia Rela\u00e7\u00f5es P\u00fablicas Zootecnia MODALIDADE 2: TEMA RELACIONADO A &#8220;A\u00c7\u00d5ES CONTRA O AEDES&#8221; Agronomia Biomedicina Ci\u00eancias Biol\u00f3gicas<\/p>\n","protected":false},"author":8,"featured_media":0,"parent":0,"menu_order":0,"comment_status":"closed","ping_status":"closed","template":"","meta":{"_acf_changed":false,"_themeisle_gutenberg_block_has_review":false,"footnotes":""},"class_list":["post-3715","page","type-page","status-publish","hentry"],"acf":[],"_links":{"self":[{"href":"https:\/\/sites.uel.br\/ser\/wp-json\/wp\/v2\/pages\/3715","targetHints":{"allow":["GET"]}}],"collection":[{"href":"https:\/\/sites.uel.br\/ser\/wp-json\/wp\/v2\/pages"}],"about":[{"href":"https:\/\/sites.uel.br\/ser\/wp-json\/wp\/v2\/types\/page"}],"author":[{"embeddable":true,"href":"https:\/\/sites.uel.br\/ser\/wp-json\/wp\/v2\/users\/8"}],"replies":[{"embeddable":true,"href":"https:\/\/sites.uel.br\/ser\/wp-json\/wp\/v2\/comments?post=3715"}],"version-history":[{"count":13,"href":"https:\/\/sites.uel.br\/ser\/wp-json\/wp\/v2\/pages\/3715\/revisions"}],"predecessor-version":[{"id":8607,"href":"https:\/\/sites.uel.br\/ser\/wp-json\/wp\/v2\/pages\/3715\/revisions\/8607"}],"wp:attachment":[{"href":"https:\/\/sites.uel.br\/ser\/wp-json\/wp\/v2\/media?parent=3715"}],"curies":[{"name":"wp","href":"https:\/\/api.w.org\/{rel}","templated":true}]}}