{"id":3714,"date":"2023-06-27T14:53:10","date_gmt":"2023-06-27T17:53:10","guid":{"rendered":"https:\/\/sites.uel.br\/ser\/?page_id=3714"},"modified":"2025-07-09T16:24:34","modified_gmt":"2025-07-09T19:24:34","slug":"premio-boas-praticas-na-recepcao-aos-estudantes-ingressantes-2017-cursos-inscritos-premiados","status":"publish","type":"page","link":"https:\/\/sites.uel.br\/ser\/premio-boas-praticas-na-recepcao-aos-estudantes-ingressantes-2017-cursos-inscritos-premiados\/","title":{"rendered":"Pr\u00eamio Boas Pr\u00e1ticas na Recep\u00e7\u00e3o aos Estudantes Ingressantes"},"content":{"rendered":"\n<hr class=\"wp-block-separator has-alpha-channel-opacity is-style-wide\" \/>\n\n\n\n<h2 class=\"wp-block-heading\">Cursos Inscritos Premiados<\/h2>\n\n\n\n<h2 class=\"wp-block-heading\">2017<br>(4\u00aa Edi\u00e7\u00e3o)<\/h2>\n\n\n\n<figure class=\"wp-block-embed is-type-video is-provider-youtube wp-block-embed-youtube wp-embed-aspect-16-9 wp-has-aspect-ratio\"><div class=\"wp-block-embed__wrapper\">\n<iframe loading=\"lazy\" title=\"Pr\u00eamio Boas Pr\u00e1ticas Solid\u00e1rias na Semana do Estudante Ingressante 2017\" width=\"500\" height=\"281\" src=\"https:\/\/www.youtube.com\/embed\/9no7eHa0G_M?feature=oembed\" frameborder=\"0\" allow=\"accelerometer; autoplay; clipboard-write; encrypted-media; gyroscope; picture-in-picture; web-share\" referrerpolicy=\"strict-origin-when-cross-origin\" allowfullscreen><\/iframe>\n<\/div><\/figure>\n\n\n\n<hr class=\"wp-block-separator has-text-color has-cinza-color has-css-opacity has-cinza-background-color has-background is-style-wide\" \/>\n\n\n\n<p class=\"has-text-align-center\"><a href=\"https:\/\/sites.uel.br\/ser\/premio-boas-praticas-na-recepcao-aos-estudantes-ingressantes-premiados-2017-administracao\/\">Administra\u00e7\u00e3o<\/a><br><br><a href=\"https:\/\/sites.uel.br\/ser\/premio-boas-praticas-na-recepcao-aos-estudantes-ingressantes-premiados-2017-agronomia\/\">Agronomia<\/a><br><br><a href=\"https:\/\/sites.uel.br\/ser\/premio-boas-praticas-na-recepcao-aos-estudantes-ingressantes-premiados-2017-arquitetura-e-urbanismo\/\">Arquitetura e Urbanismo<\/a><br><br><a href=\"https:\/\/sites.uel.br\/ser\/premio-boas-praticas-na-recepcao-aos-estudantes-ingressantes-premiados-2017-arquivologia-e-biblioteconomia\/\">Arquivologia e Biblioteconomia<\/a><br><br><a href=\"https:\/\/sites.uel.br\/ser\/premio-boas-praticas-na-recepcao-aos-estudantes-ingressantes-premiados-2017-artes-cenicas\/\">Artes C\u00eanicas<\/a><br><br><a href=\"https:\/\/sites.uel.br\/ser\/premio-boas-praticas-na-recepcao-aos-estudantes-ingressantes-premiados-2017-ciencias-biologicas\/\">Ci\u00eancias Biol\u00f3gicas<\/a><br><br><a href=\"https:\/\/sites.uel.br\/ser\/premio-boas-praticas-na-recepcao-aos-estudantes-ingressantes-premiados-2017-enfermagem\/\">Enfermagem<\/a><br><br><a href=\"https:\/\/sites.uel.br\/ser\/premio-boas-praticas-na-recepcao-aos-estudantes-ingressantes-premiados-2017-engenharia-eletrica\/\">Engenharia El\u00e9trica<\/a><br><br><a href=\"https:\/\/sites.uel.br\/ser\/premio-boas-praticas-na-recepcao-aos-estudantes-ingressantes-premiados-2017-farmacia\/\">Farm\u00e1cia<\/a><br><br><a href=\"https:\/\/sites.uel.br\/ser\/premio-boas-praticas-na-recepcao-aos-estudantes-ingressantes-premiados-2017-medicina\/\">Medicina<\/a><br><br><a href=\"https:\/\/sites.uel.br\/ser\/premio-boas-praticas-na-recepcao-aos-estudantes-ingressantes-premiados-2017-relacoes-publicas\/\">Rela\u00e7\u00f5es P\u00fablicas<\/a><br><br><a href=\"https:\/\/sites.uel.br\/ser\/premio-boas-praticas-na-recepcao-aos-estudantes-ingressantes-premiados-2017-zootecnia\/\">Zootecnia<\/a><\/p>\n","protected":false},"excerpt":{"rendered":"<p>Cursos Inscritos Premiados 2017(4\u00aa Edi\u00e7\u00e3o) Administra\u00e7\u00e3o Agronomia Arquitetura e Urbanismo Arquivologia e Biblioteconomia Artes C\u00eanicas Ci\u00eancias Biol\u00f3gicas Enfermagem Engenharia El\u00e9trica Farm\u00e1cia Medicina Rela\u00e7\u00f5es P\u00fablicas Zootecnia<\/p>\n","protected":false},"author":8,"featured_media":0,"parent":0,"menu_order":0,"comment_status":"closed","ping_status":"closed","template":"","meta":{"_acf_changed":false,"_themeisle_gutenberg_block_has_review":false,"footnotes":""},"class_list":["post-3714","page","type-page","status-publish","hentry"],"acf":[],"_links":{"self":[{"href":"https:\/\/sites.uel.br\/ser\/wp-json\/wp\/v2\/pages\/3714","targetHints":{"allow":["GET"]}}],"collection":[{"href":"https:\/\/sites.uel.br\/ser\/wp-json\/wp\/v2\/pages"}],"about":[{"href":"https:\/\/sites.uel.br\/ser\/wp-json\/wp\/v2\/types\/page"}],"author":[{"embeddable":true,"href":"https:\/\/sites.uel.br\/ser\/wp-json\/wp\/v2\/users\/8"}],"replies":[{"embeddable":true,"href":"https:\/\/sites.uel.br\/ser\/wp-json\/wp\/v2\/comments?post=3714"}],"version-history":[{"count":12,"href":"https:\/\/sites.uel.br\/ser\/wp-json\/wp\/v2\/pages\/3714\/revisions"}],"predecessor-version":[{"id":8608,"href":"https:\/\/sites.uel.br\/ser\/wp-json\/wp\/v2\/pages\/3714\/revisions\/8608"}],"wp:attachment":[{"href":"https:\/\/sites.uel.br\/ser\/wp-json\/wp\/v2\/media?parent=3714"}],"curies":[{"name":"wp","href":"https:\/\/api.w.org\/{rel}","templated":true}]}}