{"id":3128,"date":"2022-10-11T14:49:53","date_gmt":"2022-10-11T17:49:53","guid":{"rendered":"https:\/\/sites.uel.br\/ser\/?page_id=3128"},"modified":"2023-07-07T14:26:08","modified_gmt":"2023-07-07T17:26:08","slug":"premio-boas-praticas-na-recepcao-aos-estudantes-ingressantes-premiados-2022-quimica-bacharelado-e-licenciatura","status":"publish","type":"page","link":"https:\/\/sites.uel.br\/ser\/premio-boas-praticas-na-recepcao-aos-estudantes-ingressantes-premiados-2022-quimica-bacharelado-e-licenciatura\/","title":{"rendered":"Pr\u00eamio Boas Pr\u00e1ticas na Recep\u00e7\u00e3o aos Estudantes Ingressantes"},"content":{"rendered":"\n<hr class=\"wp-block-separator has-alpha-channel-opacity is-style-wide\" \/>\n\n\n\n<figure class=\"wp-block-image size-full\"><img loading=\"lazy\" decoding=\"async\" width=\"1280\" height=\"512\" src=\"https:\/\/sites.uel.br\/ser\/wp-content\/uploads\/2021\/07\/IMG-20210727-WA0028.jpg\" alt=\"\" class=\"wp-image-1021\" srcset=\"https:\/\/sites.uel.br\/ser\/wp-content\/uploads\/2021\/07\/IMG-20210727-WA0028.jpg 1280w, https:\/\/sites.uel.br\/ser\/wp-content\/uploads\/2021\/07\/IMG-20210727-WA0028-300x120.jpg 300w, https:\/\/sites.uel.br\/ser\/wp-content\/uploads\/2021\/07\/IMG-20210727-WA0028-1024x410.jpg 1024w, https:\/\/sites.uel.br\/ser\/wp-content\/uploads\/2021\/07\/IMG-20210727-WA0028-768x307.jpg 768w\" sizes=\"auto, (max-width: 1280px) 100vw, 1280px\" \/><\/figure>\n\n\n\n<h2 class=\"wp-block-heading\">Cursos Inscritos Premiados<\/h2>\n\n\n\n<h2 class=\"wp-block-heading\">2022<\/h2>\n\n\n\n<h2 class=\"wp-block-heading\">Qu\u00edmica &#8211; Bacharelado e Licenciatura<\/h2>\n\n\n\n<p><strong>Resumo da A\u00e7\u00e3o:<\/strong><\/p>\n\n\n\n<p class=\"has-text-align-left\">Nossa pr\u00e1tica envolveu uma gincana solid\u00e1ria entre todos os cursos do CCE (Centro de Ci\u00eancias Exatas) para arrecadar donativos que pudessem beneficiar duas entidades: Lar Maria Tereza Vieira e ADA (Associa\u00e7\u00e3o defensora dos Animais &#8211; Londrina). Foram arrecadadas ra\u00e7\u00f5es de gato\/cachorro, materiais de limpeza como detergentes, sab\u00e3o em p\u00f3, papel higi\u00eanico, limpadores multiuso, \u00e1gua sanit\u00e1ria, fraldas geri\u00e1tricas. A contagem dos itens arrecadados foi no dia 16\/09 e as doa\u00e7\u00f5es entregues no dia 17\/09.<\/p>\n\n\n\n<p class=\"has-text-align-left\"><em>Obs: texto confeccionado pelos estudantes de Gradua\u00e7\u00e3o e\/ou Coordena\u00e7\u00e3o do curso.<\/em><\/p>\n\n\n\n<hr class=\"wp-block-separator has-text-color has-cinza-color has-css-opacity has-cinza-background-color has-background is-style-wide\" \/>\n\n\n\n<figure class=\"wp-block-embed aligncenter is-type-video is-provider-youtube wp-block-embed-youtube wp-embed-aspect-16-9 wp-has-aspect-ratio\"><div class=\"wp-block-embed__wrapper\">\n<iframe loading=\"lazy\" title=\"Pr\u00eamio Boas Pr\u00e1ticas Solid\u00e1rias 2022 (Biotecnologia, Geografia, Matem\u00e1tica e Qu\u00edmica)\" width=\"500\" height=\"281\" src=\"https:\/\/www.youtube.com\/embed\/wpd2dvjkk00?feature=oembed\" frameborder=\"0\" allow=\"accelerometer; autoplay; clipboard-write; encrypted-media; gyroscope; picture-in-picture; web-share\" referrerpolicy=\"strict-origin-when-cross-origin\" allowfullscreen><\/iframe>\n<\/div><\/figure>\n\n\n<div class=\"wp-block-image\">\n<figure class=\"aligncenter size-large\"><img loading=\"lazy\" decoding=\"async\" width=\"1024\" height=\"768\" src=\"https:\/\/sites.uel.br\/ser\/wp-content\/uploads\/2022\/10\/premio_boas_praticas_quimica_01-1024x768.jpeg\" alt=\"\" class=\"wp-image-3411\" srcset=\"https:\/\/sites.uel.br\/ser\/wp-content\/uploads\/2022\/10\/premio_boas_praticas_quimica_01-1024x768.jpeg 1024w, https:\/\/sites.uel.br\/ser\/wp-content\/uploads\/2022\/10\/premio_boas_praticas_quimica_01-300x225.jpeg 300w, https:\/\/sites.uel.br\/ser\/wp-content\/uploads\/2022\/10\/premio_boas_praticas_quimica_01-768x576.jpeg 768w, https:\/\/sites.uel.br\/ser\/wp-content\/uploads\/2022\/10\/premio_boas_praticas_quimica_01-1536x1152.jpeg 1536w, https:\/\/sites.uel.br\/ser\/wp-content\/uploads\/2022\/10\/premio_boas_praticas_quimica_01.jpeg 1600w\" sizes=\"auto, (max-width: 1024px) 100vw, 1024px\" \/><\/figure>\n<\/div>\n\n<div class=\"wp-block-image\">\n<figure class=\"aligncenter size-large\"><img loading=\"lazy\" decoding=\"async\" width=\"1024\" height=\"768\" src=\"https:\/\/sites.uel.br\/ser\/wp-content\/uploads\/2022\/10\/premio_boas_praticas_quimica_02-1024x768.jpeg\" alt=\"\" class=\"wp-image-3412\" srcset=\"https:\/\/sites.uel.br\/ser\/wp-content\/uploads\/2022\/10\/premio_boas_praticas_quimica_02-1024x768.jpeg 1024w, https:\/\/sites.uel.br\/ser\/wp-content\/uploads\/2022\/10\/premio_boas_praticas_quimica_02-300x225.jpeg 300w, https:\/\/sites.uel.br\/ser\/wp-content\/uploads\/2022\/10\/premio_boas_praticas_quimica_02-768x576.jpeg 768w, https:\/\/sites.uel.br\/ser\/wp-content\/uploads\/2022\/10\/premio_boas_praticas_quimica_02-1536x1152.jpeg 1536w, https:\/\/sites.uel.br\/ser\/wp-content\/uploads\/2022\/10\/premio_boas_praticas_quimica_02.jpeg 1600w\" sizes=\"auto, (max-width: 1024px) 100vw, 1024px\" \/><\/figure>\n<\/div>\n\n<div class=\"wp-block-image\">\n<figure class=\"aligncenter size-full\"><img loading=\"lazy\" decoding=\"async\" width=\"768\" height=\"1024\" src=\"https:\/\/sites.uel.br\/ser\/wp-content\/uploads\/2022\/10\/premio_boas_praticas_quimica_03.jpeg\" alt=\"\" class=\"wp-image-3413\" srcset=\"https:\/\/sites.uel.br\/ser\/wp-content\/uploads\/2022\/10\/premio_boas_praticas_quimica_03.jpeg 768w, https:\/\/sites.uel.br\/ser\/wp-content\/uploads\/2022\/10\/premio_boas_praticas_quimica_03-225x300.jpeg 225w\" sizes=\"auto, (max-width: 768px) 100vw, 768px\" \/><\/figure>\n<\/div>\n\n<div class=\"wp-block-image\">\n<figure class=\"aligncenter size-large\"><img loading=\"lazy\" decoding=\"async\" width=\"1024\" height=\"768\" src=\"https:\/\/sites.uel.br\/ser\/wp-content\/uploads\/2022\/10\/premio_boas_praticas_quimica_04-1024x768.jpeg\" alt=\"\" class=\"wp-image-3414\" srcset=\"https:\/\/sites.uel.br\/ser\/wp-content\/uploads\/2022\/10\/premio_boas_praticas_quimica_04-1024x768.jpeg 1024w, https:\/\/sites.uel.br\/ser\/wp-content\/uploads\/2022\/10\/premio_boas_praticas_quimica_04-300x225.jpeg 300w, https:\/\/sites.uel.br\/ser\/wp-content\/uploads\/2022\/10\/premio_boas_praticas_quimica_04-768x576.jpeg 768w, https:\/\/sites.uel.br\/ser\/wp-content\/uploads\/2022\/10\/premio_boas_praticas_quimica_04-1536x1152.jpeg 1536w, https:\/\/sites.uel.br\/ser\/wp-content\/uploads\/2022\/10\/premio_boas_praticas_quimica_04.jpeg 1600w\" sizes=\"auto, (max-width: 1024px) 100vw, 1024px\" \/><\/figure>\n<\/div>\n\n<div class=\"wp-block-image\">\n<figure class=\"aligncenter size-full\"><img loading=\"lazy\" decoding=\"async\" width=\"1024\" height=\"768\" src=\"https:\/\/sites.uel.br\/ser\/wp-content\/uploads\/2022\/10\/premio_boas_praticas_quimica_05.jpeg\" alt=\"\" class=\"wp-image-3415\" srcset=\"https:\/\/sites.uel.br\/ser\/wp-content\/uploads\/2022\/10\/premio_boas_praticas_quimica_05.jpeg 1024w, https:\/\/sites.uel.br\/ser\/wp-content\/uploads\/2022\/10\/premio_boas_praticas_quimica_05-300x225.jpeg 300w, https:\/\/sites.uel.br\/ser\/wp-content\/uploads\/2022\/10\/premio_boas_praticas_quimica_05-768x576.jpeg 768w\" sizes=\"auto, (max-width: 1024px) 100vw, 1024px\" \/><\/figure>\n<\/div>","protected":false},"excerpt":{"rendered":"<p>Cursos Inscritos Premiados 2022 Qu\u00edmica &#8211; Bacharelado e Licenciatura Resumo da A\u00e7\u00e3o: Nossa pr\u00e1tica envolveu uma gincana solid\u00e1ria entre todos os cursos do CCE (Centro de Ci\u00eancias Exatas) para arrecadar donativos que pudessem beneficiar duas entidades: Lar Maria Tereza Vieira e ADA (Associa\u00e7\u00e3o defensora dos Animais &#8211; Londrina). Foram arrecadadas ra\u00e7\u00f5es de gato\/cachorro, materiais de [&hellip;]<\/p>\n","protected":false},"author":8,"featured_media":0,"parent":0,"menu_order":0,"comment_status":"closed","ping_status":"closed","template":"","meta":{"_acf_changed":false,"_themeisle_gutenberg_block_has_review":false,"footnotes":""},"class_list":["post-3128","page","type-page","status-publish","hentry"],"acf":[],"_links":{"self":[{"href":"https:\/\/sites.uel.br\/ser\/wp-json\/wp\/v2\/pages\/3128","targetHints":{"allow":["GET"]}}],"collection":[{"href":"https:\/\/sites.uel.br\/ser\/wp-json\/wp\/v2\/pages"}],"about":[{"href":"https:\/\/sites.uel.br\/ser\/wp-json\/wp\/v2\/types\/page"}],"author":[{"embeddable":true,"href":"https:\/\/sites.uel.br\/ser\/wp-json\/wp\/v2\/users\/8"}],"replies":[{"embeddable":true,"href":"https:\/\/sites.uel.br\/ser\/wp-json\/wp\/v2\/comments?post=3128"}],"version-history":[{"count":13,"href":"https:\/\/sites.uel.br\/ser\/wp-json\/wp\/v2\/pages\/3128\/revisions"}],"predecessor-version":[{"id":4836,"href":"https:\/\/sites.uel.br\/ser\/wp-json\/wp\/v2\/pages\/3128\/revisions\/4836"}],"wp:attachment":[{"href":"https:\/\/sites.uel.br\/ser\/wp-json\/wp\/v2\/media?parent=3128"}],"curies":[{"name":"wp","href":"https:\/\/api.w.org\/{rel}","templated":true}]}}