{"id":3113,"date":"2022-10-11T14:46:42","date_gmt":"2022-10-11T17:46:42","guid":{"rendered":"https:\/\/sites.uel.br\/ser\/?page_id=3113"},"modified":"2023-07-07T14:25:16","modified_gmt":"2023-07-07T17:25:16","slug":"premio-boas-praticas-na-recepcao-aos-estudantes-ingressantes-premiados-2022-educacao-fisica-bacharelado","status":"publish","type":"page","link":"https:\/\/sites.uel.br\/ser\/premio-boas-praticas-na-recepcao-aos-estudantes-ingressantes-premiados-2022-educacao-fisica-bacharelado\/","title":{"rendered":"Pr\u00eamio Boas Pr\u00e1ticas na Recep\u00e7\u00e3o aos Estudantes Ingressantes"},"content":{"rendered":"\n<hr class=\"wp-block-separator has-alpha-channel-opacity is-style-wide\" \/>\n\n\n\n<figure class=\"wp-block-image size-full\"><img loading=\"lazy\" decoding=\"async\" width=\"1280\" height=\"512\" src=\"https:\/\/sites.uel.br\/ser\/wp-content\/uploads\/2021\/07\/IMG-20210727-WA0028.jpg\" alt=\"\" class=\"wp-image-1021\" srcset=\"https:\/\/sites.uel.br\/ser\/wp-content\/uploads\/2021\/07\/IMG-20210727-WA0028.jpg 1280w, https:\/\/sites.uel.br\/ser\/wp-content\/uploads\/2021\/07\/IMG-20210727-WA0028-300x120.jpg 300w, https:\/\/sites.uel.br\/ser\/wp-content\/uploads\/2021\/07\/IMG-20210727-WA0028-1024x410.jpg 1024w, https:\/\/sites.uel.br\/ser\/wp-content\/uploads\/2021\/07\/IMG-20210727-WA0028-768x307.jpg 768w\" sizes=\"auto, (max-width: 1280px) 100vw, 1280px\" \/><\/figure>\n\n\n\n<h2 class=\"wp-block-heading\">Cursos Inscritos Premiados<\/h2>\n\n\n\n<h2 class=\"wp-block-heading\">2022<\/h2>\n\n\n\n<h2 class=\"wp-block-heading\">Educa\u00e7\u00e3o F\u00edsica &#8211; Bacharelado<\/h2>\n\n\n\n<p><strong>Resumo da A\u00e7\u00e3o:<\/strong><\/p>\n\n\n\n<p><strong>1)<\/strong> Conhecendo a UEL por meio da pr\u00e1tica de caminhada guiada:<br><br>Realiza\u00e7\u00e3o: dia 05\/08\/2022 das 9h00 \u00e0s 11h00<br><br>Pontos de Controle: (1) Restaurante Universit\u00e1rio; (2) Ambulat\u00f3rio de Especialidades do Hospital Universit\u00e1rio e Pronto Socorro Odontol\u00f3gico; (3) Pr\u00f3-reitoria de gradua\u00e7\u00e3o; (4) Departamento de Anatomia; (5) Biblioteca Central; (6) Servi\u00e7o de Bem Estar \u00e0 Comunidade; (7) N\u00facleo de Estudos Afro-brasileiros; (8) Biblioteca Setorial de Ci\u00eancias Humanas, Col\u00e9gio de Aplica\u00e7\u00e3o e Creche.<br><br>A atividade possibilitou aos estudantes veteranos do curso de bacharelado em Educa\u00e7\u00e3o F\u00edsica conduzirem auxiliarem tanto na formula\u00e7\u00e3o das proposta quanto na condu\u00e7\u00e3o dos grupos de estudantes ingressantes de uma melhor forma pelo campus, no lugar de deix\u00e1-los \u201cpor conta pr\u00f3pria\u201d e \u201capenas\u201d com o mapa e os Pontos de Controle (PCs) como orienta\u00e7\u00e3o para a pr\u00e1tica. Compreendemos essa atividade como mais um aspecto de intera\u00e7\u00e3o e integra\u00e7\u00e3o entre discentes e os espa\u00e7os da Universidade, que se refletirmos melhor sobre essa pr\u00e1tica em si, para que consegu\u00edssemos contribuir com a proposta, foi preciso rever os nossos pr\u00f3prios saberes sobre esses espa\u00e7os; ou seja, para ensinar, tamb\u00e9m, em certo aspecto, foi preciso (re)apreender.<\/p>\n\n\n\n<div style=\"height:30px\" aria-hidden=\"true\" class=\"wp-block-spacer\"><\/div>\n\n\n\n<p><strong>2)<\/strong> Arrecada\u00e7\u00e3o de l\u00e1pis de cor, giz de cera, livrinhos de pintura e leitura para as crian\u00e7as hospitalizadas no Hospital do C\u00e2ncer de Londrina:<br><br>Realiza\u00e7\u00e3o: a partir do dia 01\/08\/2022&nbsp;<br><br>Ponto de coleta: Secretaria de Gradua\u00e7\u00e3o do CEFE<\/p>\n\n\n\n<p>Abra\u00e7amos a causa efetuando doa\u00e7\u00f5es com o intuito de refletirmos sobre o alcance das hist\u00f3rias e est\u00f3rias que j\u00e1 atravessaram tantas vidas e que agora chegar\u00e3o&nbsp;a outras mais. Foi, inclusive, montada uma&nbsp;caixa (simb\u00f3lica) para a arrecada\u00e7\u00e3o dos materiais: felizmente ela ficou pequena para o tanto de afeto em forma de doa\u00e7\u00e3o, que recebemos.&nbsp;\u00c9 importante ressaltar que,&nbsp;enquanto uma medida paliativa,&nbsp;a partir dessa campanha realizaremos as pr\u00f3ximas, com a inten\u00e7\u00e3o de alcan\u00e7ar as pessoas que precisam de aux\u00edlio, tendo em vista que&nbsp;sempre h\u00e1 espa\u00e7o para solidariedade.&nbsp;<\/p>\n\n\n\n<p><em>Obs: texto confeccionado pelos estudantes de Gradua\u00e7\u00e3o e\/ou Coordena\u00e7\u00e3o do curso.<\/em><\/p>\n\n\n\n<hr class=\"wp-block-separator has-text-color has-cinza-color has-css-opacity has-cinza-background-color has-background is-style-wide\" \/>\n\n\n\n<figure class=\"wp-block-embed is-type-video is-provider-youtube wp-block-embed-youtube wp-embed-aspect-16-9 wp-has-aspect-ratio\"><div class=\"wp-block-embed__wrapper\">\n<iframe loading=\"lazy\" title=\"Pr\u00eamio Boas Pr\u00e1ticas Solid\u00e1rias na Semana do Estudante Ingressante 2022 (Ed. F\u00edsica - Bacharelado)\" width=\"500\" height=\"281\" src=\"https:\/\/www.youtube.com\/embed\/7OheS6pLyjc?feature=oembed\" frameborder=\"0\" allow=\"accelerometer; autoplay; clipboard-write; encrypted-media; gyroscope; picture-in-picture; web-share\" referrerpolicy=\"strict-origin-when-cross-origin\" allowfullscreen><\/iframe>\n<\/div><\/figure>\n\n\n<div class=\"wp-block-image\">\n<figure class=\"aligncenter size-large\"><img loading=\"lazy\" decoding=\"async\" width=\"1024\" height=\"768\" src=\"https:\/\/sites.uel.br\/ser\/wp-content\/uploads\/2022\/10\/premio_boas_praticas_educacao_fisica_bacharelado_01-1024x768.jpeg\" alt=\"\" class=\"wp-image-3304\" srcset=\"https:\/\/sites.uel.br\/ser\/wp-content\/uploads\/2022\/10\/premio_boas_praticas_educacao_fisica_bacharelado_01-1024x768.jpeg 1024w, https:\/\/sites.uel.br\/ser\/wp-content\/uploads\/2022\/10\/premio_boas_praticas_educacao_fisica_bacharelado_01-300x225.jpeg 300w, https:\/\/sites.uel.br\/ser\/wp-content\/uploads\/2022\/10\/premio_boas_praticas_educacao_fisica_bacharelado_01-768x576.jpeg 768w, https:\/\/sites.uel.br\/ser\/wp-content\/uploads\/2022\/10\/premio_boas_praticas_educacao_fisica_bacharelado_01-1536x1152.jpeg 1536w, https:\/\/sites.uel.br\/ser\/wp-content\/uploads\/2022\/10\/premio_boas_praticas_educacao_fisica_bacharelado_01-2048x1536.jpeg 2048w\" sizes=\"auto, (max-width: 1024px) 100vw, 1024px\" \/><\/figure>\n<\/div>\n\n<div class=\"wp-block-image\">\n<figure class=\"aligncenter size-large\"><img loading=\"lazy\" decoding=\"async\" width=\"1024\" height=\"768\" src=\"https:\/\/sites.uel.br\/ser\/wp-content\/uploads\/2022\/10\/premio_boas_praticas_educacao_fisica_bacharelado_02-1024x768.jpg\" alt=\"\" class=\"wp-image-3305\" srcset=\"https:\/\/sites.uel.br\/ser\/wp-content\/uploads\/2022\/10\/premio_boas_praticas_educacao_fisica_bacharelado_02-1024x768.jpg 1024w, https:\/\/sites.uel.br\/ser\/wp-content\/uploads\/2022\/10\/premio_boas_praticas_educacao_fisica_bacharelado_02-300x225.jpg 300w, https:\/\/sites.uel.br\/ser\/wp-content\/uploads\/2022\/10\/premio_boas_praticas_educacao_fisica_bacharelado_02-768x576.jpg 768w, https:\/\/sites.uel.br\/ser\/wp-content\/uploads\/2022\/10\/premio_boas_praticas_educacao_fisica_bacharelado_02-1536x1152.jpg 1536w, https:\/\/sites.uel.br\/ser\/wp-content\/uploads\/2022\/10\/premio_boas_praticas_educacao_fisica_bacharelado_02-2048x1536.jpg 2048w\" sizes=\"auto, (max-width: 1024px) 100vw, 1024px\" \/><\/figure>\n<\/div>\n\n<div class=\"wp-block-image\">\n<figure class=\"aligncenter size-large\"><img loading=\"lazy\" decoding=\"async\" width=\"1024\" height=\"462\" src=\"https:\/\/sites.uel.br\/ser\/wp-content\/uploads\/2022\/10\/premio_boas_praticas_educacao_fisica_bacharelado_03-1024x462.jpg\" alt=\"\" class=\"wp-image-3306\" srcset=\"https:\/\/sites.uel.br\/ser\/wp-content\/uploads\/2022\/10\/premio_boas_praticas_educacao_fisica_bacharelado_03-1024x462.jpg 1024w, https:\/\/sites.uel.br\/ser\/wp-content\/uploads\/2022\/10\/premio_boas_praticas_educacao_fisica_bacharelado_03-300x135.jpg 300w, https:\/\/sites.uel.br\/ser\/wp-content\/uploads\/2022\/10\/premio_boas_praticas_educacao_fisica_bacharelado_03-768x346.jpg 768w, https:\/\/sites.uel.br\/ser\/wp-content\/uploads\/2022\/10\/premio_boas_praticas_educacao_fisica_bacharelado_03-1536x693.jpg 1536w, https:\/\/sites.uel.br\/ser\/wp-content\/uploads\/2022\/10\/premio_boas_praticas_educacao_fisica_bacharelado_03-2048x924.jpg 2048w\" sizes=\"auto, (max-width: 1024px) 100vw, 1024px\" \/><\/figure>\n<\/div>\n\n<div class=\"wp-block-image\">\n<figure class=\"aligncenter size-large\"><img loading=\"lazy\" decoding=\"async\" width=\"1024\" height=\"768\" src=\"https:\/\/sites.uel.br\/ser\/wp-content\/uploads\/2022\/10\/premio_boas_praticas_educacao_fisica_bacharelado_04-1024x768.jpg\" alt=\"\" class=\"wp-image-3307\" srcset=\"https:\/\/sites.uel.br\/ser\/wp-content\/uploads\/2022\/10\/premio_boas_praticas_educacao_fisica_bacharelado_04-1024x768.jpg 1024w, https:\/\/sites.uel.br\/ser\/wp-content\/uploads\/2022\/10\/premio_boas_praticas_educacao_fisica_bacharelado_04-300x225.jpg 300w, https:\/\/sites.uel.br\/ser\/wp-content\/uploads\/2022\/10\/premio_boas_praticas_educacao_fisica_bacharelado_04-768x576.jpg 768w, https:\/\/sites.uel.br\/ser\/wp-content\/uploads\/2022\/10\/premio_boas_praticas_educacao_fisica_bacharelado_04-1536x1152.jpg 1536w, https:\/\/sites.uel.br\/ser\/wp-content\/uploads\/2022\/10\/premio_boas_praticas_educacao_fisica_bacharelado_04-2048x1536.jpg 2048w\" sizes=\"auto, (max-width: 1024px) 100vw, 1024px\" \/><\/figure>\n<\/div>\n\n<div class=\"wp-block-image\">\n<figure class=\"aligncenter size-large\"><img loading=\"lazy\" decoding=\"async\" width=\"1024\" height=\"768\" src=\"https:\/\/sites.uel.br\/ser\/wp-content\/uploads\/2022\/10\/premio_boas_praticas_educacao_fisica_bacharelado_05-1024x768.jpeg\" alt=\"\" class=\"wp-image-3309\" srcset=\"https:\/\/sites.uel.br\/ser\/wp-content\/uploads\/2022\/10\/premio_boas_praticas_educacao_fisica_bacharelado_05-1024x768.jpeg 1024w, https:\/\/sites.uel.br\/ser\/wp-content\/uploads\/2022\/10\/premio_boas_praticas_educacao_fisica_bacharelado_05-300x225.jpeg 300w, https:\/\/sites.uel.br\/ser\/wp-content\/uploads\/2022\/10\/premio_boas_praticas_educacao_fisica_bacharelado_05-768x576.jpeg 768w, https:\/\/sites.uel.br\/ser\/wp-content\/uploads\/2022\/10\/premio_boas_praticas_educacao_fisica_bacharelado_05-1536x1152.jpeg 1536w, https:\/\/sites.uel.br\/ser\/wp-content\/uploads\/2022\/10\/premio_boas_praticas_educacao_fisica_bacharelado_05-2048x1536.jpeg 2048w\" sizes=\"auto, (max-width: 1024px) 100vw, 1024px\" \/><\/figure>\n<\/div>\n\n<div class=\"wp-block-image\">\n<figure class=\"aligncenter size-large\"><img loading=\"lazy\" decoding=\"async\" width=\"1024\" height=\"462\" src=\"https:\/\/sites.uel.br\/ser\/wp-content\/uploads\/2022\/10\/premio_boas_praticas_educacao_fisica_bacharelado_06-1024x462.jpg\" alt=\"\" class=\"wp-image-3310\" srcset=\"https:\/\/sites.uel.br\/ser\/wp-content\/uploads\/2022\/10\/premio_boas_praticas_educacao_fisica_bacharelado_06-1024x462.jpg 1024w, https:\/\/sites.uel.br\/ser\/wp-content\/uploads\/2022\/10\/premio_boas_praticas_educacao_fisica_bacharelado_06-300x135.jpg 300w, https:\/\/sites.uel.br\/ser\/wp-content\/uploads\/2022\/10\/premio_boas_praticas_educacao_fisica_bacharelado_06-768x346.jpg 768w, https:\/\/sites.uel.br\/ser\/wp-content\/uploads\/2022\/10\/premio_boas_praticas_educacao_fisica_bacharelado_06-1536x693.jpg 1536w, https:\/\/sites.uel.br\/ser\/wp-content\/uploads\/2022\/10\/premio_boas_praticas_educacao_fisica_bacharelado_06-2048x924.jpg 2048w\" sizes=\"auto, (max-width: 1024px) 100vw, 1024px\" \/><\/figure>\n<\/div>\n\n<div class=\"wp-block-image\">\n<figure class=\"aligncenter size-large\"><img loading=\"lazy\" decoding=\"async\" width=\"1024\" height=\"768\" src=\"https:\/\/sites.uel.br\/ser\/wp-content\/uploads\/2022\/10\/premio_boas_praticas_educacao_fisica_bacharelado_07-1024x768.jpg\" alt=\"\" class=\"wp-image-3311\" srcset=\"https:\/\/sites.uel.br\/ser\/wp-content\/uploads\/2022\/10\/premio_boas_praticas_educacao_fisica_bacharelado_07-1024x768.jpg 1024w, https:\/\/sites.uel.br\/ser\/wp-content\/uploads\/2022\/10\/premio_boas_praticas_educacao_fisica_bacharelado_07-300x225.jpg 300w, https:\/\/sites.uel.br\/ser\/wp-content\/uploads\/2022\/10\/premio_boas_praticas_educacao_fisica_bacharelado_07-768x576.jpg 768w, https:\/\/sites.uel.br\/ser\/wp-content\/uploads\/2022\/10\/premio_boas_praticas_educacao_fisica_bacharelado_07-1536x1152.jpg 1536w, https:\/\/sites.uel.br\/ser\/wp-content\/uploads\/2022\/10\/premio_boas_praticas_educacao_fisica_bacharelado_07-2048x1536.jpg 2048w\" sizes=\"auto, (max-width: 1024px) 100vw, 1024px\" \/><\/figure>\n<\/div>\n\n<div class=\"wp-block-image\">\n<figure class=\"aligncenter size-large\"><img loading=\"lazy\" decoding=\"async\" width=\"1024\" height=\"768\" src=\"https:\/\/sites.uel.br\/ser\/wp-content\/uploads\/2022\/10\/premio_boas_praticas_educacao_fisica_bacharelado_08-1024x768.jpeg\" alt=\"\" class=\"wp-image-3312\" srcset=\"https:\/\/sites.uel.br\/ser\/wp-content\/uploads\/2022\/10\/premio_boas_praticas_educacao_fisica_bacharelado_08-1024x768.jpeg 1024w, https:\/\/sites.uel.br\/ser\/wp-content\/uploads\/2022\/10\/premio_boas_praticas_educacao_fisica_bacharelado_08-300x225.jpeg 300w, https:\/\/sites.uel.br\/ser\/wp-content\/uploads\/2022\/10\/premio_boas_praticas_educacao_fisica_bacharelado_08-768x576.jpeg 768w, https:\/\/sites.uel.br\/ser\/wp-content\/uploads\/2022\/10\/premio_boas_praticas_educacao_fisica_bacharelado_08-1536x1152.jpeg 1536w, https:\/\/sites.uel.br\/ser\/wp-content\/uploads\/2022\/10\/premio_boas_praticas_educacao_fisica_bacharelado_08-2048x1536.jpeg 2048w\" sizes=\"auto, (max-width: 1024px) 100vw, 1024px\" \/><\/figure>\n<\/div>\n\n<div class=\"wp-block-image\">\n<figure class=\"aligncenter size-large\"><img loading=\"lazy\" decoding=\"async\" width=\"461\" height=\"1024\" src=\"https:\/\/sites.uel.br\/ser\/wp-content\/uploads\/2022\/10\/premio_boas_praticas_educacao_fisica_bacharelado_09-461x1024.jpeg\" alt=\"\" class=\"wp-image-3313\" srcset=\"https:\/\/sites.uel.br\/ser\/wp-content\/uploads\/2022\/10\/premio_boas_praticas_educacao_fisica_bacharelado_09-461x1024.jpeg 461w, https:\/\/sites.uel.br\/ser\/wp-content\/uploads\/2022\/10\/premio_boas_praticas_educacao_fisica_bacharelado_09-135x300.jpeg 135w, https:\/\/sites.uel.br\/ser\/wp-content\/uploads\/2022\/10\/premio_boas_praticas_educacao_fisica_bacharelado_09-691x1536.jpeg 691w, https:\/\/sites.uel.br\/ser\/wp-content\/uploads\/2022\/10\/premio_boas_praticas_educacao_fisica_bacharelado_09.jpeg 720w\" sizes=\"auto, (max-width: 461px) 100vw, 461px\" \/><\/figure>\n<\/div>\n\n<div class=\"wp-block-image\">\n<figure class=\"aligncenter size-large\"><img loading=\"lazy\" decoding=\"async\" width=\"1024\" height=\"461\" src=\"https:\/\/sites.uel.br\/ser\/wp-content\/uploads\/2022\/10\/premio_boas_praticas_educacao_fisica_bacharelado_10-1024x461.jpeg\" alt=\"\" class=\"wp-image-3314\" srcset=\"https:\/\/sites.uel.br\/ser\/wp-content\/uploads\/2022\/10\/premio_boas_praticas_educacao_fisica_bacharelado_10-1024x461.jpeg 1024w, https:\/\/sites.uel.br\/ser\/wp-content\/uploads\/2022\/10\/premio_boas_praticas_educacao_fisica_bacharelado_10-300x135.jpeg 300w, https:\/\/sites.uel.br\/ser\/wp-content\/uploads\/2022\/10\/premio_boas_praticas_educacao_fisica_bacharelado_10-768x346.jpeg 768w, https:\/\/sites.uel.br\/ser\/wp-content\/uploads\/2022\/10\/premio_boas_praticas_educacao_fisica_bacharelado_10-1536x691.jpeg 1536w, https:\/\/sites.uel.br\/ser\/wp-content\/uploads\/2022\/10\/premio_boas_praticas_educacao_fisica_bacharelado_10.jpeg 1600w\" sizes=\"auto, (max-width: 1024px) 100vw, 1024px\" \/><\/figure>\n<\/div>\n\n<div class=\"wp-block-image\">\n<figure class=\"aligncenter size-large\"><img loading=\"lazy\" decoding=\"async\" width=\"1024\" height=\"461\" src=\"https:\/\/sites.uel.br\/ser\/wp-content\/uploads\/2022\/10\/premio_boas_praticas_educacao_fisica_bacharelado_11-1024x461.jpeg\" alt=\"\" class=\"wp-image-3315\" srcset=\"https:\/\/sites.uel.br\/ser\/wp-content\/uploads\/2022\/10\/premio_boas_praticas_educacao_fisica_bacharelado_11-1024x461.jpeg 1024w, https:\/\/sites.uel.br\/ser\/wp-content\/uploads\/2022\/10\/premio_boas_praticas_educacao_fisica_bacharelado_11-300x135.jpeg 300w, https:\/\/sites.uel.br\/ser\/wp-content\/uploads\/2022\/10\/premio_boas_praticas_educacao_fisica_bacharelado_11-768x346.jpeg 768w, https:\/\/sites.uel.br\/ser\/wp-content\/uploads\/2022\/10\/premio_boas_praticas_educacao_fisica_bacharelado_11-1536x691.jpeg 1536w, https:\/\/sites.uel.br\/ser\/wp-content\/uploads\/2022\/10\/premio_boas_praticas_educacao_fisica_bacharelado_11.jpeg 1600w\" sizes=\"auto, (max-width: 1024px) 100vw, 1024px\" \/><\/figure>\n<\/div>\n\n<div class=\"wp-block-image\">\n<figure class=\"aligncenter size-large\"><img loading=\"lazy\" decoding=\"async\" width=\"1024\" height=\"461\" src=\"https:\/\/sites.uel.br\/ser\/wp-content\/uploads\/2022\/10\/premio_boas_praticas_educacao_fisica_bacharelado_12-1024x461.jpeg\" alt=\"\" class=\"wp-image-3316\" srcset=\"https:\/\/sites.uel.br\/ser\/wp-content\/uploads\/2022\/10\/premio_boas_praticas_educacao_fisica_bacharelado_12-1024x461.jpeg 1024w, https:\/\/sites.uel.br\/ser\/wp-content\/uploads\/2022\/10\/premio_boas_praticas_educacao_fisica_bacharelado_12-300x135.jpeg 300w, https:\/\/sites.uel.br\/ser\/wp-content\/uploads\/2022\/10\/premio_boas_praticas_educacao_fisica_bacharelado_12-768x346.jpeg 768w, https:\/\/sites.uel.br\/ser\/wp-content\/uploads\/2022\/10\/premio_boas_praticas_educacao_fisica_bacharelado_12-1536x691.jpeg 1536w, https:\/\/sites.uel.br\/ser\/wp-content\/uploads\/2022\/10\/premio_boas_praticas_educacao_fisica_bacharelado_12.jpeg 1600w\" sizes=\"auto, (max-width: 1024px) 100vw, 1024px\" \/><\/figure>\n<\/div>","protected":false},"excerpt":{"rendered":"<p>Cursos Inscritos Premiados 2022 Educa\u00e7\u00e3o F\u00edsica &#8211; Bacharelado Resumo da A\u00e7\u00e3o: 1) Conhecendo a UEL por meio da pr\u00e1tica de caminhada guiada: Realiza\u00e7\u00e3o: dia 05\/08\/2022 das 9h00 \u00e0s 11h00 Pontos de Controle: (1) Restaurante Universit\u00e1rio; (2) Ambulat\u00f3rio de Especialidades do Hospital Universit\u00e1rio e Pronto Socorro Odontol\u00f3gico; (3) Pr\u00f3-reitoria de gradua\u00e7\u00e3o; (4) Departamento de Anatomia; (5) [&hellip;]<\/p>\n","protected":false},"author":8,"featured_media":0,"parent":0,"menu_order":0,"comment_status":"closed","ping_status":"closed","template":"","meta":{"_acf_changed":false,"_themeisle_gutenberg_block_has_review":false,"footnotes":""},"class_list":["post-3113","page","type-page","status-publish","hentry"],"acf":[],"_links":{"self":[{"href":"https:\/\/sites.uel.br\/ser\/wp-json\/wp\/v2\/pages\/3113","targetHints":{"allow":["GET"]}}],"collection":[{"href":"https:\/\/sites.uel.br\/ser\/wp-json\/wp\/v2\/pages"}],"about":[{"href":"https:\/\/sites.uel.br\/ser\/wp-json\/wp\/v2\/types\/page"}],"author":[{"embeddable":true,"href":"https:\/\/sites.uel.br\/ser\/wp-json\/wp\/v2\/users\/8"}],"replies":[{"embeddable":true,"href":"https:\/\/sites.uel.br\/ser\/wp-json\/wp\/v2\/comments?post=3113"}],"version-history":[{"count":23,"href":"https:\/\/sites.uel.br\/ser\/wp-json\/wp\/v2\/pages\/3113\/revisions"}],"predecessor-version":[{"id":4829,"href":"https:\/\/sites.uel.br\/ser\/wp-json\/wp\/v2\/pages\/3113\/revisions\/4829"}],"wp:attachment":[{"href":"https:\/\/sites.uel.br\/ser\/wp-json\/wp\/v2\/media?parent=3113"}],"curies":[{"name":"wp","href":"https:\/\/api.w.org\/{rel}","templated":true}]}}