{"id":3107,"date":"2022-10-11T14:41:49","date_gmt":"2022-10-11T17:41:49","guid":{"rendered":"https:\/\/sites.uel.br\/ser\/?page_id=3107"},"modified":"2023-07-07T14:24:48","modified_gmt":"2023-07-07T17:24:48","slug":"premio-boas-praticas-na-recepcao-aos-estudantes-ingressantes-premiados-2022-biotecnologia","status":"publish","type":"page","link":"https:\/\/sites.uel.br\/ser\/premio-boas-praticas-na-recepcao-aos-estudantes-ingressantes-premiados-2022-biotecnologia\/","title":{"rendered":"Pr\u00eamio Boas Pr\u00e1ticas na Recep\u00e7\u00e3o aos Estudantes Ingressantes"},"content":{"rendered":"\n<hr class=\"wp-block-separator has-alpha-channel-opacity is-style-wide\" \/>\n\n\n\n<figure class=\"wp-block-image size-full\"><img loading=\"lazy\" decoding=\"async\" width=\"1280\" height=\"512\" src=\"https:\/\/sites.uel.br\/ser\/wp-content\/uploads\/2021\/07\/IMG-20210727-WA0028.jpg\" alt=\"\" class=\"wp-image-1021\" srcset=\"https:\/\/sites.uel.br\/ser\/wp-content\/uploads\/2021\/07\/IMG-20210727-WA0028.jpg 1280w, https:\/\/sites.uel.br\/ser\/wp-content\/uploads\/2021\/07\/IMG-20210727-WA0028-300x120.jpg 300w, https:\/\/sites.uel.br\/ser\/wp-content\/uploads\/2021\/07\/IMG-20210727-WA0028-1024x410.jpg 1024w, https:\/\/sites.uel.br\/ser\/wp-content\/uploads\/2021\/07\/IMG-20210727-WA0028-768x307.jpg 768w\" sizes=\"auto, (max-width: 1280px) 100vw, 1280px\" \/><\/figure>\n\n\n\n<h2 class=\"wp-block-heading\">Cursos Inscritos Premiados<\/h2>\n\n\n\n<h2 class=\"wp-block-heading\">2022<\/h2>\n\n\n\n<h2 class=\"wp-block-heading\">Biotecnologia<\/h2>\n\n\n\n<p><strong>Resumo da A\u00e7\u00e3o:<\/strong><\/p>\n\n\n\n<p>Os ingressantes do Curso de Biotecnologia foram recepcionados com uma Semana de muitas atividades de acolhimento, inser\u00e7\u00e3o e integra\u00e7\u00e3o, como: <\/p>\n\n\n\n<p>&#8211; Apresenta\u00e7\u00e3o da Bateria do CCE;<br>&#8211; Apresenta\u00e7\u00e3o do Curso pelo Colegiado;<br>&#8211; Apresenta\u00e7\u00e3o dos Diretor e Vice-diretor do CCE e Coordenadores de Cursos;<br>&#8211; Aula Magna &#8220;Como sobreviver em tempos dif\u00edceis&#8221;, Prof. Dr. Italmar Teodorico Navarro;<br>&#8211; Caf\u00e9 da Manh\u00e3 oferecido pelo departamento de Bioqu\u00edmica e Biotecnologia;<br>&#8211; Palestras com profissionais e pesquisadores de destaque de diferentes \u00e1reas da Biotecnologia;<br>&#8211; Atividades de Integra\u00e7\u00e3o entre Ingressantes e Veteranos;<br>&#8211; Gincana Solid\u00e1ria do CCE, com a arrecada\u00e7\u00e3o de ra\u00e7\u00f5es e material de limpeza para ADA, Associa\u00e7\u00e3o Defensora dos Animais, bem como de fraldas geri\u00e1tricas e material de limpeza para o Lar de idosos Maria Tereza Vieira.<\/p>\n\n\n\n<p><em>Obs: texto confeccionado pelos estudantes de Gradua\u00e7\u00e3o e\/ou Coordena\u00e7\u00e3o do curso.<\/em><\/p>\n\n\n\n<hr class=\"wp-block-separator has-text-color has-cinza-color has-css-opacity has-cinza-background-color has-background is-style-wide\" \/>\n\n\n\n<figure class=\"wp-block-embed is-type-video is-provider-youtube wp-block-embed-youtube wp-embed-aspect-16-9 wp-has-aspect-ratio\"><div class=\"wp-block-embed__wrapper\">\n<iframe loading=\"lazy\" title=\"Pr\u00eamio Boas Pr\u00e1ticas Solid\u00e1rias 2022 (Biotecnologia, Geografia, Matem\u00e1tica e Qu\u00edmica)\" width=\"500\" height=\"281\" src=\"https:\/\/www.youtube.com\/embed\/wpd2dvjkk00?feature=oembed\" frameborder=\"0\" allow=\"accelerometer; autoplay; clipboard-write; encrypted-media; gyroscope; picture-in-picture; web-share\" referrerpolicy=\"strict-origin-when-cross-origin\" allowfullscreen><\/iframe>\n<\/div><\/figure>\n\n\n<div class=\"wp-block-image\">\n<figure class=\"aligncenter size-full\"><img loading=\"lazy\" decoding=\"async\" width=\"1024\" height=\"768\" src=\"https:\/\/sites.uel.br\/ser\/wp-content\/uploads\/2022\/10\/premio_boas_praticas_biotecnologia_01.jpg\" alt=\"\" class=\"wp-image-3266\" srcset=\"https:\/\/sites.uel.br\/ser\/wp-content\/uploads\/2022\/10\/premio_boas_praticas_biotecnologia_01.jpg 1024w, https:\/\/sites.uel.br\/ser\/wp-content\/uploads\/2022\/10\/premio_boas_praticas_biotecnologia_01-300x225.jpg 300w, https:\/\/sites.uel.br\/ser\/wp-content\/uploads\/2022\/10\/premio_boas_praticas_biotecnologia_01-768x576.jpg 768w\" sizes=\"auto, (max-width: 1024px) 100vw, 1024px\" \/><\/figure>\n<\/div>\n\n<div class=\"wp-block-image\">\n<figure class=\"aligncenter size-full\"><img loading=\"lazy\" decoding=\"async\" width=\"1024\" height=\"768\" src=\"https:\/\/sites.uel.br\/ser\/wp-content\/uploads\/2022\/10\/premio_boas_praticas_biotecnologia_02.jpg\" alt=\"\" class=\"wp-image-3267\" srcset=\"https:\/\/sites.uel.br\/ser\/wp-content\/uploads\/2022\/10\/premio_boas_praticas_biotecnologia_02.jpg 1024w, https:\/\/sites.uel.br\/ser\/wp-content\/uploads\/2022\/10\/premio_boas_praticas_biotecnologia_02-300x225.jpg 300w, https:\/\/sites.uel.br\/ser\/wp-content\/uploads\/2022\/10\/premio_boas_praticas_biotecnologia_02-768x576.jpg 768w\" sizes=\"auto, (max-width: 1024px) 100vw, 1024px\" \/><\/figure>\n<\/div>\n\n<div class=\"wp-block-image\">\n<figure class=\"aligncenter size-full\"><img loading=\"lazy\" decoding=\"async\" width=\"768\" height=\"1024\" src=\"https:\/\/sites.uel.br\/ser\/wp-content\/uploads\/2022\/10\/premio_boas_praticas_biotecnologia_03.jpg\" alt=\"\" class=\"wp-image-3269\" srcset=\"https:\/\/sites.uel.br\/ser\/wp-content\/uploads\/2022\/10\/premio_boas_praticas_biotecnologia_03.jpg 768w, https:\/\/sites.uel.br\/ser\/wp-content\/uploads\/2022\/10\/premio_boas_praticas_biotecnologia_03-225x300.jpg 225w\" sizes=\"auto, (max-width: 768px) 100vw, 768px\" \/><\/figure>\n<\/div>\n\n<div class=\"wp-block-image\">\n<figure class=\"aligncenter size-full\"><img loading=\"lazy\" decoding=\"async\" width=\"1024\" height=\"768\" src=\"https:\/\/sites.uel.br\/ser\/wp-content\/uploads\/2022\/10\/premio_boas_praticas_biotecnologia_04.jpg\" alt=\"\" class=\"wp-image-3270\" srcset=\"https:\/\/sites.uel.br\/ser\/wp-content\/uploads\/2022\/10\/premio_boas_praticas_biotecnologia_04.jpg 1024w, https:\/\/sites.uel.br\/ser\/wp-content\/uploads\/2022\/10\/premio_boas_praticas_biotecnologia_04-300x225.jpg 300w, https:\/\/sites.uel.br\/ser\/wp-content\/uploads\/2022\/10\/premio_boas_praticas_biotecnologia_04-768x576.jpg 768w\" sizes=\"auto, (max-width: 1024px) 100vw, 1024px\" \/><\/figure>\n<\/div>\n\n<div class=\"wp-block-image\">\n<figure class=\"aligncenter size-full\"><img loading=\"lazy\" decoding=\"async\" width=\"768\" height=\"1024\" src=\"https:\/\/sites.uel.br\/ser\/wp-content\/uploads\/2022\/10\/premio_boas_praticas_biotecnologia_05.jpg\" alt=\"\" class=\"wp-image-3271\" srcset=\"https:\/\/sites.uel.br\/ser\/wp-content\/uploads\/2022\/10\/premio_boas_praticas_biotecnologia_05.jpg 768w, https:\/\/sites.uel.br\/ser\/wp-content\/uploads\/2022\/10\/premio_boas_praticas_biotecnologia_05-225x300.jpg 225w\" sizes=\"auto, (max-width: 768px) 100vw, 768px\" \/><\/figure>\n<\/div>\n\n<div class=\"wp-block-image\">\n<figure class=\"aligncenter size-full\"><img loading=\"lazy\" decoding=\"async\" width=\"1024\" height=\"768\" src=\"https:\/\/sites.uel.br\/ser\/wp-content\/uploads\/2022\/10\/premio_boas_praticas_biotecnologia_06.jpg\" alt=\"\" class=\"wp-image-3272\" srcset=\"https:\/\/sites.uel.br\/ser\/wp-content\/uploads\/2022\/10\/premio_boas_praticas_biotecnologia_06.jpg 1024w, https:\/\/sites.uel.br\/ser\/wp-content\/uploads\/2022\/10\/premio_boas_praticas_biotecnologia_06-300x225.jpg 300w, https:\/\/sites.uel.br\/ser\/wp-content\/uploads\/2022\/10\/premio_boas_praticas_biotecnologia_06-768x576.jpg 768w\" sizes=\"auto, (max-width: 1024px) 100vw, 1024px\" \/><\/figure>\n<\/div>\n\n<div class=\"wp-block-image\">\n<figure class=\"aligncenter size-full\"><img loading=\"lazy\" decoding=\"async\" width=\"1024\" height=\"768\" src=\"https:\/\/sites.uel.br\/ser\/wp-content\/uploads\/2022\/10\/premio_boas_praticas_biotecnologia_07.jpg\" alt=\"\" class=\"wp-image-3273\" srcset=\"https:\/\/sites.uel.br\/ser\/wp-content\/uploads\/2022\/10\/premio_boas_praticas_biotecnologia_07.jpg 1024w, https:\/\/sites.uel.br\/ser\/wp-content\/uploads\/2022\/10\/premio_boas_praticas_biotecnologia_07-300x225.jpg 300w, https:\/\/sites.uel.br\/ser\/wp-content\/uploads\/2022\/10\/premio_boas_praticas_biotecnologia_07-768x576.jpg 768w\" sizes=\"auto, (max-width: 1024px) 100vw, 1024px\" \/><\/figure>\n<\/div>\n\n<div class=\"wp-block-image\">\n<figure class=\"aligncenter size-full\"><img loading=\"lazy\" decoding=\"async\" width=\"1024\" height=\"768\" src=\"https:\/\/sites.uel.br\/ser\/wp-content\/uploads\/2022\/10\/premio_boas_praticas_biotecnologia_08.jpg\" alt=\"\" class=\"wp-image-3274\" srcset=\"https:\/\/sites.uel.br\/ser\/wp-content\/uploads\/2022\/10\/premio_boas_praticas_biotecnologia_08.jpg 1024w, https:\/\/sites.uel.br\/ser\/wp-content\/uploads\/2022\/10\/premio_boas_praticas_biotecnologia_08-300x225.jpg 300w, https:\/\/sites.uel.br\/ser\/wp-content\/uploads\/2022\/10\/premio_boas_praticas_biotecnologia_08-768x576.jpg 768w\" sizes=\"auto, (max-width: 1024px) 100vw, 1024px\" \/><\/figure>\n<\/div>\n\n<div class=\"wp-block-image\">\n<figure class=\"aligncenter size-full\"><img loading=\"lazy\" decoding=\"async\" width=\"768\" height=\"1024\" src=\"https:\/\/sites.uel.br\/ser\/wp-content\/uploads\/2022\/10\/premio_boas_praticas_biotecnologia_09.jpg\" alt=\"\" class=\"wp-image-3275\" srcset=\"https:\/\/sites.uel.br\/ser\/wp-content\/uploads\/2022\/10\/premio_boas_praticas_biotecnologia_09.jpg 768w, https:\/\/sites.uel.br\/ser\/wp-content\/uploads\/2022\/10\/premio_boas_praticas_biotecnologia_09-225x300.jpg 225w\" sizes=\"auto, (max-width: 768px) 100vw, 768px\" \/><\/figure>\n<\/div>\n\n<div class=\"wp-block-image\">\n<figure class=\"aligncenter size-full\"><img loading=\"lazy\" decoding=\"async\" width=\"1024\" height=\"768\" src=\"https:\/\/sites.uel.br\/ser\/wp-content\/uploads\/2022\/10\/premio_boas_praticas_biotecnologia_10.jpg\" alt=\"\" class=\"wp-image-3276\" srcset=\"https:\/\/sites.uel.br\/ser\/wp-content\/uploads\/2022\/10\/premio_boas_praticas_biotecnologia_10.jpg 1024w, https:\/\/sites.uel.br\/ser\/wp-content\/uploads\/2022\/10\/premio_boas_praticas_biotecnologia_10-300x225.jpg 300w, https:\/\/sites.uel.br\/ser\/wp-content\/uploads\/2022\/10\/premio_boas_praticas_biotecnologia_10-768x576.jpg 768w\" sizes=\"auto, (max-width: 1024px) 100vw, 1024px\" \/><\/figure>\n<\/div>\n\n<div class=\"wp-block-image\">\n<figure class=\"aligncenter size-full\"><img loading=\"lazy\" decoding=\"async\" width=\"1024\" height=\"768\" src=\"https:\/\/sites.uel.br\/ser\/wp-content\/uploads\/2022\/10\/premio_boas_praticas_biotecnologia_11.jpg\" alt=\"\" class=\"wp-image-3277\" srcset=\"https:\/\/sites.uel.br\/ser\/wp-content\/uploads\/2022\/10\/premio_boas_praticas_biotecnologia_11.jpg 1024w, https:\/\/sites.uel.br\/ser\/wp-content\/uploads\/2022\/10\/premio_boas_praticas_biotecnologia_11-300x225.jpg 300w, https:\/\/sites.uel.br\/ser\/wp-content\/uploads\/2022\/10\/premio_boas_praticas_biotecnologia_11-768x576.jpg 768w\" sizes=\"auto, (max-width: 1024px) 100vw, 1024px\" \/><\/figure>\n<\/div>\n\n<div class=\"wp-block-image\">\n<figure class=\"aligncenter size-full\"><img loading=\"lazy\" decoding=\"async\" width=\"1024\" height=\"768\" src=\"https:\/\/sites.uel.br\/ser\/wp-content\/uploads\/2022\/10\/premio_boas_praticas_biotecnologia_12.jpg\" alt=\"\" class=\"wp-image-3278\" srcset=\"https:\/\/sites.uel.br\/ser\/wp-content\/uploads\/2022\/10\/premio_boas_praticas_biotecnologia_12.jpg 1024w, https:\/\/sites.uel.br\/ser\/wp-content\/uploads\/2022\/10\/premio_boas_praticas_biotecnologia_12-300x225.jpg 300w, https:\/\/sites.uel.br\/ser\/wp-content\/uploads\/2022\/10\/premio_boas_praticas_biotecnologia_12-768x576.jpg 768w\" sizes=\"auto, (max-width: 1024px) 100vw, 1024px\" \/><\/figure>\n<\/div>\n\n<div class=\"wp-block-image\">\n<figure class=\"aligncenter size-full\"><img loading=\"lazy\" decoding=\"async\" width=\"1024\" height=\"768\" src=\"https:\/\/sites.uel.br\/ser\/wp-content\/uploads\/2022\/10\/premio_boas_praticas_biotecnologia_13.jpg\" alt=\"\" class=\"wp-image-3279\" srcset=\"https:\/\/sites.uel.br\/ser\/wp-content\/uploads\/2022\/10\/premio_boas_praticas_biotecnologia_13.jpg 1024w, https:\/\/sites.uel.br\/ser\/wp-content\/uploads\/2022\/10\/premio_boas_praticas_biotecnologia_13-300x225.jpg 300w, https:\/\/sites.uel.br\/ser\/wp-content\/uploads\/2022\/10\/premio_boas_praticas_biotecnologia_13-768x576.jpg 768w\" sizes=\"auto, (max-width: 1024px) 100vw, 1024px\" \/><\/figure>\n<\/div>\n\n<div class=\"wp-block-image\">\n<figure class=\"aligncenter size-full\"><img loading=\"lazy\" decoding=\"async\" width=\"768\" height=\"1024\" src=\"https:\/\/sites.uel.br\/ser\/wp-content\/uploads\/2022\/10\/premio_boas_praticas_biotecnologia_14.jpg\" alt=\"\" class=\"wp-image-3280\" srcset=\"https:\/\/sites.uel.br\/ser\/wp-content\/uploads\/2022\/10\/premio_boas_praticas_biotecnologia_14.jpg 768w, https:\/\/sites.uel.br\/ser\/wp-content\/uploads\/2022\/10\/premio_boas_praticas_biotecnologia_14-225x300.jpg 225w\" sizes=\"auto, (max-width: 768px) 100vw, 768px\" \/><\/figure>\n<\/div>\n\n<div class=\"wp-block-image\">\n<figure class=\"aligncenter size-full\"><img loading=\"lazy\" decoding=\"async\" width=\"1024\" height=\"768\" src=\"https:\/\/sites.uel.br\/ser\/wp-content\/uploads\/2022\/10\/premio_boas_praticas_biotecnologia_15.jpg\" alt=\"\" class=\"wp-image-3281\" srcset=\"https:\/\/sites.uel.br\/ser\/wp-content\/uploads\/2022\/10\/premio_boas_praticas_biotecnologia_15.jpg 1024w, https:\/\/sites.uel.br\/ser\/wp-content\/uploads\/2022\/10\/premio_boas_praticas_biotecnologia_15-300x225.jpg 300w, https:\/\/sites.uel.br\/ser\/wp-content\/uploads\/2022\/10\/premio_boas_praticas_biotecnologia_15-768x576.jpg 768w\" sizes=\"auto, (max-width: 1024px) 100vw, 1024px\" \/><\/figure>\n<\/div>","protected":false},"excerpt":{"rendered":"<p>Cursos Inscritos Premiados 2022 Biotecnologia Resumo da A\u00e7\u00e3o: Os ingressantes do Curso de Biotecnologia foram recepcionados com uma Semana de muitas atividades de acolhimento, inser\u00e7\u00e3o e integra\u00e7\u00e3o, como: &#8211; Apresenta\u00e7\u00e3o da Bateria do CCE;&#8211; Apresenta\u00e7\u00e3o do Curso pelo Colegiado;&#8211; Apresenta\u00e7\u00e3o dos Diretor e Vice-diretor do CCE e Coordenadores de Cursos;&#8211; Aula Magna &#8220;Como sobreviver em [&hellip;]<\/p>\n","protected":false},"author":8,"featured_media":0,"parent":0,"menu_order":0,"comment_status":"closed","ping_status":"closed","template":"","meta":{"_acf_changed":false,"_themeisle_gutenberg_block_has_review":false,"footnotes":""},"class_list":["post-3107","page","type-page","status-publish","hentry"],"acf":[],"_links":{"self":[{"href":"https:\/\/sites.uel.br\/ser\/wp-json\/wp\/v2\/pages\/3107","targetHints":{"allow":["GET"]}}],"collection":[{"href":"https:\/\/sites.uel.br\/ser\/wp-json\/wp\/v2\/pages"}],"about":[{"href":"https:\/\/sites.uel.br\/ser\/wp-json\/wp\/v2\/types\/page"}],"author":[{"embeddable":true,"href":"https:\/\/sites.uel.br\/ser\/wp-json\/wp\/v2\/users\/8"}],"replies":[{"embeddable":true,"href":"https:\/\/sites.uel.br\/ser\/wp-json\/wp\/v2\/comments?post=3107"}],"version-history":[{"count":21,"href":"https:\/\/sites.uel.br\/ser\/wp-json\/wp\/v2\/pages\/3107\/revisions"}],"predecessor-version":[{"id":4826,"href":"https:\/\/sites.uel.br\/ser\/wp-json\/wp\/v2\/pages\/3107\/revisions\/4826"}],"wp:attachment":[{"href":"https:\/\/sites.uel.br\/ser\/wp-json\/wp\/v2\/media?parent=3107"}],"curies":[{"name":"wp","href":"https:\/\/api.w.org\/{rel}","templated":true}]}}