{"id":3105,"date":"2022-10-11T14:41:21","date_gmt":"2022-10-11T17:41:21","guid":{"rendered":"https:\/\/sites.uel.br\/ser\/?page_id=3105"},"modified":"2023-07-07T14:24:39","modified_gmt":"2023-07-07T17:24:39","slug":"premio-boas-praticas-na-recepcao-aos-estudantes-ingressantes-premiados-2022-biomedicina","status":"publish","type":"page","link":"https:\/\/sites.uel.br\/ser\/premio-boas-praticas-na-recepcao-aos-estudantes-ingressantes-premiados-2022-biomedicina\/","title":{"rendered":"Pr\u00eamio Boas Pr\u00e1ticas na Recep\u00e7\u00e3o aos Estudantes Ingressantes"},"content":{"rendered":"\n<hr class=\"wp-block-separator has-alpha-channel-opacity is-style-wide\" \/>\n\n\n\n<figure class=\"wp-block-image size-full\"><img loading=\"lazy\" decoding=\"async\" width=\"1280\" height=\"512\" src=\"https:\/\/sites.uel.br\/ser\/wp-content\/uploads\/2021\/07\/IMG-20210727-WA0028.jpg\" alt=\"\" class=\"wp-image-1021\" srcset=\"https:\/\/sites.uel.br\/ser\/wp-content\/uploads\/2021\/07\/IMG-20210727-WA0028.jpg 1280w, https:\/\/sites.uel.br\/ser\/wp-content\/uploads\/2021\/07\/IMG-20210727-WA0028-300x120.jpg 300w, https:\/\/sites.uel.br\/ser\/wp-content\/uploads\/2021\/07\/IMG-20210727-WA0028-1024x410.jpg 1024w, https:\/\/sites.uel.br\/ser\/wp-content\/uploads\/2021\/07\/IMG-20210727-WA0028-768x307.jpg 768w\" sizes=\"auto, (max-width: 1280px) 100vw, 1280px\" \/><\/figure>\n\n\n\n<h2 class=\"wp-block-heading\">Cursos Inscritos Premiados<\/h2>\n\n\n\n<h2 class=\"wp-block-heading\">2022<\/h2>\n\n\n\n<h2 class=\"wp-block-heading\">Biomedicina<\/h2>\n\n\n\n<p><strong>Resumo da A\u00e7\u00e3o:<\/strong><\/p>\n\n\n\n<p class=\"has-text-align-left\"><strong>1) <\/strong>Foi planejado pela turma XXII de Biomedicina um trote solid\u00e1rio composto por duas atividades: arrecada\u00e7\u00e3o de fundos para a posterior doa\u00e7\u00e3o para a Sociedade S\u00e3o Vicente de Paulo e a grafitagem da parede externa da sala 239B do Departamento de Histologia da UEL, contido no CCB.<\/p>\n\n\n\n<p class=\"has-text-align-left\">A arrecada\u00e7\u00e3o teve como meio principal as m\u00eddias sociais (Instagram e WhatsApp) uma vez que essas t\u00eam a capacidade de alcan\u00e7ar um enorme p\u00fablico. Foi feito um flyer para a divulga\u00e7\u00e3o da arrecada\u00e7\u00e3o e este foi publicado nas redes sociais dos veteranos e calouros e tamb\u00e9m do Centro Acad\u00eamico do curso de Biomedicina. Ao todo a arrecada\u00e7\u00e3o durou 1 (um) m\u00eas e a quantia em dinheiro arrecadada foi de exatamente R$ 1000,00. A institui\u00e7\u00e3o demostrou imensa gratid\u00e3o pela doa\u00e7\u00e3o. <\/p>\n\n\n\n<p class=\"has-text-align-left\">O grafite da parede foi realizado em a partir de uma ideia resultante de um di\u00e1logo com calouro LUIS EDUARDO ALEXANDRE GONZAGA DE LANDREIA (experiente na \u00e1rea de grafitagem). Os desenhos contidos no grafite s\u00e3o de cunho puramente cient\u00edficos que remetam \u00e0 conte\u00fados contidos no curso de Biomedicina, com um enfoque na Histologia e Anatomia. Inicialmente buscamos a aprova\u00e7\u00e3o formal dos chefes dos departamentos de Histologia e Anatomia (mediante a vista do esbo\u00e7o da arte) para que em seguida fosse iniciado o trabalho em si. Todo o dinheiro para os sprays utilizados foi conseguido a partir de arrecada\u00e7\u00f5es realizadas pelos discentes do curso e docentes dos departamentos e vinculados ao curso de Biomedicina. Ao fim da grafitem, todos, incluindo discentes e docentes, ficaram impressionados com a arte e demonstraram imensa admira\u00e7\u00e3o.<\/p>\n\n\n\n<p><\/p>\n\n\n\n<p><strong>2) <\/strong>O trote solid\u00e1rio da Biomedicina UEL foi realizado em duas partes, os calouros e os veteranos estiveram envolvidos em uma campanha online (redes sociais) de arrecada\u00e7\u00e3o de dinheiro para compra de cestas b\u00e1sicas para fam\u00edlias carentes de Londrina atendidas pela Associa\u00e7\u00e3o S\u00e3o Vicente de Paulo, foi arrecadado o total de 1 mil reais e entregues para a associa\u00e7\u00e3o. Outra parte do trote solid\u00e1rio foi a pintura art\u00edstica com vi\u00e9s cient\u00edfico da parede do departamento de Histologia e Anatomia no Centro de Ci\u00eancias Biol\u00f3gicas da UEL, o grafite foi esbo\u00e7ado pelo aluno do primeiro ano de Biomedicina Luis Eduardo Alexandre Gonzaga de Landreia, que \u00e9 grafiteiro. <\/p>\n\n\n\n<figure class=\"wp-block-table\"><table class=\"has-verde-claro-background-color has-background\"><tbody><tr><td><em>Oii, galera, tudo bem? Venho em nome do coordenador da Confer\u00eancia Nossa Sra. das Gra\u00e7as e de toda Sociedade S\u00e3o Vicente de Paulo (SSVP &#8211; Londrina) agradecer pelas doa\u00e7\u00f5es feitas no trote solid\u00e1rio! A arrecada\u00e7\u00e3o foi muito boa e, com ela, muitas cestas b\u00e1sicas ser\u00e3o feitas e entregues para fam\u00edlias de baixa renda. Ser\u00e3o contempladas fam\u00edlias dos bairros Cafezal e Uni\u00e3o da Vit\u00f3ria que s\u00e3o assistidas mensalmente pela confer\u00eancia. Assim que as cestas forem entregues, colocarei as fotos aqui para todos. A SSVP ajuda muitas fam\u00edlias em Londrina, mas est\u00e1 presente no pa\u00eds todo. Al\u00e9m da entrega de cestas b\u00e1sicas, o projeto assiste \u00e0s fam\u00edlias inscritas, acompanhando-as atrav\u00e9s de assistentes sociais e de outros profissionais e volunt\u00e1rios (acompanhamento do desempenho escolar, da vacina\u00e7\u00e3o, etc). A SSVP aceita doa\u00e7\u00f5es (em dinheiro ou em alimentos n\u00e3o perec\u00edveis) o ano todo, ent\u00e3o, se quiser e puder, doe! A Confer\u00eancia Nossa Senhora das Gra\u00e7as agradece a todos pelas doa\u00e7\u00f5es! Parab\u00e9ns aos envolvidos!<\/em><\/td><\/tr><\/tbody><\/table><\/figure>\n\n\n\n<figure class=\"wp-block-table\"><table class=\"has-verde-claro-background-color has-background\"><tbody><tr><td><em>Ao entrar na faculdade \u00e9 uma alegria que transborda!! Mas ao mesmo tempo vem muitas incertezas, o medo de n\u00e3o fazer amizades.. Mas com o trote solid\u00e1rio que fizemos foi um meio que nos permitiu nos aproximarmos e nos conhecermos! Praticar uma a\u00e7\u00e3o beneficiente para aqueles que mais precisam, mostra para sociedade que os universit\u00e1rios t\u00eam um papel fundamental! Participar desta a\u00e7\u00e3o foi fundamental, para come\u00e7ar um nova etapa de nossas vidas, de uma forma incr\u00edvel!! Por fim, agradecemos aos nossos veteranos, por nos proporcionar este momento e tamb\u00e9m aos nossos coordenadores e professores pelo apoio e incentivo!<\/em> <strong>Maria Eduarda Negreiros &#8211; Ingressante<\/strong><\/td><\/tr><\/tbody><\/table><\/figure>\n\n\n\n<figure class=\"wp-block-table\"><table class=\"has-verde-claro-background-color has-background\"><tbody><tr><td><em>Ao chegar na uel e saber que ter\u00edamos trotes eu fiquei de cara assustado, mas ao saber que nosso trote faria uma arrecada\u00e7\u00e3o de fundos para ajudar certas comunidades eu fiquei muito surpreso. At\u00e9 porque n\u00e3o \u00e9 algo com muita frequ\u00eancia de se ver, at\u00e9 porque muitas pessoas n\u00e3o se juntam para arrecadar dinheiro, ainda mais quando tem como fim ajudar pessoas, e ao ver que batemos nossa meta e vamos conseguir fazer oque quer\u00edamos mostrou que se nos juntarmos conseguimos deixar o mundo, a faculdade e at\u00e9 mesmo nosso curso melhor.<\/em> <strong>Ant\u00f4nio Carlos da Silva Vieira &#8211; Ingressante<\/strong><\/td><\/tr><\/tbody><\/table><\/figure>\n\n\n\n<figure class=\"wp-block-table\"><table class=\"has-verde-claro-background-color has-background\"><tbody><tr><td><em>Minha turma entrou na universidade durante a pandemia, em agosto de 2021. Era uma \u00e9poca de muitas incertezas e n\u00e3o tivemos trote. Nossa recep\u00e7\u00e3o foi online e nossos veteranos tiveram poucas atividades presenciais. Por isso, o trote para a turma 23 foi um trote para a nossa turma tamb\u00e9m e foi incr\u00edvel termos a oportunidade de organizar e participar dos trotes solid\u00e1rios desse ano. A cartilha do calouro, feita e entregue online e de forma personalizada com o nome de cada aluno, foi uma forma de acolher cada calouro com carinho e ajud\u00e1-los a se encontrarem em sua primeira semana na UEL. O resultado do trote social com arrecada\u00e7\u00e3o de dinheiro para a compra de cestas b\u00e1sicas em parceria com a Sociedade S\u00e3o Vicente de Paulo foi uma surpresa sensacional com apenas um m\u00eas de divulga\u00e7\u00e3o, por sermos um curso de turmas pequenas. \u00c9 muito gratificante poder ajudar as fam\u00edlias carentes de Londrina e acreditamos que esse trote poderia ser uma tradi\u00e7\u00e3o da universidade e do curso daqui para frente. Organizar a pintura da parede do departamento de Histologia e de Anatomia foi uma \u00f3tima oportunidade de conhecer mais sobre arte e vincular arte e ci\u00eancia, \u00e9 uma uma forma tamb\u00e9m de mostrar ao grafiteiro, ao artista que h\u00e1 lugar na universidade para ele e para a arte dele, e mostrar que um artista pode ser cientista e vice versa, \u00e9 poss\u00edvel comunicar e divulgar a ci\u00eancia por meio da arte, como bem descreveu o professor Osny Ferreira em seu v\u00eddeo de depoimento. Enfim, o trote desse ano foi pensado pela nossa turma para acolher, integrar e fazer a diferen\u00e7a n\u00e3o somente na universidade, mas na comunidade de Londrina<\/em>. <strong>Ana Paula dos Santos Alves &#8211; Veterana<\/strong><\/td><\/tr><\/tbody><\/table><\/figure>\n\n\n\n<p><\/p>\n\n\n\n<p><em>Obs: texto confeccionado pelos estudantes de Gradua\u00e7\u00e3o e\/ou Coordena\u00e7\u00e3o do curso.<\/em><\/p>\n\n\n\n<hr class=\"wp-block-separator has-text-color has-cinza-color has-css-opacity has-cinza-background-color has-background is-style-wide\" \/>\n\n\n\n<figure class=\"wp-block-embed is-type-video is-provider-youtube wp-block-embed-youtube wp-embed-aspect-16-9 wp-has-aspect-ratio\"><div class=\"wp-block-embed__wrapper\">\n<iframe loading=\"lazy\" title=\"Pr\u00eamio Boas Pr\u00e1ticas Solid\u00e1rias na Semana do Estudante Ingressante 2022 (Biomedicina)\" width=\"500\" height=\"281\" src=\"https:\/\/www.youtube.com\/embed\/bfK1EKIa84Q?feature=oembed\" frameborder=\"0\" allow=\"accelerometer; autoplay; clipboard-write; encrypted-media; gyroscope; picture-in-picture; web-share\" referrerpolicy=\"strict-origin-when-cross-origin\" allowfullscreen><\/iframe>\n<\/div><\/figure>\n\n\n<div class=\"wp-block-image\">\n<figure class=\"aligncenter size-large\"><img loading=\"lazy\" decoding=\"async\" width=\"768\" height=\"1024\" src=\"https:\/\/sites.uel.br\/ser\/wp-content\/uploads\/2022\/10\/premio_boas_praticas_biomedicina_01-768x1024.jpg\" alt=\"\" class=\"wp-image-3253\" srcset=\"https:\/\/sites.uel.br\/ser\/wp-content\/uploads\/2022\/10\/premio_boas_praticas_biomedicina_01-768x1024.jpg 768w, https:\/\/sites.uel.br\/ser\/wp-content\/uploads\/2022\/10\/premio_boas_praticas_biomedicina_01-225x300.jpg 225w, https:\/\/sites.uel.br\/ser\/wp-content\/uploads\/2022\/10\/premio_boas_praticas_biomedicina_01-1152x1536.jpg 1152w, https:\/\/sites.uel.br\/ser\/wp-content\/uploads\/2022\/10\/premio_boas_praticas_biomedicina_01.jpg 1200w\" sizes=\"auto, (max-width: 768px) 100vw, 768px\" \/><\/figure>\n<\/div>\n\n\n<p class=\"has-text-align-center\"><\/p>\n\n\n<div class=\"wp-block-image\">\n<figure class=\"aligncenter size-large\"><img loading=\"lazy\" decoding=\"async\" width=\"1024\" height=\"576\" src=\"https:\/\/sites.uel.br\/ser\/wp-content\/uploads\/2022\/10\/premio_boas_praticas_biomedicina_02-1024x576.jpeg\" alt=\"\" class=\"wp-image-3254\" srcset=\"https:\/\/sites.uel.br\/ser\/wp-content\/uploads\/2022\/10\/premio_boas_praticas_biomedicina_02-1024x576.jpeg 1024w, https:\/\/sites.uel.br\/ser\/wp-content\/uploads\/2022\/10\/premio_boas_praticas_biomedicina_02-300x169.jpeg 300w, https:\/\/sites.uel.br\/ser\/wp-content\/uploads\/2022\/10\/premio_boas_praticas_biomedicina_02-768x432.jpeg 768w, https:\/\/sites.uel.br\/ser\/wp-content\/uploads\/2022\/10\/premio_boas_praticas_biomedicina_02-1536x864.jpeg 1536w, https:\/\/sites.uel.br\/ser\/wp-content\/uploads\/2022\/10\/premio_boas_praticas_biomedicina_02.jpeg 1599w\" sizes=\"auto, (max-width: 1024px) 100vw, 1024px\" \/><\/figure>\n<\/div>\n\n<div class=\"wp-block-image\">\n<figure class=\"aligncenter size-large\"><img loading=\"lazy\" decoding=\"async\" width=\"1024\" height=\"576\" src=\"https:\/\/sites.uel.br\/ser\/wp-content\/uploads\/2022\/10\/premio_boas_praticas_biomedicina_03-1024x576.png\" alt=\"\" class=\"wp-image-3255\" srcset=\"https:\/\/sites.uel.br\/ser\/wp-content\/uploads\/2022\/10\/premio_boas_praticas_biomedicina_03-1024x576.png 1024w, https:\/\/sites.uel.br\/ser\/wp-content\/uploads\/2022\/10\/premio_boas_praticas_biomedicina_03-300x169.png 300w, https:\/\/sites.uel.br\/ser\/wp-content\/uploads\/2022\/10\/premio_boas_praticas_biomedicina_03-768x432.png 768w, https:\/\/sites.uel.br\/ser\/wp-content\/uploads\/2022\/10\/premio_boas_praticas_biomedicina_03.png 1334w\" sizes=\"auto, (max-width: 1024px) 100vw, 1024px\" \/><\/figure>\n<\/div>\n\n<div class=\"wp-block-image\">\n<figure class=\"aligncenter size-full\"><img loading=\"lazy\" decoding=\"async\" width=\"739\" height=\"750\" src=\"https:\/\/sites.uel.br\/ser\/wp-content\/uploads\/2022\/10\/premio_boas_praticas_biomedicina_04.jpg\" alt=\"\" class=\"wp-image-3256\" srcset=\"https:\/\/sites.uel.br\/ser\/wp-content\/uploads\/2022\/10\/premio_boas_praticas_biomedicina_04.jpg 739w, https:\/\/sites.uel.br\/ser\/wp-content\/uploads\/2022\/10\/premio_boas_praticas_biomedicina_04-296x300.jpg 296w\" sizes=\"auto, (max-width: 739px) 100vw, 739px\" \/><\/figure>\n<\/div>\n\n<div class=\"wp-block-image\">\n<figure class=\"aligncenter size-full\"><img loading=\"lazy\" decoding=\"async\" width=\"750\" height=\"737\" src=\"https:\/\/sites.uel.br\/ser\/wp-content\/uploads\/2022\/10\/premio_boas_praticas_biomedicina_05.jpg\" alt=\"\" class=\"wp-image-3257\" srcset=\"https:\/\/sites.uel.br\/ser\/wp-content\/uploads\/2022\/10\/premio_boas_praticas_biomedicina_05.jpg 750w, https:\/\/sites.uel.br\/ser\/wp-content\/uploads\/2022\/10\/premio_boas_praticas_biomedicina_05-300x295.jpg 300w\" sizes=\"auto, (max-width: 750px) 100vw, 750px\" \/><\/figure>\n<\/div>\n\n<div class=\"wp-block-image\">\n<figure class=\"aligncenter size-full\"><img loading=\"lazy\" decoding=\"async\" width=\"750\" height=\"742\" src=\"https:\/\/sites.uel.br\/ser\/wp-content\/uploads\/2022\/10\/premio_boas_praticas_biomedicina_06.jpg\" alt=\"\" class=\"wp-image-3258\" srcset=\"https:\/\/sites.uel.br\/ser\/wp-content\/uploads\/2022\/10\/premio_boas_praticas_biomedicina_06.jpg 750w, https:\/\/sites.uel.br\/ser\/wp-content\/uploads\/2022\/10\/premio_boas_praticas_biomedicina_06-300x297.jpg 300w\" sizes=\"auto, (max-width: 750px) 100vw, 750px\" \/><\/figure>\n<\/div>\n\n<div class=\"wp-block-image\">\n<figure class=\"aligncenter size-large\"><img loading=\"lazy\" decoding=\"async\" width=\"1024\" height=\"576\" src=\"https:\/\/sites.uel.br\/ser\/wp-content\/uploads\/2022\/10\/premio_boas_praticas_biomedicina_07-1024x576.png\" alt=\"\" class=\"wp-image-3260\" srcset=\"https:\/\/sites.uel.br\/ser\/wp-content\/uploads\/2022\/10\/premio_boas_praticas_biomedicina_07-1024x576.png 1024w, https:\/\/sites.uel.br\/ser\/wp-content\/uploads\/2022\/10\/premio_boas_praticas_biomedicina_07-300x169.png 300w, https:\/\/sites.uel.br\/ser\/wp-content\/uploads\/2022\/10\/premio_boas_praticas_biomedicina_07-768x432.png 768w, https:\/\/sites.uel.br\/ser\/wp-content\/uploads\/2022\/10\/premio_boas_praticas_biomedicina_07.png 1334w\" sizes=\"auto, (max-width: 1024px) 100vw, 1024px\" \/><\/figure>\n<\/div>\n\n<div class=\"wp-block-image\">\n<figure class=\"aligncenter size-large\"><img loading=\"lazy\" decoding=\"async\" width=\"1024\" height=\"576\" src=\"https:\/\/sites.uel.br\/ser\/wp-content\/uploads\/2022\/10\/premio_boas_praticas_biomedicina_08-1024x576.png\" alt=\"\" class=\"wp-image-3261\" srcset=\"https:\/\/sites.uel.br\/ser\/wp-content\/uploads\/2022\/10\/premio_boas_praticas_biomedicina_08-1024x576.png 1024w, https:\/\/sites.uel.br\/ser\/wp-content\/uploads\/2022\/10\/premio_boas_praticas_biomedicina_08-300x169.png 300w, https:\/\/sites.uel.br\/ser\/wp-content\/uploads\/2022\/10\/premio_boas_praticas_biomedicina_08-768x432.png 768w, https:\/\/sites.uel.br\/ser\/wp-content\/uploads\/2022\/10\/premio_boas_praticas_biomedicina_08.png 1334w\" sizes=\"auto, (max-width: 1024px) 100vw, 1024px\" \/><\/figure>\n<\/div>\n\n<div class=\"wp-block-image\">\n<figure class=\"aligncenter size-large\"><img loading=\"lazy\" decoding=\"async\" width=\"720\" height=\"1024\" src=\"https:\/\/sites.uel.br\/ser\/wp-content\/uploads\/2022\/10\/premio_boas_praticas_biomedicina_09-720x1024.jpg\" alt=\"\" class=\"wp-image-3262\" srcset=\"https:\/\/sites.uel.br\/ser\/wp-content\/uploads\/2022\/10\/premio_boas_praticas_biomedicina_09-720x1024.jpg 720w, https:\/\/sites.uel.br\/ser\/wp-content\/uploads\/2022\/10\/premio_boas_praticas_biomedicina_09-211x300.jpg 211w, https:\/\/sites.uel.br\/ser\/wp-content\/uploads\/2022\/10\/premio_boas_praticas_biomedicina_09.jpg 754w\" sizes=\"auto, (max-width: 720px) 100vw, 720px\" \/><\/figure>\n<\/div>\n\n<div class=\"wp-block-image\">\n<figure class=\"aligncenter size-large\"><img loading=\"lazy\" decoding=\"async\" width=\"789\" height=\"1024\" src=\"https:\/\/sites.uel.br\/ser\/wp-content\/uploads\/2022\/10\/premio_boas_praticas_biomedicina_10-789x1024.jpeg\" alt=\"\" class=\"wp-image-3263\" srcset=\"https:\/\/sites.uel.br\/ser\/wp-content\/uploads\/2022\/10\/premio_boas_praticas_biomedicina_10-789x1024.jpeg 789w, https:\/\/sites.uel.br\/ser\/wp-content\/uploads\/2022\/10\/premio_boas_praticas_biomedicina_10-231x300.jpeg 231w, https:\/\/sites.uel.br\/ser\/wp-content\/uploads\/2022\/10\/premio_boas_praticas_biomedicina_10-768x997.jpeg 768w, https:\/\/sites.uel.br\/ser\/wp-content\/uploads\/2022\/10\/premio_boas_praticas_biomedicina_10.jpeg 820w\" sizes=\"auto, (max-width: 789px) 100vw, 789px\" \/><\/figure>\n<\/div>\n\n<div class=\"wp-block-image\">\n<figure class=\"aligncenter size-large\"><img loading=\"lazy\" decoding=\"async\" width=\"598\" height=\"1024\" src=\"https:\/\/sites.uel.br\/ser\/wp-content\/uploads\/2022\/10\/premio_boas_praticas_biomedicina_11-598x1024.jpg\" alt=\"\" class=\"wp-image-3264\" srcset=\"https:\/\/sites.uel.br\/ser\/wp-content\/uploads\/2022\/10\/premio_boas_praticas_biomedicina_11-598x1024.jpg 598w, https:\/\/sites.uel.br\/ser\/wp-content\/uploads\/2022\/10\/premio_boas_praticas_biomedicina_11-175x300.jpg 175w, https:\/\/sites.uel.br\/ser\/wp-content\/uploads\/2022\/10\/premio_boas_praticas_biomedicina_11.jpg 750w\" sizes=\"auto, (max-width: 598px) 100vw, 598px\" \/><\/figure>\n<\/div>","protected":false},"excerpt":{"rendered":"<p>Cursos Inscritos Premiados 2022 Biomedicina Resumo da A\u00e7\u00e3o: 1) Foi planejado pela turma XXII de Biomedicina um trote solid\u00e1rio composto por duas atividades: arrecada\u00e7\u00e3o de fundos para a posterior doa\u00e7\u00e3o para a Sociedade S\u00e3o Vicente de Paulo e a grafitagem da parede externa da sala 239B do Departamento de Histologia da UEL, contido no CCB. [&hellip;]<\/p>\n","protected":false},"author":8,"featured_media":0,"parent":0,"menu_order":0,"comment_status":"closed","ping_status":"closed","template":"","meta":{"_acf_changed":false,"_themeisle_gutenberg_block_has_review":false,"footnotes":""},"class_list":["post-3105","page","type-page","status-publish","hentry"],"acf":[],"_links":{"self":[{"href":"https:\/\/sites.uel.br\/ser\/wp-json\/wp\/v2\/pages\/3105","targetHints":{"allow":["GET"]}}],"collection":[{"href":"https:\/\/sites.uel.br\/ser\/wp-json\/wp\/v2\/pages"}],"about":[{"href":"https:\/\/sites.uel.br\/ser\/wp-json\/wp\/v2\/types\/page"}],"author":[{"embeddable":true,"href":"https:\/\/sites.uel.br\/ser\/wp-json\/wp\/v2\/users\/8"}],"replies":[{"embeddable":true,"href":"https:\/\/sites.uel.br\/ser\/wp-json\/wp\/v2\/comments?post=3105"}],"version-history":[{"count":41,"href":"https:\/\/sites.uel.br\/ser\/wp-json\/wp\/v2\/pages\/3105\/revisions"}],"predecessor-version":[{"id":4825,"href":"https:\/\/sites.uel.br\/ser\/wp-json\/wp\/v2\/pages\/3105\/revisions\/4825"}],"wp:attachment":[{"href":"https:\/\/sites.uel.br\/ser\/wp-json\/wp\/v2\/media?parent=3105"}],"curies":[{"name":"wp","href":"https:\/\/api.w.org\/{rel}","templated":true}]}}