{"id":3095,"date":"2022-10-11T14:38:03","date_gmt":"2022-10-11T17:38:03","guid":{"rendered":"https:\/\/sites.uel.br\/ser\/?page_id=3095"},"modified":"2023-07-07T14:24:04","modified_gmt":"2023-07-07T17:24:04","slug":"premio-boas-praticas-na-recepcao-aos-estudantes-ingressantes-premiados-2022-agronomia","status":"publish","type":"page","link":"https:\/\/sites.uel.br\/ser\/premio-boas-praticas-na-recepcao-aos-estudantes-ingressantes-premiados-2022-agronomia\/","title":{"rendered":"Pr\u00eamio Boas Pr\u00e1ticas na Recep\u00e7\u00e3o aos Estudantes Ingressantes"},"content":{"rendered":"\n<hr class=\"wp-block-separator has-alpha-channel-opacity is-style-wide\" \/>\n\n\n\n<figure class=\"wp-block-image size-full\"><img loading=\"lazy\" decoding=\"async\" width=\"1280\" height=\"512\" src=\"https:\/\/sites.uel.br\/ser\/wp-content\/uploads\/2021\/07\/IMG-20210727-WA0028.jpg\" alt=\"\" class=\"wp-image-1021\" srcset=\"https:\/\/sites.uel.br\/ser\/wp-content\/uploads\/2021\/07\/IMG-20210727-WA0028.jpg 1280w, https:\/\/sites.uel.br\/ser\/wp-content\/uploads\/2021\/07\/IMG-20210727-WA0028-300x120.jpg 300w, https:\/\/sites.uel.br\/ser\/wp-content\/uploads\/2021\/07\/IMG-20210727-WA0028-1024x410.jpg 1024w, https:\/\/sites.uel.br\/ser\/wp-content\/uploads\/2021\/07\/IMG-20210727-WA0028-768x307.jpg 768w\" sizes=\"auto, (max-width: 1280px) 100vw, 1280px\" \/><\/figure>\n\n\n\n<h2 class=\"wp-block-heading\">Cursos Inscritos Premiados<\/h2>\n\n\n\n<h2 class=\"wp-block-heading\">2022<\/h2>\n\n\n\n<h2 class=\"wp-block-heading\">Agronomia<\/h2>\n\n\n\n<p><strong>Resumo da A\u00e7\u00e3o:<\/strong><\/p>\n\n\n\n<p><strong>1) <\/strong>A Empresa J\u00fanior Consoagro fez uma breve apresenta\u00e7\u00e3o sobre a empresa, de forma inicial, explicando a miss\u00e3o e a vis\u00e3o da empresa, explicando os servi\u00e7os e as diretorias. Fora isso, com a ajuda da professora Adriana (fertilidade de solos), realizamos uma parte pr\u00e1tica com os calouros na FAZESC. Essa atividade pr\u00e1tica visava ensinar retirar amostras de solo para posterior an\u00e1lise e tamb\u00e9m an\u00e1lise de Dores.<\/p>\n\n\n\n<p><strong>2) <\/strong>No dia 03\/08 o Centro Acad\u00eamico de Agronomia promoveu o plantio de 100 mudas de \u00e1rvores nativas na Fazenda Escola em \u00e1rea de reflorestamento. As mudas foram doadas pelo IAT (Instituto \u00c1gua e Terra) e foram plantadas pelos 80 novos integrantes no curso de agronomia da turma de 2022. Foram plantadas mudas de Ara\u00e7\u00e1 (Psidium cattleyanum), Angico (Anadenanthera colubrina), A\u00e7oita Cavalo (Luehea divaricata), Pau D\u2019alho (Gallesia integrifolia), Gurucaia (Parapiptadenia rigida), Pau-Marfim (Calucophyllum spruceanum), Copa\u00edba&nbsp;(Copaifera langsdorffii), Branquilho (Sebastiania commersoniana), Marmeleiro (Croton blanchetianus) e Canafistula (Peltophorum dubium). A idealiza\u00e7\u00e3o dessa atividade surgiu como uma proposta de conscientizar sobre a import\u00e2ncia da preserva\u00e7\u00e3o ambiental e tamb\u00e9m para os novos integrantes terem o primeiro contato com a fazenda escola. Muitos ingressantes gostaram de fazer o plantio dessas mudas e o feedback que recebemos foram positivos. Alguns ingressantes disseram que foi o primeiro contato com esse tipo de atividade.<\/p>\n\n\n\n<p><strong>3) <\/strong>A a\u00e7\u00e3o realizada foi uma campanha de arrecada\u00e7\u00e3o de fraldas geri\u00e1tricas pelos 3 cursos do CCA &#8211; Medicina Veterin\u00e1ria, Zootecnia e Agronomia. A arrecada\u00e7\u00e3o possibilitou a entrega das fraldas em duas institui\u00e7\u00f5es: Lar S\u00e3o Vicente de Paulo e Lar dos vovozinhos, sendo entregue em torno de 2500 fraldas, divididas de forma equivalente para ambos os locais. &nbsp;No momento da entrega, por conta ainda das condi\u00e7\u00f5es do COVID-19 a entrega foi feita na recep\u00e7\u00e3o, mas com muitos agradecimentos, pois nos lares muitos velhinhos usam fraldas tendo uma demanda de mais ou menos 60 fraldas por dia.<\/p>\n\n\n\n<p><em>Obs: texto confeccionado pelos estudantes de Gradua\u00e7\u00e3o e\/ou Coordena\u00e7\u00e3o do curso.<\/em><\/p>\n\n\n\n<hr class=\"wp-block-separator has-text-color has-cinza-color has-css-opacity has-cinza-background-color has-background is-style-wide\" \/>\n\n\n\n<figure class=\"wp-block-embed aligncenter is-type-video is-provider-youtube wp-block-embed-youtube wp-embed-aspect-16-9 wp-has-aspect-ratio\"><div class=\"wp-block-embed__wrapper\">\n<iframe loading=\"lazy\" title=\"Pr\u00eamio Boas Pr\u00e1ticas Solid\u00e1rias na Semana do Estudante Ingressante 2022 (Agronomia)\" width=\"500\" height=\"281\" src=\"https:\/\/www.youtube.com\/embed\/8Zy3q-0IOvo?feature=oembed\" frameborder=\"0\" allow=\"accelerometer; autoplay; clipboard-write; encrypted-media; gyroscope; picture-in-picture; web-share\" referrerpolicy=\"strict-origin-when-cross-origin\" allowfullscreen><\/iframe>\n<\/div><\/figure>\n\n\n<div class=\"wp-block-image\">\n<figure class=\"aligncenter size-large\"><img loading=\"lazy\" decoding=\"async\" width=\"1024\" height=\"768\" src=\"https:\/\/sites.uel.br\/ser\/wp-content\/uploads\/2022\/10\/premio_boas_praticas_agronomia_01-1024x768.jpeg\" alt=\"\" class=\"wp-image-3231\" srcset=\"https:\/\/sites.uel.br\/ser\/wp-content\/uploads\/2022\/10\/premio_boas_praticas_agronomia_01-1024x768.jpeg 1024w, https:\/\/sites.uel.br\/ser\/wp-content\/uploads\/2022\/10\/premio_boas_praticas_agronomia_01-300x225.jpeg 300w, https:\/\/sites.uel.br\/ser\/wp-content\/uploads\/2022\/10\/premio_boas_praticas_agronomia_01-768x576.jpeg 768w, https:\/\/sites.uel.br\/ser\/wp-content\/uploads\/2022\/10\/premio_boas_praticas_agronomia_01-1536x1152.jpeg 1536w, https:\/\/sites.uel.br\/ser\/wp-content\/uploads\/2022\/10\/premio_boas_praticas_agronomia_01-2048x1536.jpeg 2048w\" sizes=\"auto, (max-width: 1024px) 100vw, 1024px\" \/><\/figure>\n<\/div>\n\n<div class=\"wp-block-image\">\n<figure class=\"aligncenter size-large\"><img loading=\"lazy\" decoding=\"async\" width=\"1024\" height=\"768\" src=\"https:\/\/sites.uel.br\/ser\/wp-content\/uploads\/2022\/10\/premio_boas_praticas_agronomia_02-1024x768.jpeg\" alt=\"\" class=\"wp-image-3232\" srcset=\"https:\/\/sites.uel.br\/ser\/wp-content\/uploads\/2022\/10\/premio_boas_praticas_agronomia_02-1024x768.jpeg 1024w, https:\/\/sites.uel.br\/ser\/wp-content\/uploads\/2022\/10\/premio_boas_praticas_agronomia_02-300x225.jpeg 300w, https:\/\/sites.uel.br\/ser\/wp-content\/uploads\/2022\/10\/premio_boas_praticas_agronomia_02-768x576.jpeg 768w, https:\/\/sites.uel.br\/ser\/wp-content\/uploads\/2022\/10\/premio_boas_praticas_agronomia_02-1536x1152.jpeg 1536w, https:\/\/sites.uel.br\/ser\/wp-content\/uploads\/2022\/10\/premio_boas_praticas_agronomia_02-2048x1536.jpeg 2048w\" sizes=\"auto, (max-width: 1024px) 100vw, 1024px\" \/><\/figure>\n<\/div>\n\n<div class=\"wp-block-image\">\n<figure class=\"aligncenter size-full\"><img loading=\"lazy\" decoding=\"async\" width=\"827\" height=\"427\" src=\"https:\/\/sites.uel.br\/ser\/wp-content\/uploads\/2022\/10\/premio_boas_praticas_agronomia_03.jpg\" alt=\"\" class=\"wp-image-3233\" srcset=\"https:\/\/sites.uel.br\/ser\/wp-content\/uploads\/2022\/10\/premio_boas_praticas_agronomia_03.jpg 827w, https:\/\/sites.uel.br\/ser\/wp-content\/uploads\/2022\/10\/premio_boas_praticas_agronomia_03-300x155.jpg 300w, https:\/\/sites.uel.br\/ser\/wp-content\/uploads\/2022\/10\/premio_boas_praticas_agronomia_03-768x397.jpg 768w\" sizes=\"auto, (max-width: 827px) 100vw, 827px\" \/><\/figure>\n<\/div>","protected":false},"excerpt":{"rendered":"<p>Cursos Inscritos Premiados 2022 Agronomia Resumo da A\u00e7\u00e3o: 1) A Empresa J\u00fanior Consoagro fez uma breve apresenta\u00e7\u00e3o sobre a empresa, de forma inicial, explicando a miss\u00e3o e a vis\u00e3o da empresa, explicando os servi\u00e7os e as diretorias. Fora isso, com a ajuda da professora Adriana (fertilidade de solos), realizamos uma parte pr\u00e1tica com os calouros [&hellip;]<\/p>\n","protected":false},"author":8,"featured_media":0,"parent":0,"menu_order":0,"comment_status":"closed","ping_status":"closed","template":"","meta":{"_acf_changed":false,"_themeisle_gutenberg_block_has_review":false,"footnotes":""},"class_list":["post-3095","page","type-page","status-publish","hentry"],"acf":[],"_links":{"self":[{"href":"https:\/\/sites.uel.br\/ser\/wp-json\/wp\/v2\/pages\/3095","targetHints":{"allow":["GET"]}}],"collection":[{"href":"https:\/\/sites.uel.br\/ser\/wp-json\/wp\/v2\/pages"}],"about":[{"href":"https:\/\/sites.uel.br\/ser\/wp-json\/wp\/v2\/types\/page"}],"author":[{"embeddable":true,"href":"https:\/\/sites.uel.br\/ser\/wp-json\/wp\/v2\/users\/8"}],"replies":[{"embeddable":true,"href":"https:\/\/sites.uel.br\/ser\/wp-json\/wp\/v2\/comments?post=3095"}],"version-history":[{"count":41,"href":"https:\/\/sites.uel.br\/ser\/wp-json\/wp\/v2\/pages\/3095\/revisions"}],"predecessor-version":[{"id":4823,"href":"https:\/\/sites.uel.br\/ser\/wp-json\/wp\/v2\/pages\/3095\/revisions\/4823"}],"wp:attachment":[{"href":"https:\/\/sites.uel.br\/ser\/wp-json\/wp\/v2\/media?parent=3095"}],"curies":[{"name":"wp","href":"https:\/\/api.w.org\/{rel}","templated":true}]}}