{"id":2545,"date":"2022-07-27T15:20:10","date_gmt":"2022-07-27T18:20:10","guid":{"rendered":"https:\/\/sites.uel.br\/ser\/?page_id=2545"},"modified":"2025-03-13T14:22:32","modified_gmt":"2025-03-13T17:22:32","slug":"voce-sabia","status":"publish","type":"page","link":"https:\/\/sites.uel.br\/ser\/voce-sabia\/","title":{"rendered":"Voc\u00ea sabia?"},"content":{"rendered":"\n<hr class=\"wp-block-separator has-alpha-channel-opacity is-style-wide\" \/>\n\n\n<div class=\"wp-block-image\">\n<figure class=\"aligncenter size-full\"><img loading=\"lazy\" decoding=\"async\" width=\"1279\" height=\"510\" src=\"https:\/\/sites.uel.br\/ser\/wp-content\/uploads\/2025\/03\/topo_ser_uel_2025.png\" alt=\"\" class=\"wp-image-7631\" srcset=\"https:\/\/sites.uel.br\/ser\/wp-content\/uploads\/2025\/03\/topo_ser_uel_2025.png 1279w, https:\/\/sites.uel.br\/ser\/wp-content\/uploads\/2025\/03\/topo_ser_uel_2025-300x120.png 300w, https:\/\/sites.uel.br\/ser\/wp-content\/uploads\/2025\/03\/topo_ser_uel_2025-1024x408.png 1024w, https:\/\/sites.uel.br\/ser\/wp-content\/uploads\/2025\/03\/topo_ser_uel_2025-768x306.png 768w\" sizes=\"auto, (max-width: 1279px) 100vw, 1279px\" \/><\/figure>\n<\/div>\n\n\n<p><strong>Que o &#8220;trote&#8221; \u00e9 proibido na UEL?<\/strong><\/p>\n\n\n\n<p>Confira a <a rel=\"noreferrer noopener\" href=\"https:\/\/sites.uel.br\/ser\/wp-content\/uploads\/2022\/07\/resolucao_177_08.pdf\" target=\"_blank\">Resolu\u00e7\u00e3o CEPE\/CA N\u00ba 177\/2008<\/a> e <a rel=\"noreferrer noopener\" href=\"https:\/\/sites.uel.br\/ser\/wp-content\/uploads\/2022\/07\/resolucao_161_08.pdf\" target=\"_blank\">Resolu\u00e7\u00e3o CU N\u00ba 161\/2008<\/a><\/p>\n\n\n\n<div style=\"height:30px\" aria-hidden=\"true\" class=\"wp-block-spacer\"><\/div>\n\n\n\n<p><strong>Que o C\u00f3digo de Posturas do Munic\u00edpio de Londrina, em seu Art. 43, Par\u00e1grafo I, pro\u00edbe o &#8220;trote&#8221; violento?<\/strong><\/p>\n\n\n\n<p><a rel=\"noreferrer noopener\" href=\"https:\/\/sites.uel.br\/ser\/wp-content\/uploads\/2022\/07\/lei_11468_2011.pdf\" target=\"_blank\">Confira aqui &#8211; Lei Municipal N\u00ba 11.468 (Art. 43, \u00a7 I)<\/a><\/p>\n","protected":false},"excerpt":{"rendered":"<p>Que o &#8220;trote&#8221; \u00e9 proibido na UEL? Confira a Resolu\u00e7\u00e3o CEPE\/CA N\u00ba 177\/2008 e Resolu\u00e7\u00e3o CU N\u00ba 161\/2008 Que o C\u00f3digo de Posturas do Munic\u00edpio de Londrina, em seu Art. 43, Par\u00e1grafo I, pro\u00edbe o &#8220;trote&#8221; violento? Confira aqui &#8211; Lei Municipal N\u00ba 11.468 (Art. 43, \u00a7 I)<\/p>\n","protected":false},"author":8,"featured_media":0,"parent":0,"menu_order":0,"comment_status":"closed","ping_status":"closed","template":"","meta":{"_acf_changed":false,"_themeisle_gutenberg_block_has_review":false,"footnotes":""},"class_list":["post-2545","page","type-page","status-publish","hentry"],"acf":[],"_links":{"self":[{"href":"https:\/\/sites.uel.br\/ser\/wp-json\/wp\/v2\/pages\/2545","targetHints":{"allow":["GET"]}}],"collection":[{"href":"https:\/\/sites.uel.br\/ser\/wp-json\/wp\/v2\/pages"}],"about":[{"href":"https:\/\/sites.uel.br\/ser\/wp-json\/wp\/v2\/types\/page"}],"author":[{"embeddable":true,"href":"https:\/\/sites.uel.br\/ser\/wp-json\/wp\/v2\/users\/8"}],"replies":[{"embeddable":true,"href":"https:\/\/sites.uel.br\/ser\/wp-json\/wp\/v2\/comments?post=2545"}],"version-history":[{"count":20,"href":"https:\/\/sites.uel.br\/ser\/wp-json\/wp\/v2\/pages\/2545\/revisions"}],"predecessor-version":[{"id":8069,"href":"https:\/\/sites.uel.br\/ser\/wp-json\/wp\/v2\/pages\/2545\/revisions\/8069"}],"wp:attachment":[{"href":"https:\/\/sites.uel.br\/ser\/wp-json\/wp\/v2\/media?parent=2545"}],"curies":[{"name":"wp","href":"https:\/\/api.w.org\/{rel}","templated":true}]}}