{"id":2542,"date":"2022-07-27T15:19:36","date_gmt":"2022-07-27T18:19:36","guid":{"rendered":"https:\/\/sites.uel.br\/ser\/?page_id=2542"},"modified":"2026-02-13T17:29:07","modified_gmt":"2026-02-13T20:29:07","slug":"eurespeito","status":"publish","type":"page","link":"https:\/\/sites.uel.br\/ser\/eurespeito\/","title":{"rendered":"#EuRespeito"},"content":{"rendered":"\n<hr class=\"wp-block-separator has-alpha-channel-opacity is-style-wide\" \/>\n\n\n<div class=\"wp-block-image\">\n<figure class=\"aligncenter size-full\"><img loading=\"lazy\" decoding=\"async\" width=\"1279\" height=\"510\" src=\"https:\/\/sites.uel.br\/ser\/wp-content\/uploads\/2025\/03\/topo_ser_uel_2025.png\" alt=\"\" class=\"wp-image-7631\" srcset=\"https:\/\/sites.uel.br\/ser\/wp-content\/uploads\/2025\/03\/topo_ser_uel_2025.png 1279w, https:\/\/sites.uel.br\/ser\/wp-content\/uploads\/2025\/03\/topo_ser_uel_2025-300x120.png 300w, https:\/\/sites.uel.br\/ser\/wp-content\/uploads\/2025\/03\/topo_ser_uel_2025-1024x408.png 1024w, https:\/\/sites.uel.br\/ser\/wp-content\/uploads\/2025\/03\/topo_ser_uel_2025-768x306.png 768w\" sizes=\"auto, (max-width: 1279px) 100vw, 1279px\" \/><\/figure>\n<\/div>\n\n\n<p><strong>CONCEITO de <\/strong><strong>RESPEITO<\/strong>:<\/p>\n\n\n\n<p>&#8211; &#8220;<strong>respeito<\/strong>&#8221; \u00e9 oriundo do latim&nbsp;<em>respectus<\/em>&nbsp;partic\u00edpio passado de <em>RESPICERE<\/em>, \u201colhar outra vez\u201d, de <em>RE-<\/em>, \u201cde novo\u201d, mais <em>SPECERE<\/em>, \u201colhar\u201d. A ideia \u00e9 de que algo que merece um segundo olhar em geral merece respeito.<\/p>\n\n\n\n<p>&#8211; <strong>Respeito<\/strong> \u00e9 um dos valores humanos que fundamentam a vida em sociedade. Seja em rela\u00e7\u00f5es interpessoais ou em vista de normas, regras ou de um poder institu\u00eddo.<\/p>\n\n\n\n<div style=\"height:20px\" aria-hidden=\"true\" class=\"wp-block-spacer\"><\/div>\n\n\n\n<p><strong>CONCEITO de <\/strong><strong>\u201cANTES DE TUDO, EU RESPEITO\u201d<\/strong>:<\/p>\n\n\n\n<p>-sentimento de respeito m\u00fatuo movido por empatia, apre\u00e7o e\/ou a consci\u00eancia que respeitar a \u201cdiversidade&nbsp;\u00e9 compreender que todos somos iguais e, ao mesmo tempo, reconhecer a singularidade e as diferen\u00e7as de cada um\u201d.<\/p>\n\n\n<div class=\"wp-block-image\">\n<figure class=\"aligncenter size-full is-resized\"><img loading=\"lazy\" decoding=\"async\" width=\"553\" height=\"651\" src=\"https:\/\/sites.uel.br\/ser\/wp-content\/uploads\/2023\/07\/olhar.png\" alt=\"\" class=\"wp-image-5528\" style=\"width:277px;height:326px\" srcset=\"https:\/\/sites.uel.br\/ser\/wp-content\/uploads\/2023\/07\/olhar.png 553w, https:\/\/sites.uel.br\/ser\/wp-content\/uploads\/2023\/07\/olhar-255x300.png 255w\" sizes=\"auto, (max-width: 553px) 100vw, 553px\" \/><\/figure>\n<\/div>\n\n\n<p>A express\u00e3o &#8220;Antes de tudo, #EuRespeito&#8221; para a recep\u00e7\u00e3o dos ingressantes, por docentes e veteranos, simboliza considera\u00e7\u00e3o e sentimento positivo para com quem est\u00e1 chegando na UEL &#8211; Universidade Estadual de Londrina.<\/p>\n\n\n\n<p>\u00c9 o compromisso de cada um com o coletivo: respeito m\u00fatuo entre os novos estudantes e os veteranos, aos espa\u00e7os da institui\u00e7\u00e3o e a todos os membros da comunidade universit\u00e1ria.<\/p>\n\n\n\n<p>Uma cria\u00e7\u00e3o dos docentes do Depto. de Design (CECA): Profa Ana Luisa Boavista L. Cavalcante e Prof. Murilo Camargo Crivellari; Estudantes do Curso de Design Gr\u00e1fico: Izabela Maria Pereira e Kawana Const\u00e2ncio.<\/p>\n\n\n\n<p>\u00c9 o tema da Recep\u00e7\u00e3o aos Ingressantes da UEL 2026.<\/p>\n","protected":false},"excerpt":{"rendered":"<p>CONCEITO de RESPEITO: &#8211; &#8220;respeito&#8221; \u00e9 oriundo do latim&nbsp;respectus&nbsp;partic\u00edpio passado de RESPICERE, \u201colhar outra vez\u201d, de RE-, \u201cde novo\u201d, mais SPECERE, \u201colhar\u201d. A ideia \u00e9 de que algo que merece um segundo olhar em geral merece respeito. &#8211; Respeito \u00e9 um dos valores humanos que fundamentam a vida em sociedade. Seja em rela\u00e7\u00f5es interpessoais ou [&hellip;]<\/p>\n","protected":false},"author":8,"featured_media":0,"parent":0,"menu_order":0,"comment_status":"closed","ping_status":"closed","template":"","meta":{"_acf_changed":false,"_themeisle_gutenberg_block_has_review":false,"footnotes":""},"class_list":["post-2542","page","type-page","status-publish","hentry"],"acf":[],"_links":{"self":[{"href":"https:\/\/sites.uel.br\/ser\/wp-json\/wp\/v2\/pages\/2542","targetHints":{"allow":["GET"]}}],"collection":[{"href":"https:\/\/sites.uel.br\/ser\/wp-json\/wp\/v2\/pages"}],"about":[{"href":"https:\/\/sites.uel.br\/ser\/wp-json\/wp\/v2\/types\/page"}],"author":[{"embeddable":true,"href":"https:\/\/sites.uel.br\/ser\/wp-json\/wp\/v2\/users\/8"}],"replies":[{"embeddable":true,"href":"https:\/\/sites.uel.br\/ser\/wp-json\/wp\/v2\/comments?post=2542"}],"version-history":[{"count":25,"href":"https:\/\/sites.uel.br\/ser\/wp-json\/wp\/v2\/pages\/2542\/revisions"}],"predecessor-version":[{"id":8988,"href":"https:\/\/sites.uel.br\/ser\/wp-json\/wp\/v2\/pages\/2542\/revisions\/8988"}],"wp:attachment":[{"href":"https:\/\/sites.uel.br\/ser\/wp-json\/wp\/v2\/media?parent=2542"}],"curies":[{"name":"wp","href":"https:\/\/api.w.org\/{rel}","templated":true}]}}