{"id":2050,"date":"2022-07-25T10:12:57","date_gmt":"2022-07-25T13:12:57","guid":{"rendered":"https:\/\/sites.uel.br\/ser\/?page_id=2050"},"modified":"2025-07-09T16:25:08","modified_gmt":"2025-07-09T19:25:08","slug":"premio-boas-praticas-na-recepcao-aos-estudantes-ingressantes-2023-cursos-inscritos-premiados","status":"publish","type":"page","link":"https:\/\/sites.uel.br\/ser\/premio-boas-praticas-na-recepcao-aos-estudantes-ingressantes-2023-cursos-inscritos-premiados\/","title":{"rendered":"Pr\u00eamio Boas Pr\u00e1ticas na Recep\u00e7\u00e3o aos Estudantes Ingressantes"},"content":{"rendered":"\n<hr class=\"wp-block-separator has-alpha-channel-opacity is-style-wide\" \/>\n\n\n\n<figure class=\"wp-block-image size-full\"><img loading=\"lazy\" decoding=\"async\" width=\"1280\" height=\"512\" src=\"https:\/\/sites.uel.br\/ser\/wp-content\/uploads\/2021\/07\/IMG-20210727-WA0028.jpg\" alt=\"\" class=\"wp-image-1021\" srcset=\"https:\/\/sites.uel.br\/ser\/wp-content\/uploads\/2021\/07\/IMG-20210727-WA0028.jpg 1280w, https:\/\/sites.uel.br\/ser\/wp-content\/uploads\/2021\/07\/IMG-20210727-WA0028-300x120.jpg 300w, https:\/\/sites.uel.br\/ser\/wp-content\/uploads\/2021\/07\/IMG-20210727-WA0028-1024x410.jpg 1024w, https:\/\/sites.uel.br\/ser\/wp-content\/uploads\/2021\/07\/IMG-20210727-WA0028-768x307.jpg 768w\" sizes=\"auto, (max-width: 1280px) 100vw, 1280px\" \/><\/figure>\n\n\n\n<h2 class=\"wp-block-heading\">Cursos Inscritos Premiados<\/h2>\n\n\n\n<h2 class=\"wp-block-heading\">2023<br>(9\u00aa Edi\u00e7\u00e3o)<\/h2>\n\n\n\n<figure class=\"wp-block-embed is-type-video is-provider-youtube wp-block-embed-youtube wp-embed-aspect-16-9 wp-has-aspect-ratio\"><div class=\"wp-block-embed__wrapper\">\n<iframe loading=\"lazy\" title=\"Pr\u00eamio Boas Pr\u00e1ticas Solid\u00e1rias na Semana do Estudante Ingressante 2023\" width=\"500\" height=\"281\" src=\"https:\/\/www.youtube.com\/embed\/AN7OIv9QE4U?feature=oembed\" frameborder=\"0\" allow=\"accelerometer; autoplay; clipboard-write; encrypted-media; gyroscope; picture-in-picture; web-share\" referrerpolicy=\"strict-origin-when-cross-origin\" allowfullscreen><\/iframe>\n<\/div><\/figure>\n\n\n\n<hr class=\"wp-block-separator has-text-color has-cinza-color has-css-opacity has-cinza-background-color has-background is-style-wide\" \/>\n\n\n\n<p class=\"has-text-align-center\">Os&nbsp;estudantes e cursos foram agraciados com certificados de participa\u00e7\u00e3o em cerim\u00f4nia realizada no dia&nbsp;<strong>05\/12\/2023 (ter\u00e7a-feira) \u00e0s 14h30 no Anfiteatro Cyro Grossi (CCB)<\/strong>, e suas a\u00e7\u00f5es est\u00e3o publicadas no site da Semana de Recep\u00e7\u00e3o aos Ingressantes da PROGRAD.<\/p>\n\n\n\n<hr class=\"wp-block-separator has-text-color has-cinza-color has-css-opacity has-cinza-background-color has-background is-style-wide\" \/>\n\n\n\n<p class=\"has-text-align-center\"><a href=\"https:\/\/sites.uel.br\/ser\/premio-boas-praticas-na-recepcao-aos-estudantes-ingressantes-premiados-2023-administracao\/\">Administra\u00e7\u00e3o<\/a><\/p>\n\n\n\n<p class=\"has-text-align-center\"><a href=\"https:\/\/sites.uel.br\/ser\/premio-boas-praticas-na-recepcao-aos-estudantes-ingressantes-premiados-2023-administracao-ciencias-contabeis-ciencias-economicas-direito-secretariado-executivo-e-servico-social\/\">Administra\u00e7\u00e3o, Ci\u00eancias Cont\u00e1beis, Ci\u00eancias Econ\u00f4micas, Direito, Secretariado Executivo e Servi\u00e7o Social<\/a><\/p>\n\n\n\n<p class=\"has-text-align-center\"><a href=\"https:\/\/sites.uel.br\/ser\/premio-boas-praticas-na-recepcao-aos-estudantes-ingressantes-premiados-2023-agronomia\/\">Agronomia<\/a><\/p>\n\n\n\n<p class=\"has-text-align-center\"><a href=\"https:\/\/sites.uel.br\/ser\/premio-boas-praticas-na-recepcao-aos-estudantes-ingressantes-premiados-2023-arquitetura-e-urbanismo\/\">Arquitetura e Urbanismo<\/a><\/p>\n\n\n\n<p class=\"has-text-align-center\"><a href=\"https:\/\/sites.uel.br\/ser\/premio-boas-praticas-na-recepcao-aos-estudantes-ingressantes-premiados-2023-biomedicina\/\">Biomedicina<\/a><\/p>\n\n\n\n<p class=\"has-text-align-center\"><a href=\"https:\/\/sites.uel.br\/ser\/premio-boas-praticas-na-recepcao-aos-estudantes-ingressantes-premiados-2023-ciencias-sociais-filosofia-historia-letras-espanhol-letras-frances-letras-ingles-letras\/\">Ci\u00eancias Sociais, Filosofia, Hist\u00f3ria, Letras \u2013 Espanhol, Letras \u2013 Franc\u00eas, Letras \u2013 Ingl\u00eas, Letras \u2013 Portugu\u00eas<\/a><\/p>\n\n\n\n<p class=\"has-text-align-center\"><a href=\"https:\/\/sites.uel.br\/ser\/premio-boas-praticas-na-recepcao-aos-estudantes-ingressantes-premiados-2023-design-de-moda-e-design-grafico\/\">Design de Moda e Design Gr\u00e1fico<\/a><\/p>\n\n\n\n<p class=\"has-text-align-center\"><a href=\"https:\/\/sites.uel.br\/ser\/premio-boas-praticas-na-recepcao-aos-estudantes-ingressantes-premiados-2023-direito\/\">Direito<\/a><\/p>\n\n\n\n<p class=\"has-text-align-center\"><a href=\"https:\/\/sites.uel.br\/ser\/premio-boas-praticas-na-recepcao-aos-estudantes-ingressantes-premiados-2023-enfermagem-farmacia-fisioterapia-medicina-nutricao-e-odontologia\/\">Enfermagem, Farm\u00e1cia, Fisioterapia, Medicina, Nutri\u00e7\u00e3o e Odontologia<\/a><\/p>\n\n\n\n<p class=\"has-text-align-center\"><a href=\"https:\/\/sites.uel.br\/ser\/premio-boas-praticas-na-recepcao-aos-estudantes-ingressantes-premiados-2023-matematica\/\">Matem\u00e1tica<\/a><\/p>\n\n\n\n<p class=\"has-text-align-center\"><a href=\"https:\/\/sites.uel.br\/ser\/premio-boas-praticas-na-recepcao-aos-estudantes-ingressantes-premiados-2023-medicina-veterinaria\/\">Medicina Veterin\u00e1ria<\/a><\/p>\n\n\n\n<p class=\"has-text-align-center\"><a href=\"https:\/\/sites.uel.br\/ser\/premio-boas-praticas-na-recepcao-aos-estudantes-ingressantes-premiados-2023-nutricao\/\">Nutri\u00e7\u00e3o<\/a><\/p>\n\n\n\n<p class=\"has-text-align-center\"><a href=\"https:\/\/sites.uel.br\/ser\/premio-boas-praticas-na-recepcao-aos-estudantes-ingressantes-premiados-2023-pedagogia\/\">Pedagogia<\/a><\/p>\n\n\n\n<p class=\"has-text-align-center\"><a href=\"https:\/\/sites.uel.br\/ser\/premio-boas-praticas-na-recepcao-aos-estudantes-ingressantes-premiados-2023-relacoes-publicas\/\">Rela\u00e7\u00f5es P\u00fablicas<\/a><\/p>\n\n\n\n<p class=\"has-text-align-center\"><a href=\"https:\/\/sites.uel.br\/ser\/premio-boas-praticas-na-recepcao-aos-estudantes-ingressantes-premiados-2023-zootecnia\/\">Zootecnia<\/a><\/p>\n\n\n\n<hr class=\"wp-block-separator has-text-color has-cinza-color has-css-opacity has-cinza-background-color has-background is-style-wide\" \/>\n\n\n\n<p><strong>Veja tamb\u00e9m:<\/strong><\/p>\n\n\n\n<p><a href=\"https:\/\/operobal.uel.br\/prograd\/2023\/08\/08\/9a-edicao-do-premio-boas-praticas-valoriza-a-recepcao-cidada\/\" target=\"_blank\" rel=\"noreferrer noopener\">9\u00aa edi\u00e7\u00e3o do Pr\u00eamio Boas Pr\u00e1ticas valoriza a recep\u00e7\u00e3o cidad\u00e3<\/a><\/p>\n\n\n\n<p><a href=\"https:\/\/operobal.uel.br\/ultimas\/2023\/12\/05\/acoes-solidarias-sao-prestigiadas-no-premio-boas-praticas-na-recepcao-dos-alunos-ingressantes\/\" target=\"_blank\" rel=\"noreferrer noopener\">A\u00e7\u00f5es solid\u00e1rias s\u00e3o prestigiadas no Pr\u00eamio Boas Pr\u00e1ticas na Recep\u00e7\u00e3o dos Alunos Ingressantes<\/a><\/p>\n","protected":false},"excerpt":{"rendered":"<p>Cursos Inscritos Premiados 2023(9\u00aa Edi\u00e7\u00e3o) Os&nbsp;estudantes e cursos foram agraciados com certificados de participa\u00e7\u00e3o em cerim\u00f4nia realizada no dia&nbsp;05\/12\/2023 (ter\u00e7a-feira) \u00e0s 14h30 no Anfiteatro Cyro Grossi (CCB), e suas a\u00e7\u00f5es est\u00e3o publicadas no site da Semana de Recep\u00e7\u00e3o aos Ingressantes da PROGRAD. Administra\u00e7\u00e3o Administra\u00e7\u00e3o, Ci\u00eancias Cont\u00e1beis, Ci\u00eancias Econ\u00f4micas, Direito, Secretariado Executivo e Servi\u00e7o Social Agronomia [&hellip;]<\/p>\n","protected":false},"author":8,"featured_media":0,"parent":0,"menu_order":0,"comment_status":"closed","ping_status":"closed","template":"","meta":{"_acf_changed":false,"_themeisle_gutenberg_block_has_review":false,"footnotes":""},"class_list":["post-2050","page","type-page","status-publish","hentry"],"acf":[],"_links":{"self":[{"href":"https:\/\/sites.uel.br\/ser\/wp-json\/wp\/v2\/pages\/2050","targetHints":{"allow":["GET"]}}],"collection":[{"href":"https:\/\/sites.uel.br\/ser\/wp-json\/wp\/v2\/pages"}],"about":[{"href":"https:\/\/sites.uel.br\/ser\/wp-json\/wp\/v2\/types\/page"}],"author":[{"embeddable":true,"href":"https:\/\/sites.uel.br\/ser\/wp-json\/wp\/v2\/users\/8"}],"replies":[{"embeddable":true,"href":"https:\/\/sites.uel.br\/ser\/wp-json\/wp\/v2\/comments?post=2050"}],"version-history":[{"count":88,"href":"https:\/\/sites.uel.br\/ser\/wp-json\/wp\/v2\/pages\/2050\/revisions"}],"predecessor-version":[{"id":8613,"href":"https:\/\/sites.uel.br\/ser\/wp-json\/wp\/v2\/pages\/2050\/revisions\/8613"}],"wp:attachment":[{"href":"https:\/\/sites.uel.br\/ser\/wp-json\/wp\/v2\/media?parent=2050"}],"curies":[{"name":"wp","href":"https:\/\/api.w.org\/{rel}","templated":true}]}}