{"id":179,"date":"2021-07-16T16:30:37","date_gmt":"2021-07-16T19:30:37","guid":{"rendered":"https:\/\/sites.uel.br\/ser\/?page_id=179"},"modified":"2026-02-26T11:00:33","modified_gmt":"2026-02-26T14:00:33","slug":"secretariado-executivo","status":"publish","type":"page","link":"https:\/\/sites.uel.br\/ser\/secretariado-executivo\/","title":{"rendered":"Secretariado Executivo"},"content":{"rendered":"\n<p>(Centro de Estudos Sociais Aplicados \u2013 CESA)<\/p>\n\n\n\n<hr class=\"wp-block-separator has-alpha-channel-opacity is-style-wide\" \/>\n\n\n<div class=\"wp-block-image\">\n<figure class=\"aligncenter size-full\"><img loading=\"lazy\" decoding=\"async\" width=\"1279\" height=\"510\" src=\"https:\/\/sites.uel.br\/ser\/wp-content\/uploads\/2025\/03\/topo_ser_uel_2025.png\" alt=\"\" class=\"wp-image-7631\" srcset=\"https:\/\/sites.uel.br\/ser\/wp-content\/uploads\/2025\/03\/topo_ser_uel_2025.png 1279w, https:\/\/sites.uel.br\/ser\/wp-content\/uploads\/2025\/03\/topo_ser_uel_2025-300x120.png 300w, https:\/\/sites.uel.br\/ser\/wp-content\/uploads\/2025\/03\/topo_ser_uel_2025-1024x408.png 1024w, https:\/\/sites.uel.br\/ser\/wp-content\/uploads\/2025\/03\/topo_ser_uel_2025-768x306.png 768w\" sizes=\"auto, (max-width: 1279px) 100vw, 1279px\" \/><\/figure>\n<\/div>\n\n\n<div class=\"wp-block-columns is-layout-flex wp-container-core-columns-is-layout-9d6595d7 wp-block-columns-is-layout-flex\">\n<div class=\"wp-block-column is-layout-flow wp-block-column-is-layout-flow\" style=\"flex-basis:60%\">\n<figure class=\"wp-block-embed is-type-video is-provider-youtube wp-block-embed-youtube wp-embed-aspect-16-9 wp-has-aspect-ratio\"><div class=\"wp-block-embed__wrapper\">\n<iframe loading=\"lazy\" title=\"Semana de Recep\u00e7\u00e3o aos Ingressantes 2026 (Mensagem do Diretor - CESA\/UEL)\" width=\"500\" height=\"281\" src=\"https:\/\/www.youtube.com\/embed\/weWtwQ5h7Cg?feature=oembed\" frameborder=\"0\" allow=\"accelerometer; autoplay; clipboard-write; encrypted-media; gyroscope; picture-in-picture; web-share\" referrerpolicy=\"strict-origin-when-cross-origin\" allowfullscreen><\/iframe>\n<\/div><\/figure>\n<\/div>\n\n\n\n<div class=\"wp-block-column is-vertically-aligned-center is-layout-flow wp-block-column-is-layout-flow\" style=\"flex-basis:33.33%\">\n<p class=\"has-text-color has-medium-font-size\" style=\"color:#025839\"><strong>Contatos com o Centro<\/strong><\/p>\n\n\n\n<p class=\"has-text-color has-medium-font-size\" style=\"color:#025839\">p\u00e1gina: <a href=\"http:\/\/sites.uel.br\/cesa\" target=\"_blank\" rel=\"noreferrer noopener\">sites.uel.br\/cesa<\/a><\/p>\n\n\n\n<p class=\"has-text-color has-medium-font-size\" style=\"color:#025839\">e-mail: <a href=\"mailto:cesasec@uel.br\">cesasec@uel.br<\/a><\/p>\n\n\n\n<p class=\"has-text-color has-medium-font-size\" style=\"color:#025839\">telefone<span style=\"font-size: revert\">: (43) 3371-4225<\/span><\/p>\n<\/div>\n<\/div>\n\n\n\n<div class=\"wp-block-columns is-layout-flex wp-container-core-columns-is-layout-9d6595d7 wp-block-columns-is-layout-flex\">\n<div class=\"wp-block-column is-layout-flow wp-block-column-is-layout-flow\">\n<figure class=\"wp-block-image size-full\"><img loading=\"lazy\" decoding=\"async\" width=\"1500\" height=\"1000\" src=\"https:\/\/sites.uel.br\/ser\/wp-content\/uploads\/img\/2025\/coordenadores\/secretariado_executivo_marluce.png\" alt=\"\" class=\"wp-image-7748\" srcset=\"https:\/\/sites.uel.br\/ser\/wp-content\/uploads\/img\/2025\/coordenadores\/secretariado_executivo_marluce.png 1500w, https:\/\/sites.uel.br\/ser\/wp-content\/uploads\/img\/2025\/coordenadores\/secretariado_executivo_marluce-300x200.png 300w, https:\/\/sites.uel.br\/ser\/wp-content\/uploads\/img\/2025\/coordenadores\/secretariado_executivo_marluce-1024x683.png 1024w, https:\/\/sites.uel.br\/ser\/wp-content\/uploads\/img\/2025\/coordenadores\/secretariado_executivo_marluce-768x512.png 768w\" sizes=\"auto, (max-width: 1500px) 100vw, 1500px\" \/><\/figure>\n<\/div>\n\n\n\n<div class=\"wp-block-column is-vertically-aligned-center is-layout-flow wp-block-column-is-layout-flow\">\n<p class=\"has-text-color has-medium-font-size\" style=\"color:#025839\"><strong>Coordena\u00e7\u00e3o de Colegiado de Curso <\/strong><\/p>\n\n\n\n<p class=\"has-text-color has-medium-font-size\" style=\"color:#025839\">Profa. Marluce Fagotti de Paiva<\/p>\n\n\n\n<p class=\"has-text-color has-medium-font-size\" style=\"color:#025839\">e-mail: <a href=\"mailto:colcesa@uel.br\">colcesa@uel.br<\/a> \/ <a href=\"mailto:colegiadosecret@uel.br\">colegiadosecret@uel.br<\/a><\/p>\n<\/div>\n<\/div>\n\n\n\n<div class=\"wp-block-columns is-layout-flex wp-container-core-columns-is-layout-9d6595d7 wp-block-columns-is-layout-flex\">\n<div class=\"wp-block-column is-layout-flow wp-block-column-is-layout-flow\">\n<figure class=\"wp-block-image size-full\"><a href=\"https:\/\/sites.uel.br\/ser\/wp-content\/uploads\/programacao\/cursos\/2026\/programacao_recepcao_ingressantes_secretariado_executivo.pdf\" target=\"_blank\" rel=\" noreferrer noopener\"><img loading=\"lazy\" decoding=\"async\" width=\"960\" height=\"540\" src=\"https:\/\/sites.uel.br\/ser\/wp-content\/uploads\/2022\/07\/b_programacao.png\" alt=\"\" class=\"wp-image-2193\" srcset=\"https:\/\/sites.uel.br\/ser\/wp-content\/uploads\/2022\/07\/b_programacao.png 960w, https:\/\/sites.uel.br\/ser\/wp-content\/uploads\/2022\/07\/b_programacao-300x169.png 300w, https:\/\/sites.uel.br\/ser\/wp-content\/uploads\/2022\/07\/b_programacao-768x432.png 768w\" sizes=\"auto, (max-width: 960px) 100vw, 960px\" \/><\/a><\/figure>\n<\/div>\n\n\n\n<div class=\"wp-block-column is-vertically-aligned-center is-layout-flow wp-block-column-is-layout-flow\">\n<p class=\"has-text-align-center has-text-color has-medium-font-size\" style=\"color:#025839\"><strong>Confira a Programa\u00e7\u00e3o de Recep\u00e7\u00e3o de seu Curso<\/strong><\/p>\n<\/div>\n<\/div>\n","protected":false},"excerpt":{"rendered":"<p>(Centro de Estudos Sociais Aplicados \u2013 CESA) Contatos com o Centro p\u00e1gina: sites.uel.br\/cesa e-mail: cesasec@uel.br telefone: (43) 3371-4225 Coordena\u00e7\u00e3o de Colegiado de Curso Profa. Marluce Fagotti de Paiva e-mail: colcesa@uel.br \/ colegiadosecret@uel.br Confira a Programa\u00e7\u00e3o de Recep\u00e7\u00e3o de seu Curso<\/p>\n","protected":false},"author":8,"featured_media":0,"parent":0,"menu_order":0,"comment_status":"closed","ping_status":"closed","template":"","meta":{"_acf_changed":false,"_themeisle_gutenberg_block_has_review":false,"footnotes":""},"class_list":["post-179","page","type-page","status-publish","hentry"],"acf":[],"_links":{"self":[{"href":"https:\/\/sites.uel.br\/ser\/wp-json\/wp\/v2\/pages\/179","targetHints":{"allow":["GET"]}}],"collection":[{"href":"https:\/\/sites.uel.br\/ser\/wp-json\/wp\/v2\/pages"}],"about":[{"href":"https:\/\/sites.uel.br\/ser\/wp-json\/wp\/v2\/types\/page"}],"author":[{"embeddable":true,"href":"https:\/\/sites.uel.br\/ser\/wp-json\/wp\/v2\/users\/8"}],"replies":[{"embeddable":true,"href":"https:\/\/sites.uel.br\/ser\/wp-json\/wp\/v2\/comments?post=179"}],"version-history":[{"count":50,"href":"https:\/\/sites.uel.br\/ser\/wp-json\/wp\/v2\/pages\/179\/revisions"}],"predecessor-version":[{"id":9085,"href":"https:\/\/sites.uel.br\/ser\/wp-json\/wp\/v2\/pages\/179\/revisions\/9085"}],"wp:attachment":[{"href":"https:\/\/sites.uel.br\/ser\/wp-json\/wp\/v2\/media?parent=179"}],"curies":[{"name":"wp","href":"https:\/\/api.w.org\/{rel}","templated":true}]}}