{"id":171,"date":"2021-07-16T16:29:55","date_gmt":"2021-07-16T19:29:55","guid":{"rendered":"https:\/\/sites.uel.br\/ser\/?page_id=171"},"modified":"2026-02-13T13:57:53","modified_gmt":"2026-02-13T16:57:53","slug":"psicologia","status":"publish","type":"page","link":"https:\/\/sites.uel.br\/ser\/psicologia\/","title":{"rendered":"Psicologia"},"content":{"rendered":"\n<p>(Centro de Ci\u00eancias Biol\u00f3gicas \u2013 CCB)<\/p>\n\n\n\n<hr class=\"wp-block-separator has-alpha-channel-opacity is-style-wide\" \/>\n\n\n<div class=\"wp-block-image\">\n<figure class=\"aligncenter size-full\"><img loading=\"lazy\" decoding=\"async\" width=\"1279\" height=\"510\" src=\"https:\/\/sites.uel.br\/ser\/wp-content\/uploads\/2025\/03\/topo_ser_uel_2025.png\" alt=\"\" class=\"wp-image-7631\" srcset=\"https:\/\/sites.uel.br\/ser\/wp-content\/uploads\/2025\/03\/topo_ser_uel_2025.png 1279w, https:\/\/sites.uel.br\/ser\/wp-content\/uploads\/2025\/03\/topo_ser_uel_2025-300x120.png 300w, https:\/\/sites.uel.br\/ser\/wp-content\/uploads\/2025\/03\/topo_ser_uel_2025-1024x408.png 1024w, https:\/\/sites.uel.br\/ser\/wp-content\/uploads\/2025\/03\/topo_ser_uel_2025-768x306.png 768w\" sizes=\"auto, (max-width: 1279px) 100vw, 1279px\" \/><\/figure>\n<\/div>\n\n\n<div class=\"wp-block-columns is-layout-flex wp-container-core-columns-is-layout-9d6595d7 wp-block-columns-is-layout-flex\">\n<div class=\"wp-block-column is-layout-flow wp-block-column-is-layout-flow\" style=\"flex-basis:60%\">\n<figure class=\"wp-block-embed is-type-video is-provider-youtube wp-block-embed-youtube wp-embed-aspect-16-9 wp-has-aspect-ratio\"><div class=\"wp-block-embed__wrapper\">\n<iframe loading=\"lazy\" title=\"Semana de Recep\u00e7\u00e3o aos Ingressantes 2026 (Mensagem do Diretor - CCB\/UEL)\" width=\"500\" height=\"281\" src=\"https:\/\/www.youtube.com\/embed\/C_LhPfM8tCI?feature=oembed\" frameborder=\"0\" allow=\"accelerometer; autoplay; clipboard-write; encrypted-media; gyroscope; picture-in-picture; web-share\" referrerpolicy=\"strict-origin-when-cross-origin\" allowfullscreen><\/iframe>\n<\/div><\/figure>\n<\/div>\n\n\n\n<div class=\"wp-block-column is-vertically-aligned-center is-layout-flow wp-block-column-is-layout-flow\" style=\"flex-basis:33.33%\">\n<p class=\"has-text-color has-medium-font-size\" style=\"color:#025839\"><strong>Contatos com o Centro<\/strong><\/p>\n\n\n\n<p class=\"has-text-color has-medium-font-size\" style=\"color:#025839\">p\u00e1gina: <a rel=\"noreferrer noopener\" href=\"http:\/\/sites.uel.br\/ccb\" target=\"_blank\">sites.uel.br\/ccb<\/a><\/p>\n\n\n\n<p class=\"has-text-color has-medium-font-size\" style=\"color:#025839\">e-mail: <a href=\"mailto:ccb@uel.br\">ccb@uel.br<\/a><\/p>\n\n\n\n<p class=\"has-text-color has-medium-font-size\" style=\"color:#025839\">telefone<span style=\"font-size: revert\">: (43) 3371-4842 \/ 3371-4207<\/span><\/p>\n<\/div>\n<\/div>\n\n\n\n<div class=\"wp-block-columns is-layout-flex wp-container-core-columns-is-layout-9d6595d7 wp-block-columns-is-layout-flex\">\n<div class=\"wp-block-column is-layout-flow wp-block-column-is-layout-flow\">\n<figure class=\"wp-block-image size-full\"><img loading=\"lazy\" decoding=\"async\" width=\"1500\" height=\"1000\" src=\"https:\/\/sites.uel.br\/ser\/wp-content\/uploads\/img\/2025\/coordenadores\/psicologia_maiango.png\" alt=\"\" class=\"wp-image-7745\" srcset=\"https:\/\/sites.uel.br\/ser\/wp-content\/uploads\/img\/2025\/coordenadores\/psicologia_maiango.png 1500w, https:\/\/sites.uel.br\/ser\/wp-content\/uploads\/img\/2025\/coordenadores\/psicologia_maiango-300x200.png 300w, https:\/\/sites.uel.br\/ser\/wp-content\/uploads\/img\/2025\/coordenadores\/psicologia_maiango-1024x683.png 1024w, https:\/\/sites.uel.br\/ser\/wp-content\/uploads\/img\/2025\/coordenadores\/psicologia_maiango-768x512.png 768w\" sizes=\"auto, (max-width: 1500px) 100vw, 1500px\" \/><\/figure>\n<\/div>\n\n\n\n<div class=\"wp-block-column is-vertically-aligned-center is-layout-flow wp-block-column-is-layout-flow\">\n<p class=\"has-text-color has-medium-font-size\" style=\"color:#025839\"><strong>Coordena\u00e7\u00e3o de Colegiado de Curso <\/strong><\/p>\n\n\n\n<p class=\"has-text-color has-medium-font-size\" style=\"color:#025839\">Prof. Maiango Dias<\/p>\n\n\n\n<p class=\"has-text-color has-medium-font-size\" style=\"color:#025839\"> e-mail: <a href=\"mailto:psicologia@uel.br\">psicologia@uel.br<\/a><\/p>\n<\/div>\n<\/div>\n\n\n\n<div class=\"wp-block-columns is-layout-flex wp-container-core-columns-is-layout-9d6595d7 wp-block-columns-is-layout-flex\">\n<div class=\"wp-block-column is-layout-flow wp-block-column-is-layout-flow\">\n<figure class=\"wp-block-image size-full\"><img loading=\"lazy\" decoding=\"async\" width=\"1500\" height=\"1000\" src=\"https:\/\/sites.uel.br\/ser\/wp-content\/uploads\/img\/2025\/vices\/psicologia_silvia.png\" alt=\"\" class=\"wp-image-7882\" srcset=\"https:\/\/sites.uel.br\/ser\/wp-content\/uploads\/img\/2025\/vices\/psicologia_silvia.png 1500w, https:\/\/sites.uel.br\/ser\/wp-content\/uploads\/img\/2025\/vices\/psicologia_silvia-300x200.png 300w, https:\/\/sites.uel.br\/ser\/wp-content\/uploads\/img\/2025\/vices\/psicologia_silvia-1024x683.png 1024w, https:\/\/sites.uel.br\/ser\/wp-content\/uploads\/img\/2025\/vices\/psicologia_silvia-768x512.png 768w\" sizes=\"auto, (max-width: 1500px) 100vw, 1500px\" \/><\/figure>\n<\/div>\n\n\n\n<div class=\"wp-block-column is-vertically-aligned-center is-layout-flow wp-block-column-is-layout-flow\">\n<p class=\"has-text-color has-medium-font-size\" style=\"color:#025839\"><strong>Vice-Coordena\u00e7\u00e3o de Colegiado de Curso <\/strong><\/p>\n\n\n\n<p class=\"has-text-color has-medium-font-size\" style=\"color:#025839\">Profa. Silvia Aparecida Fornazari da Silva<\/p>\n\n\n\n<p class=\"has-text-color has-medium-font-size\" style=\"color:#025839\"> e-mail: <a href=\"mailto:psicologia@uel.br\">psicologia@uel.br<\/a><\/p>\n<\/div>\n<\/div>\n\n\n\n<div class=\"wp-block-columns is-layout-flex wp-container-core-columns-is-layout-9d6595d7 wp-block-columns-is-layout-flex\">\n<div class=\"wp-block-column is-layout-flow wp-block-column-is-layout-flow\">\n<figure class=\"wp-block-image size-full\"><a href=\"https:\/\/sites.uel.br\/ser\/wp-content\/uploads\/programacao\/cursos\/2026\/programacao_recepcao_ingressantes_psicologia.pdf\" target=\"_blank\" rel=\"noreferrer noopener\"><img loading=\"lazy\" decoding=\"async\" width=\"960\" height=\"540\" src=\"https:\/\/sites.uel.br\/ser\/wp-content\/uploads\/2022\/07\/b_programacao.png\" alt=\"\" class=\"wp-image-2193\" srcset=\"https:\/\/sites.uel.br\/ser\/wp-content\/uploads\/2022\/07\/b_programacao.png 960w, https:\/\/sites.uel.br\/ser\/wp-content\/uploads\/2022\/07\/b_programacao-300x169.png 300w, https:\/\/sites.uel.br\/ser\/wp-content\/uploads\/2022\/07\/b_programacao-768x432.png 768w\" sizes=\"auto, (max-width: 960px) 100vw, 960px\" \/><\/a><\/figure>\n<\/div>\n\n\n\n<div class=\"wp-block-column is-vertically-aligned-center is-layout-flow wp-block-column-is-layout-flow\">\n<p class=\"has-text-align-center has-text-color has-medium-font-size\" style=\"color:#025839\"><strong>Confira a Programa\u00e7\u00e3o de Recep\u00e7\u00e3o de seu Curso<\/strong><\/p>\n<\/div>\n<\/div>\n","protected":false},"excerpt":{"rendered":"<p>(Centro de Ci\u00eancias Biol\u00f3gicas \u2013 CCB) Contatos com o Centro p\u00e1gina: sites.uel.br\/ccb e-mail: ccb@uel.br telefone: (43) 3371-4842 \/ 3371-4207 Coordena\u00e7\u00e3o de Colegiado de Curso Prof. Maiango Dias e-mail: psicologia@uel.br Vice-Coordena\u00e7\u00e3o de Colegiado de Curso Profa. Silvia Aparecida Fornazari da Silva e-mail: psicologia@uel.br Confira a Programa\u00e7\u00e3o de Recep\u00e7\u00e3o de seu Curso<\/p>\n","protected":false},"author":8,"featured_media":0,"parent":0,"menu_order":0,"comment_status":"closed","ping_status":"closed","template":"","meta":{"_acf_changed":false,"_themeisle_gutenberg_block_has_review":false,"footnotes":""},"class_list":["post-171","page","type-page","status-publish","hentry"],"acf":[],"_links":{"self":[{"href":"https:\/\/sites.uel.br\/ser\/wp-json\/wp\/v2\/pages\/171","targetHints":{"allow":["GET"]}}],"collection":[{"href":"https:\/\/sites.uel.br\/ser\/wp-json\/wp\/v2\/pages"}],"about":[{"href":"https:\/\/sites.uel.br\/ser\/wp-json\/wp\/v2\/types\/page"}],"author":[{"embeddable":true,"href":"https:\/\/sites.uel.br\/ser\/wp-json\/wp\/v2\/users\/8"}],"replies":[{"embeddable":true,"href":"https:\/\/sites.uel.br\/ser\/wp-json\/wp\/v2\/comments?post=171"}],"version-history":[{"count":60,"href":"https:\/\/sites.uel.br\/ser\/wp-json\/wp\/v2\/pages\/171\/revisions"}],"predecessor-version":[{"id":8971,"href":"https:\/\/sites.uel.br\/ser\/wp-json\/wp\/v2\/pages\/171\/revisions\/8971"}],"wp:attachment":[{"href":"https:\/\/sites.uel.br\/ser\/wp-json\/wp\/v2\/media?parent=171"}],"curies":[{"name":"wp","href":"https:\/\/api.w.org\/{rel}","templated":true}]}}