{"id":167,"date":"2021-07-16T16:29:34","date_gmt":"2021-07-16T19:29:34","guid":{"rendered":"https:\/\/sites.uel.br\/ser\/?page_id=167"},"modified":"2026-02-13T13:57:17","modified_gmt":"2026-02-13T16:57:17","slug":"odontologia","status":"publish","type":"page","link":"https:\/\/sites.uel.br\/ser\/odontologia\/","title":{"rendered":"Odontologia"},"content":{"rendered":"\n<p>(Centro de Ci\u00eancias da Sa\u00fade \u2013 CCS)<\/p>\n\n\n\n<hr class=\"wp-block-separator has-alpha-channel-opacity is-style-wide\" \/>\n\n\n<div class=\"wp-block-image\">\n<figure class=\"aligncenter size-full\"><img loading=\"lazy\" decoding=\"async\" width=\"1279\" height=\"510\" src=\"https:\/\/sites.uel.br\/ser\/wp-content\/uploads\/2025\/03\/topo_ser_uel_2025.png\" alt=\"\" class=\"wp-image-7631\" srcset=\"https:\/\/sites.uel.br\/ser\/wp-content\/uploads\/2025\/03\/topo_ser_uel_2025.png 1279w, https:\/\/sites.uel.br\/ser\/wp-content\/uploads\/2025\/03\/topo_ser_uel_2025-300x120.png 300w, https:\/\/sites.uel.br\/ser\/wp-content\/uploads\/2025\/03\/topo_ser_uel_2025-1024x408.png 1024w, https:\/\/sites.uel.br\/ser\/wp-content\/uploads\/2025\/03\/topo_ser_uel_2025-768x306.png 768w\" sizes=\"auto, (max-width: 1279px) 100vw, 1279px\" \/><\/figure>\n<\/div>\n\n\n<div class=\"wp-block-columns is-layout-flex wp-container-core-columns-is-layout-9d6595d7 wp-block-columns-is-layout-flex\">\n<div class=\"wp-block-column is-layout-flow wp-block-column-is-layout-flow\" style=\"flex-basis:60%\">\n<figure class=\"wp-block-embed is-type-video is-provider-youtube wp-block-embed-youtube wp-embed-aspect-16-9 wp-has-aspect-ratio\"><div class=\"wp-block-embed__wrapper\">\n<iframe loading=\"lazy\" title=\"Semana de Recep\u00e7\u00e3o aos Ingressantes 2026 (Mensagem da Diretora - CCS\/UEL)\" width=\"500\" height=\"281\" src=\"https:\/\/www.youtube.com\/embed\/_3xzGlRJJnw?feature=oembed\" frameborder=\"0\" allow=\"accelerometer; autoplay; clipboard-write; encrypted-media; gyroscope; picture-in-picture; web-share\" referrerpolicy=\"strict-origin-when-cross-origin\" allowfullscreen><\/iframe>\n<\/div><\/figure>\n<\/div>\n\n\n\n<div class=\"wp-block-column is-vertically-aligned-center is-layout-flow wp-block-column-is-layout-flow\" style=\"flex-basis:33.33%\">\n<p class=\"has-text-color has-medium-font-size\" style=\"color:#025839\"><strong>Contatos com o Centro<\/strong><\/p>\n\n\n\n<p class=\"has-text-color has-medium-font-size\" style=\"color:#025839\">p\u00e1gina: <a rel=\"noreferrer noopener\" href=\"http:\/\/sites.uel.br\/ccs\" target=\"_blank\">sites.uel.br\/ccs<\/a><\/p>\n\n\n\n<p class=\"has-text-color has-medium-font-size\" style=\"color:#025839\">e-mail: <a href=\"mailto:dirsec@uel.br\">dirsec@uel.br<\/a><\/p>\n\n\n\n<p class=\"has-text-color has-medium-font-size\" style=\"color:#025839\">telefone<span style=\"font-size: revert\">: (43) 3371-2332<\/span><\/p>\n<\/div>\n<\/div>\n\n\n\n<div class=\"wp-block-columns is-layout-flex wp-container-core-columns-is-layout-9d6595d7 wp-block-columns-is-layout-flex\">\n<div class=\"wp-block-column is-layout-flow wp-block-column-is-layout-flow\">\n<figure class=\"wp-block-image size-full\"><img loading=\"lazy\" decoding=\"async\" width=\"1500\" height=\"1000\" src=\"https:\/\/sites.uel.br\/ser\/wp-content\/uploads\/img\/2025\/coordenadores\/odontologia_ademar.png\" alt=\"\" class=\"wp-image-7743\" srcset=\"https:\/\/sites.uel.br\/ser\/wp-content\/uploads\/img\/2025\/coordenadores\/odontologia_ademar.png 1500w, https:\/\/sites.uel.br\/ser\/wp-content\/uploads\/img\/2025\/coordenadores\/odontologia_ademar-300x200.png 300w, https:\/\/sites.uel.br\/ser\/wp-content\/uploads\/img\/2025\/coordenadores\/odontologia_ademar-1024x683.png 1024w, https:\/\/sites.uel.br\/ser\/wp-content\/uploads\/img\/2025\/coordenadores\/odontologia_ademar-768x512.png 768w\" sizes=\"auto, (max-width: 1500px) 100vw, 1500px\" \/><\/figure>\n<\/div>\n\n\n\n<div class=\"wp-block-column is-vertically-aligned-center is-layout-flow wp-block-column-is-layout-flow\">\n<p class=\"has-text-color has-medium-font-size\" style=\"color:#025839\"><strong>Coordena\u00e7\u00e3o de Colegiado de Curso <\/strong><\/p>\n\n\n\n<p class=\"has-text-color has-medium-font-size\" style=\"color:#025839\">Prof. Ademar Takahama Junior<\/p>\n\n\n\n<p class=\"has-text-color has-medium-font-size\" style=\"color:#025839\">e-mail: <a href=\"mailto:odontologia@uel.br\">odontologia@uel.br<\/a><\/p>\n\n\n\n<p class=\"has-text-color\" style=\"color:#025839\">telefone: (43) 3371-6753<\/p>\n<\/div>\n<\/div>\n\n\n\n<div class=\"wp-block-columns is-layout-flex wp-container-core-columns-is-layout-9d6595d7 wp-block-columns-is-layout-flex\">\n<div class=\"wp-block-column is-layout-flow wp-block-column-is-layout-flow\">\n<figure class=\"wp-block-image size-full\"><img loading=\"lazy\" decoding=\"async\" width=\"1500\" height=\"1000\" src=\"https:\/\/sites.uel.br\/ser\/wp-content\/uploads\/img\/2025\/vices\/odontologia_maria.png\" alt=\"\" class=\"wp-image-7880\" srcset=\"https:\/\/sites.uel.br\/ser\/wp-content\/uploads\/img\/2025\/vices\/odontologia_maria.png 1500w, https:\/\/sites.uel.br\/ser\/wp-content\/uploads\/img\/2025\/vices\/odontologia_maria-300x200.png 300w, https:\/\/sites.uel.br\/ser\/wp-content\/uploads\/img\/2025\/vices\/odontologia_maria-1024x683.png 1024w, https:\/\/sites.uel.br\/ser\/wp-content\/uploads\/img\/2025\/vices\/odontologia_maria-768x512.png 768w\" sizes=\"auto, (max-width: 1500px) 100vw, 1500px\" \/><\/figure>\n<\/div>\n\n\n\n<div class=\"wp-block-column is-vertically-aligned-center is-layout-flow wp-block-column-is-layout-flow\">\n<p class=\"has-text-color has-medium-font-size\" style=\"color:#025839\"><strong>Vice-Coordena\u00e7\u00e3o de Colegiado de Curso <\/strong><\/p>\n\n\n\n<p class=\"has-text-color has-medium-font-size\" style=\"color:#025839\">Profa. Maria Luiza Hiromi Iwakura Kasai<\/p>\n\n\n\n<p class=\"has-text-color has-medium-font-size\" style=\"color:#025839\">e-mail: <a href=\"mailto:odontologia@uel.br\">odontologia@uel.br<\/a><\/p>\n\n\n\n<p class=\"has-text-color has-medium-font-size\" style=\"color:#025839\">telefone: (43) 3371-6753 <\/p>\n<\/div>\n<\/div>\n\n\n\n<p><\/p>\n\n\n\n<div class=\"wp-block-columns is-layout-flex wp-container-core-columns-is-layout-9d6595d7 wp-block-columns-is-layout-flex\">\n<div class=\"wp-block-column is-layout-flow wp-block-column-is-layout-flow\">\n<figure class=\"wp-block-image size-full\"><a href=\"https:\/\/sites.uel.br\/ser\/wp-content\/uploads\/programacao\/cursos\/2026\/programacao_recepcao_ingressantes_odontologia.pdf\" target=\"_blank\" rel=\"noreferrer noopener\"><img loading=\"lazy\" decoding=\"async\" width=\"960\" height=\"540\" src=\"https:\/\/sites.uel.br\/ser\/wp-content\/uploads\/2022\/07\/b_programacao.png\" alt=\"\" class=\"wp-image-2193\" srcset=\"https:\/\/sites.uel.br\/ser\/wp-content\/uploads\/2022\/07\/b_programacao.png 960w, https:\/\/sites.uel.br\/ser\/wp-content\/uploads\/2022\/07\/b_programacao-300x169.png 300w, https:\/\/sites.uel.br\/ser\/wp-content\/uploads\/2022\/07\/b_programacao-768x432.png 768w\" sizes=\"auto, (max-width: 960px) 100vw, 960px\" \/><\/a><\/figure>\n<\/div>\n\n\n\n<div class=\"wp-block-column is-vertically-aligned-center is-layout-flow wp-block-column-is-layout-flow\">\n<p class=\"has-text-align-center has-text-color has-medium-font-size\" style=\"color:#025839\"><strong>Confira a Programa\u00e7\u00e3o de Recep\u00e7\u00e3o de seu Curso<\/strong><\/p>\n<\/div>\n<\/div>\n","protected":false},"excerpt":{"rendered":"<p>(Centro de Ci\u00eancias da Sa\u00fade \u2013 CCS) Contatos com o Centro p\u00e1gina: sites.uel.br\/ccs e-mail: dirsec@uel.br telefone: (43) 3371-2332 Coordena\u00e7\u00e3o de Colegiado de Curso Prof. Ademar Takahama Junior e-mail: odontologia@uel.br telefone: (43) 3371-6753 Vice-Coordena\u00e7\u00e3o de Colegiado de Curso Profa. Maria Luiza Hiromi Iwakura Kasai e-mail: odontologia@uel.br telefone: (43) 3371-6753 Confira a Programa\u00e7\u00e3o de Recep\u00e7\u00e3o de seu [&hellip;]<\/p>\n","protected":false},"author":8,"featured_media":0,"parent":0,"menu_order":0,"comment_status":"closed","ping_status":"closed","template":"","meta":{"_acf_changed":false,"_themeisle_gutenberg_block_has_review":false,"footnotes":""},"class_list":["post-167","page","type-page","status-publish","hentry"],"acf":[],"_links":{"self":[{"href":"https:\/\/sites.uel.br\/ser\/wp-json\/wp\/v2\/pages\/167","targetHints":{"allow":["GET"]}}],"collection":[{"href":"https:\/\/sites.uel.br\/ser\/wp-json\/wp\/v2\/pages"}],"about":[{"href":"https:\/\/sites.uel.br\/ser\/wp-json\/wp\/v2\/types\/page"}],"author":[{"embeddable":true,"href":"https:\/\/sites.uel.br\/ser\/wp-json\/wp\/v2\/users\/8"}],"replies":[{"embeddable":true,"href":"https:\/\/sites.uel.br\/ser\/wp-json\/wp\/v2\/comments?post=167"}],"version-history":[{"count":54,"href":"https:\/\/sites.uel.br\/ser\/wp-json\/wp\/v2\/pages\/167\/revisions"}],"predecessor-version":[{"id":8969,"href":"https:\/\/sites.uel.br\/ser\/wp-json\/wp\/v2\/pages\/167\/revisions\/8969"}],"wp:attachment":[{"href":"https:\/\/sites.uel.br\/ser\/wp-json\/wp\/v2\/media?parent=167"}],"curies":[{"name":"wp","href":"https:\/\/api.w.org\/{rel}","templated":true}]}}