{"id":98,"date":"2022-02-04T15:26:50","date_gmt":"2022-02-04T18:26:50","guid":{"rendered":"https:\/\/sites.uel.br\/sebec\/?page_id=98"},"modified":"2026-04-09T14:20:01","modified_gmt":"2026-04-09T17:20:01","slug":"lista-de-credenciados-por-especialidades","status":"publish","type":"page","link":"https:\/\/sites.uel.br\/sebec\/lista-de-credenciados-por-especialidades\/","title":{"rendered":"Lista de Credenciados por Especialidades"},"content":{"rendered":"\n<p><\/p>\n\n\n\n<p>Segue abaixo a listagem com as informa\u00e7\u00f5es dos profissionais credenciados.<\/p>\n\n\n\n<p><\/p>\n\n\n\n<p>A Guia de Encaminhamento poder\u00e1 ser solicitada por meio do e-mail sebec@uel.br, por mensagem via Whatsapp (43) 3371-4452 ou presencialmente na secretaria do SEBEC. \u00c9 preciso Informar se \u00e9 estudante ou servidor, junto o n\u00famero da matr\u00edcula ou chapa funcional, nome completo do paciente e nome do profissional credenciado escolhido.<\/p>\n\n\n\n<p><\/p>\n\n\n\n<p>Clique na especialidade para visualizar os profissionais credenciados:<\/p>\n\n\n\n<p><\/p>\n\n\n\n<p><a href=\"https:\/\/sites.uel.br\/sebec\/wp-content\/uploads\/2022\/02\/Alergologia-pdf.pdf\" target=\"_blank\" rel=\"noreferrer noopener\">Alergologia<\/a><\/p>\n\n\n\n<p><a href=\"https:\/\/sites.uel.br\/sebec\/wp-content\/uploads\/2022\/02\/Angiologia.pdf\" data-type=\"URL\" data-id=\"https:\/\/sites.uel.br\/sebec\/wp-content\/uploads\/2022\/02\/Angiologia.pdf\" target=\"_blank\" rel=\"noreferrer noopener\">Angiologia<\/a><\/p>\n\n\n\n<p><a href=\"https:\/\/sites.uel.br\/sebec\/wp-content\/uploads\/2025\/02\/Biomedicina.pdf\">Biomedicina<\/a><\/p>\n\n\n\n<p><a href=\"https:\/\/sites.uel.br\/sebec\/wp-content\/uploads\/2022\/02\/Cardiologia-pdf.pdf\" target=\"_blank\" rel=\"noreferrer noopener\">Cardiologia<\/a><\/p>\n\n\n\n<p><a href=\"https:\/\/sites.uel.br\/sebec\/wp-content\/uploads\/2022\/02\/Cirurgia-Aparelho-Digestivo-pdf.pdf\" target=\"_blank\" rel=\"noreferrer noopener\">Cirurgia do Aparelho Digestivo<\/a><\/p>\n\n\n\n<p><a href=\"https:\/\/sites.uel.br\/sebec\/wp-content\/uploads\/2022\/02\/Cirurugia-Geral-pdf.pdf\" target=\"_blank\" rel=\"noreferrer noopener\">Cirurgia Geral<\/a><\/p>\n\n\n\n<p><a href=\"https:\/\/sites.uel.br\/sebec\/wp-content\/uploads\/2022\/02\/Cirurgia-Platica-pdf.pdf\" target=\"_blank\" rel=\"noreferrer noopener\">Cirurgia Pl\u00e1stica<\/a><\/p>\n\n\n\n<p><a href=\"https:\/\/sites.uel.br\/sebec\/wp-content\/uploads\/2022\/02\/Clinica-de-Vacinas.pdf\" data-type=\"URL\" data-id=\"https:\/\/sites.uel.br\/sebec\/wp-content\/uploads\/2022\/02\/Clinica-de-Vacinas.pdf\" target=\"_blank\" rel=\"noreferrer noopener\">Clinica de Vacinas<\/a><\/p>\n\n\n\n<p><a href=\"https:\/\/sites.uel.br\/sebec\/wp-content\/uploads\/2026\/04\/Clinico-Geral-2.pdf\">Cl\u00ednico Gera<\/a>l<\/p>\n\n\n\n<p><a href=\"https:\/\/sites.uel.br\/sebec\/wp-content\/uploads\/2022\/02\/Dermatologia.pdf\" target=\"_blank\" rel=\"noreferrer noopener\">Dermatologia<\/a><\/p>\n\n\n\n<p><a href=\"https:\/\/sites.uel.br\/sebec\/wp-content\/uploads\/2024\/10\/Endocrinologia-2.pdf\">Endocrinologia<\/a><\/p>\n\n\n\n<p><a href=\"https:\/\/sites.uel.br\/sebec\/wp-content\/uploads\/2022\/02\/Fisiatria.pdf\" target=\"_blank\" rel=\"noreferrer noopener\">Fisiatria<\/a><\/p>\n\n\n\n<p><a href=\"https:\/\/sites.uel.br\/sebec\/wp-content\/uploads\/2023\/10\/Fisioterapia.pdf\">Fisioterapia<\/a><\/p>\n\n\n\n<p><a href=\"https:\/\/sites.uel.br\/sebec\/wp-content\/uploads\/2022\/02\/Fonoaudiologia-pdf.pdf\" target=\"_blank\" rel=\"noreferrer noopener\">Fonoaudiologia<\/a><\/p>\n\n\n\n<p><a href=\"https:\/\/sites.uel.br\/sebec\/wp-content\/uploads\/2022\/02\/Gastroenterologia-pdf.pdf\" target=\"_blank\" rel=\"noreferrer noopener\">Gastroenterologia<\/a><\/p>\n\n\n\n<p><a href=\"https:\/\/sites.uel.br\/sebec\/wp-content\/uploads\/2022\/02\/Ginecologia-pdf.pdf\" target=\"_blank\" rel=\"noreferrer noopener\">Ginecologia<\/a><\/p>\n\n\n\n<p><a href=\"https:\/\/sites.uel.br\/sebec\/wp-content\/uploads\/2022\/02\/Homeopatia-pdf.pdf\" target=\"_blank\" rel=\"noreferrer noopener\">Homeopatia<\/a><\/p>\n\n\n\n<p><a href=\"https:\/\/sites.uel.br\/sebec\/wp-content\/uploads\/2022\/02\/Imunopatologia.pdf\" target=\"_blank\" rel=\"noreferrer noopener\">Imunopatologia<\/a><\/p>\n\n\n\n<p><a href=\"https:\/\/sites.uel.br\/sebec\/wp-content\/uploads\/2022\/02\/Infectologia2.pdf\" target=\"_blank\" rel=\"noreferrer noopener\">Infectologia<\/a><\/p>\n\n\n\n<p><a href=\"https:\/\/sites.uel.br\/sebec\/wp-content\/uploads\/2025\/01\/Laboratorios-2.pdf\">Laborat\u00f3rio\/Imagem<\/a><\/p>\n\n\n\n<p><a href=\"https:\/\/sites.uel.br\/sebec\/wp-content\/uploads\/2022\/02\/Manometria-pdf.pdf\" target=\"_blank\" rel=\"noreferrer noopener\">Manometria<\/a><\/p>\n\n\n\n<p><a href=\"https:\/\/sites.uel.br\/sebec\/wp-content\/uploads\/2022\/02\/Medicina-Interna.pdf\" target=\"_blank\" rel=\"noreferrer noopener\">Medicina Interna<\/a><\/p>\n\n\n\n<p><a href=\"https:\/\/sites.uel.br\/sebec\/wp-content\/uploads\/2022\/02\/Medicina-Ortomolecular-pdf.pdf\" target=\"_blank\" rel=\"noreferrer noopener\">Medicina Ortomolecular<\/a><\/p>\n\n\n\n<p><a href=\"https:\/\/sites.uel.br\/sebec\/wp-content\/uploads\/2022\/02\/Neurologia4.pdf\" target=\"_blank\" rel=\"noreferrer noopener\">Neurologia<\/a><\/p>\n\n\n\n<p><a href=\"https:\/\/sites.uel.br\/sebec\/wp-content\/uploads\/2022\/02\/Nutricionista.pdf\" target=\"_blank\" rel=\"noreferrer noopener\">Nutricionista<\/a><\/p>\n\n\n\n<p><a href=\"https:\/\/sites.uel.br\/sebec\/wp-content\/uploads\/2026\/04\/Odontologia-2.pdf\">Odontologia<\/a><\/p>\n\n\n\n<p><a href=\"https:\/\/sites.uel.br\/sebec\/wp-content\/uploads\/2024\/05\/Oftalmologia-2.pdf\">Oftalmologia<\/a><\/p>\n\n\n\n<p><a href=\"https:\/\/sites.uel.br\/sebec\/wp-content\/uploads\/2022\/02\/Ortopedia.pdf\" target=\"_blank\" rel=\"noreferrer noopener\">Ortopedia<\/a><\/p>\n\n\n\n<p><a href=\"https:\/\/sites.uel.br\/sebec\/wp-content\/uploads\/2024\/10\/Otorrinolaringologia-2.pdf\">Otorrinolaringologia<\/a><\/p>\n\n\n\n<p><a href=\"https:\/\/sites.uel.br\/sebec\/wp-content\/uploads\/2025\/05\/Psicologia-26.pdf\">Psicologia<\/a><\/p>\n\n\n\n<p><a href=\"https:\/\/sites.uel.br\/sebec\/wp-content\/uploads\/2023\/11\/PsicoPedagogia.pdf\" target=\"_blank\" rel=\"noreferrer noopener\">Psicopedagogia<\/a><\/p>\n\n\n\n<p><a href=\"https:\/\/sites.uel.br\/sebec\/wp-content\/uploads\/2025\/05\/Psiquiatria-2.pdf\">Psiquiatria<\/a><\/p>\n\n\n\n<p><a href=\"https:\/\/sites.uel.br\/sebec\/wp-content\/uploads\/2022\/02\/Reumatologia.pdf\" target=\"_blank\" rel=\"noreferrer noopener\">Reumatologia<\/a><\/p>\n\n\n\n<p><a href=\"https:\/\/sites.uel.br\/sebec\/wp-content\/uploads\/2024\/12\/Urologia.pdf\" target=\"_blank\" rel=\"noreferrer noopener\">Urologia<\/a><\/p>\n\n\n\n<p><a href=\"https:\/\/sites.uel.br\/sebec\/wp-content\/uploads\/2022\/02\/Yoga-Pilates.pdf\" target=\"_blank\" rel=\"noreferrer noopener\">Yoga\/Pilates<\/a><\/p>\n","protected":false},"excerpt":{"rendered":"<p>Segue abaixo a listagem com as informa\u00e7\u00f5es dos profissionais credenciados. A Guia de Encaminhamento poder\u00e1 ser solicitada por meio do e-mail sebec@uel.br, por mensagem via Whatsapp (43) 3371-4452 ou presencialmente na secretaria do SEBEC. \u00c9 preciso Informar se \u00e9 estudante ou servidor, junto o n\u00famero da matr\u00edcula ou chapa funcional, nome completo do paciente e [&hellip;]<\/p>\n","protected":false},"author":1,"featured_media":0,"parent":0,"menu_order":0,"comment_status":"closed","ping_status":"closed","template":"","meta":{"_acf_changed":false,"footnotes":""},"class_list":["post-98","page","type-page","status-publish","hentry"],"acf":[],"_links":{"self":[{"href":"https:\/\/sites.uel.br\/sebec\/wp-json\/wp\/v2\/pages\/98","targetHints":{"allow":["GET"]}}],"collection":[{"href":"https:\/\/sites.uel.br\/sebec\/wp-json\/wp\/v2\/pages"}],"about":[{"href":"https:\/\/sites.uel.br\/sebec\/wp-json\/wp\/v2\/types\/page"}],"author":[{"embeddable":true,"href":"https:\/\/sites.uel.br\/sebec\/wp-json\/wp\/v2\/users\/1"}],"replies":[{"embeddable":true,"href":"https:\/\/sites.uel.br\/sebec\/wp-json\/wp\/v2\/comments?post=98"}],"version-history":[{"count":74,"href":"https:\/\/sites.uel.br\/sebec\/wp-json\/wp\/v2\/pages\/98\/revisions"}],"predecessor-version":[{"id":5063,"href":"https:\/\/sites.uel.br\/sebec\/wp-json\/wp\/v2\/pages\/98\/revisions\/5063"}],"wp:attachment":[{"href":"https:\/\/sites.uel.br\/sebec\/wp-json\/wp\/v2\/media?parent=98"}],"curies":[{"name":"wp","href":"https:\/\/api.w.org\/{rel}","templated":true}]}}