{"id":972,"date":"2022-03-31T15:38:52","date_gmt":"2022-03-31T18:38:52","guid":{"rendered":"https:\/\/sites.uel.br\/sebec\/?page_id=972"},"modified":"2025-09-05T16:03:23","modified_gmt":"2025-09-05T19:03:23","slug":"selecao-para-concessao-de-bolsa-permanencia","status":"publish","type":"page","link":"https:\/\/sites.uel.br\/sebec\/selecao-para-concessao-de-bolsa-permanencia\/","title":{"rendered":"Sele\u00e7\u00e3o para Concess\u00e3o de Bolsa Perman\u00eancia"},"content":{"rendered":"\n<p><\/p>\n\n\n\n<p>A concess\u00e3o de subs\u00eddio ampliado para refei\u00e7\u00f5es no Restaurante Universit\u00e1rio tem o objetivo de selecionar estudantes para que tenham acesso \u00e0s refei\u00e7\u00f5es servidas pelo Restaurante Universit\u00e1rio com maior subs\u00eddio, enquadrando-os no grupo I de comensais da\u00a0<a href=\"https:\/\/sites.uel.br\/sebec\/wp-content\/uploads\/2022\/03\/Resolucao-CA-35-2019.pdf\" target=\"_blank\" rel=\"noreferrer noopener\">Resolu\u00e7\u00e3o CA n\u00b0 35\/2019<\/a>, destinados aos estudantes da Moradia Estudantil e discentes com renda familiar per capita mensal familiar de at\u00e9 um sal\u00e1rio m\u00ednimo Federal conforme\u00a0<a href=\"https:\/\/sites.uel.br\/sebec\/wp-content\/uploads\/2022\/02\/Resolucao-121-2014-Subsidio-Ampliado.pdf\" target=\"_blank\" rel=\"noreferrer noopener\">Resolu\u00e7\u00e3o CA n\u00ba 121\/2014<\/a>.<\/p>\n\n\n\n<p><\/p>\n\n\n\n<p><\/p>\n","protected":false},"excerpt":{"rendered":"<p>A concess\u00e3o de subs\u00eddio ampliado para refei\u00e7\u00f5es no Restaurante Universit\u00e1rio tem o objetivo de selecionar estudantes para que tenham acesso \u00e0s refei\u00e7\u00f5es servidas pelo Restaurante Universit\u00e1rio com maior subs\u00eddio, enquadrando-os no grupo I de comensais da\u00a0Resolu\u00e7\u00e3o CA n\u00b0 35\/2019, destinados aos estudantes da Moradia Estudantil e discentes com renda familiar per capita mensal familiar de [&hellip;]<\/p>\n","protected":false},"author":1,"featured_media":0,"parent":0,"menu_order":0,"comment_status":"closed","ping_status":"closed","template":"","meta":{"_acf_changed":false,"footnotes":""},"class_list":["post-972","page","type-page","status-publish","hentry"],"acf":[],"_links":{"self":[{"href":"https:\/\/sites.uel.br\/sebec\/wp-json\/wp\/v2\/pages\/972","targetHints":{"allow":["GET"]}}],"collection":[{"href":"https:\/\/sites.uel.br\/sebec\/wp-json\/wp\/v2\/pages"}],"about":[{"href":"https:\/\/sites.uel.br\/sebec\/wp-json\/wp\/v2\/types\/page"}],"author":[{"embeddable":true,"href":"https:\/\/sites.uel.br\/sebec\/wp-json\/wp\/v2\/users\/1"}],"replies":[{"embeddable":true,"href":"https:\/\/sites.uel.br\/sebec\/wp-json\/wp\/v2\/comments?post=972"}],"version-history":[{"count":11,"href":"https:\/\/sites.uel.br\/sebec\/wp-json\/wp\/v2\/pages\/972\/revisions"}],"predecessor-version":[{"id":4703,"href":"https:\/\/sites.uel.br\/sebec\/wp-json\/wp\/v2\/pages\/972\/revisions\/4703"}],"wp:attachment":[{"href":"https:\/\/sites.uel.br\/sebec\/wp-json\/wp\/v2\/media?parent=972"}],"curies":[{"name":"wp","href":"https:\/\/api.w.org\/{rel}","templated":true}]}}