{"id":935,"date":"2022-03-30T15:22:48","date_gmt":"2022-03-30T18:22:48","guid":{"rendered":"https:\/\/sites.uel.br\/sebec\/?page_id=935"},"modified":"2022-04-06T09:40:09","modified_gmt":"2022-04-06T12:40:09","slug":"selecao-para-isencao-da-taxa-de-matricula-para-pratica-de-atividade-fisica-no-nucleo-de-atividade-fisica-do-cefe-nafi","status":"publish","type":"page","link":"https:\/\/sites.uel.br\/sebec\/selecao-para-isencao-da-taxa-de-matricula-para-pratica-de-atividade-fisica-no-nucleo-de-atividade-fisica-do-cefe-nafi\/","title":{"rendered":"Sele\u00e7\u00e3o para Isen\u00e7\u00e3o da Taxa de Matr\u00edcula para Pr\u00e1tica de Atividade F\u00edsica no N\u00facleo de Atividade F\u00edsica do CEFE &#8211; NAFI"},"content":{"rendered":"\n<p><\/p>\n\n\n\n<p>Processo de Sele\u00e7\u00e3o realizada pelo SEBEC, no uso de suas atribui\u00e7\u00f5es legais, para a isen\u00e7\u00e3o da taxa de matricula para pr\u00e1tica de atividade f\u00edsica conforme of\u00edcio NAFI \/UEL n\u00ba 004\/2016.<\/p>\n\n\n\n<p><\/p>\n\n\n\n<figure class=\"wp-block-table\"><table><tbody><tr><td class=\"has-text-align-center\" data-align=\"center\">18\/04\/2016<\/td><td class=\"has-text-align-center\" data-align=\"center\"><a href=\"https:\/\/sites.uel.br\/sebec\/wp-content\/uploads\/2022\/03\/Edital-009_2016-Resultado-Edital-Nafi.pdf\" data-type=\"URL\" data-id=\"https:\/\/sites.uel.br\/sebec\/wp-content\/uploads\/2022\/03\/Edital-009_2016-Resultado-Edital-Nafi.pdf\" target=\"_blank\" rel=\"noreferrer noopener\">Resultado &#8211; Edital SEBEC n\u00ba 009\/2016<\/a><\/td><\/tr><tr><td class=\"has-text-align-center\" data-align=\"center\">06\/04\/2016<\/td><td class=\"has-text-align-center\" data-align=\"center\"><a href=\"https:\/\/sites.uel.br\/sebec\/wp-content\/uploads\/2022\/03\/Edital-007_2016-Edital-Nafi.pdf\" data-type=\"URL\" data-id=\"https:\/\/sites.uel.br\/sebec\/wp-content\/uploads\/2022\/03\/Edital-007_2016-Edital-Nafi.pdf\" target=\"_blank\" rel=\"noreferrer noopener\">Edital SEBEC n\u00ba 007\/2016<\/a><\/td><\/tr><\/tbody><\/table><\/figure>\n","protected":false},"excerpt":{"rendered":"<p>Processo de Sele\u00e7\u00e3o realizada pelo SEBEC, no uso de suas atribui\u00e7\u00f5es legais, para a isen\u00e7\u00e3o da taxa de matricula para pr\u00e1tica de atividade f\u00edsica conforme of\u00edcio NAFI \/UEL n\u00ba 004\/2016. 18\/04\/2016 Resultado &#8211; Edital SEBEC n\u00ba 009\/2016 06\/04\/2016 Edital SEBEC n\u00ba 007\/2016<\/p>\n","protected":false},"author":1,"featured_media":0,"parent":0,"menu_order":0,"comment_status":"closed","ping_status":"closed","template":"","meta":{"_acf_changed":false,"footnotes":""},"class_list":["post-935","page","type-page","status-publish","hentry"],"acf":[],"_links":{"self":[{"href":"https:\/\/sites.uel.br\/sebec\/wp-json\/wp\/v2\/pages\/935","targetHints":{"allow":["GET"]}}],"collection":[{"href":"https:\/\/sites.uel.br\/sebec\/wp-json\/wp\/v2\/pages"}],"about":[{"href":"https:\/\/sites.uel.br\/sebec\/wp-json\/wp\/v2\/types\/page"}],"author":[{"embeddable":true,"href":"https:\/\/sites.uel.br\/sebec\/wp-json\/wp\/v2\/users\/1"}],"replies":[{"embeddable":true,"href":"https:\/\/sites.uel.br\/sebec\/wp-json\/wp\/v2\/comments?post=935"}],"version-history":[{"count":3,"href":"https:\/\/sites.uel.br\/sebec\/wp-json\/wp\/v2\/pages\/935\/revisions"}],"predecessor-version":[{"id":1207,"href":"https:\/\/sites.uel.br\/sebec\/wp-json\/wp\/v2\/pages\/935\/revisions\/1207"}],"wp:attachment":[{"href":"https:\/\/sites.uel.br\/sebec\/wp-json\/wp\/v2\/media?parent=935"}],"curies":[{"name":"wp","href":"https:\/\/api.w.org\/{rel}","templated":true}]}}