{"id":93,"date":"2022-02-04T15:22:26","date_gmt":"2022-02-04T18:22:26","guid":{"rendered":"https:\/\/sites.uel.br\/sebec\/?page_id=93"},"modified":"2025-02-21T08:47:15","modified_gmt":"2025-02-21T11:47:15","slug":"servicos-de-saude-conveniados","status":"publish","type":"page","link":"https:\/\/sites.uel.br\/sebec\/servicos-de-saude-conveniados\/","title":{"rendered":"Servi\u00e7os de Sa\u00fade Conveniados"},"content":{"rendered":"\n<p><\/p>\n\n\n\n<p>O Servi\u00e7o de Bem Estar \u00e0 Comunidade \u2013 SEBEC disponibiliza \u00e0 Comunidade Universit\u00e1ria uma listagem com os nomes, endere\u00e7os e servi\u00e7os prestados com desconto nos pre\u00e7os, por profissionais da \u00e1rea de sa\u00fade, laborat\u00f3rios e cl\u00ednicas especializadas conforme <a rel=\"noreferrer noopener\" href=\"https:\/\/sites.uel.br\/sebec\/wp-content\/uploads\/2022\/02\/Instrucao-Servico-002_sebec_-credenciamento.pdf\" data-type=\"URL\" data-id=\"https:\/\/sites.uel.br\/sebec\/wp-content\/uploads\/2022\/02\/Instrucao-Servico-002_sebec_-credenciamento.pdf\" target=\"_blank\">Instru\u00e7\u00e3o de Servi\u00e7o SEBEC n\u00ba 002\/2017<\/a>.<\/p>\n\n\n\n<p><\/p>\n\n\n\n<p>A escolha do profissional ou empresa ser\u00e1 realizada de forma espont\u00e2nea pelos membros da comunidade universit\u00e1ria, sem qualquer interfer\u00eancia de servidores do SEBEC. Ap\u00f3s a escolha, o SEBEC emitir\u00e1 uma Guia de Encaminhamento espec\u00edfica ao profissional ou empresa, que poder\u00e1 ser solicitada presencialmente no balc\u00e3o de atendimento da secretaria do SEBEC, pelo email sebec@uel.br ou pelo WhatSapp (43) 3371-4452 com as informa\u00e7\u00f5es do paciente e do profissional ou empresa.<\/p>\n\n\n\n<p><\/p>\n\n\n\n<p>O desconto nos servi\u00e7os \u00e9 responsabilidade do credenciado, n\u00e3o cabendo \u00e0 Universidade Estadual de Londrina qualquer complementa\u00e7\u00e3o de valores, reembolso de diferen\u00e7as ou pagamento de servi\u00e7os.<\/p>\n\n\n\n<p><\/p>\n\n\n\n<ul class=\"wp-block-list\">\n<li><strong><a href=\"https:\/\/sites.uel.br\/sebec\/?page_id=98\" data-type=\"URL\" data-id=\"https:\/\/sites.uel.br\/sebec\/?page_id=98\">Listagem dos credenciados divididos por especialidade<\/a><\/strong><\/li>\n\n\n\n<li><strong><a href=\"https:\/\/sites.uel.br\/sebec\/?page_id=108\" data-type=\"URL\" data-id=\"https:\/\/sites.uel.br\/sebec\/?page_id=108\">Credenciamento de profissionais e cl\u00ednicas especializadas<\/a><\/strong><\/li>\n<\/ul>\n\n\n\n<p><\/p>\n","protected":false},"excerpt":{"rendered":"<p>O Servi\u00e7o de Bem Estar \u00e0 Comunidade \u2013 SEBEC disponibiliza \u00e0 Comunidade Universit\u00e1ria uma listagem com os nomes, endere\u00e7os e servi\u00e7os prestados com desconto nos pre\u00e7os, por profissionais da \u00e1rea de sa\u00fade, laborat\u00f3rios e cl\u00ednicas especializadas conforme Instru\u00e7\u00e3o de Servi\u00e7o SEBEC n\u00ba 002\/2017. A escolha do profissional ou empresa ser\u00e1 realizada de forma espont\u00e2nea pelos [&hellip;]<\/p>\n","protected":false},"author":1,"featured_media":0,"parent":0,"menu_order":0,"comment_status":"closed","ping_status":"closed","template":"","meta":{"_acf_changed":false,"footnotes":""},"class_list":["post-93","page","type-page","status-publish","hentry"],"acf":[],"_links":{"self":[{"href":"https:\/\/sites.uel.br\/sebec\/wp-json\/wp\/v2\/pages\/93","targetHints":{"allow":["GET"]}}],"collection":[{"href":"https:\/\/sites.uel.br\/sebec\/wp-json\/wp\/v2\/pages"}],"about":[{"href":"https:\/\/sites.uel.br\/sebec\/wp-json\/wp\/v2\/types\/page"}],"author":[{"embeddable":true,"href":"https:\/\/sites.uel.br\/sebec\/wp-json\/wp\/v2\/users\/1"}],"replies":[{"embeddable":true,"href":"https:\/\/sites.uel.br\/sebec\/wp-json\/wp\/v2\/comments?post=93"}],"version-history":[{"count":10,"href":"https:\/\/sites.uel.br\/sebec\/wp-json\/wp\/v2\/pages\/93\/revisions"}],"predecessor-version":[{"id":4393,"href":"https:\/\/sites.uel.br\/sebec\/wp-json\/wp\/v2\/pages\/93\/revisions\/4393"}],"wp:attachment":[{"href":"https:\/\/sites.uel.br\/sebec\/wp-json\/wp\/v2\/media?parent=93"}],"curies":[{"name":"wp","href":"https:\/\/api.w.org\/{rel}","templated":true}]}}