{"id":917,"date":"2022-03-30T14:48:33","date_gmt":"2022-03-30T17:48:33","guid":{"rendered":"https:\/\/sites.uel.br\/sebec\/?page_id=917"},"modified":"2022-04-06T10:24:23","modified_gmt":"2022-04-06T13:24:23","slug":"instrucao-de-servico-conjunta-sebec-cops-proaf-2021","status":"publish","type":"page","link":"https:\/\/sites.uel.br\/sebec\/instrucao-de-servico-conjunta-sebec-cops-proaf-2021\/","title":{"rendered":"Instru\u00e7\u00e3o de Servi\u00e7o Conjunta SEBEC\/COPS\/PROAF 2021"},"content":{"rendered":"\n<p><\/p>\n\n\n\n<figure class=\"wp-block-table\"><table><tbody><tr><td class=\"has-text-align-center\" data-align=\"center\">10\/09\/2021<\/td><td class=\"has-text-align-center\" data-align=\"center\"><a rel=\"noreferrer noopener\" href=\"https:\/\/sites.uel.br\/sebec\/wp-content\/uploads\/2022\/03\/edital_027_2021.pdf\" target=\"_blank\">R<\/a><a rel=\"noreferrer noopener\" href=\"https:\/\/sites.uel.br\/sebec\/wp-content\/uploads\/2022\/03\/edital_027_2021.pdf\" target=\"_blank\">e<\/a><a rel=\"noreferrer noopener\" href=\"https:\/\/sites.uel.br\/sebec\/wp-content\/uploads\/2022\/03\/edital_027_2021.pdf\" target=\"_blank\">s<\/a><a rel=\"noreferrer noopener\" href=\"https:\/\/sites.uel.br\/sebec\/wp-content\/uploads\/2022\/03\/edital_027_2021.pdf\" target=\"_blank\">u<\/a><a rel=\"noreferrer noopener\" href=\"https:\/\/sites.uel.br\/sebec\/wp-content\/uploads\/2022\/03\/edital_027_2021.pdf\" target=\"_blank\">l<\/a><a rel=\"noreferrer noopener\" href=\"https:\/\/sites.uel.br\/sebec\/wp-content\/uploads\/2022\/03\/edital_027_2021.pdf\" target=\"_blank\">t<\/a><a rel=\"noreferrer noopener\" href=\"https:\/\/sites.uel.br\/sebec\/wp-content\/uploads\/2022\/03\/edital_027_2021.pdf\" target=\"_blank\">a<\/a><a rel=\"noreferrer noopener\" href=\"https:\/\/sites.uel.br\/sebec\/wp-content\/uploads\/2022\/03\/edital_027_2021.pdf\" target=\"_blank\">d<\/a><a rel=\"noreferrer noopener\" href=\"https:\/\/sites.uel.br\/sebec\/wp-content\/uploads\/2022\/03\/edital_027_2021.pdf\" target=\"_blank\">o<\/a><a rel=\"noreferrer noopener\" href=\"https:\/\/sites.uel.br\/sebec\/wp-content\/uploads\/2022\/03\/edital_027_2021.pdf\" target=\"_blank\"> <\/a><a rel=\"noreferrer noopener\" href=\"https:\/\/sites.uel.br\/sebec\/wp-content\/uploads\/2022\/03\/edital_027_2021.pdf\" target=\"_blank\">d<\/a><a rel=\"noreferrer noopener\" href=\"https:\/\/sites.uel.br\/sebec\/wp-content\/uploads\/2022\/03\/edital_027_2021.pdf\" target=\"_blank\">o<\/a><a rel=\"noreferrer noopener\" href=\"https:\/\/sites.uel.br\/sebec\/wp-content\/uploads\/2022\/03\/edital_027_2021.pdf\" target=\"_blank\">s<\/a><a rel=\"noreferrer noopener\" href=\"https:\/\/sites.uel.br\/sebec\/wp-content\/uploads\/2022\/03\/edital_027_2021.pdf\" target=\"_blank\"> <\/a><a rel=\"noreferrer noopener\" href=\"https:\/\/sites.uel.br\/sebec\/wp-content\/uploads\/2022\/03\/edital_027_2021.pdf\" target=\"_blank\">R<\/a><a rel=\"noreferrer noopener\" href=\"https:\/\/sites.uel.br\/sebec\/wp-content\/uploads\/2022\/03\/edital_027_2021.pdf\" target=\"_blank\">e<\/a><a rel=\"noreferrer noopener\" href=\"https:\/\/sites.uel.br\/sebec\/wp-content\/uploads\/2022\/03\/edital_027_2021.pdf\" target=\"_blank\">c<\/a><a rel=\"noreferrer noopener\" href=\"https:\/\/sites.uel.br\/sebec\/wp-content\/uploads\/2022\/03\/edital_027_2021.pdf\" target=\"_blank\">u<\/a><a rel=\"noreferrer noopener\" href=\"https:\/\/sites.uel.br\/sebec\/wp-content\/uploads\/2022\/03\/edital_027_2021.pdf\" target=\"_blank\">r<\/a><a rel=\"noreferrer noopener\" href=\"https:\/\/sites.uel.br\/sebec\/wp-content\/uploads\/2022\/03\/edital_027_2021.pdf\" target=\"_blank\">s<\/a><a rel=\"noreferrer noopener\" href=\"https:\/\/sites.uel.br\/sebec\/wp-content\/uploads\/2022\/03\/edital_027_2021.pdf\" target=\"_blank\">o<\/a><a rel=\"noreferrer noopener\" href=\"https:\/\/sites.uel.br\/sebec\/wp-content\/uploads\/2022\/03\/edital_027_2021.pdf\" target=\"_blank\">s<\/a><a rel=\"noreferrer noopener\" href=\"https:\/\/sites.uel.br\/sebec\/wp-content\/uploads\/2022\/03\/edital_027_2021.pdf\" target=\"_blank\"> <\/a><a rel=\"noreferrer noopener\" href=\"https:\/\/sites.uel.br\/sebec\/wp-content\/uploads\/2022\/03\/edital_027_2021.pdf\" target=\"_blank\">&#8211;<\/a><a href=\"https:\/\/sites.uel.br\/sebec\/wp-content\/uploads\/2022\/03\/edital_027_2021.pdf\" target=\"_blank\" rel=\"noreferrer noopener\"> <\/a><a rel=\"noreferrer noopener\" href=\"https:\/\/sites.uel.br\/sebec\/wp-content\/uploads\/2022\/03\/edital_027_2021.pdf\" target=\"_blank\">Edital SEBEC n\u00b0 027\/2021<\/a><\/td><\/tr><tr><td class=\"has-text-align-center\" data-align=\"center\">30\/08\/2021<\/td><td class=\"has-text-align-center\" data-align=\"center\"><a href=\"https:\/\/sites.uel.br\/sebec\/wp-content\/uploads\/2022\/03\/Edital_026_2021.pdf\" data-type=\"URL\" data-id=\"https:\/\/sites.uel.br\/sebec\/wp-content\/uploads\/2022\/03\/Edital_026_2021.pdf\" target=\"_blank\" rel=\"noreferrer noopener\">Resultado Preliminar &#8211; Edital SEBEC n\u00ba 026\/2021<\/a><\/td><\/tr><tr><td class=\"has-text-align-center\" data-align=\"center\">09\/08\/2021 a 17\/08\/2021 (SEBEC)<br>20\/07\/2021 a 29\/07\/2021 (COPS) <\/td><td class=\"has-text-align-center\" data-align=\"center\"><a href=\"https:\/\/www.cops.uel.br\/v2\/Selecao\/DetalharSelecao\/Selecao\/280\" target=\"_blank\" rel=\"noreferrer noopener\">Inscri\u00e7\u00f5es<\/a><\/td><\/tr><tr><td class=\"has-text-align-center\" data-align=\"center\">09\/07\/2021<\/td><td class=\"has-text-align-center\" data-align=\"center\"><a rel=\"noreferrer noopener\" href=\"https:\/\/sites.uel.br\/sebec\/wp-content\/uploads\/2022\/03\/Instrucao-de-Servico-SEBEC-COPS-PROAF-001-2021-Site.pdf\" data-type=\"URL\" data-id=\"https:\/\/sites.uel.br\/sebec\/wp-content\/uploads\/2022\/03\/Instrucao-de-Servico-SEBEC-COPS-PROAF-001-2021-Site.pdf\" target=\"_blank\">Instru\u00e7\u00e3o de Servi\u00e7o Conjunta SEBEC\/COPS\/PROAF n\u00b0 001\/2021<\/a><br><a href=\"https:\/\/sites.uel.br\/sebec\/wp-content\/uploads\/2022\/03\/Lista-de-documentos-2021.pdf\" data-type=\"URL\" data-id=\"https:\/\/sites.uel.br\/sebec\/wp-content\/uploads\/2022\/03\/Lista-de-documentos-2021.pdf\" target=\"_blank\" rel=\"noreferrer noopener\">&#8211; Lista de documentos<\/a><br><a href=\"https:\/\/sites.uel.br\/sebec\/wp-content\/uploads\/2022\/03\/Modelo-de-Declaracao-2021.pdf\" data-type=\"URL\" data-id=\"https:\/\/sites.uel.br\/sebec\/wp-content\/uploads\/2022\/03\/Modelo-de-Declaracao-2021.pdf\" target=\"_blank\" rel=\"noreferrer noopener\">&#8211; Modelo de declara\u00e7\u00e3o<\/a><\/td><\/tr><\/tbody><\/table><\/figure>\n\n\n\n<p><\/p>\n\n\n\n<p class=\"has-text-align-center\"><a rel=\"noreferrer noopener\" href=\"https:\/\/www.cops.uel.br\/v2\/Selecao\/DetalharSelecao\/Selecao\/280\" target=\"_blank\"><strong>Processo Seletivo Vestibular 2022<\/strong> <strong>(COPS)<\/strong><\/a><\/p>\n","protected":false},"excerpt":{"rendered":"<p>10\/09\/2021 Resultado dos Recursos &#8211; Edital SEBEC n\u00b0 027\/2021 30\/08\/2021 Resultado Preliminar &#8211; Edital SEBEC n\u00ba 026\/2021 09\/08\/2021 a 17\/08\/2021 (SEBEC)20\/07\/2021 a 29\/07\/2021 (COPS) Inscri\u00e7\u00f5es 09\/07\/2021 Instru\u00e7\u00e3o de Servi\u00e7o Conjunta SEBEC\/COPS\/PROAF n\u00b0 001\/2021&#8211; Lista de documentos&#8211; Modelo de declara\u00e7\u00e3o Processo Seletivo Vestibular 2022 (COPS)<\/p>\n","protected":false},"author":1,"featured_media":0,"parent":0,"menu_order":0,"comment_status":"closed","ping_status":"closed","template":"","meta":{"_acf_changed":false,"footnotes":""},"class_list":["post-917","page","type-page","status-publish","hentry"],"acf":[],"_links":{"self":[{"href":"https:\/\/sites.uel.br\/sebec\/wp-json\/wp\/v2\/pages\/917","targetHints":{"allow":["GET"]}}],"collection":[{"href":"https:\/\/sites.uel.br\/sebec\/wp-json\/wp\/v2\/pages"}],"about":[{"href":"https:\/\/sites.uel.br\/sebec\/wp-json\/wp\/v2\/types\/page"}],"author":[{"embeddable":true,"href":"https:\/\/sites.uel.br\/sebec\/wp-json\/wp\/v2\/users\/1"}],"replies":[{"embeddable":true,"href":"https:\/\/sites.uel.br\/sebec\/wp-json\/wp\/v2\/comments?post=917"}],"version-history":[{"count":8,"href":"https:\/\/sites.uel.br\/sebec\/wp-json\/wp\/v2\/pages\/917\/revisions"}],"predecessor-version":[{"id":1240,"href":"https:\/\/sites.uel.br\/sebec\/wp-json\/wp\/v2\/pages\/917\/revisions\/1240"}],"wp:attachment":[{"href":"https:\/\/sites.uel.br\/sebec\/wp-json\/wp\/v2\/media?parent=917"}],"curies":[{"name":"wp","href":"https:\/\/api.w.org\/{rel}","templated":true}]}}