{"id":912,"date":"2022-03-30T14:30:50","date_gmt":"2022-03-30T17:30:50","guid":{"rendered":"https:\/\/sites.uel.br\/sebec\/?page_id=912"},"modified":"2025-05-07T15:53:00","modified_gmt":"2025-05-07T18:53:00","slug":"selecao-da-isencao-da-taxa-do-vestibular","status":"publish","type":"page","link":"https:\/\/sites.uel.br\/sebec\/selecao-da-isencao-da-taxa-do-vestibular\/","title":{"rendered":"Sele\u00e7\u00e3o da Isen\u00e7\u00e3o da Taxa do Vestibular"},"content":{"rendered":"\n<p><\/p>\n\n\n\n<p>A sele\u00e7\u00e3o para isen\u00e7\u00e3o ou desconto do pagamento do pre\u00e7o p\u00fablico referente \u00e0 inscri\u00e7\u00e3o do processo seletivo vestibular da UEL \u00e9 destinada aos estudantes de baixa renda da rede p\u00fablica de ensino. Sua realiza\u00e7\u00e3o \u00e9 feita por meio de instru\u00e7\u00e3o de servi\u00e7o conjunta espec\u00edfica entre o SEBEC (Servi\u00e7o de Bem Estar \u00e0 Comunidade), COPS (Coordenadoria de Processos Seletivos) e PROAF (Pr\u00f3-reitoria de Administra\u00e7\u00e3o e Finan\u00e7as).<\/p>\n\n\n\n<p><\/p>\n\n\n\n<ul class=\"wp-block-list\">\n<li><a href=\"https:\/\/sites.uel.br\/vestibular\/wp-content\/uploads\/2025\/05\/Instrucao-Servico-SEBEC_COPS_PROAF_001_2025_ISENCAO-VIA-NIS.pdf\" target=\"_blank\" rel=\"noreferrer noopener\">Instru\u00e7\u00e3o de Servi\u00e7o Conjunta SEBEC\/COPS\/PROAF 2025<\/a><\/li>\n\n\n\n<li><a href=\"https:\/\/www.cops.uel.br\/v2\/Selecao\/DetalharSelecao\/Selecao\/340\" target=\"_blank\" rel=\"noreferrer noopener\">Instru\u00e7\u00e3o de Servi\u00e7o Conjunta SEBEC\/COPS\/PROAF 2024<\/a><\/li>\n\n\n\n<li><a href=\"https:\/\/sites.uel.br\/sebec\/noticias\/2023\/06\/05\/isencao-desconto-taxa-de-inscricao-do-vestibular-2024\/\" target=\"_blank\" rel=\"noreferrer noopener\">Instru\u00e7\u00e3o de Servi\u00e7o Conjunta SEBEC\/COPS\/PROAF 2023<\/a><\/li>\n\n\n\n<li><a rel=\"noreferrer noopener\" href=\"https:\/\/www.cops.uel.br\/v2\/Selecao\/DetalharSelecao\/Selecao\/296\" data-type=\"URL\" data-id=\"https:\/\/www.cops.uel.br\/v2\/Selecao\/DetalharSelecao\/Selecao\/296\" target=\"_blank\">Instru\u00e7\u00e3o de Servi\u00e7o Conjunta SEBEC\/COPS\/PROAF 2022<\/a><\/li>\n\n\n\n<li><a href=\"https:\/\/sites.uel.br\/sebec\/?page_id=917\" data-type=\"URL\" data-id=\"https:\/\/sites.uel.br\/sebec\/?page_id=917\">Instru\u00e7\u00e3o de Servi\u00e7o Conjunta SEBEC\/COPS\/PROAF 2021<\/a><\/li>\n\n\n\n<li><a href=\"https:\/\/sites.uel.br\/sebec\/?page_id=1341\">Instru\u00e7\u00e3o de Servi\u00e7o Conjunta SEBEC\/COPS\/PROAF 2020<\/a><\/li>\n<\/ul>\n\n\n\n<p><\/p>\n","protected":false},"excerpt":{"rendered":"<p>A sele\u00e7\u00e3o para isen\u00e7\u00e3o ou desconto do pagamento do pre\u00e7o p\u00fablico referente \u00e0 inscri\u00e7\u00e3o do processo seletivo vestibular da UEL \u00e9 destinada aos estudantes de baixa renda da rede p\u00fablica de ensino. Sua realiza\u00e7\u00e3o \u00e9 feita por meio de instru\u00e7\u00e3o de servi\u00e7o conjunta espec\u00edfica entre o SEBEC (Servi\u00e7o de Bem Estar \u00e0 Comunidade), COPS (Coordenadoria [&hellip;]<\/p>\n","protected":false},"author":1,"featured_media":0,"parent":0,"menu_order":0,"comment_status":"closed","ping_status":"closed","template":"","meta":{"_acf_changed":false,"footnotes":""},"class_list":["post-912","page","type-page","status-publish","hentry"],"acf":[],"_links":{"self":[{"href":"https:\/\/sites.uel.br\/sebec\/wp-json\/wp\/v2\/pages\/912","targetHints":{"allow":["GET"]}}],"collection":[{"href":"https:\/\/sites.uel.br\/sebec\/wp-json\/wp\/v2\/pages"}],"about":[{"href":"https:\/\/sites.uel.br\/sebec\/wp-json\/wp\/v2\/types\/page"}],"author":[{"embeddable":true,"href":"https:\/\/sites.uel.br\/sebec\/wp-json\/wp\/v2\/users\/1"}],"replies":[{"embeddable":true,"href":"https:\/\/sites.uel.br\/sebec\/wp-json\/wp\/v2\/comments?post=912"}],"version-history":[{"count":10,"href":"https:\/\/sites.uel.br\/sebec\/wp-json\/wp\/v2\/pages\/912\/revisions"}],"predecessor-version":[{"id":4499,"href":"https:\/\/sites.uel.br\/sebec\/wp-json\/wp\/v2\/pages\/912\/revisions\/4499"}],"wp:attachment":[{"href":"https:\/\/sites.uel.br\/sebec\/wp-json\/wp\/v2\/media?parent=912"}],"curies":[{"name":"wp","href":"https:\/\/api.w.org\/{rel}","templated":true}]}}