{"id":908,"date":"2022-03-30T14:13:54","date_gmt":"2022-03-30T17:13:54","guid":{"rendered":"https:\/\/sites.uel.br\/sebec\/?page_id=908"},"modified":"2022-07-07T15:15:50","modified_gmt":"2022-07-07T18:15:50","slug":"processo-de-selecao-da-bolsa-fundacao-araucaria-2022","status":"publish","type":"page","link":"https:\/\/sites.uel.br\/sebec\/processo-de-selecao-da-bolsa-fundacao-araucaria-2022\/","title":{"rendered":"Processo de Sele\u00e7\u00e3o da Bolsa Funda\u00e7\u00e3o Arauc\u00e1ria 2022"},"content":{"rendered":"\n<p><\/p>\n\n\n\n<figure class=\"wp-block-table\"><table><tbody><tr><td class=\"has-text-align-center\" data-align=\"center\">14\/07\/2022 17h<\/td><td class=\"has-text-align-center\" data-align=\"center\">Edital Final de inscri\u00e7\u00f5es Deferidas e Indeferidas<\/td><\/tr><tr><td class=\"has-text-align-center\" data-align=\"center\">14\/07\/2022 17h<\/td><td class=\"has-text-align-center\" data-align=\"center\">Edital do Resultado do Recurso<\/td><\/tr><tr><td class=\"has-text-align-center\" data-align=\"center\">07 e 08\/07\/2022<\/td><td class=\"has-text-align-center\" data-align=\"center\"><a href=\"https:\/\/www.sistemasweb.uel.br\/index.php?contents=system\/insc\/index.php&amp;pagina=view\/inscricoes\/seleciona_evento.php&amp;cod_evento=7331\">Recurso da inscri\u00e7\u00f5es indeferidas<\/a><\/td><\/tr><tr><td class=\"has-text-align-center\" data-align=\"center\">06\/07\/2022 <\/td><td class=\"has-text-align-center\" data-align=\"center\"><a href=\"https:\/\/sites.uel.br\/sebec\/wp-content\/uploads\/2022\/07\/Oficio-SEBEC-018_2022-Edital-de-Inscricoes-deferidas-e-indeferidas-PIBIS-2022.pdf\" target=\"_blank\" rel=\"noreferrer noopener\">Edital de Inscri\u00e7\u00f5es Deferidas e Indeferidas<\/a><\/td><\/tr><tr><td class=\"has-text-align-center\" data-align=\"center\">08\/06\/2022<\/td><td class=\"has-text-align-center\" data-align=\"center\">Prorroga\u00e7\u00e3o&nbsp;do prazo de inscri\u00e7\u00e3o at\u00e9 13\/06\/2022<\/td><\/tr><tr><td class=\"has-text-align-center\" data-align=\"center\">25\/05\/2022 a 13\/06\/2022<\/td><td class=\"has-text-align-center\" data-align=\"center\"><a href=\"http:\/\/www.uel.br\/inclusaosocial\/pages\/edital-2022.php\" target=\"_blank\" rel=\"noreferrer noopener\">Inscri\u00e7\u00f5es<\/a><\/td><\/tr><tr><td class=\"has-text-align-center\" data-align=\"center\">24\/05\/2022<\/td><td class=\"has-text-align-center\" data-align=\"center\"><a href=\"https:\/\/sites.uel.br\/sebec\/wp-content\/uploads\/2022\/05\/Edital-SEBEC-PROPPG-PROEX-PROGRAD-01-2022-Fundacao-Araucaria.pdf\" target=\"_blank\" rel=\"noreferrer noopener\">Edital SEBEC\/PROPPG\/PROEX\/PROGRAD n\u00b0 001\/2022<\/a><\/td><\/tr><\/tbody><\/table><\/figure>\n\n\n\n<p><\/p>\n\n\n<div class=\"wp-block-image\">\n<figure class=\"aligncenter size-large is-resized\"><img loading=\"lazy\" decoding=\"async\" src=\"https:\/\/sites.uel.br\/sebec\/wp-content\/uploads\/2022\/05\/Cartaz-Araucaria-2022-819x1024.png\" alt=\"\" class=\"wp-image-1603\" width=\"559\" height=\"699\" srcset=\"https:\/\/sites.uel.br\/sebec\/wp-content\/uploads\/2022\/05\/Cartaz-Araucaria-2022-819x1024.png 819w, https:\/\/sites.uel.br\/sebec\/wp-content\/uploads\/2022\/05\/Cartaz-Araucaria-2022-240x300.png 240w, https:\/\/sites.uel.br\/sebec\/wp-content\/uploads\/2022\/05\/Cartaz-Araucaria-2022-768x961.png 768w, https:\/\/sites.uel.br\/sebec\/wp-content\/uploads\/2022\/05\/Cartaz-Araucaria-2022-1228x1536.png 1228w, https:\/\/sites.uel.br\/sebec\/wp-content\/uploads\/2022\/05\/Cartaz-Araucaria-2022-1638x2048.png 1638w\" sizes=\"auto, (max-width: 559px) 100vw, 559px\" \/><\/figure>\n<\/div>","protected":false},"excerpt":{"rendered":"<p>14\/07\/2022 17h Edital Final de inscri\u00e7\u00f5es Deferidas e Indeferidas 14\/07\/2022 17h Edital do Resultado do Recurso 07 e 08\/07\/2022 Recurso da inscri\u00e7\u00f5es indeferidas 06\/07\/2022 Edital de Inscri\u00e7\u00f5es Deferidas e Indeferidas 08\/06\/2022 Prorroga\u00e7\u00e3o&nbsp;do prazo de inscri\u00e7\u00e3o at\u00e9 13\/06\/2022 25\/05\/2022 a 13\/06\/2022 Inscri\u00e7\u00f5es 24\/05\/2022 Edital SEBEC\/PROPPG\/PROEX\/PROGRAD n\u00b0 001\/2022<\/p>\n","protected":false},"author":1,"featured_media":0,"parent":0,"menu_order":0,"comment_status":"closed","ping_status":"closed","template":"","meta":{"_acf_changed":false,"footnotes":""},"class_list":["post-908","page","type-page","status-publish","hentry"],"acf":[],"_links":{"self":[{"href":"https:\/\/sites.uel.br\/sebec\/wp-json\/wp\/v2\/pages\/908","targetHints":{"allow":["GET"]}}],"collection":[{"href":"https:\/\/sites.uel.br\/sebec\/wp-json\/wp\/v2\/pages"}],"about":[{"href":"https:\/\/sites.uel.br\/sebec\/wp-json\/wp\/v2\/types\/page"}],"author":[{"embeddable":true,"href":"https:\/\/sites.uel.br\/sebec\/wp-json\/wp\/v2\/users\/1"}],"replies":[{"embeddable":true,"href":"https:\/\/sites.uel.br\/sebec\/wp-json\/wp\/v2\/comments?post=908"}],"version-history":[{"count":13,"href":"https:\/\/sites.uel.br\/sebec\/wp-json\/wp\/v2\/pages\/908\/revisions"}],"predecessor-version":[{"id":1869,"href":"https:\/\/sites.uel.br\/sebec\/wp-json\/wp\/v2\/pages\/908\/revisions\/1869"}],"wp:attachment":[{"href":"https:\/\/sites.uel.br\/sebec\/wp-json\/wp\/v2\/media?parent=908"}],"curies":[{"name":"wp","href":"https:\/\/api.w.org\/{rel}","templated":true}]}}