{"id":901,"date":"2022-03-30T14:11:58","date_gmt":"2022-03-30T17:11:58","guid":{"rendered":"https:\/\/sites.uel.br\/sebec\/?page_id=901"},"modified":"2022-04-06T09:58:51","modified_gmt":"2022-04-06T12:58:51","slug":"processo-de-selecao-da-bolsa-fundacao-araucaria-2021","status":"publish","type":"page","link":"https:\/\/sites.uel.br\/sebec\/processo-de-selecao-da-bolsa-fundacao-araucaria-2021\/","title":{"rendered":"Processo de Sele\u00e7\u00e3o da Bolsa Funda\u00e7\u00e3o Arauc\u00e1ria 2021"},"content":{"rendered":"\n<p><\/p>\n\n\n\n<figure class=\"wp-block-table\"><table><tbody><tr><td class=\"has-text-align-center\" data-align=\"center\">24\/05\/2021<\/td><td class=\"has-text-align-center\" data-align=\"center\"><a href=\"https:\/\/sites.uel.br\/sebec\/wp-content\/uploads\/2022\/03\/Edital-020_2021-Resultado-Final-Deferidos-e-Indeferidos-Bolsa-Fundacao-Araucaria.pdf\" data-type=\"URL\" data-id=\"https:\/\/sites.uel.br\/sebec\/wp-content\/uploads\/2022\/03\/Edital-020_2021-Resultado-Final-Deferidos-e-Indeferidos-Bolsa-Fundacao-Araucaria.pdf\" target=\"_blank\" rel=\"noreferrer noopener\">Resultado Final &#8211; Edital SEBEC n\u00ba 020\/2021<\/a><\/td><\/tr><tr><td class=\"has-text-align-center\" data-align=\"center\">19\/05\/2021 a 20\/05\/2021<\/td><td class=\"has-text-align-center\" data-align=\"center\"><a href=\"https:\/\/www.sistemasweb.uel.br\/index.php?contents=system\/insc\/index.php&amp;pagina=view\/inscricoes\/seleciona_evento.php&amp;cod_evento=6434\" target=\"_blank\" rel=\"noreferrer noopener\">Recursos<\/a><\/td><\/tr><tr><td class=\"has-text-align-center\" data-align=\"center\">18\/05\/2021<\/td><td class=\"has-text-align-center\" data-align=\"center\"><a href=\"https:\/\/sites.uel.br\/sebec\/wp-content\/uploads\/2022\/03\/Edital-019_2021-Deferidos-e-Indeferidos-Bolsa-Fundacao-Araucaria.pdf\" data-type=\"URL\" data-id=\"https:\/\/sites.uel.br\/sebec\/wp-content\/uploads\/2022\/03\/Edital-019_2021-Deferidos-e-Indeferidos-Bolsa-Fundacao-Araucaria.pdf\" target=\"_blank\" rel=\"noreferrer noopener\">Inscri\u00e7\u00f5es Deferidas e Indeferidas &#8211; Edital SEBEC n\u00b0 019\/2021<\/a><\/td><\/tr><tr><td class=\"has-text-align-center\" data-align=\"center\">30\/04\/2021 a 02\/05\/2021<\/td><td class=\"has-text-align-center\" data-align=\"center\"><a rel=\"noreferrer noopener\" href=\"https:\/\/www.sistemasweb.uel.br\/index.php?contents=system\/insc\/index.php&amp;pagina=view\/inscricoes\/seleciona_evento.php&amp;cod_evento=6434\" data-type=\"URL\" data-id=\"https:\/\/www.sistemasweb.uel.br\/index.php?contents=system\/insc\/index.php&amp;pagina=view\/inscricoes\/seleciona_evento.php&amp;cod_evento=6434\" target=\"_blank\">Prorroga\u00e7\u00e3o das Inscri\u00e7\u00f5es<\/a> &#8211; <a rel=\"noreferrer noopener\" href=\"https:\/\/sites.uel.br\/sebec\/wp-content\/uploads\/2022\/03\/Edital-002-2021-PIBIS.pdf\" data-type=\"URL\" data-id=\"https:\/\/sites.uel.br\/sebec\/wp-content\/uploads\/2022\/03\/Edital-002-2021-PIBIS.pdf\" target=\"_blank\">Edital SEBEC\/PROGRAD\/PROPG\/PROEX n\u00b0 002\/2021<\/a><\/td><\/tr><tr><td class=\"has-text-align-center\" data-align=\"center\">15\/04\/2021 a 30\/04\/2021<\/td><td class=\"has-text-align-center\" data-align=\"center\"><a href=\"https:\/\/www.sistemasweb.uel.br\/index.php?contents=system\/insc\/index.php&amp;pagina=view\/inscricoes\/seleciona_evento.php&amp;cod_evento=6434\" data-type=\"URL\" data-id=\"https:\/\/www.sistemasweb.uel.br\/index.php?contents=system\/insc\/index.php&amp;pagina=view\/inscricoes\/seleciona_evento.php&amp;cod_evento=6434\" target=\"_blank\" rel=\"noreferrer noopener\">Inscri\u00e7\u00f5es<\/a><\/td><\/tr><tr><td class=\"has-text-align-center\" data-align=\"center\">13\/04\/2021<\/td><td class=\"has-text-align-center\" data-align=\"center\"><a href=\"https:\/\/sites.uel.br\/sebec\/wp-content\/uploads\/2022\/03\/Edital-001-2021-PIBIS.pdf\" data-type=\"URL\" data-id=\"https:\/\/sites.uel.br\/sebec\/wp-content\/uploads\/2022\/03\/Edital-001-2021-PIBIS.pdf\" target=\"_blank\" rel=\"noreferrer noopener\">Edital SEBEC\/PROGRAD\/PROPG\/PROEX n\u00b0 001\/2021<\/a><\/td><\/tr><\/tbody><\/table><\/figure>\n","protected":false},"excerpt":{"rendered":"<p>24\/05\/2021 Resultado Final &#8211; Edital SEBEC n\u00ba 020\/2021 19\/05\/2021 a 20\/05\/2021 Recursos 18\/05\/2021 Inscri\u00e7\u00f5es Deferidas e Indeferidas &#8211; Edital SEBEC n\u00b0 019\/2021 30\/04\/2021 a 02\/05\/2021 Prorroga\u00e7\u00e3o das Inscri\u00e7\u00f5es &#8211; Edital SEBEC\/PROGRAD\/PROPG\/PROEX n\u00b0 002\/2021 15\/04\/2021 a 30\/04\/2021 Inscri\u00e7\u00f5es 13\/04\/2021 Edital SEBEC\/PROGRAD\/PROPG\/PROEX n\u00b0 001\/2021<\/p>\n","protected":false},"author":1,"featured_media":0,"parent":0,"menu_order":0,"comment_status":"closed","ping_status":"closed","template":"","meta":{"_acf_changed":false,"footnotes":""},"class_list":["post-901","page","type-page","status-publish","hentry"],"acf":[],"_links":{"self":[{"href":"https:\/\/sites.uel.br\/sebec\/wp-json\/wp\/v2\/pages\/901","targetHints":{"allow":["GET"]}}],"collection":[{"href":"https:\/\/sites.uel.br\/sebec\/wp-json\/wp\/v2\/pages"}],"about":[{"href":"https:\/\/sites.uel.br\/sebec\/wp-json\/wp\/v2\/types\/page"}],"author":[{"embeddable":true,"href":"https:\/\/sites.uel.br\/sebec\/wp-json\/wp\/v2\/users\/1"}],"replies":[{"embeddable":true,"href":"https:\/\/sites.uel.br\/sebec\/wp-json\/wp\/v2\/comments?post=901"}],"version-history":[{"count":3,"href":"https:\/\/sites.uel.br\/sebec\/wp-json\/wp\/v2\/pages\/901\/revisions"}],"predecessor-version":[{"id":1221,"href":"https:\/\/sites.uel.br\/sebec\/wp-json\/wp\/v2\/pages\/901\/revisions\/1221"}],"wp:attachment":[{"href":"https:\/\/sites.uel.br\/sebec\/wp-json\/wp\/v2\/media?parent=901"}],"curies":[{"name":"wp","href":"https:\/\/api.w.org\/{rel}","templated":true}]}}