{"id":898,"date":"2022-03-30T13:58:46","date_gmt":"2022-03-30T16:58:46","guid":{"rendered":"https:\/\/sites.uel.br\/sebec\/?page_id=898"},"modified":"2025-03-17T14:18:31","modified_gmt":"2025-03-17T17:18:31","slug":"selecao-da-bolsa-fundacao-araucaria","status":"publish","type":"page","link":"https:\/\/sites.uel.br\/sebec\/selecao-da-bolsa-fundacao-araucaria\/","title":{"rendered":"Sele\u00e7\u00e3o da Bolsa Funda\u00e7\u00e3o Arauc\u00e1ria"},"content":{"rendered":"\n<p><\/p>\n\n\n\n<p>A Sele\u00e7\u00e3o Socioecon\u00f4mica da Bolsa Funda\u00e7\u00e3o Arauc\u00e1ria \u00e9 destinado aos estudantes cotistas regularmente matriculados da UEL que possuem o interesse em ingressar no Programa Institucional de Apoio \u00e0 Inclus\u00e3o Social Pesquisa e Extens\u00e3o Universidade &#8211; PIBIS.  <\/p>\n\n\n\n<p>O PIBIS tem o objetivo de incentivar a forma\u00e7\u00e3o de recursos humanos para projetos de pesquisa em ensino e extens\u00e3o universit\u00e1ria, direcionados a temas de interesse social, favorecer o acesso a integra\u00e7\u00e3o \u00e0 cultura acad\u00eamica dos estudantes que ingressaram no ensino superior por meio do sistema de cotas e promover a inser\u00e7\u00e3o dos estudantes em atividades cient\u00edficas, extensionistas, tecnol\u00f3gicas e de inova\u00e7\u00e3o.<\/p>\n\n\n\n<p><\/p>\n\n\n\n<ul class=\"wp-block-list\">\n<li><a href=\"https:\/\/sites.uel.br\/inclusaosocial\/\">Processo de Sele\u00e7\u00e3o da Bolsa Funda\u00e7\u00e3o Arauc\u00e1ria 2025<\/a><\/li>\n\n\n\n<li><a href=\"https:\/\/sites.uel.br\/sebec\/noticias\/2024\/04\/02\/bolsa-de-inclusao-social-2024-2025-fundacao-araucaria\/\" target=\"_blank\" rel=\"noreferrer noopener\">Processo de Sele\u00e7\u00e3o da Bolsa Funda\u00e7\u00e3o Arauc\u00e1ria 2024<\/a><\/li>\n\n\n\n<li><a href=\"https:\/\/sites.uel.br\/sebec\/noticias\/2023\/05\/24\/bolsa-de-inclusao-social-2023-2024-fundacao-araucaria\/\" target=\"_blank\" rel=\"noreferrer noopener\">Processo de Sele\u00e7\u00e3o da Bolsa Funda\u00e7\u00e3o Arauc\u00e1ria 2023<\/a><\/li>\n\n\n\n<li><a href=\"https:\/\/sites.uel.br\/sebec\/?page_id=908\" data-type=\"URL\" data-id=\"https:\/\/sites.uel.br\/sebec\/?page_id=908\">Processo de Sele\u00e7\u00e3o da Bolsa Funda\u00e7\u00e3o Arauc\u00e1ria 2022<\/a><\/li>\n\n\n\n<li><a href=\"https:\/\/sites.uel.br\/sebec\/?page_id=901\" data-type=\"URL\" data-id=\"https:\/\/sites.uel.br\/sebec\/?page_id=901\">Processo de Sele\u00e7\u00e3o da Bolsa Funda\u00e7\u00e3o Arauc\u00e1ria 2021<\/a><\/li>\n\n\n\n<li><a href=\"https:\/\/sites.uel.br\/sebec\/?page_id=1323\">Processo de Sele\u00e7\u00e3o da Bolsa Funda\u00e7\u00e3o Arauc\u00e1ria 2020<\/a><\/li>\n<\/ul>\n\n\n\n<p><\/p>\n","protected":false},"excerpt":{"rendered":"<p>A Sele\u00e7\u00e3o Socioecon\u00f4mica da Bolsa Funda\u00e7\u00e3o Arauc\u00e1ria \u00e9 destinado aos estudantes cotistas regularmente matriculados da UEL que possuem o interesse em ingressar no Programa Institucional de Apoio \u00e0 Inclus\u00e3o Social Pesquisa e Extens\u00e3o Universidade &#8211; PIBIS. O PIBIS tem o objetivo de incentivar a forma\u00e7\u00e3o de recursos humanos para projetos de pesquisa em ensino e [&hellip;]<\/p>\n","protected":false},"author":1,"featured_media":0,"parent":0,"menu_order":0,"comment_status":"closed","ping_status":"closed","template":"","meta":{"_acf_changed":false,"footnotes":""},"class_list":["post-898","page","type-page","status-publish","hentry"],"acf":[],"_links":{"self":[{"href":"https:\/\/sites.uel.br\/sebec\/wp-json\/wp\/v2\/pages\/898","targetHints":{"allow":["GET"]}}],"collection":[{"href":"https:\/\/sites.uel.br\/sebec\/wp-json\/wp\/v2\/pages"}],"about":[{"href":"https:\/\/sites.uel.br\/sebec\/wp-json\/wp\/v2\/types\/page"}],"author":[{"embeddable":true,"href":"https:\/\/sites.uel.br\/sebec\/wp-json\/wp\/v2\/users\/1"}],"replies":[{"embeddable":true,"href":"https:\/\/sites.uel.br\/sebec\/wp-json\/wp\/v2\/comments?post=898"}],"version-history":[{"count":8,"href":"https:\/\/sites.uel.br\/sebec\/wp-json\/wp\/v2\/pages\/898\/revisions"}],"predecessor-version":[{"id":4417,"href":"https:\/\/sites.uel.br\/sebec\/wp-json\/wp\/v2\/pages\/898\/revisions\/4417"}],"wp:attachment":[{"href":"https:\/\/sites.uel.br\/sebec\/wp-json\/wp\/v2\/media?parent=898"}],"curies":[{"name":"wp","href":"https:\/\/api.w.org\/{rel}","templated":true}]}}