{"id":876,"date":"2022-03-29T14:59:05","date_gmt":"2022-03-29T17:59:05","guid":{"rendered":"https:\/\/sites.uel.br\/sebec\/?page_id=876"},"modified":"2022-10-18T17:02:46","modified_gmt":"2022-10-18T20:02:46","slug":"cadastro-para-usuario-especial","status":"publish","type":"page","link":"https:\/\/sites.uel.br\/sebec\/cadastro-para-usuario-especial\/","title":{"rendered":"Cadastro de Usu\u00e1rio Especial"},"content":{"rendered":"\n<p><\/p>\n\n\n\n<p>Cadastro de usu\u00e1rio especial, estudantes do Col\u00e9gio Aplica\u00e7\u00e3o no Campus. Valor da refei\u00e7\u00e3o de <strong>R$ 2,70<\/strong> conforme <a rel=\"noreferrer noopener\" href=\"https:\/\/sites.uel.br\/sebec\/wp-content\/uploads\/2022\/03\/Resolucao-CA-35-2019.pdf\" target=\"_blank\">Resolu\u00e7\u00e3o CA n\u00b0 35\/2019<\/a>.<\/p>\n\n\n\n<p><\/p>\n\n\n\n<p>Para realizar o cadastro, protocolar os documentos listados abaixo em https:\/\/www.eprotocolo.pr.gov.br\/ com destino para o Col\u00e9gio Aplica\u00e7\u00e3o do Campus:<\/p>\n\n\n\n<ul class=\"wp-block-list\"><li><a rel=\"noreferrer noopener\" href=\"https:\/\/sites.uel.br\/sebec\/wp-content\/uploads\/2022\/03\/Cadastro-Usuario-Especial-Aluno-Colegio-Aplicacao.doc\" data-type=\"URL\" data-id=\"https:\/\/sites.uel.br\/sebec\/wp-content\/uploads\/2022\/03\/Cadastro-Usuario-Especial-Aluno-Colegio-Aplicacao.doc\" target=\"_blank\">Requerimento <\/a><\/li><li>C\u00f3pia da Certid\u00e3o de Nascimento ou RG da crian\u00e7a<\/li><li>C\u00f3pia do RG e CPF do respons\u00e1vel.<\/li><li>C\u00f3pia da Carteirinha (RU) ou Holerite do respons\u00e1vel<\/li><li>Declara\u00e7\u00e3o de matr\u00edcula e frequ\u00eancia do Col\u00e9gio Aplica\u00e7\u00e3o<\/li><\/ul>\n","protected":false},"excerpt":{"rendered":"<p>Cadastro de usu\u00e1rio especial, estudantes do Col\u00e9gio Aplica\u00e7\u00e3o no Campus. Valor da refei\u00e7\u00e3o de R$ 2,70 conforme Resolu\u00e7\u00e3o CA n\u00b0 35\/2019. Para realizar o cadastro, protocolar os documentos listados abaixo em https:\/\/www.eprotocolo.pr.gov.br\/ com destino para o Col\u00e9gio Aplica\u00e7\u00e3o do Campus: Requerimento C\u00f3pia da Certid\u00e3o de Nascimento ou RG da crian\u00e7a C\u00f3pia do RG e CPF [&hellip;]<\/p>\n","protected":false},"author":1,"featured_media":0,"parent":0,"menu_order":0,"comment_status":"closed","ping_status":"closed","template":"","meta":{"_acf_changed":false,"footnotes":""},"class_list":["post-876","page","type-page","status-publish","hentry"],"acf":[],"_links":{"self":[{"href":"https:\/\/sites.uel.br\/sebec\/wp-json\/wp\/v2\/pages\/876","targetHints":{"allow":["GET"]}}],"collection":[{"href":"https:\/\/sites.uel.br\/sebec\/wp-json\/wp\/v2\/pages"}],"about":[{"href":"https:\/\/sites.uel.br\/sebec\/wp-json\/wp\/v2\/types\/page"}],"author":[{"embeddable":true,"href":"https:\/\/sites.uel.br\/sebec\/wp-json\/wp\/v2\/users\/1"}],"replies":[{"embeddable":true,"href":"https:\/\/sites.uel.br\/sebec\/wp-json\/wp\/v2\/comments?post=876"}],"version-history":[{"count":6,"href":"https:\/\/sites.uel.br\/sebec\/wp-json\/wp\/v2\/pages\/876\/revisions"}],"predecessor-version":[{"id":2386,"href":"https:\/\/sites.uel.br\/sebec\/wp-json\/wp\/v2\/pages\/876\/revisions\/2386"}],"wp:attachment":[{"href":"https:\/\/sites.uel.br\/sebec\/wp-json\/wp\/v2\/media?parent=876"}],"curies":[{"name":"wp","href":"https:\/\/api.w.org\/{rel}","templated":true}]}}